{"id":68025,"date":"2026-03-16T10:05:07","date_gmt":"2026-03-16T09:05:07","guid":{"rendered":"https:\/\/nospr.org.pl\/sklep\/produkt\/kabaret-hrabi-goscie-potemowe-piosenki\/"},"modified":"2026-04-06T12:26:06","modified_gmt":"2026-04-06T10:26:06","slug":"kabaret-hrabi-and-goscie-potemowe-piosenki","status":"publish","type":"product","link":"https:\/\/nospr.org.pl\/sklep\/produkt\/kabaret-hrabi-and-goscie-potemowe-piosenki\/","title":{"rendered":"Kabaret Hrabi &amp; Go\u015bcie: Potemowe piosenki"},"content":{"rendered":"<p><span><span><span><span><span><span><span><span><span><span><span><span><span><span><span><span><span><span>Kabaret Potem powraca! Nie ca\u0142kiem, nie dos\u0142ownie, ale&#8230; muzycznie. Niezapomniane piosenki kultowego kabaretu w wykonaniu niezwyk\u0142ych artyst&oacute;w! Najbardziej rozpoznawalne utwory wracaj\u0105 w nowych aran\u017cacjach, z \u017cywym brzmieniem i energi\u0105 sceny, a publiczno\u015b\u0107 dostaje dok\u0142adnie to, czego oczekuje: \u015bmiech, wzruszenie i pi\u0119kne wspomnienia.<\/span><\/span><\/span><\/span><\/span><\/span><\/span><\/span><\/span><\/span><\/span><\/span><\/span><\/span><\/span><\/span><\/span><\/span><\/p>\n<p><span><span><span><span><span><span><span><span><span><span><span><span><span><span><span><span><span><span>Koncert z piosenkami Kabaretu Potem to nie zwyk\u0142y recital. To podr&oacute;\u017c do \u015bwiata, w kt&oacute;rym logika rz\u0105dzi si\u0119 swoimi zasadami, a piosenka potrafi powiedzie\u0107 wi\u0119cej ni\u017c skecz. Przed nami wiecz&oacute;r pe\u0142en nostalgii i sentyment&oacute;w, ale te\u017c \u015bwie\u017co\u015bci &ndash; bo te utwory \u015bwietnie znosz\u0105 czas, kiedy tylko s\u0105 wykonywane z sercem i precyzj\u0105.<\/span><\/span><\/span><\/span><\/span><\/span><\/span><\/span><\/span><\/span><\/span><\/span><\/span><\/span><\/span><\/span><\/span><\/span><\/p>\n<p><span><span><span><span><span><span><span><span><span><span><span><span><span><span><span><span><span>To wa\u017cny projekt &ndash; wymy\u015blony przez Joann\u0119 Ko\u0142aczkowsk\u0105, wed\u0142ug jej pomys\u0142u i z jej energi\u0105. Dzi\u015b ten koncert trwa dalej &ndash; w r\u0119kach artyst&oacute;w i publiczno\u015bci, kt&oacute;ra t\u0119 energi\u0119 dobrze zna i chce j\u0105 poczu\u0107 jeszcze raz.<\/span><\/span><\/span><\/span><\/span><\/span><\/span><\/span><\/span><\/span><\/span><\/span><\/span><\/span><\/span><\/span><\/span><\/p>\n<p><strong>Czas trwania wydarzenia:<\/strong>&nbsp;ok. 120&nbsp;minut<br \/>\nCzas trwania mo\u017ce ulec zmianie.&nbsp;<\/p>\n<p>Organizatorem wydarzenia jest Adria Art.<\/p>\n<p><strong>Wszystko, co musisz wiedzie\u0107 przed wizyt\u0105 w&nbsp;NOSPR&nbsp;&ndash;&nbsp;<\/strong><a href=\"https:\/\/nospr.org.pl\/pl\/aktualnosci\/wszystko-co-musisz-wiedziec-przed-wizyta-w-nospr\"><strong>wskaz&oacute;wki dla uczestnik&oacute;w wydarze\u0144.<\/strong><\/a><\/p>\n<p>Prosimy o&nbsp;zapoznanie&nbsp;si\u0119 z&nbsp;informacjami dotycz\u0105cymi parking&oacute;w w&nbsp;Strefie Kultury&nbsp;&ndash;<strong>&nbsp;<\/strong><a href=\"https:\/\/nospr.org.pl\/pl\/aktualnosci\/wazne-informacje-o-parkingach\"><strong>wa\u017cne informacje o&nbsp;parkingach<\/strong><\/a><strong>.<\/strong><\/p>\n","protected":false},"excerpt":{"rendered":"<p>Kabaret Potem powraca! Nie ca\u0142kiem, nie dos\u0142ownie, ale&#8230; muzycznie. Niezapomniane piosenki kultowego kabaretu w wykonaniu niezwyk\u0142ych artyst&oacute;w! Najbardziej rozpoznawalne utwory wracaj\u0105 w nowych aran\u017cacjach, z \u017cywym brzmieniem i energi\u0105 sceny, a publiczno\u015b\u0107 dostaje dok\u0142adnie to, czego oczekuje: \u015bmiech, wzruszenie i pi\u0119kne wspomnienia. Koncert z piosenkami Kabaretu Potem to nie zwyk\u0142y recital. To podr&oacute;\u017c do \u015bwiata, [&hellip;]<\/p>\n","protected":false},"featured_media":0,"template":"","meta":{"_acf_changed":false,"inline_featured_image":false},"product_brand":[],"product_cat":[2266,2210],"product_tag":[],"class_list":{"0":"post-68025","1":"product","2":"type-product","3":"status-publish","5":"product_cat-cat_282","6":"product_cat-cat_237","8":"first","9":"instock","10":"virtual","11":"purchasable","12":"product-type-simple"},"acf":[],"_links":{"self":[{"href":"https:\/\/nospr.org.pl\/sklep\/wp-json\/wp\/v2\/product\/68025","targetHints":{"allow":["GET"]}}],"collection":[{"href":"https:\/\/nospr.org.pl\/sklep\/wp-json\/wp\/v2\/product"}],"about":[{"href":"https:\/\/nospr.org.pl\/sklep\/wp-json\/wp\/v2\/types\/product"}],"wp:attachment":[{"href":"https:\/\/nospr.org.pl\/sklep\/wp-json\/wp\/v2\/media?parent=68025"}],"wp:term":[{"taxonomy":"product_brand","embeddable":true,"href":"https:\/\/nospr.org.pl\/sklep\/wp-json\/wp\/v2\/product_brand?post=68025"},{"taxonomy":"product_cat","embeddable":true,"href":"https:\/\/nospr.org.pl\/sklep\/wp-json\/wp\/v2\/product_cat?post=68025"},{"taxonomy":"product_tag","embeddable":true,"href":"https:\/\/nospr.org.pl\/sklep\/wp-json\/wp\/v2\/product_tag?post=68025"}],"curies":[{"name":"wp","href":"https:\/\/api.w.org\/{rel}","templated":true}]}}