{"id":64431,"date":"2026-02-10T13:40:07","date_gmt":"2026-02-10T12:40:07","guid":{"rendered":"https:\/\/nospr.org.pl\/sklep\/produkt\/katowice-kultura-natura-2026-modigliani-quartet\/"},"modified":"2026-04-12T17:24:05","modified_gmt":"2026-04-12T15:24:05","slug":"katowice-kultura-natura-2026-modigliani-quartet","status":"publish","type":"product","link":"https:\/\/nospr.org.pl\/sklep\/produkt\/katowice-kultura-natura-2026-modigliani-quartet\/","title":{"rendered":"Festiwal Katowice Kultura Natura \/ Aforyzmy i opowie\u015bci \/ Modigliani Quartet"},"content":{"rendered":"<p>Gy&ouml;rgy Kurt&aacute;g jest mistrzem muzycznego aforyzmu. Cykl <em>Dwunastu mikroludi&oacute;w<\/em> (&bdquo;ma\u0142ych gier&rdquo;) to jakby mikrokosmos: ledwie kilka d\u017awi\u0119k&oacute;w, tyle samo pauz, troch\u0119 tajemniczych gest&oacute;w&hellip; Zza tej ascetycznej kaligrafii przebija ca\u0142y niewypowiedziany dramat \u017cycia.&nbsp;<\/p>\n<p><em>Kwartet smyczkowy<\/em> Claude&rsquo;a Debussy&rsquo;ego to jego wczesne arcydzie\u0142o: trzydziestoletni kompozytor si\u0119ga tu do tradycji C&eacute;sara Francka, nizaj\u0105c cztery ogniwa kwartetu na ni\u0107 tematu cyklicznego (powracaj\u0105cego w kolejnych cz\u0119\u015bciach); zarazem otwiera okno na \u015bwiat nowoczesny &ndash; kalejdoskop barw, rytm&oacute;w i faktur (z echem jawajskiego gamelanu), swobodny przep\u0142yw obraz&oacute;w, fluktuacje nastroj&oacute;w.<\/p>\n<p><em>Kwartet B-dur<\/em> op. 130 otwiera seri\u0119 pi\u0119ciu p&oacute;\u017anych kwartet&oacute;w Ludwiga van Beethovena. To himalaje muzyki kameralnej wymagaj\u0105ce &ndash; zar&oacute;wno od wykonawc&oacute;w, jak i od s\u0142uchaczy &ndash; nie lada wysi\u0142ku. Ale widoki, jakie si\u0119 z tych szczyt&oacute;w roztaczaj\u0105, zapieraj\u0105 dech w piersiach. Cykl liczy, nietypowo, sze\u015b\u0107 cz\u0119\u015bci. W wersji pierwotnej jego zwie\u0144czeniem by\u0142a ekstatyczna <em>Wielka fuga<\/em>, poprzedzona melancholijn\u0105 <em>Cavatin\u0105<\/em>. Pod wp\u0142ywem wydawcy, wedle kt&oacute;rego <em>Fuga<\/em> zachwia\u0142a r&oacute;wnowag\u0105 ca\u0142o\u015bci, Beethoven skomponowa\u0142 nowy fina\u0142 (okaza\u0142 si\u0119 on jego ostatni\u0105 kompozycj\u0105). A <em>Wielka fuga<\/em> op. 133 sta\u0142a si\u0119 samodzielnym utworem. Dyskusje o tym, czy <em>Kwartet B-dur<\/em> nale\u017cy wykonywa\u0107 w wersji pierwotnej czy zrewidowanej, b\u0119d\u0105 trwa\u0107 do ko\u0144ca \u015bwiata. Na Festiwalu Katowice Kultura Natura zabrzmi\u0105&hellip; oba fina\u0142y tego kwartetu!<\/p>\n<p><strong>Marcin&nbsp;Trz\u0119siok&nbsp;<\/strong><\/p>\n<p><strong>Czas trwania koncertu (\u0142\u0105cznie z&nbsp;przerw\u0105)<\/strong>: ok.&nbsp;120 minut<\/p>\n<h3>M&oacute;j Karnet Festiwalowy &ndash; Festiwal Katowice Kultura Natura 2026<\/h3>\n<p>Karnet&nbsp;na minimum cztery koncerty zapewnia&nbsp;<strong>25% zni\u017cki<\/strong>&nbsp;od sumy cen bilet&oacute;w dla posiadaczy abonamentu NOSPR i <strong>20%<\/strong> dla os&oacute;b nieposiadaj\u0105cych abonamentu.<\/p>\n<p>Przy zakupie Karnetu na co najmniej sze\u015b\u0107 koncert&oacute;w zni\u017cka wynosi&nbsp;<strong>30%<\/strong> od sumy cen bilet&oacute;w dla posiadaczy abonamentu NOSPR i<strong> 25%<\/strong> dla os&oacute;b nieposiadaj\u0105cych abonamentu.<\/p>\n<p>Karnety dost\u0119pne s\u0105&nbsp;wy\u0142\u0105cznie w&nbsp;kasach NOSPR i&nbsp;poprzez rezerwacj\u0119 telefoniczn\u0105.<\/p>\n<p><strong>Wszystko, co musisz wiedzie\u0107 przed wizyt\u0105 w&nbsp;NOSPR&nbsp;&ndash;&nbsp;<\/strong><a href=\"https:\/\/nospr.org.pl\/pl\/aktualnosci\/wszystko-co-musisz-wiedziec-przed-wizyta-w-nospr\"><strong>wskaz&oacute;wki dla uczestnik&oacute;w wydarze\u0144.<\/strong><\/a><\/p>\n<p>Prosimy o&nbsp;zapoznanie&nbsp;si\u0119 z&nbsp;informacjami dotycz\u0105cymi parking&oacute;w w&nbsp;Strefie Kultury&nbsp;&ndash;<strong>&nbsp;<\/strong><strong><a href=\"https:\/\/nospr.org.pl\/pl\/aktualnosci\/wazne-informacje-o-parkingach\">wa\u017cne informacje o&nbsp;parkingach<\/a>.<\/strong><\/p>\n","protected":false},"excerpt":{"rendered":"<p>Gy&ouml;rgy Kurt&aacute;g jest mistrzem muzycznego aforyzmu. Cykl Dwunastu mikroludi&oacute;w (&bdquo;ma\u0142ych gier&rdquo;) to jakby mikrokosmos: ledwie kilka d\u017awi\u0119k&oacute;w, tyle samo pauz, troch\u0119 tajemniczych gest&oacute;w&hellip; Zza tej ascetycznej kaligrafii przebija ca\u0142y niewypowiedziany dramat \u017cycia.&nbsp; Kwartet smyczkowy Claude&rsquo;a Debussy&rsquo;ego to jego wczesne arcydzie\u0142o: trzydziestoletni kompozytor si\u0119ga tu do tradycji C&eacute;sara Francka, nizaj\u0105c cztery ogniwa kwartetu na ni\u0107 tematu [&hellip;]<\/p>\n","protected":false},"featured_media":0,"template":"","meta":{"_acf_changed":false,"inline_featured_image":false},"product_brand":[],"product_cat":[2264,2266],"product_tag":[],"class_list":{"0":"post-64431","1":"product","2":"type-product","3":"status-publish","5":"product_cat-cat_280","6":"product_cat-cat_282","8":"first","9":"instock","10":"virtual","11":"purchasable","12":"product-type-simple"},"acf":[],"_links":{"self":[{"href":"https:\/\/nospr.org.pl\/sklep\/wp-json\/wp\/v2\/product\/64431","targetHints":{"allow":["GET"]}}],"collection":[{"href":"https:\/\/nospr.org.pl\/sklep\/wp-json\/wp\/v2\/product"}],"about":[{"href":"https:\/\/nospr.org.pl\/sklep\/wp-json\/wp\/v2\/types\/product"}],"wp:attachment":[{"href":"https:\/\/nospr.org.pl\/sklep\/wp-json\/wp\/v2\/media?parent=64431"}],"wp:term":[{"taxonomy":"product_brand","embeddable":true,"href":"https:\/\/nospr.org.pl\/sklep\/wp-json\/wp\/v2\/product_brand?post=64431"},{"taxonomy":"product_cat","embeddable":true,"href":"https:\/\/nospr.org.pl\/sklep\/wp-json\/wp\/v2\/product_cat?post=64431"},{"taxonomy":"product_tag","embeddable":true,"href":"https:\/\/nospr.org.pl\/sklep\/wp-json\/wp\/v2\/product_tag?post=64431"}],"curies":[{"name":"wp","href":"https:\/\/api.w.org\/{rel}","templated":true}]}}