{"id":64430,"date":"2026-02-10T13:40:07","date_gmt":"2026-02-10T12:40:07","guid":{"rendered":"https:\/\/nospr.org.pl\/sklep\/produkt\/katowice-kultura-natura-2026-laurance-league\/"},"modified":"2026-04-12T17:24:05","modified_gmt":"2026-04-12T15:24:05","slug":"katowice-kultura-natura-2026-laurance-league","status":"publish","type":"product","link":"https:\/\/nospr.org.pl\/sklep\/produkt\/katowice-kultura-natura-2026-laurance-league\/","title":{"rendered":"Festiwal Katowice Kultura Natura \/ Melancholia, Orient, soul \/ Bill Laurance &amp; Michael League"},"content":{"rendered":"<\/p>\n<p>Michael League &ndash; za\u0142o\u017cyciel zespo\u0142u Snarky Puppy &ndash; oraz Bill Laurance, jeden z jego kluczowych wsp&oacute;\u0142tw&oacute;rc&oacute;w, jeszcze do niedawna kojarzeni byli przede wszystkim z dzia\u0142alno\u015bci\u0105 tego kolektywu. Kiedy jednak w 2023 roku arty\u015bci nagrali sw&oacute;j pierwszy wsp&oacute;lny album, fenomenalny <em>Where You Wish You Were<\/em>, sta\u0142o si\u0119 jasne, \u017ce mamy do czynienia z muzykami o zupe\u0142nie unikatowej wra\u017cliwo\u015bci i dot\u0105d nieujawnionych obliczach artystycznych. O ile znakiem rozpoznawczym Snarky Puppy s\u0105 groove&rsquo;owy puls, elektronika, rozbudowane partie perkusyjne oraz energia du\u017cego zespo\u0142u wykonawc&oacute;w (niekiedy licz\u0105cego ponad dwudziestu muzyk&oacute;w!), o tyle projekt duetu League &amp; Laurance stanowi wobec tego \u015bwiata ca\u0142kowite przeciwie\u0144stwo. To muzyka subtelna i intymna, kt&oacute;rej istot\u0105 jest pi\u0119kno prostej melodii pobrzmiewaj\u0105cej melancholi\u0105 i nut\u0105 Orientu.<\/p>\n<p>Zar&oacute;wno pierwszy album duetu, jak i ich najnowszy projekt <em>Keeping Company<\/em> to rozkosz dla zmys\u0142&oacute;w &ndash; kola\u017cowa mieszanka jazzu, soulu i egzotyki. Michael League rezygnuje tu z tradycyjnej gitary basowej i si\u0119ga po bezprogowy bas akustyczny oraz arabski oud; Bill Laurance natomiast porzuca elektryczne klawiatury na rzecz naturalnego, akustycznego brzmienia fortepianu. Wsp&oacute;lnie pod\u0105\u017caj\u0105 \u015bcie\u017ck\u0105 improwizacji prowadz\u0105c\u0105 do bezpo\u015bredniego do\u015bwiadczania barwy i kszta\u0142towania wyrafinowanych faktur. Ka\u017cda z kompozycji zawartych na p\u0142ycie oparta jest na dialogu i pe\u0142nym porozumieniu, mo\u017cliwym do osi\u0105gni\u0119cia jedynie pomi\u0119dzy dwojgiem wieloletnich przyjaci&oacute;\u0142 oraz wybitnych muzyk&oacute;w.<\/p>\n<p><strong>Magdalena&nbsp;Stochniol&nbsp;<\/strong><\/p>\n<p><strong>Czas trwania koncertu<\/strong>: ok.&nbsp;90 minut<\/p>\n<h3>M&oacute;j Karnet Festiwalowy &ndash; Festiwal Katowice Kultura Natura 2026<\/h3>\n<p>Karnet&nbsp;na minimum cztery koncerty zapewnia&nbsp;<strong>25% zni\u017cki<\/strong>&nbsp;od sumy cen bilet&oacute;w dla posiadaczy abonamentu NOSPR i <strong>20%<\/strong> dla os&oacute;b nieposiadaj\u0105cych abonamentu.<\/p>\n<p>Przy zakupie Karnetu na co najmniej sze\u015b\u0107 koncert&oacute;w zni\u017cka wynosi&nbsp;<strong>30%<\/strong> od sumy cen bilet&oacute;w dla posiadaczy abonamentu NOSPR i<strong> 25%<\/strong> dla os&oacute;b nieposiadaj\u0105cych abonamentu.<\/p>\n<p>Karnety dost\u0119pne s\u0105&nbsp;wy\u0142\u0105cznie w&nbsp;kasach NOSPR i&nbsp;poprzez rezerwacj\u0119 telefoniczn\u0105.<\/p>\n<p><strong>Wszystko, co musisz wiedzie\u0107 przed wizyt\u0105 w&nbsp;NOSPR&nbsp;&ndash;&nbsp;<\/strong><a href=\"https:\/\/nospr.org.pl\/pl\/aktualnosci\/wszystko-co-musisz-wiedziec-przed-wizyta-w-nospr\"><strong>wskaz&oacute;wki dla uczestnik&oacute;w wydarze\u0144<\/strong><\/a><strong>.<\/strong><\/p>\n<p>Prosimy o&nbsp;zapoznanie&nbsp;si\u0119 z&nbsp;informacjami dotycz\u0105cymi parking&oacute;w w&nbsp;Strefie Kultury&nbsp;&ndash;<strong>&nbsp;<\/strong><a href=\"https:\/\/nospr.org.pl\/pl\/aktualnosci\/wazne-informacje-o-parkingach\"><strong>wa\u017cne informacje o&nbsp;parkingach<\/strong><\/a><strong>.<\/strong><\/p>\n","protected":false},"excerpt":{"rendered":"<p>Michael League &ndash; za\u0142o\u017cyciel zespo\u0142u Snarky Puppy &ndash; oraz Bill Laurance, jeden z jego kluczowych wsp&oacute;\u0142tw&oacute;rc&oacute;w, jeszcze do niedawna kojarzeni byli przede wszystkim z dzia\u0142alno\u015bci\u0105 tego kolektywu. Kiedy jednak w 2023 roku arty\u015bci nagrali sw&oacute;j pierwszy wsp&oacute;lny album, fenomenalny Where You Wish You Were, sta\u0142o si\u0119 jasne, \u017ce mamy do czynienia z muzykami o zupe\u0142nie [&hellip;]<\/p>\n","protected":false},"featured_media":0,"template":"","meta":{"_acf_changed":false,"inline_featured_image":false},"product_brand":[],"product_cat":[2264,2218,2266],"product_tag":[],"class_list":{"0":"post-64430","1":"product","2":"type-product","3":"status-publish","5":"product_cat-cat_280","6":"product_cat-cat_242","7":"product_cat-cat_282","9":"first","10":"instock","11":"virtual","12":"purchasable","13":"product-type-simple"},"acf":[],"_links":{"self":[{"href":"https:\/\/nospr.org.pl\/sklep\/wp-json\/wp\/v2\/product\/64430","targetHints":{"allow":["GET"]}}],"collection":[{"href":"https:\/\/nospr.org.pl\/sklep\/wp-json\/wp\/v2\/product"}],"about":[{"href":"https:\/\/nospr.org.pl\/sklep\/wp-json\/wp\/v2\/types\/product"}],"wp:attachment":[{"href":"https:\/\/nospr.org.pl\/sklep\/wp-json\/wp\/v2\/media?parent=64430"}],"wp:term":[{"taxonomy":"product_brand","embeddable":true,"href":"https:\/\/nospr.org.pl\/sklep\/wp-json\/wp\/v2\/product_brand?post=64430"},{"taxonomy":"product_cat","embeddable":true,"href":"https:\/\/nospr.org.pl\/sklep\/wp-json\/wp\/v2\/product_cat?post=64430"},{"taxonomy":"product_tag","embeddable":true,"href":"https:\/\/nospr.org.pl\/sklep\/wp-json\/wp\/v2\/product_tag?post=64430"}],"curies":[{"name":"wp","href":"https:\/\/api.w.org\/{rel}","templated":true}]}}