{"id":64429,"date":"2026-02-10T13:38:05","date_gmt":"2026-02-10T12:38:05","guid":{"rendered":"https:\/\/nospr.org.pl\/sklep\/produkt\/festiwal-katowice-kultura-natura-ballada-o-swiecie-marnym-klangforum-wien-needcompany\/"},"modified":"2026-04-12T15:42:09","modified_gmt":"2026-04-12T13:42:09","slug":"katowice-kultura-natura-2026-klangforum-wien-needcompany","status":"publish","type":"product","link":"https:\/\/nospr.org.pl\/sklep\/produkt\/katowice-kultura-natura-2026-klangforum-wien-needcompany\/","title":{"rendered":"Festiwal Katowice Kultura Natura \/ Ballada o \u015bwiecie marnym \/ Klangforum Wien &amp; Needcompany \/ Amopera"},"content":{"rendered":"<p>&bdquo;<em>Amopera<\/em> to katastrofa, wsp&oacute;\u0142czesna bitwa, dystopijna ballada, nami\u0119tny dialog, proces uzdrawiania, oda do g\u0142osu, do opery, do ludzko\u015bci&rdquo; &ndash; m&oacute;wi o spektaklu Jan Lauwers, za\u0142o\u017cyciel legendarnej grupy Needcompany. Wsp&oacute;lne przedsi\u0119wzi\u0119cie tego belgijskiego zespo\u0142u teatralnego i Klangforum Wien to metaopera, kt&oacute;ra zestawia wybrane fragmenty z dzie\u0142 powsta\u0142ych na przestrzeni ostatnich 100 lat, tworz\u0105c jakby nowy gatunek wykraczaj\u0105cy poza ramy tradycyjnego spektaklu.\u202f&nbsp;<\/p>\n<p>Tytu\u0142, cho\u0107 nieco enigmatyczny, podkre\u015bla dwie kluczowe idee przy\u015bwiecaj\u0105ce tw&oacute;rcom. Po pierwsze <em>Amopera<\/em> to zbitka s\u0142&oacute;w &bdquo;amor&rdquo; i &bdquo;opera&rdquo;. Pow&oacute;d? Ot&oacute;\u017c tematem g\u0142&oacute;wnym opery jako gatunku muzycznego jest w\u0142a\u015bnie mi\u0142o\u015b\u0107. Metaopera eksploruje mro\u017c\u0105ce krew w \u017cy\u0142ach historie o mi\u0142o\u015bci, zdradzie i po\u017c\u0105daniu, m.in. si\u0119gaj\u0105c po fragmenty <em>Gwa\u0142tu na Lukrecji<\/em> Benjamina Brittena czy nawi\u0105zuj\u0105c mrocznej legendy o Gesualdzie da Venosa, kt&oacute;ra jest kanw\u0105 opery <em>Luci mie traditrici<\/em> Salvatore Sciarrina. Po drugie w tytule zawarta jest filozoficzna deklaracja: &bdquo;<em>I am opera<\/em>&rdquo;. Narracja <em>Amopery<\/em> wykracza poza historie bohater&oacute;w operowych: to ju\u017c nie tylko\u202fKasandra z dzie\u0142a Iannisa Xenakisa czy Lulu z opery Albana Berga, lecz \u015bpiewacy &ndash; Holger Falk i Sarah Maria Sun, a tak\u017ce muzycy Klangforum Wien. Uwag\u0119 zwracaj\u0105 r&oacute;wnie\u017c postmodernistyczne z ducha uj\u0119cia flirtu z histori\u0105 opery, kt&oacute;re przenikaj\u0105 fragment z I hate Mozart Bernharda Langa oraz Recital I Luciana Beria, wype\u0142niony dziesi\u0105tkami cytat&oacute;w si\u0119gaj\u0105cych od Monteverdiego, przez Bacha, po Verdiego, Mahlera i Strawi\u0144skiego.\u202f&nbsp;<\/p>\n<p>Tak powstaje unikalna przestrze\u0144 konfrontacji operowych archetyp&oacute;w z codziennym \u017cyciem, w kt&oacute;rej opowie\u015b\u0107 splata si\u0119 w jedno z postaciami opowiadaj\u0105cych.&nbsp;<\/p>\n<p><strong>Szymon Maliszewski&nbsp;<\/strong><\/p>\n<p><strong>Czas trwania koncertu<\/strong>: ok.&nbsp;90 minut<\/p>\n<h3>M&oacute;j Karnet Festiwalowy &ndash; Festiwal Katowice Kultura Natura 2026<\/h3>\n<p>Karnet&nbsp;na minimum cztery koncerty zapewnia&nbsp;<strong>25% zni\u017cki<\/strong>&nbsp;od sumy cen bilet&oacute;w dla posiadaczy abonamentu NOSPR i <strong>20%<\/strong> dla os&oacute;b nieposiadaj\u0105cych abonamentu.<\/p>\n<p>Przy zakupie Karnetu na co najmniej sze\u015b\u0107 koncert&oacute;w zni\u017cka wynosi&nbsp;<strong>30%<\/strong> od sumy cen bilet&oacute;w dla posiadaczy abonamentu NOSPR i<strong> 25%<\/strong> dla os&oacute;b nieposiadaj\u0105cych abonamentu.<\/p>\n<p>Karnety dost\u0119pne s\u0105&nbsp;wy\u0142\u0105cznie w&nbsp;kasach NOSPR i&nbsp;poprzez rezerwacj\u0119 telefoniczn\u0105.<\/p>\n<p><strong>Wszystko, co musisz wiedzie\u0107 przed wizyt\u0105 w&nbsp;NOSPR&nbsp;&ndash;&nbsp;<\/strong><a href=\"https:\/\/nospr.org.pl\/pl\/aktualnosci\/wszystko-co-musisz-wiedziec-przed-wizyta-w-nospr\"><strong>wskaz&oacute;wki dla uczestnik&oacute;w wydarze\u0144.<\/strong><\/a><\/p>\n<p>Prosimy o&nbsp;zapoznanie&nbsp;si\u0119 z&nbsp;informacjami dotycz\u0105cymi parking&oacute;w w&nbsp;Strefie Kultury&nbsp;&ndash;<strong>&nbsp;<\/strong><a href=\"https:\/\/nospr.org.pl\/pl\/aktualnosci\/wazne-informacje-o-parkingach\"><strong>wa\u017cne informacje o&nbsp;parkingach<\/strong><\/a><strong>.<\/strong><\/p>\n<p><strong>Zrealizowano&nbsp;dzi\u0119ki&nbsp;wsparciu&nbsp;Tiroler&nbsp;Festspiele&nbsp;Erl,&nbsp;Haselsteiner&nbsp;Familien-Privatstiftung<br \/>\nPartner: Universal Edition<br \/>\nKlangforum Wien wyst\u0119puje dzi\u0119ki uprzejmo\u015bci G\u0142&oacute;wnego Sponsora &#8211; Erste Bank.<\/strong><\/p>\n","protected":false},"excerpt":{"rendered":"<p>&bdquo;Amopera to katastrofa, wsp&oacute;\u0142czesna bitwa, dystopijna ballada, nami\u0119tny dialog, proces uzdrawiania, oda do g\u0142osu, do opery, do ludzko\u015bci&rdquo; &ndash; m&oacute;wi o spektaklu Jan Lauwers, za\u0142o\u017cyciel legendarnej grupy Needcompany. Wsp&oacute;lne przedsi\u0119wzi\u0119cie tego belgijskiego zespo\u0142u teatralnego i Klangforum Wien to metaopera, kt&oacute;ra zestawia wybrane fragmenty z dzie\u0142 powsta\u0142ych na przestrzeni ostatnich 100 lat, tworz\u0105c jakby nowy gatunek [&hellip;]<\/p>\n","protected":false},"featured_media":0,"template":"","meta":{"_acf_changed":false,"inline_featured_image":false},"product_brand":[],"product_cat":[2264,2266],"product_tag":[],"class_list":{"0":"post-64429","1":"product","2":"type-product","3":"status-publish","5":"product_cat-cat_280","6":"product_cat-cat_282","8":"first","9":"instock","10":"virtual","11":"purchasable","12":"product-type-simple"},"acf":[],"_links":{"self":[{"href":"https:\/\/nospr.org.pl\/sklep\/wp-json\/wp\/v2\/product\/64429","targetHints":{"allow":["GET"]}}],"collection":[{"href":"https:\/\/nospr.org.pl\/sklep\/wp-json\/wp\/v2\/product"}],"about":[{"href":"https:\/\/nospr.org.pl\/sklep\/wp-json\/wp\/v2\/types\/product"}],"wp:attachment":[{"href":"https:\/\/nospr.org.pl\/sklep\/wp-json\/wp\/v2\/media?parent=64429"}],"wp:term":[{"taxonomy":"product_brand","embeddable":true,"href":"https:\/\/nospr.org.pl\/sklep\/wp-json\/wp\/v2\/product_brand?post=64429"},{"taxonomy":"product_cat","embeddable":true,"href":"https:\/\/nospr.org.pl\/sklep\/wp-json\/wp\/v2\/product_cat?post=64429"},{"taxonomy":"product_tag","embeddable":true,"href":"https:\/\/nospr.org.pl\/sklep\/wp-json\/wp\/v2\/product_tag?post=64429"}],"curies":[{"name":"wp","href":"https:\/\/api.w.org\/{rel}","templated":true}]}}