{"id":64428,"date":"2026-02-10T13:38:05","date_gmt":"2026-02-10T12:38:05","guid":{"rendered":"https:\/\/nospr.org.pl\/sklep\/produkt\/festiwal-katowice-kultura-natura-paryski-spleen-recital-fortepianowy-alexandre-tharaud\/"},"modified":"2026-04-12T17:24:05","modified_gmt":"2026-04-12T15:24:05","slug":"katowice-kultura-natura-2026-alexandre-tharaud","status":"publish","type":"product","link":"https:\/\/nospr.org.pl\/sklep\/produkt\/katowice-kultura-natura-2026-alexandre-tharaud\/","title":{"rendered":"Festiwal Katowice Kultura Natura \/ Paryski spleen \/ Recital fortepianowy: Alexandre Tharaud"},"content":{"rendered":"<p>W opublikowanym w 1862 roku zbiorze <em>Le Spleen de Paris<\/em> Charles Baudelaire opisuje atmosfer\u0119 Pary\u017ca drugiej po\u0142owy XIX wieku &ndash; miasta, w kt&oacute;rym \u017cywio\u0142y ekscytacji i melancholii zap\u0142adnia\u0142y umys\u0142y wielkich artyst&oacute;w nowej, modernistycznej ju\u017c epoki. Poeta porusza tematy zwi\u0105zane z codzienno\u015bci\u0105 Pary\u017can, opisuje ulubione ulice i kawiarnie, a tak\u017ce kre\u015bli portret \u017cycia artystycznej bohemy. Program recitalu francuskiego pianisty Alexandre&rsquo;a Tharauda stanowi muzyczn\u0105 w\u0119dr&oacute;wk\u0119 po Pary\u017cu: zawiera dzie\u0142a kompozytor&oacute;w silnie zwi\u0105zanych z tym miastem &ndash; od XVIII wieku (Rameau), przez prze\u0142om XIX i XX wieku (Faur&eacute;, Debussy, Dukas, Satie), a\u017c po wiek XX (Poulenc). W programie znajd\u0105 si\u0119 autorskie transkrypcje fortepianowe dw&oacute;ch s\u0142ynnych fresk&oacute;w symfonicznych: <em>Preludium do &bdquo;Popo\u0142udnia fauna&rdquo;<\/em> Debussy&rsquo;ego (wed\u0142ug poematu St&eacute;phane&rsquo;a Mallarm&eacute;go) oraz <em>Ucznia czarnoksi\u0119\u017cnika<\/em> Dukasa (na podstawie ballady Johanna Wolfganga von Goethego), a tak\u017ce pogodnego hymnu <em>Cantique de Jean Racine<\/em> Faur&eacute;go. Pary\u017c jako miasto kabaret&oacute;w i kawiarni pobrzmiewa w&nbsp;<em>Improwizacji<\/em> Poulenca dedykowanej &Eacute;dith Piaf, jak r&oacute;wnie\u017c w kr&oacute;tkich miniaturach ekscentrycznego bywalca Montmartre&rsquo;u Erika Satiego. Niepublikowane dot\u0105d szkice i utwory jego autorstwa &ndash; niedawno odnalezione przez japo\u0144sk\u0105 kompozytork\u0119 Sato Matsui oraz angielskiego muzykologa i kompozytora Jamesa Nye&rsquo;a &ndash; dzi\u0119ki Tharaudowi zabrzmi\u0105 po raz pierwszy w Polsce. Podczas koncertu pianista wykona tak\u017ce transkrypcj\u0119 piosenki <em>Je te veux<\/em> napisanej dla popularnej w&oacute;wczas paryskiej pie\u015bniarki Paulette Darty, nazywanej &bdquo;Kr&oacute;low\u0105 Wolnych Walc&oacute;w&rdquo;.<\/p>\n<p><strong>Wojciech St\u0119pie\u0144&nbsp;<\/strong><\/p>\n<p><strong>Czas trwania koncertu (\u0142\u0105cznie z&nbsp;przerw\u0105)<\/strong>: ok.&nbsp;120 minut<\/p>\n<h3>M&oacute;j Karnet Festiwalowy &ndash; Festiwal Katowice Kultura Natura 2026<\/h3>\n<p>Karnet&nbsp;na minimum cztery koncerty zapewnia&nbsp;<strong>25% zni\u017cki<\/strong>&nbsp;od sumy cen bilet&oacute;w dla posiadaczy abonamentu NOSPR i <strong>20%<\/strong> dla os&oacute;b nieposiadaj\u0105cych abonamentu.<\/p>\n<p>Przy zakupie Karnetu na co najmniej sze\u015b\u0107 koncert&oacute;w zni\u017cka wynosi&nbsp;<strong>30%<\/strong> od sumy cen bilet&oacute;w dla posiadaczy abonamentu NOSPR i<strong> 25%<\/strong> dla os&oacute;b nieposiadaj\u0105cych abonamentu.<\/p>\n<p>Karnety dost\u0119pne s\u0105&nbsp;wy\u0142\u0105cznie w&nbsp;kasach NOSPR i&nbsp;poprzez rezerwacj\u0119 telefoniczn\u0105.<\/p>\n<p><strong>Wszystko, co musisz wiedzie\u0107 przed wizyt\u0105 w&nbsp;NOSPR&nbsp;&ndash;&nbsp;<\/strong><a href=\"https:\/\/nospr.org.pl\/pl\/aktualnosci\/wszystko-co-musisz-wiedziec-przed-wizyta-w-nospr\"><strong>wskaz&oacute;wki dla uczestnik&oacute;w wydarze\u0144.<\/strong><\/a><\/p>\n<p>Prosimy o&nbsp;zapoznanie&nbsp;si\u0119 z&nbsp;informacjami dotycz\u0105cymi parking&oacute;w w&nbsp;Strefie Kultury&nbsp;&ndash;<strong>&nbsp;<\/strong><strong><a href=\"https:\/\/nospr.org.pl\/pl\/aktualnosci\/wazne-informacje-o-parkingach\">wa\u017cne informacje o&nbsp;parkingach<\/a>.<\/strong><\/p>\n","protected":false},"excerpt":{"rendered":"<p>W opublikowanym w 1862 roku zbiorze Le Spleen de Paris Charles Baudelaire opisuje atmosfer\u0119 Pary\u017ca drugiej po\u0142owy XIX wieku &ndash; miasta, w kt&oacute;rym \u017cywio\u0142y ekscytacji i melancholii zap\u0142adnia\u0142y umys\u0142y wielkich artyst&oacute;w nowej, modernistycznej ju\u017c epoki. Poeta porusza tematy zwi\u0105zane z codzienno\u015bci\u0105 Pary\u017can, opisuje ulubione ulice i kawiarnie, a tak\u017ce kre\u015bli portret \u017cycia artystycznej bohemy. Program [&hellip;]<\/p>\n","protected":false},"featured_media":0,"template":"","meta":{"_acf_changed":false,"inline_featured_image":false},"product_brand":[],"product_cat":[2264,2266],"product_tag":[],"class_list":{"0":"post-64428","1":"product","2":"type-product","3":"status-publish","5":"product_cat-cat_280","6":"product_cat-cat_282","8":"first","9":"instock","10":"virtual","11":"purchasable","12":"product-type-simple"},"acf":[],"_links":{"self":[{"href":"https:\/\/nospr.org.pl\/sklep\/wp-json\/wp\/v2\/product\/64428","targetHints":{"allow":["GET"]}}],"collection":[{"href":"https:\/\/nospr.org.pl\/sklep\/wp-json\/wp\/v2\/product"}],"about":[{"href":"https:\/\/nospr.org.pl\/sklep\/wp-json\/wp\/v2\/types\/product"}],"wp:attachment":[{"href":"https:\/\/nospr.org.pl\/sklep\/wp-json\/wp\/v2\/media?parent=64428"}],"wp:term":[{"taxonomy":"product_brand","embeddable":true,"href":"https:\/\/nospr.org.pl\/sklep\/wp-json\/wp\/v2\/product_brand?post=64428"},{"taxonomy":"product_cat","embeddable":true,"href":"https:\/\/nospr.org.pl\/sklep\/wp-json\/wp\/v2\/product_cat?post=64428"},{"taxonomy":"product_tag","embeddable":true,"href":"https:\/\/nospr.org.pl\/sklep\/wp-json\/wp\/v2\/product_tag?post=64428"}],"curies":[{"name":"wp","href":"https:\/\/api.w.org\/{rel}","templated":true}]}}