{"id":63627,"date":"2026-02-03T14:26:05","date_gmt":"2026-02-03T13:26:05","guid":{"rendered":"https:\/\/nospr.org.pl\/sklep\/produkt\/krzysztof-cugowski-wiek-to-tylko-liczba\/"},"modified":"2026-04-06T10:32:05","modified_gmt":"2026-04-06T08:32:05","slug":"krzysztof-cugowski-wiek-to-tylko-liczba","status":"publish","type":"product","link":"https:\/\/nospr.org.pl\/sklep\/produkt\/krzysztof-cugowski-wiek-to-tylko-liczba\/","title":{"rendered":"Krzysztof Cugowski \u2013 Wiek to tylko liczba"},"content":{"rendered":"<p><span><span><span><span><span><span><span><span><span><span><span><span><span><span><span>Artysta kompletny, legenda polskiej sceny i g\u0142os kilku pokole\u0144 rusza w 2026 roku w kolejn\u0105 tras\u0119. Has\u0142o przewodnie nie jest kokieteri\u0105 &ndash; to program dzia\u0142ania: energia, rzemios\u0142o i charyzma, kt&oacute;re od ponad pi\u0119ciu dekad trzymaj\u0105 publiczno\u015b\u0107 w napi\u0119ciu.<\/span><\/span><\/span><\/span><\/span><\/span><\/span><\/span><\/span><\/span><\/span><\/span><\/span><\/span><\/span><\/p>\n<p><span><span><span><span><span><span><span><span><span><span><span><span><span><span><span>Koncerty z&nbsp;Zespo\u0142em Mistrz&oacute;w&nbsp;to przegl\u0105d ca\u0142ej drogi tw&oacute;rczej artysty z mocnym, wsp&oacute;\u0142czesnym akcentem. Zabrzmi\u0105 ponadczasowe utwory &ndash;&nbsp;<em>Sen o dolinie<\/em>,&nbsp;<em>Martwe morze<\/em>,&nbsp;<em>Cisza jak ta<\/em>,&nbsp;<em>Ratujmy, co si\u0119 da<\/em>,&nbsp;<em>M\u0142ode lwy<\/em>,&nbsp;<em>Jest taki samotny dom<\/em>&nbsp;&ndash; oraz piosenki z najnowszej p\u0142yty&nbsp;<em>Wiek to tylko liczba<\/em>. To b\u0119dzie wiecz&oacute;r, podczas kt&oacute;rego klasyka spotka si\u0119 ze \u015bwie\u017cym brzmieniem, a repertuar u\u0142o\u017cy si\u0119 w sp&oacute;jn\u0105, dynamiczn\u0105 opowie\u015b\u0107.<\/span><\/span><\/span><\/span><\/span><\/span><\/span><\/span><\/span><\/span><\/span><\/span><\/span><\/span><\/span><\/p>\n<p><span><span><span><span><span><span><span><span><span><span><span><span><span><span><span>Na scenie Cugowskiemu towarzyszy\u0107 b\u0119d\u0105 wybitni instrumentali\u015bci:&nbsp;Jacek Kr&oacute;lik&nbsp;(gitara),&nbsp;Cezary Konrad&nbsp;(perkusja),&nbsp;Robert Kubiszyn&nbsp;(bas) i&nbsp;Tomasz Ka\u0142wak&nbsp;(instrumenty klawiszowe). To sk\u0142ad, kt&oacute;ry gwarantuje koncertow\u0105 precyzj\u0119, przestrze\u0144 i moc &ndash; od nastrojowych ballad po rockowe kulminacje.<\/span><\/span><\/span><\/span><\/span><\/span><\/span><\/span><\/span><\/span><\/span><\/span><\/span><\/span><\/span><\/p>\n<p><span><span><span><span><span><span><span><span><span><span><span><span><span><span><span>Obok klasyk&oacute;w zabrzmi\u0105 kompozycje z najnowszego albumu podkre\u015blaj\u0105ce wsp&oacute;\u0142czesny kierunek brzmienia i aktualno\u015b\u0107 przekazu.<\/span><\/span><\/span><\/span><\/span><\/span><\/span><\/span><\/span><\/span><\/span><\/span><\/span><\/span><\/span><\/p>\n<p><strong>Czas trwania koncertu<\/strong>: ok.&nbsp;100&nbsp;minut<br \/>\nCzas trwania mo\u017ce ulec zmianie.<\/p>\n<p><strong>Wszystko, co musisz wiedzie\u0107 przed wizyt\u0105 w&nbsp;NOSPR&nbsp;&ndash;&nbsp;<\/strong><a href=\"https:\/\/nospr.org.pl\/pl\/aktualnosci\/wszystko-co-musisz-wiedziec-przed-wizyta-w-nospr\"><strong>wskaz&oacute;wki dla uczestnik&oacute;w wydarze\u0144.<\/strong><\/a><\/p>\n<p>Prosimy o&nbsp;zapoznanie&nbsp;si\u0119 z&nbsp;informacjami dotycz\u0105cymi parking&oacute;w w&nbsp;Strefie Kultury&nbsp;&ndash;<strong>&nbsp;<\/strong><a href=\"https:\/\/nospr.org.pl\/pl\/aktualnosci\/wazne-informacje-o-parkingach\"><strong>wa\u017cne informacje o&nbsp;parkingach<\/strong><\/a><strong>.<\/strong><\/p>\n","protected":false},"excerpt":{"rendered":"<p>Artysta kompletny, legenda polskiej sceny i g\u0142os kilku pokole\u0144 rusza w 2026 roku w kolejn\u0105 tras\u0119. Has\u0142o przewodnie nie jest kokieteri\u0105 &ndash; to program dzia\u0142ania: energia, rzemios\u0142o i charyzma, kt&oacute;re od ponad pi\u0119ciu dekad trzymaj\u0105 publiczno\u015b\u0107 w napi\u0119ciu. Koncerty z&nbsp;Zespo\u0142em Mistrz&oacute;w&nbsp;to przegl\u0105d ca\u0142ej drogi tw&oacute;rczej artysty z mocnym, wsp&oacute;\u0142czesnym akcentem. Zabrzmi\u0105 ponadczasowe utwory &ndash;&nbsp;Sen o [&hellip;]<\/p>\n","protected":false},"featured_media":0,"template":"","meta":{"_acf_changed":false,"inline_featured_image":false},"product_brand":[],"product_cat":[2210],"product_tag":[],"class_list":{"0":"post-63627","1":"product","2":"type-product","3":"status-publish","5":"product_cat-cat_237","7":"first","8":"instock","9":"virtual","10":"purchasable","11":"product-type-simple"},"acf":[],"_links":{"self":[{"href":"https:\/\/nospr.org.pl\/sklep\/wp-json\/wp\/v2\/product\/63627","targetHints":{"allow":["GET"]}}],"collection":[{"href":"https:\/\/nospr.org.pl\/sklep\/wp-json\/wp\/v2\/product"}],"about":[{"href":"https:\/\/nospr.org.pl\/sklep\/wp-json\/wp\/v2\/types\/product"}],"wp:attachment":[{"href":"https:\/\/nospr.org.pl\/sklep\/wp-json\/wp\/v2\/media?parent=63627"}],"wp:term":[{"taxonomy":"product_brand","embeddable":true,"href":"https:\/\/nospr.org.pl\/sklep\/wp-json\/wp\/v2\/product_brand?post=63627"},{"taxonomy":"product_cat","embeddable":true,"href":"https:\/\/nospr.org.pl\/sklep\/wp-json\/wp\/v2\/product_cat?post=63627"},{"taxonomy":"product_tag","embeddable":true,"href":"https:\/\/nospr.org.pl\/sklep\/wp-json\/wp\/v2\/product_tag?post=63627"}],"curies":[{"name":"wp","href":"https:\/\/api.w.org\/{rel}","templated":true}]}}