{"id":61776,"date":"2026-01-20T12:04:04","date_gmt":"2026-01-20T11:04:04","guid":{"rendered":"https:\/\/nospr.org.pl\/sklep\/produkt\/ferie-w-nospr-poznaj-akademie-nospr-muzyka-instrumenty-i-mlo\/"},"modified":"2026-02-21T10:14:04","modified_gmt":"2026-02-21T09:14:04","slug":"ferie-w-nospr-poznaj-akademie-nospr-muzyka-instrumenty-i-mlo","status":"publish","type":"product","link":"https:\/\/nospr.org.pl\/sklep\/produkt\/ferie-w-nospr-poznaj-akademie-nospr-muzyka-instrumenty-i-mlo\/","title":{"rendered":"Ferie w NOSPR \/ Muzyka bli\u017cej nas \/ Poznaj Akademi\u0119 NOSPR"},"content":{"rendered":"<\/p>\n<p>Do\u0142\u0105cz do muzycznej przygody i sp\u0119d\u017a ferie w NOSPR!<br \/>\nPoznaj Akademi\u0119 pe\u0142n\u0105 d\u017awi\u0119k&oacute;w, pasji i inspiracji!<\/p>\n<p>Zapraszamy do \u015bwiata m\u0142odych muzyk&oacute;w &ndash; uczestnik&oacute;w programu Akademia NOSPR, kt&oacute;rzy podczas wydarzenia zaprezentuj\u0105 instrumenty orkiestrowe, opowiedz\u0105 o ich roli w orkiestrze i zaprosz\u0105 do wsp&oacute;lnego odkrywania muzyki &ndash; na \u017cywo, bez dystansu i zza kulis.<\/p>\n<p><strong>Co czeka uczestnik&oacute;w?<\/strong><\/p>\n<ul data-editing-info=\"{&quot;applyListStyleFromLevel&quot;:false,&quot;unorderedStyleType&quot;:2}\">\n<li>\n<p>prezentacje instrument&oacute;w orkiestrowych na \u017cywo<\/p>\n<\/li>\n<li>\n<p>kr&oacute;tkie pokazy muzyczne uczestnik&oacute;w Akademii NOSPR<\/p>\n<\/li>\n<li>\n<p>ciekawostki o brzmieniu, budowie i funkcji instrument&oacute;w<\/p>\n<\/li>\n<li>\n<p>spotkanie z m\u0142odymi muzykami i mo\u017cliwo\u015b\u0107 zadawania pyta\u0144<\/p>\n<\/li>\n<\/ul>\n<p>Wydarzenie przeznaczone dla dzieci, m\u0142odzie\u017cy, ca\u0142ych rodzin i senior&oacute;w &ndash; wszystkich, kt&oacute;rzy chc\u0105&nbsp;w przyst\u0119pny i anga\u017cuj\u0105cy spos&oacute;b pozna\u0107 \u015bwiat instrument&oacute;w orkiestrowych oraz uczestnik&oacute;w programu Akademii NOSPR.<\/p>\n<p>Zbi&oacute;rka na wydarzenie przy kasach NOSPR.<\/p>\n<p>Bilety dost\u0119pne w&nbsp;cenie 5&nbsp;z\u0142 od osoby &ndash; (do 20 os&oacute;b).<\/p>\n<p><strong>Czas trwania wydarzenia<\/strong>: ok. 60&nbsp;minut&nbsp;<\/p>\n<p><strong>Wszystko, co musisz wiedzie\u0107 przed wizyt\u0105 w&nbsp;NOSPR&nbsp;&ndash;&nbsp;<\/strong><a href=\"https:\/\/nospr.org.pl\/pl\/aktualnosci\/wszystko-co-musisz-wiedziec-przed-wizyta-w-nospr\"><strong>wskaz&oacute;wki dla uczestnik&oacute;w wydarze\u0144.<\/strong><\/a><\/p>\n<p>Prosimy o&nbsp;zapoznanie&nbsp;si\u0119 z&nbsp;informacjami dotycz\u0105cymi parking&oacute;w w&nbsp;Strefie Kultury&nbsp;&ndash;<strong>&nbsp;<\/strong><a href=\"https:\/\/nospr.org.pl\/pl\/aktualnosci\/wazne-informacje-o-parkingach\"><strong>wa\u017cne informacje o&nbsp;parkingach<\/strong><\/a><strong>.<\/strong><\/p>\n","protected":false},"excerpt":{"rendered":"<p>Do\u0142\u0105cz do muzycznej przygody i sp\u0119d\u017a ferie w NOSPR! Poznaj Akademi\u0119 pe\u0142n\u0105 d\u017awi\u0119k&oacute;w, pasji i inspiracji! Zapraszamy do \u015bwiata m\u0142odych muzyk&oacute;w &ndash; uczestnik&oacute;w programu Akademia NOSPR, kt&oacute;rzy podczas wydarzenia zaprezentuj\u0105 instrumenty orkiestrowe, opowiedz\u0105 o ich roli w orkiestrze i zaprosz\u0105 do wsp&oacute;lnego odkrywania muzyki &ndash; na \u017cywo, bez dystansu i zza kulis. Co czeka uczestnik&oacute;w? [&hellip;]<\/p>\n","protected":false},"featured_media":0,"template":"","meta":{"inline_featured_image":false},"product_brand":[],"product_cat":[2259],"product_tag":[],"class_list":{"0":"post-61776","1":"product","2":"type-product","3":"status-publish","5":"product_cat-cat_278","7":"first","8":"instock","9":"virtual","10":"purchasable","11":"product-type-simple"},"_links":{"self":[{"href":"https:\/\/nospr.org.pl\/sklep\/wp-json\/wp\/v2\/product\/61776","targetHints":{"allow":["GET"]}}],"collection":[{"href":"https:\/\/nospr.org.pl\/sklep\/wp-json\/wp\/v2\/product"}],"about":[{"href":"https:\/\/nospr.org.pl\/sklep\/wp-json\/wp\/v2\/types\/product"}],"wp:attachment":[{"href":"https:\/\/nospr.org.pl\/sklep\/wp-json\/wp\/v2\/media?parent=61776"}],"wp:term":[{"taxonomy":"product_brand","embeddable":true,"href":"https:\/\/nospr.org.pl\/sklep\/wp-json\/wp\/v2\/product_brand?post=61776"},{"taxonomy":"product_cat","embeddable":true,"href":"https:\/\/nospr.org.pl\/sklep\/wp-json\/wp\/v2\/product_cat?post=61776"},{"taxonomy":"product_tag","embeddable":true,"href":"https:\/\/nospr.org.pl\/sklep\/wp-json\/wp\/v2\/product_tag?post=61776"}],"curies":[{"name":"wp","href":"https:\/\/api.w.org\/{rel}","templated":true}]}}