{"id":60301,"date":"2026-01-09T11:22:06","date_gmt":"2026-01-09T10:22:06","guid":{"rendered":"https:\/\/nospr.org.pl\/sklep\/produkt\/anna-maria-jopek-z-towarzyszeniem-makoto-ozone-trio-trinfinity\/"},"modified":"2026-04-05T08:14:04","modified_gmt":"2026-04-05T06:14:04","slug":"anna-maria-jopek-z-towarzyszeniem-makoto-ozone-trio-trinfini","status":"publish","type":"product","link":"https:\/\/nospr.org.pl\/sklep\/produkt\/anna-maria-jopek-z-towarzyszeniem-makoto-ozone-trio-trinfini\/","title":{"rendered":"ANNA MARIA JOPEK Z TOWARZYSZENIEM MAKOTO OZONE TRIO \u2013 \u201e TRINFINITY\u201d"},"content":{"rendered":"<p><strong><span><span><span><span><span><span><span><span><span><span><span><span><span><span>Zapraszamy na wyj\u0105tkowy koncert, projekt Anny Marii Jopek oraz Makoto Ozone Trio zatytu\u0142owany &ldquo;TRiNFiNiTY&rdquo;.<\/span><\/span><\/span><\/span><\/span><\/span><\/span><\/span><\/span><\/span><\/span><\/span><\/span><\/span><\/strong><\/p>\n<p><span><span><span><span><span><span><span><span><span><span><span><span><span><span>Koncert b\u0119dzie spotkaniem artyst&oacute;w o wyj\u0105tkowych osobowo\u015bciach i ugruntowanej, mi\u0119dzynarodowej pozycji, reprezentuj\u0105cych najwy\u017cszy poziom \u015bwiatowego jazzu i muzyki improwizowanej.<\/span><\/span><\/span><\/span><\/span><\/span><\/span><\/span><\/span><\/span><\/span><\/span><\/span><\/span><\/p>\n<p><span><span><span><span><span><span><span><span><span><span><span><span><span><span>Anna Maria Jopek to jedna z najbardziej rozpoznawalnych polskich wokalistek i kompozytorek, od lat buduj\u0105ca karier\u0119 na styku jazzu, muzyki \u015bwiata, folku i nowoczesnej improwizacji. Jej tw&oacute;rczo\u015b\u0107 charakteryzuje si\u0119 artystyczn\u0105 niezale\u017cno\u015bci\u0105, dba\u0142o\u015bci\u0105 o brzmienie i silnym, osobistym j\u0119zykiem muzycznym. W swojej karierze wsp&oacute;\u0142pracowa\u0142a z najwybitniejszymi postaciami \u015bwiatowego jazzu, m.in. Patem Methenym, Branfordem Marsalisem, Richardem Bon\u0105, Gonzalo Rubalcab\u0105, Avishaiem Cohenem, Manu Katch&eacute;, Makoto Ozone oraz wieloma wybitnymi muzykami europejskiej i ameryka\u0144skiej sceny. Jej koncerty cenione s\u0105 za intensywno\u015b\u0107 emocjonaln\u0105, swobod\u0119 improwizacji oraz bliski kontakt z publiczno\u015bci\u0105.<\/p>\n<p>Makoto Ozone jest jednym z najwybitniejszych japo\u0144skich pianist&oacute;w jazzowych, kompozytorem i liderem zespo\u0142&oacute;w, uznawanym za artyst\u0119 o wyj\u0105tkowej technice i muzycznej wyobra\u017ani. Od pocz\u0105tku kariery zwi\u0105zany by\u0142 zar&oacute;wno z jazzem, jak i muzyk\u0105 klasyczn\u0105. Wyst\u0119powa\u0142 i nagrywa\u0142 z takimi artystami, jak Gary Burton, Chick Corea, Michael Brecker, Branford Marsalis, Roy Hargrove, Paquito D&rsquo;Rivera, Dave Weckl czy Jeff Hamilton oraz wieloma czo\u0142owymi muzykami \u015bwiatowej sceny jazzowej. Jako lider Makoto Ozone Trio prezentuje muzyk\u0119 opart\u0105 na dialogu, precyzji i otwartej improwizacji, tworz\u0105c brzmienie pe\u0142ne energii i subtelno\u015bci.<\/p>\n<p>Program koncertu w NOSPR obejmie autorskie kompozycje iwsp&oacute;lne projekty artyst&oacute;w &ndash; w tym utwory z najnowszego albumu nagranego pomi\u0119dzy Warszaw\u0105 a Tokio, czyli AMJ &amp; Makoto Ozone Trio. Nie zabraknie improwizowanych form, w kt&oacute;rych g\u0142os Anny Marii Jopek&nbsp;i fortepian Makoto Ozone&rsquo;a poprowadz\u0105 muzyczny dialog ponad stylistycznymi granicami. To muzyka, kt&oacute;ra z pewno\u015bci\u0105 przypadnie do gustu publiczno\u015bci poszukuj\u0105cej jazzu dojrza\u0142ego, wyrafinowanego i emocjonalnie anga\u017cuj\u0105cego. Polecamy i zapraszamy.<\/span><\/span><\/span><\/span><\/span><\/span><\/span><\/span><\/span><\/span><\/span><\/span><\/span><\/span><\/p>\n<p><img decoding=\"async\" src=\"\/serdelia\/public\/ckeditor\/plugins\/uho_video\/icons\/uho_video.png\" \/><\/p>\n<p><img decoding=\"async\" src=\"\/serdelia\/public\/ckeditor\/plugins\/uho_video\/icons\/uho_video.png\" \/><\/p>\n<p><img decoding=\"async\" src=\"\/serdelia\/public\/ckeditor\/plugins\/uho_video\/icons\/uho_video.png\" \/><\/p>\n<p><strong>Czas trwania koncertu:<\/strong> ok. 90 minut<br \/>\nCzas trwania mo\u017ce ulec zmianie.&nbsp;<\/p>\n<p><strong>Wszystko, co musisz wiedzie\u0107 przed wizyt\u0105 w&nbsp;NOSPR&nbsp;&ndash;&nbsp;<\/strong><a href=\"https:\/\/nospr.org.pl\/pl\/aktualnosci\/wszystko-co-musisz-wiedziec-przed-wizyta-w-nospr\"><strong>wskaz&oacute;wki dla uczestnik&oacute;w wydarze\u0144.<\/strong><\/a><\/p>\n<p>Prosimy o&nbsp;zapoznanie&nbsp;si\u0119 z&nbsp;informacjami dotycz\u0105cymi parking&oacute;w w&nbsp;Strefie Kultury&nbsp;&ndash;<strong>&nbsp;<\/strong><a href=\"https:\/\/nospr.org.pl\/pl\/aktualnosci\/wazne-informacje-o-parkingach\"><strong>wa\u017cne informacje o&nbsp;parkingach<\/strong><\/a><\/p>\n","protected":false},"excerpt":{"rendered":"<p>Zapraszamy na wyj\u0105tkowy koncert, projekt Anny Marii Jopek oraz Makoto Ozone Trio zatytu\u0142owany &ldquo;TRiNFiNiTY&rdquo;. Koncert b\u0119dzie spotkaniem artyst&oacute;w o wyj\u0105tkowych osobowo\u015bciach i ugruntowanej, mi\u0119dzynarodowej pozycji, reprezentuj\u0105cych najwy\u017cszy poziom \u015bwiatowego jazzu i muzyki improwizowanej. Anna Maria Jopek to jedna z najbardziej rozpoznawalnych polskich wokalistek i kompozytorek, od lat buduj\u0105ca karier\u0119 na styku jazzu, muzyki \u015bwiata, folku [&hellip;]<\/p>\n","protected":false},"featured_media":0,"template":"","meta":{"_acf_changed":false,"inline_featured_image":false},"product_brand":[],"product_cat":[2210],"product_tag":[],"class_list":{"0":"post-60301","1":"product","2":"type-product","3":"status-publish","5":"product_cat-cat_237","7":"first","8":"instock","9":"virtual","10":"purchasable","11":"product-type-simple"},"acf":[],"_links":{"self":[{"href":"https:\/\/nospr.org.pl\/sklep\/wp-json\/wp\/v2\/product\/60301","targetHints":{"allow":["GET"]}}],"collection":[{"href":"https:\/\/nospr.org.pl\/sklep\/wp-json\/wp\/v2\/product"}],"about":[{"href":"https:\/\/nospr.org.pl\/sklep\/wp-json\/wp\/v2\/types\/product"}],"wp:attachment":[{"href":"https:\/\/nospr.org.pl\/sklep\/wp-json\/wp\/v2\/media?parent=60301"}],"wp:term":[{"taxonomy":"product_brand","embeddable":true,"href":"https:\/\/nospr.org.pl\/sklep\/wp-json\/wp\/v2\/product_brand?post=60301"},{"taxonomy":"product_cat","embeddable":true,"href":"https:\/\/nospr.org.pl\/sklep\/wp-json\/wp\/v2\/product_cat?post=60301"},{"taxonomy":"product_tag","embeddable":true,"href":"https:\/\/nospr.org.pl\/sklep\/wp-json\/wp\/v2\/product_tag?post=60301"}],"curies":[{"name":"wp","href":"https:\/\/api.w.org\/{rel}","templated":true}]}}