{"id":60025,"date":"2026-01-07T09:22:05","date_gmt":"2026-01-07T08:22:05","guid":{"rendered":"https:\/\/nospr.org.pl\/sklep\/produkt\/ferie-w-nospr-organowe-brzmienia-w-tajemniczym-swiecie-basni\/"},"modified":"2026-02-16T16:59:03","modified_gmt":"2026-02-16T15:59:03","slug":"organowe-brzmienia-w-tajemniczym-swiecie-basni","status":"publish","type":"product","link":"https:\/\/nospr.org.pl\/sklep\/produkt\/organowe-brzmienia-w-tajemniczym-swiecie-basni\/","title":{"rendered":"Ferie w NOSPR \/ Organowe brzmienia &#8211;  W tajemniczym \u015bwiecie ba\u015bni"},"content":{"rendered":"<p>Dla ca\u0142ych rodzin. Zapraszamy na niezwyk\u0142y spektakl d\u017awi\u0119ku, \u015bwiat\u0142a i ruchu. Niezale\u017cnie od pogody za oknem, muzyka przywo\u0142a przepi\u0119kne krajobrazy, a czarodziejskie niemal mo\u017cliwo\u015bci brzmieniowe organ&oacute;w pozwol\u0105 przenie\u015b\u0107 si\u0119 w \u015bwiat muzycznych opowie\u015bci pe\u0142nych magii. D\u017awi\u0119k spotka si\u0119 ze \u015bwiat\u0142em i ta\u0144cem, a muzyka wykonana wy\u0142\u0105cznie na organach&nbsp;wype\u0142ni doskona\u0142\u0105 akustyk\u0119 sali koncertowej NOSPR!<\/p>\n<hr \/>\n<p>Bilety w cenie 5 z\u0142\/os., dla opiekun&oacute;w&nbsp;grup zorganizowanych 1 z\u0142 (maksymalnie 1 opiekun\/15 os&oacute;b) <strong>dost\u0119pne w sprzeda\u017cy&nbsp;od 7 stycznia od godz. 14:00.<\/strong><\/p>\n<p>Rezerwacje grupowe: telefonicznie pod nr tel.: 32 73 25 312, 32 73 25 320 lub 32 73 25 32.&nbsp;<\/p>\n<p>Sprzeda\u017c indywidualna mo\u017cliwa w kasach NOSPR oraz online.<\/p>\n<p><strong>Czas trwania koncertu<\/strong>: ok. 50&nbsp;minut&nbsp;<\/p>\n<p><strong>Wszystko, co musisz wiedzie\u0107 przed wizyt\u0105 w&nbsp;NOSPR&nbsp;&ndash;&nbsp;<\/strong><a href=\"https:\/\/nospr.org.pl\/pl\/aktualnosci\/wszystko-co-musisz-wiedziec-przed-wizyta-w-nospr\"><strong>wskaz&oacute;wki dla uczestnik&oacute;w wydarze\u0144.<\/strong><\/a><\/p>\n<p>Prosimy o&nbsp;zapoznanie&nbsp;si\u0119 z&nbsp;informacjami dotycz\u0105cymi parking&oacute;w w&nbsp;Strefie Kultury&nbsp;&ndash;<strong>&nbsp;<\/strong><a href=\"https:\/\/nospr.org.pl\/pl\/aktualnosci\/wazne-informacje-o-parkingach\"><strong>wa\u017cne informacje o&nbsp;parkingach<\/strong><\/a><strong>.<\/strong><\/p>\n","protected":false},"excerpt":{"rendered":"<p>Dla ca\u0142ych rodzin. Zapraszamy na niezwyk\u0142y spektakl d\u017awi\u0119ku, \u015bwiat\u0142a i ruchu. Niezale\u017cnie od pogody za oknem, muzyka przywo\u0142a przepi\u0119kne krajobrazy, a czarodziejskie niemal mo\u017cliwo\u015bci brzmieniowe organ&oacute;w pozwol\u0105 przenie\u015b\u0107 si\u0119 w \u015bwiat muzycznych opowie\u015bci pe\u0142nych magii. D\u017awi\u0119k spotka si\u0119 ze \u015bwiat\u0142em i ta\u0144cem, a muzyka wykonana wy\u0142\u0105cznie na organach&nbsp;wype\u0142ni doskona\u0142\u0105 akustyk\u0119 sali koncertowej NOSPR! Bilety w [&hellip;]<\/p>\n","protected":false},"featured_media":0,"template":"","meta":{"inline_featured_image":false},"product_brand":[],"product_cat":[2259],"product_tag":[],"class_list":{"0":"post-60025","1":"product","2":"type-product","3":"status-publish","5":"product_cat-cat_278","7":"first","8":"instock","9":"virtual","10":"purchasable","11":"product-type-simple"},"_links":{"self":[{"href":"https:\/\/nospr.org.pl\/sklep\/wp-json\/wp\/v2\/product\/60025","targetHints":{"allow":["GET"]}}],"collection":[{"href":"https:\/\/nospr.org.pl\/sklep\/wp-json\/wp\/v2\/product"}],"about":[{"href":"https:\/\/nospr.org.pl\/sklep\/wp-json\/wp\/v2\/types\/product"}],"wp:attachment":[{"href":"https:\/\/nospr.org.pl\/sklep\/wp-json\/wp\/v2\/media?parent=60025"}],"wp:term":[{"taxonomy":"product_brand","embeddable":true,"href":"https:\/\/nospr.org.pl\/sklep\/wp-json\/wp\/v2\/product_brand?post=60025"},{"taxonomy":"product_cat","embeddable":true,"href":"https:\/\/nospr.org.pl\/sklep\/wp-json\/wp\/v2\/product_cat?post=60025"},{"taxonomy":"product_tag","embeddable":true,"href":"https:\/\/nospr.org.pl\/sklep\/wp-json\/wp\/v2\/product_tag?post=60025"}],"curies":[{"name":"wp","href":"https:\/\/api.w.org\/{rel}","templated":true}]}}