{"id":57524,"date":"2025-12-18T12:43:07","date_gmt":"2025-12-18T11:43:07","guid":{"rendered":"https:\/\/nospr.org.pl\/sklep\/produkt\/jan-garbarek-group-feat-trilok-gurtu-2\/"},"modified":"2026-04-08T13:08:07","modified_gmt":"2026-04-08T11:08:07","slug":"jan-garbarek-group-feat-trilok-gurtu-2","status":"publish","type":"product","link":"https:\/\/nospr.org.pl\/sklep\/produkt\/jan-garbarek-group-feat-trilok-gurtu-2\/","title":{"rendered":"Jan Garbarek Group feat. Trilok Gurtu"},"content":{"rendered":"<p>Jan Garbarek Group i Trilok Gurtu &ndash; legendarni arty\u015bci z pogranicza jazzu, muzyki etnicznej i klasycznej zaprezentuj\u0105 niezwyk\u0142y koncert-spektakl muzyczny. Garbarek od dziesi\u0119cioleci uznawany jest za jednego z mistrz&oacute;w nastrojowego, nordyckiego jazzu. Zachwyca charakterystycznym brzmieniem saksofonu i wyobra\u017ani\u0105 muzyczn\u0105. Trilok Gurtu to hinduski mag instrument&oacute;w perkusyjnych, a zarazem fascynuj\u0105cy wokalista. Towarzyszy\u0107 im b\u0119d\u0105 do\u015bwiadczony pianista o klasycznych korzeniach Rainer Br&uuml;ninghaus oraz porywaj\u0105cy swoj\u0105 gr\u0105 basista Yuri Daniel. Razem arty\u015bci stworz\u0105 zaczarowany muzyczny \u015bwiat.<\/p>\n<p><strong>Czas trwania koncertu<\/strong>: ok. 110 minut&nbsp;<\/p>\n<p>Organizatorem wydarzenia jest Cracovia Music Agency.<\/p>\n<p><img decoding=\"async\" src=\"\/serdelia\/public\/ckeditor\/plugins\/uho_video\/icons\/uho_video.png\" \/><\/p>\n<p><strong>Wszystko, co musisz wiedzie\u0107 przed wizyt\u0105 w&nbsp;NOSPR&nbsp;&ndash;&nbsp;<\/strong><a href=\"https:\/\/nospr.org.pl\/pl\/aktualnosci\/wszystko-co-musisz-wiedziec-przed-wizyta-w-nospr\"><strong>wskaz&oacute;wki dla uczestnik&oacute;w wydarze\u0144.<\/strong><\/a><\/p>\n<p>Prosimy o&nbsp;zapoznanie&nbsp;si\u0119 z&nbsp;informacjami dotycz\u0105cymi parking&oacute;w w&nbsp;Strefie Kultury&nbsp;&ndash;<strong>&nbsp;<\/strong><a href=\"https:\/\/nospr.org.pl\/pl\/aktualnosci\/wazne-informacje-o-parkingach\"><strong>wa\u017cne informacje o&nbsp;parkingach<\/strong><\/a><\/p>\n","protected":false},"excerpt":{"rendered":"<p>Jan Garbarek Group i Trilok Gurtu &ndash; legendarni arty\u015bci z pogranicza jazzu, muzyki etnicznej i klasycznej zaprezentuj\u0105 niezwyk\u0142y koncert-spektakl muzyczny. Garbarek od dziesi\u0119cioleci uznawany jest za jednego z mistrz&oacute;w nastrojowego, nordyckiego jazzu. Zachwyca charakterystycznym brzmieniem saksofonu i wyobra\u017ani\u0105 muzyczn\u0105. Trilok Gurtu to hinduski mag instrument&oacute;w perkusyjnych, a zarazem fascynuj\u0105cy wokalista. Towarzyszy\u0107 im b\u0119d\u0105 do\u015bwiadczony pianista [&hellip;]<\/p>\n","protected":false},"featured_media":0,"template":"","meta":{"_acf_changed":false,"inline_featured_image":false},"product_brand":[],"product_cat":[2210],"product_tag":[],"class_list":{"0":"post-57524","1":"product","2":"type-product","3":"status-publish","5":"product_cat-cat_237","7":"first","8":"instock","9":"virtual","10":"purchasable","11":"product-type-simple"},"acf":[],"_links":{"self":[{"href":"https:\/\/nospr.org.pl\/sklep\/wp-json\/wp\/v2\/product\/57524","targetHints":{"allow":["GET"]}}],"collection":[{"href":"https:\/\/nospr.org.pl\/sklep\/wp-json\/wp\/v2\/product"}],"about":[{"href":"https:\/\/nospr.org.pl\/sklep\/wp-json\/wp\/v2\/types\/product"}],"wp:attachment":[{"href":"https:\/\/nospr.org.pl\/sklep\/wp-json\/wp\/v2\/media?parent=57524"}],"wp:term":[{"taxonomy":"product_brand","embeddable":true,"href":"https:\/\/nospr.org.pl\/sklep\/wp-json\/wp\/v2\/product_brand?post=57524"},{"taxonomy":"product_cat","embeddable":true,"href":"https:\/\/nospr.org.pl\/sklep\/wp-json\/wp\/v2\/product_cat?post=57524"},{"taxonomy":"product_tag","embeddable":true,"href":"https:\/\/nospr.org.pl\/sklep\/wp-json\/wp\/v2\/product_tag?post=57524"}],"curies":[{"name":"wp","href":"https:\/\/api.w.org\/{rel}","templated":true}]}}