{"id":56998,"date":"2025-12-16T15:44:05","date_gmt":"2025-12-16T14:44:05","guid":{"rendered":"https:\/\/nospr.org.pl\/sklep\/produkt\/walentynki-w-nospr-love-story\/"},"modified":"2026-02-14T17:58:03","modified_gmt":"2026-02-14T16:58:03","slug":"walentynki-w-nospr","status":"publish","type":"product","link":"https:\/\/nospr.org.pl\/sklep\/produkt\/walentynki-w-nospr\/","title":{"rendered":"Walentynki w NOSPR \/ Love Story"},"content":{"rendered":"<\/p>\n<p>Mi\u0142o\u015b\u0107 to nieko\u0144cz\u0105ca si\u0119 inspiracja dla tw&oacute;rc&oacute;w i ponadczasowy temat, kt&oacute;ry nieustannie porusza odbiorc&oacute;w. Nawet je\u015bli na co dzie\u0144 uciekamy przed nadmiern\u0105 ckliwo\u015bci\u0105, a wielkie nami\u0119tno\u015bci odsuwamy na bok, jest taki moment w roku, kiedy \u015bmielej uchylamy dla nich drzwi. W walentynkowy wiecz&oacute;r chcemy podzieli\u0107 si\u0119 z Wami mi\u0142osnymi historiami zamkni\u0119tymi w najpi\u0119kniejszych przebojach muzyki filmowej, musicalowej i jazzowej. B\u0119d\u0105 chwile wzrusze\u0144 przy kultowym<em> Love Story<\/em> i fragmentach z musicalu <em>Pi\u0119kna i Bestia<\/em>. Pos\u0142uchamy te\u017c piosenek <em>Kiss From a Rose<\/em>, <em>Can You Feel the Love Tonight<\/em> czy <em>I Will Always Love You <\/em>i wielu innych, kt&oacute;re nieustannie towarzysz\u0105 wyznaniom mi\u0142o\u015bci. Intensywne porywy serca zobrazuje natomiast <em>Libertango<\/em> wielkiego Astora Piazzolli. To repertuar, kt&oacute;ry tylko z pozoru dobrze znamy. W NOSPR przeboje te zabrzmi\u0105 bowiem w specjalnie przygotowanych symfonicznych aran\u017cacjach Paw\u0142a Tomaszewskiego i z udzia\u0142em doskona\u0142ych solist&oacute;w. Nowe, nieoczywiste interpretacje, brzmienie skrz\u0105ce si\u0119 ca\u0142\u0105 palet\u0105 barw orkiestry i fascynuj\u0105ce historie &ndash; na ten wiecz&oacute;r zdecydowanie warto uchyli\u0107 drzwi dla mi\u0142o\u015bci. I zajrze\u0107 do NOSPR.<\/p>\n<p><strong>Julia Broniowska \/ NOSPR<\/strong><\/p>\n<p><strong>Czas trwania koncertu (\u0142\u0105cznie z&nbsp;przerw\u0105)<\/strong>: ok. 120&nbsp;minut<\/p>\n<p><strong>Wszystko, co musisz wiedzie\u0107 przed wizyt\u0105 w NOSPR &ndash; <a href=\"https:\/\/nospr.org.pl\/pl\/aktualnosci\/wszystko-co-musisz-wiedziec-przed-wizyta-w-nospr\" rel=\"noreferrer noopener\" target=\"_blank\">wskaz&oacute;wki dla uczestnik&oacute;w wydarze\u0144<\/a>.<\/strong>&nbsp;<\/p>\n<p>Prosimy o zapoznanie si\u0119 z informacjami dotycz\u0105cymi parking&oacute;w w Strefie Kultury &ndash; <strong><a href=\"https:\/\/nospr.org.pl\/pl\/aktualnosci\/wazne-informacje-o-parkingach\" rel=\"noreferrer noopener\" target=\"_blank\">wa\u017cne informacje o parkingach<\/a>,<\/strong><\/p>\n","protected":false},"excerpt":{"rendered":"<p>Mi\u0142o\u015b\u0107 to nieko\u0144cz\u0105ca si\u0119 inspiracja dla tw&oacute;rc&oacute;w i ponadczasowy temat, kt&oacute;ry nieustannie porusza odbiorc&oacute;w. Nawet je\u015bli na co dzie\u0144 uciekamy przed nadmiern\u0105 ckliwo\u015bci\u0105, a wielkie nami\u0119tno\u015bci odsuwamy na bok, jest taki moment w roku, kiedy \u015bmielej uchylamy dla nich drzwi. W walentynkowy wiecz&oacute;r chcemy podzieli\u0107 si\u0119 z Wami mi\u0142osnymi historiami zamkni\u0119tymi w najpi\u0119kniejszych przebojach muzyki [&hellip;]<\/p>\n","protected":false},"featured_media":0,"template":"","meta":{"_acf_changed":false,"inline_featured_image":false},"product_brand":[],"product_cat":[2211],"product_tag":[],"class_list":{"0":"post-56998","1":"product","2":"type-product","3":"status-publish","5":"product_cat-cat_247","7":"first","8":"instock","9":"virtual","10":"purchasable","11":"product-type-simple"},"acf":[],"_links":{"self":[{"href":"https:\/\/nospr.org.pl\/sklep\/wp-json\/wp\/v2\/product\/56998","targetHints":{"allow":["GET"]}}],"collection":[{"href":"https:\/\/nospr.org.pl\/sklep\/wp-json\/wp\/v2\/product"}],"about":[{"href":"https:\/\/nospr.org.pl\/sklep\/wp-json\/wp\/v2\/types\/product"}],"wp:attachment":[{"href":"https:\/\/nospr.org.pl\/sklep\/wp-json\/wp\/v2\/media?parent=56998"}],"wp:term":[{"taxonomy":"product_brand","embeddable":true,"href":"https:\/\/nospr.org.pl\/sklep\/wp-json\/wp\/v2\/product_brand?post=56998"},{"taxonomy":"product_cat","embeddable":true,"href":"https:\/\/nospr.org.pl\/sklep\/wp-json\/wp\/v2\/product_cat?post=56998"},{"taxonomy":"product_tag","embeddable":true,"href":"https:\/\/nospr.org.pl\/sklep\/wp-json\/wp\/v2\/product_tag?post=56998"}],"curies":[{"name":"wp","href":"https:\/\/api.w.org\/{rel}","templated":true}]}}