{"id":56761,"date":"2025-12-15T15:20:06","date_gmt":"2025-12-15T14:20:06","guid":{"rendered":"https:\/\/nospr.org.pl\/sklep\/produkt\/chris-rea-experience\/"},"modified":"2026-03-22T19:58:03","modified_gmt":"2026-03-22T18:58:03","slug":"chris-rea-experience","status":"publish","type":"product","link":"https:\/\/nospr.org.pl\/sklep\/produkt\/chris-rea-experience\/","title":{"rendered":"The Chris Rea Experience with Paul Casey &amp; Rea-magined"},"content":{"rendered":"<\/p>\n<p>The Chris Rea&nbsp;Experience&nbsp;z\u202fPaulem&nbsp;Caseyem&nbsp;i\u202fjego s\u0142ynnym zespo\u0142em Rea-magined&nbsp;wsz\u0119dzie, gdzie wyst\u0119puje, zbiera owacje na stoj\u0105co i\u202fentuzjastyczne recenzje. Teraz, po raz pierwszy w\u202fEuropie, wieloletni przyjaciel i\u202fwsp&oacute;\u0142pracownik Chrisa Rea prezentuje niezapomniany, specjalnie przygotowany dla polskiej publiczno\u015bci koncert.&nbsp;<\/p>\n<p>The Chris Rea&nbsp;Experience&nbsp;przywraca na scen\u0119 najwi\u0119ksze przeboje legendarnego muzyka w\u202fjego niepodrabialnym stylu, w\u202fwykonaniu Paula&nbsp;Caseya.&nbsp;<\/p>\n<p><span><span><span><span><span><span><span><span><span><span><span><span><span><span><span><span lang=\"pl\"><span><span>Z katalogiem ponadczasowych utwor&oacute;w i ponad 40 milionami sprzedanych album&oacute;w, Chris Rea zawsze b\u0119dzie mistrzem w swojej w\u0142asnej lidze. To wybitna posta\u0107 w historii wsp&oacute;\u0142czesnej gitary.&nbsp;Chris Rea Experience&nbsp;traktuje ten dorobek z precyzj\u0105 i szacunkiem, oferuj\u0105c fanom now\u0105 \u015bwie\u017co\u015b\u0107 jego niezwyk\u0142ej tw&oacute;rczo\u015bci.&nbsp;<\/span><\/span><\/span><\/span><\/span><\/span><\/span><\/span><\/span><\/span><\/span><\/span><\/span><\/span><\/span><\/span><\/span><\/span><\/p>\n<p>Zesp&oacute;\u0142 Rea-magined&nbsp;tworz\u0105 czo\u0142owi europejscy muzycy. Ich \u015bwiatowy poziom s\u0142ycha\u0107 w\u202fka\u017cdym d\u017awi\u0119ku, gdy z\u202fogromnym szacunkiem oddaj\u0105 ho\u0142d dorobkowi Chrisa Rea i\u202fjego niepowtarzalnemu brzmieniu.&nbsp;<\/p>\n<p>Historia znajomo\u015bci Paula&nbsp;Casey&rsquo;ego&nbsp;z\u202fChrisem Rea si\u0119ga\u202f1990 roku, kiedy nastoletni&nbsp;Casey&nbsp;wymkn\u0105\u0142 si\u0119 za kulisy podczas pr&oacute;by d\u017awi\u0119ku i\u202fzapyta\u0142 mistrza, jak gra\u0107 na gitarze technik\u0105&nbsp;slide. Lata p&oacute;\u017aniej Rea by\u0142 oszo\u0142omiony ta\u015bm\u0105 demo, kt&oacute;r\u0105 otrzyma\u0142 od swojego m\u0142odego irlandzkiego protegowanego: &bdquo;Jego pierwsze nagrania by\u0142y absolutnie niesamowite&hellip; to by\u0142o dla mnie dziwne uczucie, jakbym sam to gra\u0142. By\u0142y tak dok\u0142adne&rdquo; &ndash; powiedzia\u0142 w\u202fniedawnym wywiadzie.&nbsp;<\/p>\n<p>Dlatego tylko Paul&nbsp;Casey&nbsp;&ndash; gitarzysta, wokalista i\u202fautor koncepcji projektu &ndash; m&oacute;g\u0142 przygotowa\u0107 koncert celebruj\u0105cy muzyk\u0119 Chrisa Rea, kt&oacute;ry pe\u0142en jest wirtuozerii i\u202fmoment&oacute;w wywo\u0142uj\u0105cych dreszcz ekscytacji. Zata\u0144czmy razem!&nbsp;<\/p>\n<p><strong>Czas trwania koncertu<\/strong>: ok. 100 minut&nbsp;<\/p>\n<p><img decoding=\"async\" src=\"\/serdelia\/public\/ckeditor\/plugins\/uho_video\/icons\/uho_video.png\" \/><\/p>\n<p><strong>Wszystko, co musisz wiedzie\u0107 przed wizyt\u0105 w&nbsp;NOSPR&nbsp;&ndash;&nbsp;<\/strong><a href=\"https:\/\/nospr.org.pl\/pl\/aktualnosci\/wszystko-co-musisz-wiedziec-przed-wizyta-w-nospr\"><strong>wskaz&oacute;wki dla uczestnik&oacute;w wydarze\u0144<\/strong>.<\/a><\/p>\n<p>Prosimy o&nbsp;zapoznanie&nbsp;si\u0119 z&nbsp;informacjami dotycz\u0105cymi parking&oacute;w w&nbsp;Strefie Kultury&nbsp;&ndash;&nbsp;<strong><a href=\"https:\/\/nospr.org.pl\/pl\/aktualnosci\/wazne-informacje-o-parkingach\">wa\u017cne informacje o&nbsp;parkingach<\/a><\/strong><\/p>\n","protected":false},"excerpt":{"rendered":"<p>The Chris Rea&nbsp;Experience&nbsp;z\u202fPaulem&nbsp;Caseyem&nbsp;i\u202fjego s\u0142ynnym zespo\u0142em Rea-magined&nbsp;wsz\u0119dzie, gdzie wyst\u0119puje, zbiera owacje na stoj\u0105co i\u202fentuzjastyczne recenzje. Teraz, po raz pierwszy w\u202fEuropie, wieloletni przyjaciel i\u202fwsp&oacute;\u0142pracownik Chrisa Rea prezentuje niezapomniany, specjalnie przygotowany dla polskiej publiczno\u015bci koncert.&nbsp; The Chris Rea&nbsp;Experience&nbsp;przywraca na scen\u0119 najwi\u0119ksze przeboje legendarnego muzyka w\u202fjego niepodrabialnym stylu, w\u202fwykonaniu Paula&nbsp;Caseya.&nbsp; Z katalogiem ponadczasowych utwor&oacute;w i ponad 40 milionami sprzedanych [&hellip;]<\/p>\n","protected":false},"featured_media":0,"template":"","meta":{"_acf_changed":false,"inline_featured_image":false},"product_brand":[],"product_cat":[2210],"product_tag":[],"class_list":{"0":"post-56761","1":"product","2":"type-product","3":"status-publish","5":"product_cat-cat_237","7":"first","8":"instock","9":"virtual","10":"purchasable","11":"product-type-simple"},"acf":[],"_links":{"self":[{"href":"https:\/\/nospr.org.pl\/sklep\/wp-json\/wp\/v2\/product\/56761","targetHints":{"allow":["GET"]}}],"collection":[{"href":"https:\/\/nospr.org.pl\/sklep\/wp-json\/wp\/v2\/product"}],"about":[{"href":"https:\/\/nospr.org.pl\/sklep\/wp-json\/wp\/v2\/types\/product"}],"wp:attachment":[{"href":"https:\/\/nospr.org.pl\/sklep\/wp-json\/wp\/v2\/media?parent=56761"}],"wp:term":[{"taxonomy":"product_brand","embeddable":true,"href":"https:\/\/nospr.org.pl\/sklep\/wp-json\/wp\/v2\/product_brand?post=56761"},{"taxonomy":"product_cat","embeddable":true,"href":"https:\/\/nospr.org.pl\/sklep\/wp-json\/wp\/v2\/product_cat?post=56761"},{"taxonomy":"product_tag","embeddable":true,"href":"https:\/\/nospr.org.pl\/sklep\/wp-json\/wp\/v2\/product_tag?post=56761"}],"curies":[{"name":"wp","href":"https:\/\/api.w.org\/{rel}","templated":true}]}}