{"id":56226,"date":"2025-12-12T14:44:06","date_gmt":"2025-12-12T13:44:06","guid":{"rendered":"https:\/\/nospr.org.pl\/sklep\/produkt\/edyta-bartosiewicz-to-jest-moj-sen\/"},"modified":"2026-04-07T04:32:03","modified_gmt":"2026-04-07T02:32:03","slug":"edyta-bartosiewicz-to-jest-moj-sen","status":"publish","type":"product","link":"https:\/\/nospr.org.pl\/sklep\/produkt\/edyta-bartosiewicz-to-jest-moj-sen\/","title":{"rendered":"Edyta Bartosiewicz: To jest m\u00f3j sen"},"content":{"rendered":"<p><strong>Edyta Bartosiewicz powraca z kolejn\u0105 ods\u0142on\u0105 rewelacyjnie przyj\u0119tej trasy koncertowej &bdquo;To jest m&oacute;j sen&rdquo;! Wiosn\u0105 artystka zagra w Warszawie, Poznaniu, Katowicach i we Wroc\u0142awiu, a og\u0142oszenie tych wydarze\u0144 zbiega si\u0119 z premier\u0105 koncertowego albumu nagranego wsp&oacute;lnie z Sinfoni\u0105 Varsovi\u0105 w aran\u017cacjach i pod batut\u0105 Daniela Nosewicza. <\/strong><\/p>\n<p>Mijaj\u0105cy rok up\u0142yn\u0105\u0142 Edycie Bartosiewicz na kontynuacji celebrowania 30-lecia premiery prze\u0142omowego w jej karierze albumu <em>Sen<\/em>, jednej z najpopularniejszych i najwa\u017cniejszych polskich p\u0142yt lat 90-tych. Artystka wyst\u0105pi\u0142a z orkiestr\u0105 symfoniczn\u0105 w najpi\u0119kniejszych salach koncertowych w kraju, latem zagra\u0142a w amfiteatrach i na festiwalu Santander Letnie Brzmienia, co spotka\u0142o si\u0119 ze wspania\u0142ym przyj\u0119ciem festiwalowej publiczno\u015bci. Najwa\u017cniejszym jednak wydarzeniem mijaj\u0105cego roku by\u0142 bez w\u0105tpienia marcowy wyst\u0119p Edyty z orkiestr\u0105 Sinfonia Varsovia w Teatrze Wielkim &ndash; Operze Narodowej w Warszawie, kt&oacute;ry doczeka\u0142 si\u0119 rejestracji telewizyjnej oraz wydania na p\u0142ycie. 12 grudnia, w dniu cyfrowej i fizycznej premiery tego wyj\u0105tkowego wydawnictwa, zatytu\u0142owanego <em>To jest m&oacute;j sen<\/em>, Edyta Bartosiewicz og\u0142asza, \u017ce wiosn\u0105 wraca z kolejnymi koncertami w ramach trasy symfonicznej.<\/p>\n<p>&bdquo;Dzi\u015b oddaj\u0119 w Pa\u0144stwa r\u0119ce niezwyk\u0142\u0105 p\u0142yt\u0119 &ndash; projekt, o kt&oacute;rym nawet nie \u015bni\u0142am. To zapis koncertu z Sinfoni\u0105 Varsovi\u0105 pod batut\u0105 Daniela Nosewicza, kt&oacute;ry odby\u0142 si\u0119 11 marca 2025 roku w Teatrze Wielkim w Warszawie. Wydarzenie by\u0142o swoist\u0105 &raquo;wisienk\u0105 na torcie&laquo; jubileuszowej trasy symfonicznej z okazji 30-lecia albumu <em>Sen<\/em>. Wci\u0105\u017c nie mog\u0119 uwierzy\u0107, \u017ce dane mi by\u0142o wyst\u0105pi\u0107 na deskach Teatru Wielkiego z towarzyszeniem najlepszej orkiestry w kraju i zarazem jednej z najlepszych na \u015bwiecie&rdquo; &ndash; m&oacute;wi artystka.<\/p>\n<p>Podczas zaplanowanych na marzec, kwiecie\u0144 i maj koncert&oacute;w Bartosiewicz b\u0119dzie towarzyszy\u0142a Good Taste Orchestra, kt&oacute;r\u0105 zadyryguje Daniel Nosewicz. Cz\u0119\u015bci\u0105 tego fantastycznego projektu jest uznany gitarzysta Micha\u0142 Grymuza, autor grunge&#039;owych riff&oacute;w i szalonych sol&oacute;wek ze <em>Snu<\/em>.<\/p>\n<p><em>Sen<\/em> to drugi po <em>Love<\/em> solowy album Edyty Bartosiewicz. Pochodz\u0105ce z niego piosenki, takie jak <em>Kozioro\u017cec<\/em>, <em>Tatua\u017c<\/em>, <em>Urodziny<\/em> czy tytu\u0142owy <em>Sen<\/em>, na sta\u0142e wesz\u0142y do kanonu polskiej popkultury. W nagraniach wzi\u0119li udzia\u0142: Micha\u0142 Grymuza (gitara), Rados\u0142aw Zagajewski (bas), Krzysztof Palczewski (instr. klawiszowe) oraz Krzysztof Poli\u0144ski (b\u0119bny). D\u017awi\u0119k realizowa\u0142 Leszek Kami\u0144ski. P\u0142yta odnios\u0142a ogromny sukces, sprzeda\u0142a si\u0119 w nak\u0142adzie kilkuset tysi\u0119cy egzemplarzy i pokry\u0142a wielokrotn\u0105 platyn\u0105. Zosta\u0142a nagrodzona Fryderykiem za Najlepszy Album Rockowy podczas pierwszej edycji tych wyr&oacute;\u017cnie\u0144 w 1995 roku. W&oacute;wczas Edycie Bartosiewicz przyznano tak\u017ce tytu\u0142 Najlepszej Wokalistki.<\/p>\n<p><strong>Czas trwania koncertu<\/strong>: ok. 90&nbsp;minut&nbsp;<\/p>\n<p>Organizatorem koncertu jest Good Taste Production.<\/p>\n<p><strong>Wszystko, co musisz wiedzie\u0107 przed wizyt\u0105 w&nbsp;NOSPR&nbsp;&ndash;&nbsp;<\/strong><a href=\"https:\/\/nospr.org.pl\/pl\/aktualnosci\/wszystko-co-musisz-wiedziec-przed-wizyta-w-nospr\"><strong>wskaz&oacute;wki dla uczestnik&oacute;w wydarze\u0144.<\/strong><\/a><\/p>\n<p>Prosimy o&nbsp;zapoznanie&nbsp;si\u0119 z&nbsp;informacjami dotycz\u0105cymi parking&oacute;w w&nbsp;Strefie Kultury&nbsp;&ndash;<strong>&nbsp;<a href=\"https:\/\/nospr.org.pl\/pl\/aktualnosci\/wazne-informacje-o-parkingach\">wa\u017cne informacje o&nbsp;parkingach<\/a>.<\/strong><\/p>\n","protected":false},"excerpt":{"rendered":"<p>Edyta Bartosiewicz powraca z kolejn\u0105 ods\u0142on\u0105 rewelacyjnie przyj\u0119tej trasy koncertowej &bdquo;To jest m&oacute;j sen&rdquo;! Wiosn\u0105 artystka zagra w Warszawie, Poznaniu, Katowicach i we Wroc\u0142awiu, a og\u0142oszenie tych wydarze\u0144 zbiega si\u0119 z premier\u0105 koncertowego albumu nagranego wsp&oacute;lnie z Sinfoni\u0105 Varsovi\u0105 w aran\u017cacjach i pod batut\u0105 Daniela Nosewicza. Mijaj\u0105cy rok up\u0142yn\u0105\u0142 Edycie Bartosiewicz na kontynuacji celebrowania 30-lecia [&hellip;]<\/p>\n","protected":false},"featured_media":0,"template":"","meta":{"_acf_changed":false,"inline_featured_image":false},"product_brand":[],"product_cat":[2210],"product_tag":[],"class_list":{"0":"post-56226","1":"product","2":"type-product","3":"status-publish","5":"product_cat-cat_237","7":"first","8":"instock","9":"virtual","10":"purchasable","11":"product-type-simple"},"acf":[],"_links":{"self":[{"href":"https:\/\/nospr.org.pl\/sklep\/wp-json\/wp\/v2\/product\/56226","targetHints":{"allow":["GET"]}}],"collection":[{"href":"https:\/\/nospr.org.pl\/sklep\/wp-json\/wp\/v2\/product"}],"about":[{"href":"https:\/\/nospr.org.pl\/sklep\/wp-json\/wp\/v2\/types\/product"}],"wp:attachment":[{"href":"https:\/\/nospr.org.pl\/sklep\/wp-json\/wp\/v2\/media?parent=56226"}],"wp:term":[{"taxonomy":"product_brand","embeddable":true,"href":"https:\/\/nospr.org.pl\/sklep\/wp-json\/wp\/v2\/product_brand?post=56226"},{"taxonomy":"product_cat","embeddable":true,"href":"https:\/\/nospr.org.pl\/sklep\/wp-json\/wp\/v2\/product_cat?post=56226"},{"taxonomy":"product_tag","embeddable":true,"href":"https:\/\/nospr.org.pl\/sklep\/wp-json\/wp\/v2\/product_tag?post=56226"}],"curies":[{"name":"wp","href":"https:\/\/api.w.org\/{rel}","templated":true}]}}