{"id":55660,"date":"2025-12-08T14:26:05","date_gmt":"2025-12-08T13:26:05","guid":{"rendered":"https:\/\/nospr.org.pl\/sklep\/produkt\/grechuta-herbuta\/"},"modified":"2026-03-21T19:58:03","modified_gmt":"2026-03-21T18:58:03","slug":"grechuta-herbuta","status":"publish","type":"product","link":"https:\/\/nospr.org.pl\/sklep\/produkt\/grechuta-herbuta\/","title":{"rendered":"GRECHUTA HERBUTA"},"content":{"rendered":"<\/p>\n<p>Po bardzo dobrym przyj\u0119ciu projektu specjalnego przygotowanego na\u202ftegoroczne&nbsp;M\u0119skie Granie,\u202fIgor Herbut\u202fog\u0142asza tras\u0119 koncertow\u0105\u202f&bdquo;GRECHUTA HERBUTA&rdquo;\u202f&ndash;&nbsp;artystyczn\u0105 podr&oacute;\u017c \u015bladami Marka Grechuty, w kt&oacute;rej przesz\u0142o\u015b\u0107 spotyka si\u0119 z tera\u017aniejszo\u015bci\u0105, a poezja z\u202fnowym,&nbsp;emocjonalnym&nbsp;i pe\u0142nym szacunku&nbsp;brzmieniem.&nbsp;&nbsp;<\/p>\n<p>Igor Herbut&nbsp;&ndash;&nbsp;artysta, kt&oacute;ry s\u0142ucha sercem&nbsp;<\/p>\n<p>Igor Herbut, kompozytor i autor tekst&oacute;w, od lat uchodzi za jednego z najbardziej autentycznych i wra\u017cliwych g\u0142os&oacute;w&nbsp;na&nbsp;polskiej scenie&nbsp;muzycznej. Jego tw&oacute;rczo\u015b\u0107&nbsp;\u0142\u0105czy&nbsp;g\u0142\u0119boki&nbsp;liryzm, odwag\u0119&nbsp;wyra\u017cania emocji&nbsp;i artystyczny&nbsp;perfekcjonizm. Zar&oacute;wno w dzia\u0142alno\u015bci zespo\u0142owej, jak i solowej, Herbut nieustannie poszukuje nowych form wyrazu, balansuj\u0105c mi\u0119dzy delikatno\u015bci\u0105 a ekspresj\u0105, mi\u0119dzy tradycj\u0105 a nowoczesno\u015bci\u0105.&nbsp;&nbsp;<\/p>\n<p>Jego solowe projekty, w tym doceniony przez krytyk&oacute;w album\u202f&bdquo;Chrust&rdquo;,&nbsp;udowadniaj\u0105, \u017ce potrafi tworzy\u0107 muzyk\u0119, kt&oacute;ra nie tylko zachwyca brzmieniem, lecz tak\u017ce porusza i&nbsp;sk\u0142ania do&nbsp;refleksji. Artysta&nbsp;podkre\u015bla, \u017ce&nbsp;najwi\u0119ksz\u0105&nbsp;inspiracj\u0105&nbsp;s\u0105&nbsp;dla&nbsp;autentyczne emocje:&nbsp;&bdquo;W\u202fmuzyce najistotniejsze jest dla mnie, by by\u0107 szczerym. Nie szukam efektu, tylko spotkania&nbsp;&ndash;&nbsp;z sob\u0105 samym i z lud\u017ami&rdquo;.&nbsp;<\/p>\n<p>To podej\u015bcie,&nbsp;pe\u0142ne pokory i otwarto\u015bci,&nbsp;znajduje&nbsp;odzwierciedlenie&nbsp;w projekcie &bdquo;Grechuta Herbuta&rdquo;. Dla Igora to nie tylko reinterpretacja tw&oacute;rczo\u015bci wielkiego poety, ale te\u017c dialog z&nbsp;nim::&nbsp;&bdquo;Grechuta to dla mnie nie pomnik, tylko cz\u0142owiek. Chcia\u0142em podej\u015b\u0107 do jego piosenek szczerze, z szacunkiem dla orygina\u0142u,&nbsp;ale te\u017c, bez przesadnej reinterpretacji, doda\u0107 co\u015b od siebie&rdquo;.&nbsp;<\/p>\n<p>Podczas&nbsp;koncert&oacute;w&nbsp;us\u0142ysze\u0107 b\u0119dzie mo\u017cna ponadczasowe klasyki,&nbsp;m.in.\u202fDni, kt&oacute;rych nie znamy,\u202fKorow&oacute;d,&nbsp;\u015awiecie nasz&nbsp;czy&nbsp;Ocali\u0107 od zapomnienia&nbsp;w autorskich aran\u017cacjach&nbsp;Herbuta. Subtelne&nbsp;fortepianowe harmonie,&nbsp;brzmienie&nbsp;kwartetu smyczkowego i\u202fwykonawcza precyzja&nbsp;spotykaj\u0105 si\u0119&nbsp;tu&nbsp;z delikatnie&nbsp;unowocze\u015bnionymi&nbsp;\u015brodkami wyrazu&nbsp;oraz&nbsp;emocjonaln\u0105 interpretacj\u0105.&nbsp;<\/p>\n<p>Jak m&oacute;wi artysta, celem projektu jest nie tylko oddanie ho\u0142du Grechucie, ale&nbsp;te\u017c&nbsp;przypomnienie, jak aktualna i potrzebna jest&nbsp;dzi\u015b&nbsp;jego poezja:&nbsp;&bdquo;To muzyka, kt&oacute;ra uczy nas zatrzyma\u0107 si\u0119, zrozumie\u0107 i poczu\u0107 wi\u0119cej. Chcia\u0142bym, \u017ceby ludzie wyszli z tego koncertu z\u202fpoczuciem, \u017ce te piosenki nadal \u017cyj\u0105&nbsp;&ndash;&nbsp;w nas&rdquo;.&nbsp;<\/p>\n<p>Trasa rozpocznie si\u0119\u202fwiosn\u0105 2026 roku\u202fi obejmie najwi\u0119ksze miasta w Polsce. Ka\u017cdy koncert b\u0119dzie wyj\u0105tkowym spotkaniem z muzyk\u0105, s\u0142owem i emocj\u0105, kt&oacute;re \u0142\u0105cz\u0105 pokolenia.&nbsp;Bilety s\u0105 ju\u017c dost\u0119pne w sprzeda\u017cy&nbsp;w&nbsp;serwisie&nbsp;<a href=\"https:\/\/www.ebilet.pl\/muzyka\/pop\/igor-herbut\" rel=\"noreferrer noopener\" target=\"_blank\">eBilet.<\/a>&nbsp;<\/p>\n<p>Organizatorem trasy s\u0105 LAS Management oraz&nbsp;Ladidadi.&nbsp;&nbsp;<\/p>\n<p><strong>Czas trwania koncertu<\/strong>: ok. 110 minut<\/p>\n<p><strong>Wszystko, co musisz wiedzie\u0107 przed wizyt\u0105 w&nbsp;NOSPR&nbsp;&ndash;&nbsp;<\/strong><a href=\"https:\/\/nospr.org.pl\/pl\/aktualnosci\/wszystko-co-musisz-wiedziec-przed-wizyta-w-nospr\"><strong>wskaz&oacute;wki dla uczestnik&oacute;w wydarze\u0144<\/strong>.<\/a><\/p>\n<p>Prosimy o&nbsp;zapoznanie&nbsp;si\u0119 z&nbsp;informacjami dotycz\u0105cymi parking&oacute;w w&nbsp;Strefie Kultury&nbsp;&ndash;&nbsp;<strong><a href=\"https:\/\/nospr.org.pl\/pl\/aktualnosci\/wazne-informacje-o-parkingach\">wa\u017cne informacje o&nbsp;parkingach<\/a><\/strong><\/p>\n","protected":false},"excerpt":{"rendered":"<p>Po bardzo dobrym przyj\u0119ciu projektu specjalnego przygotowanego na\u202ftegoroczne&nbsp;M\u0119skie Granie,\u202fIgor Herbut\u202fog\u0142asza tras\u0119 koncertow\u0105\u202f&bdquo;GRECHUTA HERBUTA&rdquo;\u202f&ndash;&nbsp;artystyczn\u0105 podr&oacute;\u017c \u015bladami Marka Grechuty, w kt&oacute;rej przesz\u0142o\u015b\u0107 spotyka si\u0119 z tera\u017aniejszo\u015bci\u0105, a poezja z\u202fnowym,&nbsp;emocjonalnym&nbsp;i pe\u0142nym szacunku&nbsp;brzmieniem.&nbsp;&nbsp; Igor Herbut&nbsp;&ndash;&nbsp;artysta, kt&oacute;ry s\u0142ucha sercem&nbsp; Igor Herbut, kompozytor i autor tekst&oacute;w, od lat uchodzi za jednego z najbardziej autentycznych i wra\u017cliwych g\u0142os&oacute;w&nbsp;na&nbsp;polskiej scenie&nbsp;muzycznej. Jego tw&oacute;rczo\u015b\u0107&nbsp;\u0142\u0105czy&nbsp;g\u0142\u0119boki&nbsp;liryzm, odwag\u0119&nbsp;wyra\u017cania [&hellip;]<\/p>\n","protected":false},"featured_media":0,"template":"","meta":{"inline_featured_image":false},"product_brand":[],"product_cat":[2210],"product_tag":[],"class_list":{"0":"post-55660","1":"product","2":"type-product","3":"status-publish","5":"product_cat-cat_237","7":"first","8":"instock","9":"virtual","10":"purchasable","11":"product-type-simple"},"_links":{"self":[{"href":"https:\/\/nospr.org.pl\/sklep\/wp-json\/wp\/v2\/product\/55660","targetHints":{"allow":["GET"]}}],"collection":[{"href":"https:\/\/nospr.org.pl\/sklep\/wp-json\/wp\/v2\/product"}],"about":[{"href":"https:\/\/nospr.org.pl\/sklep\/wp-json\/wp\/v2\/types\/product"}],"wp:attachment":[{"href":"https:\/\/nospr.org.pl\/sklep\/wp-json\/wp\/v2\/media?parent=55660"}],"wp:term":[{"taxonomy":"product_brand","embeddable":true,"href":"https:\/\/nospr.org.pl\/sklep\/wp-json\/wp\/v2\/product_brand?post=55660"},{"taxonomy":"product_cat","embeddable":true,"href":"https:\/\/nospr.org.pl\/sklep\/wp-json\/wp\/v2\/product_cat?post=55660"},{"taxonomy":"product_tag","embeddable":true,"href":"https:\/\/nospr.org.pl\/sklep\/wp-json\/wp\/v2\/product_tag?post=55660"}],"curies":[{"name":"wp","href":"https:\/\/api.w.org\/{rel}","templated":true}]}}