{"id":53926,"date":"2025-11-25T09:52:05","date_gmt":"2025-11-25T08:52:05","guid":{"rendered":"https:\/\/nospr.org.pl\/sklep\/produkt\/marcin-kydrynski-prezentuje-siesta-w-drodze-pat-metheny-side\/"},"modified":"2026-04-05T20:06:06","modified_gmt":"2026-04-05T18:06:06","slug":"marcin-kydrynski-prezentuje-siesta-w-drodze-pat-metheny-side","status":"publish","type":"product","link":"https:\/\/nospr.org.pl\/sklep\/produkt\/marcin-kydrynski-prezentuje-siesta-w-drodze-pat-metheny-side\/","title":{"rendered":"Marcin Kydry\u0144ski prezentuje SIESTA w drodze: Pat Metheny SIDE EYE III+"},"content":{"rendered":"<p>Trasa Side-Eye III+ to kontynuacja autorskiego projektu Metheny&rsquo;ego, w kt&oacute;rym gitarzysta zaprasza do zespo\u0142u m\u0142odych, wybitnie utalentowanych muzyk&oacute;w, aby konfrontowa\u0107 sw&oacute;j dorobek z ich \u015bwie\u017c\u0105 energi\u0105 i nowymi perspektywami. Ten dynamiczny, \u017cywy format koncertowy to po\u0142\u0105czenie klasycznego stylu Metheny&rsquo;ego z energi\u0105 nowej generacji muzyk&oacute;w i \u015bwie\u017cym spojrzeniem na jego muzyczny \u015bwiat.<\/p>\n<p><span><span><span><span><span><span><span><span><span><span><span><span><span><span><span><strong>Marcin Kydry\u0144ski o wydarzeniu:<\/strong><\/span><\/span><\/span><\/span><\/span><\/span><\/span><\/span><\/span><\/span><\/span><\/span><\/span><\/span><\/span><\/p>\n<p><span><span><span><span><span><span><span><span><span><span><span><span><span><span><span><em>&bdquo;<\/em>Kiedy ju\u017c si\u0119 wydawa\u0142o, \u017ce sezon 2026 nie mo\u017ce mie\u0107 dla nas wi\u0119cej niespodzianek&hellip;<\/span><\/span><\/span><\/span><\/span><\/span><\/span><\/span><\/span><\/span><\/span><\/span><\/span><\/span><\/span><\/p>\n<p><span><span><span><span><span><span><span><span><span><span><span><span><span><span><span>Pojawia si\u0119 on.<\/span><\/span><\/span><\/span><\/span><\/span><\/span><\/span><\/span><\/span><\/span><\/span><\/span><\/span><\/span><\/p>\n<p><span><span><span><span><span><span><span><span><span><span><span><span><span><span><span>Mag, wizjoner, odkrywca.&nbsp;Wieczny w\u0119drowiec w nieobj\u0119tej krainie muzyki.<strong>&nbsp;<\/strong>Mistrz, m\u0119drzec, mentor. Dwudziestokrotny laureat nagrody Grammy. Nieodmiennie wielbiony od p&oacute;\u0142 wieku, cho\u0107 &ndash; a mo\u017ce w\u0142a\u015bnie dlatego, \u017ce wci\u0105\u017c stawia przed swoimi wyznawcami kolejne wyzwania. Prowadzi w rejony, kt&oacute;rych nie potrafili\u015bmy sobie nawet wyobrazi\u0107.<\/span><\/span><\/span><\/span><\/span><\/span><\/span><\/span><\/span><\/span><\/span><\/span><\/span><\/span><\/span><\/p>\n<p><span><span><span><span><span><span><span><span><span><span><span><span><span><span><span>Pat Metheny wraca do Polski.&nbsp;<\/span><\/span><\/span><\/span><\/span><\/span><\/span><\/span><\/span><\/span><\/span><\/span><\/span><\/span><\/span><\/p>\n<p><span><span><span><span><span><span><span><span><span><span><span><span><span><span><span>Siesta w Drodze z rado\u015bci\u0105 i dum\u0105 jako pierwsza og\u0142asza nowy projekt artysty. Side Eye III.&nbsp;W styczniu premiera p\u0142yty. W czerwcu koncerty.<\/span><\/span><\/span><\/span><\/span><\/span><\/span><\/span><\/span><\/span><\/span><\/span><\/span><\/span><\/span><\/p>\n<p><span><span><span><span><span><span><span><span><span><span><span><span><span><span><span>To zaszczyt i szcz\u0119\u015bcie, \u017ce po raz kolejny mo\u017cemy wsp&oacute;\u0142pracowa\u0107 z geniuszem, kt&oacute;ry dla wielu z nas, w siestowej spo\u0142eczno\u015bci, pozostaje najwa\u017cniejszym drogowskazem.<\/span><\/span><\/span><\/span><\/span><\/span><\/span><\/span><\/span><\/span><\/span><\/span><\/span><\/span><\/span><\/p>\n<p><span><span><span><span><span><span><span><span><span><span><span><span><span><span><span>Z serca zapraszam na te spotkania. Jestem pewien, bo tak jest za ka\u017cdym razem ilekro\u0107 si\u0119 widzimy,&nbsp;te wieczory wzbogac\u0105 i odmieni\u0105 nasze \u017cycie&rdquo;.<\/span><\/span><\/span><\/span><\/span><\/span><\/span><\/span><\/span><\/span><\/span><\/span><\/span><\/span><\/span><\/p>\n<p>&nbsp;<\/p>\n<p><span><span><span><span><span><span><span><span><span><span><span><span><span><span><span><strong>Pat Metheny<\/strong><\/span><\/span><\/span><\/span><\/span><\/span><\/span><\/span><\/span><\/span><\/span><\/span><\/span><\/span><\/span><\/p>\n<p><span><span><span><span><span><span><span><span><span><span><span><span><span><span><span>Pat Metheny, urodzony w muzycznej rodzinie, zaczyna\u0142 od gry na tr\u0105bce, ale w wieku 12 lat wybra\u0142 gitar\u0119. Ju\u017c jako nastolatek wyst\u0119powa\u0142 z najlepszymi jazzmanami w Kansas City. Na \u015bwiatow\u0105 scen\u0119 jazzow\u0105 wkroczy\u0142 w 1974 roku, a wsp&oacute;\u0142pracuj\u0105c z Garym Burtonem, szybko wypracowa\u0142 sw&oacute;j charakterystyczny styl &ndash; nowoczesny, ale mocno osadzony w tradycji jazzu.<\/span><\/span><\/span><\/span><\/span><\/span><\/span><\/span><\/span><\/span><\/span><\/span><\/span><\/span><\/span><\/p>\n<p><span><span><span><span><span><span><span><span><span><span><span><span><span><span><span>Jego debiutancki album&nbsp;Bright Size Life&nbsp;(1975) odnowi\u0142 brzmienie gitary jazzowej dla kolejnych pokole\u0144. Przez lata kariery Metheny stale poszerza granice gatunku, eksperymentuj\u0105c z now\u0105 technologi\u0105 i d\u0105\u017c\u0105c do rozwijania mo\u017cliwo\u015bci swojego instrumentu. Wsp&oacute;\u0142pracowa\u0142 z wieloma wybitnymi artystami, m.in. Stevem Reichem, Herbiem Hancockiem i Davidem Bowiem, a jego tw&oacute;rczo\u015b\u0107 obejmuje utwory na zespo\u0142y r&oacute;\u017cnej wielko\u015bci, orkiestry, balet oraz projekt Orchestrion.<\/span><\/span><\/span><\/span><\/span><\/span><\/span><\/span><\/span><\/span><\/span><\/span><\/span><\/span><\/span><\/p>\n<p><span><span><span><span><span><span><span><span><span><span><span><span><span><span><span>Metheny jest r&oacute;wnie\u017c cenionym pedagogiem &mdash; wyk\u0142ada\u0142 m.in. na University of Miami i Berklee College of Music, gdzie p&oacute;\u017aniej otrzyma\u0142 honorowy doktorat.<\/span><\/span><\/span><\/span><\/span><\/span><\/span><\/span><\/span><\/span><\/span><\/span><\/span><\/span><\/span><\/p>\n<p><span><span><span><span><span><span><span><span><span><span><span><span><span><span><span>Jest pionierem w u\u017cyciu syntezator&oacute;w w jazzie i wsp&oacute;\u0142tworzy\u0142 nowe typy gitar, w tym 42-strunow\u0105 gitar\u0119 Pikasso.<\/span><\/span><\/span><\/span><\/span><\/span><\/span><\/span><\/span><\/span><\/span><\/span><\/span><\/span><\/span><\/p>\n<p><span><span><span><span><span><span><span><span><span><span><span><span><span><span><span>Artysta zdoby\u0142&nbsp;20 nagr&oacute;d Grammy&nbsp;w wielu r&oacute;\u017cnych kategoriach oraz trzy Z\u0142ote P\u0142yty. W 2015 roku do\u0142\u0105czy\u0142 do&nbsp;DownBeat Hall of Fame, a w 2018 otrzyma\u0142 tytu\u0142&nbsp;NEA Jazz Master&nbsp;&mdash; najwy\u017csze wyr&oacute;\u017cnienie w jazzie. Jest intensywnie koncertuj\u0105cym pianist\u0105, zdarza mu si\u0119 wykonywa\u0107 ponad 100 koncert&oacute;w rocznie. Wci\u0105\u017c pozostaje jedn\u0105 z najwa\u017cniejszych postaci \u015bwiatowego jazzu.<\/span><\/span><\/span><\/span><\/span><\/span><\/span><\/span><\/span><\/span><\/span><\/span><\/span><\/span><\/span><\/p>\n<p>&nbsp;<\/p>\n<p><span><span><span><span><span><span><span><span><span><span><span><span><span><span><span><strong>SIESTA w drodze<\/strong><\/span><\/span><\/span><\/span><\/span><\/span><\/span><\/span><\/span><\/span><\/span><\/span><\/span><\/span><\/span><\/p>\n<p><span><span><span><span><span><span><span><span><span><span><span><span><span><span><span>Za\u0142o\u017ceniem SIESTY w drodze jest prezentacja na \u017cywo artyst&oacute;w znanych z niedzielnych audycji Pora Siesty Marcina Kydry\u0144skiego oraz z bestsellerowych kompilacji Siesta. Prowadz\u0105cym i dyrektorem artystycznym SIESTY w drodze jest Marcin Kydry\u0144ski, radiowiec, autor i kompozytor tekst&oacute;w, producent p\u0142yt i fotograf oraz wsp&oacute;\u0142organizator Siesta Festival w Gda\u0144sku.&nbsp;<span>\u200b\u200b<\/span>Producentem SIESTY w drodze jest od przesz\u0142o 10 lat jest 4Music Booking &amp; Management.<\/span><\/span><\/span><\/span><\/span><\/span><\/span><\/span><\/span><\/span><\/span><\/span><\/span><\/span><\/span><\/p>\n<p><span><span><span><span><span><span><span><span><span><span><span><span><span><span><span>W Sies\u0301cie przenikanie si\u0119 kultur, zacieranie granic przy jednoczesnym szacunku dla tradycji region&oacute;w, pojednanie ponad historycznymi podzia\u0142ami, to &ndash; obok samej materii muzyki &ndash; najcenniejsze warto\u015bci.<\/span><\/span><\/span><\/span><\/span><\/span><\/span><\/span><\/span><\/span><\/span><\/span><\/span><\/span><\/span><\/p>\n<p><img decoding=\"async\" src=\"\/serdelia\/public\/ckeditor\/plugins\/uho_video\/icons\/uho_video.png\" \/><\/p>\n<hr \/>\n<p><strong>Czas trwania koncertu<\/strong>: ok.&nbsp;120&nbsp;minut<br \/>\nCzas trwania mo\u017ce ulec zmianie.&nbsp;<\/p>\n<p>Organizatorem koncertu jest&nbsp;<a href=\"https:\/\/4music.com.pl\">4Music Management &amp; Booking<\/a>.<\/p>\n<p><strong>Wszystko, co musisz wiedzie\u0107 przed wizyt\u0105 w&nbsp;NOSPR&nbsp;&ndash;&nbsp;<\/strong><a href=\"https:\/\/nospr.org.pl\/pl\/aktualnosci\/wszystko-co-musisz-wiedziec-przed-wizyta-w-nospr\"><strong>wskaz&oacute;wki dla uczestnik&oacute;w wydarze\u0144<\/strong>.<\/a><\/p>\n<p>Prosimy o&nbsp;zapoznanie&nbsp;si\u0119 z&nbsp;informacjami dotycz\u0105cymi parking&oacute;w w&nbsp;Strefie Kultury&nbsp;&ndash;&nbsp;<strong><a href=\"https:\/\/nospr.org.pl\/pl\/aktualnosci\/wazne-informacje-o-parkingach\">wa\u017cne informacje o&nbsp;parkingach<\/a><\/strong><\/p>\n","protected":false},"excerpt":{"rendered":"<p>Trasa Side-Eye III+ to kontynuacja autorskiego projektu Metheny&rsquo;ego, w kt&oacute;rym gitarzysta zaprasza do zespo\u0142u m\u0142odych, wybitnie utalentowanych muzyk&oacute;w, aby konfrontowa\u0107 sw&oacute;j dorobek z ich \u015bwie\u017c\u0105 energi\u0105 i nowymi perspektywami. Ten dynamiczny, \u017cywy format koncertowy to po\u0142\u0105czenie klasycznego stylu Metheny&rsquo;ego z energi\u0105 nowej generacji muzyk&oacute;w i \u015bwie\u017cym spojrzeniem na jego muzyczny \u015bwiat. Marcin Kydry\u0144ski o wydarzeniu: [&hellip;]<\/p>\n","protected":false},"featured_media":0,"template":"","meta":{"_acf_changed":false,"inline_featured_image":false},"product_brand":[],"product_cat":[2210],"product_tag":[],"class_list":{"0":"post-53926","1":"product","2":"type-product","3":"status-publish","5":"product_cat-cat_237","7":"first","8":"instock","9":"virtual","10":"purchasable","11":"product-type-simple"},"acf":[],"_links":{"self":[{"href":"https:\/\/nospr.org.pl\/sklep\/wp-json\/wp\/v2\/product\/53926","targetHints":{"allow":["GET"]}}],"collection":[{"href":"https:\/\/nospr.org.pl\/sklep\/wp-json\/wp\/v2\/product"}],"about":[{"href":"https:\/\/nospr.org.pl\/sklep\/wp-json\/wp\/v2\/types\/product"}],"wp:attachment":[{"href":"https:\/\/nospr.org.pl\/sklep\/wp-json\/wp\/v2\/media?parent=53926"}],"wp:term":[{"taxonomy":"product_brand","embeddable":true,"href":"https:\/\/nospr.org.pl\/sklep\/wp-json\/wp\/v2\/product_brand?post=53926"},{"taxonomy":"product_cat","embeddable":true,"href":"https:\/\/nospr.org.pl\/sklep\/wp-json\/wp\/v2\/product_cat?post=53926"},{"taxonomy":"product_tag","embeddable":true,"href":"https:\/\/nospr.org.pl\/sklep\/wp-json\/wp\/v2\/product_tag?post=53926"}],"curies":[{"name":"wp","href":"https:\/\/api.w.org\/{rel}","templated":true}]}}