{"id":52737,"date":"2025-11-19T11:54:09","date_gmt":"2025-11-19T10:54:09","guid":{"rendered":"https:\/\/nospr.org.pl\/sklep\/produkt\/koncert-koledowy-5\/"},"modified":"2025-12-28T16:54:04","modified_gmt":"2025-12-28T15:54:04","slug":"koncert-koledowy-5","status":"publish","type":"product","link":"https:\/\/nospr.org.pl\/sklep\/produkt\/koncert-koledowy-5\/","title":{"rendered":"Drugi koncert kol\u0119dowy"},"content":{"rendered":"<p>Zapraszamy na koncert kol\u0119dowy w wykonaniu Zespo\u0142u \u015apiewak&oacute;w Miasta Katowice &bdquo;Camerata Silesia&rdquo; pod batut\u0105 Anny Szostak. To arty\u015bci, kt&oacute;rzy potrafi\u0105 z najbardziej znanych melodii wydoby\u0107 \u015bwie\u017co\u015b\u0107 i emocje pozostaj\u0105ce w pami\u0119ci jeszcze d\u0142ugo po ostatnim akordzie. Najpi\u0119kniejsze polskie kol\u0119dy zabrzmi\u0105 w nowych aran\u017cacjach Mateusza Walacha. Szlachetne brzmienie ch&oacute;ru spotka si\u0119 z ciep\u0142em kwartetu smyczkowego, w kt&oacute;rego sk\u0142adzie us\u0142yszymy muzyk&oacute;w NOSPR, i energi\u0105 jazzowej sekcji rytmicznej. Pos\u0142uchamy kompozycji, kt&oacute;re wszyscy znamy i lubimy &ndash; mamy nadziej\u0119, \u017ce zanucicie razem z nami ulubione kol\u0119dy!<\/p>\n<p><strong>Julia Broniowska \/ NOSPR<\/strong><\/p>\n<p>Informujemy, \u017ce podczas koncertu odbywa\u0107 si\u0119 b\u0119dzie zbi&oacute;rka prowadzona przez Fundacj\u0119 Pomoc Malta\u0144ska &#8211; Malta\u0144sk\u0105 S\u0142u\u017cb\u0119 Medyczn\u0105. Zebrane \u015brodki zostan\u0105 przeznaczone na pokrycie koszt&oacute;w opieki nad pacjentami, w tym dzie\u0107mi w Szpitalu Malta\u0144skim w Betlejem, wsparcie dzieci i m\u0142odzie\u017cy oraz os&oacute;b z niepe\u0142nosprawno\u015bci\u0105. Odpowiednio oznakowani wolontariusze Fundacji b\u0119d\u0105 zbiera\u0107 dobrowolne datki na dzia\u0142alno\u015b\u0107 charytatywn\u0105 w wyznaczonym miejscu. Przewidziane jest r&oacute;wnie\u017c stoisko z rzeczami przygotowanymi przez podopiecznych i wolontariuszy. Serdecznie zapraszamy do odwiedzenia stoiska przed i po koncercie.<\/p>\n<p><strong>Czas trwania koncertu:<\/strong>&nbsp;ok. 90 minut<\/p>\n<p><strong>Wszystko, co musisz wiedzie\u0107 przed wizyt\u0105 w NOSPR &ndash;<\/strong> <a href=\"https:\/\/nospr.org.pl\/pl\/aktualnosci\/wszystko-co-musisz-wiedziec-przed-wizyta-w-nospr\">wskaz&oacute;wki dla uczestnik&oacute;w wydarze\u0144<\/a>.&nbsp;<\/p>\n<p>Prosimy o zapoznanie si\u0119 z informacjami dotycz\u0105cymi parking&oacute;w w Strefie Kultury &ndash; <a href=\"https:\/\/nospr.org.pl\/pl\/aktualnosci\/wazne-informacje-o-parkingach\">wa\u017cne informacje o parkingach<\/a><\/p>\n","protected":false},"excerpt":{"rendered":"<p>Zapraszamy na koncert kol\u0119dowy w wykonaniu Zespo\u0142u \u015apiewak&oacute;w Miasta Katowice &bdquo;Camerata Silesia&rdquo; pod batut\u0105 Anny Szostak. To arty\u015bci, kt&oacute;rzy potrafi\u0105 z najbardziej znanych melodii wydoby\u0107 \u015bwie\u017co\u015b\u0107 i emocje pozostaj\u0105ce w pami\u0119ci jeszcze d\u0142ugo po ostatnim akordzie. Najpi\u0119kniejsze polskie kol\u0119dy zabrzmi\u0105 w nowych aran\u017cacjach Mateusza Walacha. Szlachetne brzmienie ch&oacute;ru spotka si\u0119 z ciep\u0142em kwartetu smyczkowego, w [&hellip;]<\/p>\n","protected":false},"featured_media":0,"template":"","meta":{"_acf_changed":false,"inline_featured_image":false},"product_brand":[],"product_cat":[2211],"product_tag":[],"class_list":{"0":"post-52737","1":"product","2":"type-product","3":"status-publish","5":"product_cat-cat_247","7":"first","8":"instock","9":"virtual","10":"purchasable","11":"product-type-simple"},"acf":[],"_links":{"self":[{"href":"https:\/\/nospr.org.pl\/sklep\/wp-json\/wp\/v2\/product\/52737","targetHints":{"allow":["GET"]}}],"collection":[{"href":"https:\/\/nospr.org.pl\/sklep\/wp-json\/wp\/v2\/product"}],"about":[{"href":"https:\/\/nospr.org.pl\/sklep\/wp-json\/wp\/v2\/types\/product"}],"wp:attachment":[{"href":"https:\/\/nospr.org.pl\/sklep\/wp-json\/wp\/v2\/media?parent=52737"}],"wp:term":[{"taxonomy":"product_brand","embeddable":true,"href":"https:\/\/nospr.org.pl\/sklep\/wp-json\/wp\/v2\/product_brand?post=52737"},{"taxonomy":"product_cat","embeddable":true,"href":"https:\/\/nospr.org.pl\/sklep\/wp-json\/wp\/v2\/product_cat?post=52737"},{"taxonomy":"product_tag","embeddable":true,"href":"https:\/\/nospr.org.pl\/sklep\/wp-json\/wp\/v2\/product_tag?post=52737"}],"curies":[{"name":"wp","href":"https:\/\/api.w.org\/{rel}","templated":true}]}}