{"id":49050,"date":"2025-10-28T11:47:10","date_gmt":"2025-10-28T10:47:10","guid":{"rendered":"https:\/\/nospr.org.pl\/sklep\/produkt\/jazz-one-night-prezentuje-brad-mehldau-i-christian-mcbride\/"},"modified":"2026-03-29T18:28:03","modified_gmt":"2026-03-29T16:28:03","slug":"jazz-one-night-prezentuje-brad-mehldau-i-christian-mcbride","status":"publish","type":"product","link":"https:\/\/nospr.org.pl\/sklep\/produkt\/jazz-one-night-prezentuje-brad-mehldau-i-christian-mcbride\/","title":{"rendered":"JAZZ ONE NIGHT PREZENTUJE: BRAD MEHLDAU I CHRISTIAN MCBRIDE"},"content":{"rendered":"<\/p>\n<p><strong>Jedno z najwa\u017cniejszych wydarze\u0144 jazzowych w Polsce w 2026 roku!<\/strong><\/p>\n<p><strong>Dwie legendy wsp&oacute;\u0142czesnego jazzu wyst\u0105pi\u0105 razem na jedynym koncercie w NOSPR! To niepowtarzalna okazja by zobaczy\u0107 i us\u0142ysze\u0107 na \u017cywo tych uznanych za jednych z najwybitniejszych muzyk&oacute;w jazzowych w niecodziennej formule duetu.<\/strong><\/p>\n<p>&nbsp;<\/p>\n<p>BRAD MEHLDAU<\/p>\n<p>Jeden z najbardziej lirycznych i intymnych g\u0142os&oacute;w wsp&oacute;\u0142czesnego jazzu fortepianowego, wytyczy\u0142 wyj\u0105tkow\u0105 \u015bcie\u017ck\u0119, kt&oacute;ra uciele\u015bnia istot\u0119 jazzowej eksploracji, romantyzmu klasycznego i uroku muzyki pop.<\/p>\n<p>Od uznania krytyk&oacute;w jako lider zespo\u0142u, po mi\u0119dzynarodow\u0105 s\u0142aw\u0119 dzi\u0119ki wsp&oacute;\u0142pracy z Patem Methenym, Ren&eacute;e Fleming i Joshu\u0105 Redmanem, Mehldau nieustannie zdobywa liczne nagrody oraz podziw zar&oacute;wno w\u015br&oacute;d puryst&oacute;w jazzowych, jak i mi\u0142o\u015bnik&oacute;w szeroko poj\u0119tej muzyki rozrywkowej.<\/p>\n<p>Jego poszukiwania sposob&oacute;w \u0142\u0105czenia r&oacute;\u017cnych idiom&oacute;w muzycznych &mdash; zar&oacute;wno w formacie tria, jak i solo &mdash; zaowocowa\u0142y znakomitymi reinterpretacjami utwor&oacute;w wsp&oacute;\u0142czesnych tw&oacute;rc&oacute;w, takich jak The Beatles, Cole Porter, Radiohead, Paul Simon, Gershwin czy Nick Drake, a tak\u017ce ci\u0105gle rozwijaj\u0105cym si\u0119, imponuj\u0105cym katalogiem w\u0142asnych kompozycji.<\/p>\n<p>Dzi\u0119ki swojemu przywi\u0105zaniu do muzyki popularnej i klasycznemu wykszta\u0142ceniu &bdquo;Mehldau jest najbardziej wp\u0142ywowym pianist\u0105 jazzowym ostatnich 20 lat.&rdquo; (The New York Times)<\/p>\n<p>&nbsp;<\/p>\n<p>CHRISTIAN MCBRIDE<\/p>\n<p>Dziewi\u0119ciokrotny zdobywca nagrody GRAMMY, basista, kompozytor i lider zespo\u0142u. Jest dyrektorem artystycznym historycznego Newport Jazz Festival, New Jersey Performing Arts Center (NJPAC), TD James Moody Jazz Festival oraz National Jazz Museum w Harlemie. McBride jest r&oacute;wnie\u017c cenionym pedagogiem i or\u0119downikiem M\u0142odzie\u017cy &mdash; pe\u0142ni funkcj\u0119 dyrektora artystycznego Jazz House KiDS oraz Jazz Aspen Snowmass Summer Sessions.<\/p>\n<p>Opr&oacute;cz pracy jako dyrektor artystyczny i regularnego koncertowania ze swoimi zespo\u0142ami, prowadzi audycje NPR &bdquo;Jazz Night in America&rdquo; oraz &bdquo;The Lowdown: Conversations With Christian&rdquo; w SiriusXM.<\/p>\n<p>Niezale\u017cnie od roli, Christian McBride zawsze jest cz\u0119\u015bci\u0105 muzyki. Od jazzu po R&amp;B, od popu\/rocka i hip-hopu\/neo-soulu po muzyk\u0119 klasyczn\u0105 &mdash; jest osobowo\u015bci\u0105 muzyczn\u0105, kt&oacute;ra jedn\u0105 r\u0119k\u0105 si\u0119ga po nowe wyzwania, a drug\u0105 wyci\u0105ga ku wsp&oacute;lnocie &mdash; zapraszaj\u0105c nas do przy\u0142\u0105czenia si\u0119 do niego.<\/p>\n<p>Duet Mehldau \/ McBride w NOSPR to gwarancja niezwyk\u0142ego do\u015bwiadczenia muzycznego, pe\u0142nego maestrii, emocji i niezwyk\u0142ej energii bij\u0105cej ze sceny. Obaj muzycy grali ze sob\u0105 wielokrotnie dlatego ka\u017cdy ich wsp&oacute;lny wyst\u0119p jest popisem fenomenalnego wr\u0119cz porozumienia w przestrzeni d\u017awi\u0119kowej. Marcowy koncert w NOSPR b\u0119dzie z pewno\u015bci\u0105 magicznym prze\u017cyciem dla wszystkich mi\u0142o\u015bnik&oacute;w muzyki.<\/p>\n<p data-delay=\"0\" data-scroll=\"fadeUp\"><strong>Czas trwania koncertu<\/strong>: ok. 90 minut<\/p>\n<p data-delay=\"0\" data-scroll=\"fadeUp\"><img decoding=\"async\" src=\"\/serdelia\/public\/ckeditor\/plugins\/uho_video\/icons\/uho_video.png\" \/><\/p>\n<p data-delay=\"0\" data-scroll=\"fadeUp\"><img decoding=\"async\" src=\"\/serdelia\/public\/ckeditor\/plugins\/uho_video\/icons\/uho_video.png\" \/><\/p>\n<p data-delay=\"0\" data-scroll=\"fadeUp\"><strong>Wszystko, co musisz wiedzie\u0107 przed wizyt\u0105 w&nbsp;NOSPR&nbsp;&ndash;&nbsp;<\/strong><strong><a data-saferedirecturl=\"https:\/\/www.google.com\/url?q=https:\/\/nospr.org.pl\/pl\/aktualnosci\/wszystko-co-musisz-wiedziec-przed-wizyta-w-nospr&amp;source=gmail&amp;ust=1723197131387000&amp;usg=AOvVaw0kMCs8oxFkm9XaUCfC6DH5\" href=\"https:\/\/nospr.org.pl\/pl\/aktualnosci\/wszystko-co-musisz-wiedziec-przed-wizyta-w-nospr\" id=\"m_1070481786903339264OWAe5e18766-eadf-e987-1d68-0e1e53dd4c36\" rel=\"noopener noreferrer\" target=\"_blank\">wskaz&oacute;wki dla uczestnik&oacute;w wydarze\u0144<\/a><\/strong><strong>.<\/strong><\/p>\n<p data-delay=\"0\" data-scroll=\"fadeUp\">Prosimy o&nbsp;zapoznanie&nbsp;si\u0119 z&nbsp;informacjami dotycz\u0105cymi parking&oacute;w w&nbsp;Strefie Kultury &ndash;<strong>&nbsp;<a data-saferedirecturl=\"https:\/\/www.google.com\/url?q=https:\/\/nospr.org.pl\/pl\/aktualnosci\/wazne-informacje-o-parkingach&amp;source=gmail&amp;ust=1723197131387000&amp;usg=AOvVaw1yPiY3uULhY_GTIGE_VJSo\" href=\"https:\/\/nospr.org.pl\/pl\/aktualnosci\/wazne-informacje-o-parkingach\" id=\"m_1070481786903339264OWA583604c9-0f4f-ad5b-11a4-dd99db6c3bd6\" rel=\"noopener noreferrer\" target=\"_blank\">wa\u017cne informacje o&nbsp;parkingach<\/a><\/strong><\/p>\n","protected":false},"excerpt":{"rendered":"<p>Jedno z najwa\u017cniejszych wydarze\u0144 jazzowych w Polsce w 2026 roku! Dwie legendy wsp&oacute;\u0142czesnego jazzu wyst\u0105pi\u0105 razem na jedynym koncercie w NOSPR! To niepowtarzalna okazja by zobaczy\u0107 i us\u0142ysze\u0107 na \u017cywo tych uznanych za jednych z najwybitniejszych muzyk&oacute;w jazzowych w niecodziennej formule duetu. &nbsp; BRAD MEHLDAU Jeden z najbardziej lirycznych i intymnych g\u0142os&oacute;w wsp&oacute;\u0142czesnego jazzu fortepianowego, [&hellip;]<\/p>\n","protected":false},"featured_media":0,"template":"","meta":{"_acf_changed":false,"inline_featured_image":false},"product_brand":[],"product_cat":[2210],"product_tag":[],"class_list":{"0":"post-49050","1":"product","2":"type-product","3":"status-publish","5":"product_cat-cat_237","7":"first","8":"instock","9":"virtual","10":"purchasable","11":"product-type-simple"},"acf":[],"_links":{"self":[{"href":"https:\/\/nospr.org.pl\/sklep\/wp-json\/wp\/v2\/product\/49050","targetHints":{"allow":["GET"]}}],"collection":[{"href":"https:\/\/nospr.org.pl\/sklep\/wp-json\/wp\/v2\/product"}],"about":[{"href":"https:\/\/nospr.org.pl\/sklep\/wp-json\/wp\/v2\/types\/product"}],"wp:attachment":[{"href":"https:\/\/nospr.org.pl\/sklep\/wp-json\/wp\/v2\/media?parent=49050"}],"wp:term":[{"taxonomy":"product_brand","embeddable":true,"href":"https:\/\/nospr.org.pl\/sklep\/wp-json\/wp\/v2\/product_brand?post=49050"},{"taxonomy":"product_cat","embeddable":true,"href":"https:\/\/nospr.org.pl\/sklep\/wp-json\/wp\/v2\/product_cat?post=49050"},{"taxonomy":"product_tag","embeddable":true,"href":"https:\/\/nospr.org.pl\/sklep\/wp-json\/wp\/v2\/product_tag?post=49050"}],"curies":[{"name":"wp","href":"https:\/\/api.w.org\/{rel}","templated":true}]}}