{"id":46870,"date":"2025-10-15T11:10:13","date_gmt":"2025-10-15T09:10:13","guid":{"rendered":"https:\/\/nospr.org.pl\/sklep\/produkt\/max-richter-in-a-landscape-and-blue-notesbooks\/"},"modified":"2026-03-05T19:58:04","modified_gmt":"2026-03-05T18:58:04","slug":"max-richter-in-a-landscape-and-blue-notebooks","status":"publish","type":"product","link":"https:\/\/nospr.org.pl\/sklep\/produkt\/max-richter-in-a-landscape-and-blue-notebooks\/","title":{"rendered":"MAX RICHTER &#8211; \u2018IN A LANDSCAPE\u2019 &amp; \u2018BLUE NOTEBOOKS\u2019"},"content":{"rendered":"<p><strong>Max Richter &ndash; jeden z najbardziej wp\u0142ywowych wsp&oacute;\u0142czesnych kompozytor&oacute;w wyst\u0105pi w NOSPR w Katowicach. <\/strong><\/p>\n<p>W ubieg\u0142ym tygodniu Max Richter og\u0142osi\u0142 premier\u0119 swojej \u015bcie\u017cki d\u017awi\u0119kowej do nadchodz\u0105cego, wysoko ocenianego filmu <em>Hamnet <\/em>w re\u017cyserii Chlo&eacute; Zhao. Album, wydany przez Decca Records, b\u0119dzie dost\u0119pny cyfrowo od 21 listopada 2025 roku, a w formie winylowej od 9 stycznia 2026 roku. Og\u0142oszenie europejskiej trasy koncertowej nast\u0119puje zaledwie miesi\u0105c po dziesi\u0105tej rocznicy jego prze\u0142omowego projektu <em>SLEEP<\/em>, kt&oacute;ry we wrze\u015bniu zosta\u0142 uczczony najwi\u0119kszymi dot\u0105d koncertami w londy\u0144skim Alexandra Palace oraz premier\u0105 nowego albumu <em>Sleep Circle <\/em>&ndash; hipnotycznej, 90-minutowej podr&oacute;\u017cy przez stan mi\u0119dzy jaw\u0105 a snem.<\/p>\n<p>Uznawany za jednego z najbardziej wp\u0142ywowych i cenionych kompozytor&oacute;w swojego pokolenia, Max Richter znany jest ze swojej zdolno\u015bci do \u0142\u0105czenia tradycyjnych orkiestracji z nowoczesnymi elementami elektronicznymi. Jego niezwyk\u0142a umiej\u0119tno\u015b\u0107 przek\u0142adania g\u0142\u0119bokich ludzkich do\u015bwiadcze\u0144 na j\u0119zyk muzyki przynios\u0142a mu oddan\u0105 publiczno\u015b\u0107 na ca\u0142ym \u015bwiecie, a jego katalog p\u0142ytowy zgromadzi\u0142 ju\u017c ponad trzy miliardy stream&oacute;w.<strong> <\/strong><\/p>\n<p>Poza dzia\u0142alno\u015bci\u0105 solow\u0105 Richter regularnie wsp&oacute;\u0142pracuje z wybitnymi tw&oacute;rcami i wizjonerami z r&oacute;\u017cnych dziedzin sztuki. Komponowa\u0142 muzyk\u0119 do pokaz&oacute;w Diora dla Kima Jonesa, tworzy\u0142 muzyk\u0119 do balet&oacute;w z choreografi\u0105 Wayne&rsquo;a McGregora, a tak\u017ce wnosi\u0142 sw&oacute;j wk\u0142ad w \u015bwiat filmu i telewizji, wsp&oacute;\u0142pracuj\u0105c z re\u017cyserami takimi jak Denis Villeneuve, Martin Scorsese czy Ari Folman. Jego artystyczna wszechstronno\u015b\u0107 nie zna granic.<\/p>\n<p>Richter jest wsp&oacute;\u0142za\u0142o\u017cycielem Studio Richter Mahr, kt&oacute;re prowadzi wsp&oacute;lnie ze swoj\u0105 partnerk\u0105, artystk\u0105 wizualn\u0105 Yuli\u0105 Mahr. Po\u0142o\u017cone na angielskiej wsi w hrabstwie Oxfordshire studio zosta\u0142o zbudowane wewn\u0105trz dawnego gospodarstwa i wyposa\u017cone w nowoczesne technologie oparte na energii s\u0142onecznej oraz pompach ciep\u0142a. Otoczone 31 akrami lasu Studio Richter Mahr jest miejscem, w kt&oacute;rym arty\u015bci &ndash; zar&oacute;wno pocz\u0105tkuj\u0105cy, jak i uznani &ndash; mog\u0105 rozwija\u0107 swoje projekty w zr&oacute;wnowa\u017conym, tw&oacute;rczym \u015brodowisku.<\/p>\n<p>Organizatorem koncertu jest <strong>Fundacja Nowa Muzyka Katowice oraz FKP Scorpio Poland<\/strong>.<\/p>\n<p><strong>Czas trwania koncertu (\u0142\u0105cznie z&nbsp;przerw\u0105)<\/strong>: ok.&nbsp;125 minut<br \/>\nCzas trwania&nbsp;mo\u017ce ulec zmianie.&nbsp;<\/p>\n<p><strong>Wszystko, co musisz wiedzie\u0107 przed wizyt\u0105 w&nbsp;NOSPR &ndash;&nbsp;<a href=\"https:\/\/nospr.org.pl\/pl\/aktualnosci\/wszystko-co-musisz-wiedziec-przed-wizyta-w-nospr\" rel=\"noreferrer noopener\" target=\"_blank\">wskaz&oacute;wki dla uczestnik&oacute;w wydarze\u0144<\/a>.&nbsp;<\/strong><\/p>\n<p>Prosimy o&nbsp;zapoznanie si\u0119 z&nbsp;informacjami dotycz\u0105cymi parking&oacute;w w&nbsp;Strefie Kultury &ndash;<strong><a href=\"https:\/\/nospr.org.pl\/pl\/aktualnosci\/wazne-informacje-o-parkingach\" rel=\"noreferrer noopener\" target=\"_blank\">wa\u017cne informacje o&nbsp;parkingach<\/a><\/strong>&nbsp;<\/p>\n","protected":false},"excerpt":{"rendered":"<p>Max Richter &ndash; jeden z najbardziej wp\u0142ywowych wsp&oacute;\u0142czesnych kompozytor&oacute;w wyst\u0105pi w NOSPR w Katowicach. W ubieg\u0142ym tygodniu Max Richter og\u0142osi\u0142 premier\u0119 swojej \u015bcie\u017cki d\u017awi\u0119kowej do nadchodz\u0105cego, wysoko ocenianego filmu Hamnet w re\u017cyserii Chlo&eacute; Zhao. Album, wydany przez Decca Records, b\u0119dzie dost\u0119pny cyfrowo od 21 listopada 2025 roku, a w formie winylowej od 9 stycznia 2026 [&hellip;]<\/p>\n","protected":false},"featured_media":0,"template":"","meta":{"_acf_changed":false,"inline_featured_image":false},"product_brand":[],"product_cat":[2210],"product_tag":[],"class_list":{"0":"post-46870","1":"product","2":"type-product","3":"status-publish","5":"product_cat-cat_237","7":"first","8":"instock","9":"virtual","10":"purchasable","11":"product-type-simple"},"acf":[],"_links":{"self":[{"href":"https:\/\/nospr.org.pl\/sklep\/wp-json\/wp\/v2\/product\/46870","targetHints":{"allow":["GET"]}}],"collection":[{"href":"https:\/\/nospr.org.pl\/sklep\/wp-json\/wp\/v2\/product"}],"about":[{"href":"https:\/\/nospr.org.pl\/sklep\/wp-json\/wp\/v2\/types\/product"}],"wp:attachment":[{"href":"https:\/\/nospr.org.pl\/sklep\/wp-json\/wp\/v2\/media?parent=46870"}],"wp:term":[{"taxonomy":"product_brand","embeddable":true,"href":"https:\/\/nospr.org.pl\/sklep\/wp-json\/wp\/v2\/product_brand?post=46870"},{"taxonomy":"product_cat","embeddable":true,"href":"https:\/\/nospr.org.pl\/sklep\/wp-json\/wp\/v2\/product_cat?post=46870"},{"taxonomy":"product_tag","embeddable":true,"href":"https:\/\/nospr.org.pl\/sklep\/wp-json\/wp\/v2\/product_tag?post=46870"}],"curies":[{"name":"wp","href":"https:\/\/api.w.org\/{rel}","templated":true}]}}