{"id":45467,"date":"2025-10-08T16:31:22","date_gmt":"2025-10-08T14:31:22","guid":{"rendered":"https:\/\/nospr.org.pl\/sklep\/produkt\/nigel-kennedy-in-recital\/"},"modified":"2026-01-05T18:58:04","modified_gmt":"2026-01-05T17:58:04","slug":"nigel-kennedy-in-recital","status":"publish","type":"product","link":"https:\/\/nospr.org.pl\/sklep\/produkt\/nigel-kennedy-in-recital\/","title":{"rendered":"Nigel Kennedy String Trio"},"content":{"rendered":"<\/p>\n<p class=\"Body\"><span><span><span><span><span><span><span><span><span><span><span><span><span>Nigel Kennedy to brytyjski wirtuoz skrzypiec, kt&oacute;rego album&nbsp;<em>Cztery Pory Roku<\/em>&nbsp;poszczyci\u0107 si\u0119 mo\u017ce mianem najlepiej sprzedaj\u0105cego si\u0119 albumu muzyki klasycznej wszech czas&oacute;w. Artysta wyr&oacute;\u017cnia si\u0119 niesamowit\u0105 lekko\u015bci\u0105 gry i umiej\u0119tno\u015bci\u0105 \u0142\u0105czenia r&oacute;\u017cnych styl&oacute;w muzycznych przy jednoczesnym zachowaniu najwy\u017cszego kunsztu kompozycji i wykonania. Kennedy to skrzypek poszukuj\u0105cy, wolny od konwenans&oacute;w. Tym razem w unikatowej i oryginalnej formule przedstawi trio smyczkowe. W niebanalnej ods\u0142onie proponowanej przez Kennedy&rsquo;ego obok skrzypiec us\u0142yszymy wiolonczel\u0119 (Beata Urbanek, PL) i kontrabas (Alec Dankworth, UK). Muzycy zaproszeni do wsp&oacute;\u0142pracy przez Kennedy&rsquo;ego to r&oacute;wnie\u017c \u015bwiatowej klasy wirtuozi swoich instrument&oacute;w, z bogatym dorobkiem artystycznym, poruszaj\u0105cy si\u0119 swobodnie w r&oacute;\u017cnorodnych stylach muzycznych, od klasyki po improwizacj\u0119 i jazz.&nbsp;<\/span><\/span><\/span><\/span><\/span><\/span><\/span><\/span><\/span><\/span><\/span><\/span><\/span><\/p>\n<p class=\"Body\"><span><span><span><span><span><span><span><span><span><span><span><span><span>W repertuarze obok autorskich, niezwykle melodyjnych kompozycji, Kennedy przedstawi tak\u017ce aran\u017cacje utwor&oacute;w tw&oacute;rc&oacute;w bliskich jego wra\u017cliwo\u015bci muzycznej (Krzysztof Komeda, Ry\u016bichi Sakamoto, Django Reinhardt) i si\u0119gnie po Bacha, uwa\u017canego za prekursora improwizacji kompozytora, kt&oacute;ry towarzyszy Kennedy&rsquo;emu od pocz\u0105tk&oacute;w jego kariery i kt&oacute;remu dedykuje dog\u0142\u0119bne, mistyczne niemal\u017ce studium muzyczne. Kennedy &ndash; mistrzowski interpretator Bacha pojawi si\u0119 w tej wyj\u0105tkowej ods\u0142onie premierowo na koncercie w katowickim NOSPR.&nbsp;<\/span><\/span><\/span><\/span><\/span><\/span><\/span><\/span><\/span><\/span><\/span><\/span><\/span><\/p>\n<p class=\"Body\"><strong>Czas trwania koncertu<\/strong>: ok. 120&nbsp;minut&nbsp;<\/p>\n<p data-delay=\"0\" data-scroll=\"fadeUp\"><strong>Wszystko, co musisz wiedzie\u0107 przed wizyt\u0105 w&nbsp;NOSPR &ndash;&nbsp;<a href=\"https:\/\/nospr.org.pl\/pl\/aktualnosci\/wszystko-co-musisz-wiedziec-przed-wizyta-w-nospr\" rel=\"noreferrer noopener\" target=\"_blank\">wskaz&oacute;wki dla uczestnik&oacute;w wydarze\u0144<\/a>.&nbsp;<\/strong>&nbsp;<\/p>\n<p data-delay=\"0\" data-scroll=\"fadeUp\">Prosimy o&nbsp;zapoznanie&nbsp;si\u0119 z&nbsp;informacjami dotycz\u0105cymi parking&oacute;w w&nbsp;Strefie Kultury&nbsp;&ndash;&nbsp;<strong><a href=\"https:\/\/nospr.org.pl\/pl\/aktualnosci\/wazne-informacje-o-parkingach\" rel=\"noreferrer noopener\" target=\"_blank\">wa\u017cne informacje o&nbsp;parkingach<\/a>&nbsp;<\/strong><\/p>\n","protected":false},"excerpt":{"rendered":"<p>Nigel Kennedy to brytyjski wirtuoz skrzypiec, kt&oacute;rego album&nbsp;Cztery Pory Roku&nbsp;poszczyci\u0107 si\u0119 mo\u017ce mianem najlepiej sprzedaj\u0105cego si\u0119 albumu muzyki klasycznej wszech czas&oacute;w. Artysta wyr&oacute;\u017cnia si\u0119 niesamowit\u0105 lekko\u015bci\u0105 gry i umiej\u0119tno\u015bci\u0105 \u0142\u0105czenia r&oacute;\u017cnych styl&oacute;w muzycznych przy jednoczesnym zachowaniu najwy\u017cszego kunsztu kompozycji i wykonania. Kennedy to skrzypek poszukuj\u0105cy, wolny od konwenans&oacute;w. Tym razem w unikatowej i oryginalnej formule [&hellip;]<\/p>\n","protected":false},"featured_media":0,"template":"","meta":{"_acf_changed":false,"inline_featured_image":false},"product_brand":[],"product_cat":[2210],"product_tag":[],"class_list":{"0":"post-45467","1":"product","2":"type-product","3":"status-publish","5":"product_cat-cat_237","7":"first","8":"instock","9":"virtual","10":"purchasable","11":"product-type-simple"},"acf":[],"_links":{"self":[{"href":"https:\/\/nospr.org.pl\/sklep\/wp-json\/wp\/v2\/product\/45467","targetHints":{"allow":["GET"]}}],"collection":[{"href":"https:\/\/nospr.org.pl\/sklep\/wp-json\/wp\/v2\/product"}],"about":[{"href":"https:\/\/nospr.org.pl\/sklep\/wp-json\/wp\/v2\/types\/product"}],"wp:attachment":[{"href":"https:\/\/nospr.org.pl\/sklep\/wp-json\/wp\/v2\/media?parent=45467"}],"wp:term":[{"taxonomy":"product_brand","embeddable":true,"href":"https:\/\/nospr.org.pl\/sklep\/wp-json\/wp\/v2\/product_brand?post=45467"},{"taxonomy":"product_cat","embeddable":true,"href":"https:\/\/nospr.org.pl\/sklep\/wp-json\/wp\/v2\/product_cat?post=45467"},{"taxonomy":"product_tag","embeddable":true,"href":"https:\/\/nospr.org.pl\/sklep\/wp-json\/wp\/v2\/product_tag?post=45467"}],"curies":[{"name":"wp","href":"https:\/\/api.w.org\/{rel}","templated":true}]}}