{"id":4382,"date":"2024-09-23T14:54:41","date_gmt":"2024-09-23T12:54:41","guid":{"rendered":"https:\/\/nospr.org.pl\/sklep\/produkt\/recital-fortepianowy-hayato-sumino\/"},"modified":"2025-02-01T18:27:26","modified_gmt":"2025-02-01T17:27:26","slug":"recital-fortepianowy-hayato-sumino","status":"publish","type":"product","link":"https:\/\/nospr.org.pl\/sklep\/produkt\/recital-fortepianowy-hayato-sumino\/","title":{"rendered":"Chopin i Bach \/ Recital fortepianowy Hayato Sumino"},"content":{"rendered":"<\/p>\n<p><em>Posiadacze abonamentu NOSPR kupi\u0105 bilet na ten koncert 30% taniej! Zni\u017cka nie \u0142\u0105czy si\u0119 z ofert\u0105 M&oacute;j Karnet. Pula bilet&oacute;w jest ograniczona. Oferta dost\u0119pna w kasach oraz poprzez rezerwacje telefoniczne.<\/em><\/p>\n<p>Bach i Chopin. Dwa \u015bwiaty, dwaj geniusze, dwa punkty odniesienia klawiszowej tradycji.&nbsp;Pierwszy to esencja duchowo\u015bci, konstrukcji i bogactwa \u015bwiata baroku, drugi jest symbolem&nbsp;romantyzmu. Badacze muzyki Chopina podkre\u015blaj\u0105, \u017ce odnowi\u0142 on Bachowskie mistrzostwo&nbsp;kontrapunktu i finezj\u0119 ornamentu, buduj\u0105c na nich w\u0142asne uniwersum, tak do dzi\u015b kochane na&nbsp;ca\u0142ym \u015bwiecie. Ich muzyka jest podstaw\u0105 dla w\u0142asnej fantazji i materia\u0142em przetwarzanym&nbsp;przez artyst&oacute;w, kt&oacute;rym nie wystarcza granie cudzej muzyki. 29-letni japo\u0144ski pianista Hayato&nbsp;Sumino idzie \u015bladem wspania\u0142ego, ekscentrycznego Friedricha Guldy, kt&oacute;ry w swoich&nbsp;skandalizuj\u0105cych improwizacjach otwiera\u0142 tajne przej\u015bcia i po\u0142\u0105czenia muzyki klasycznej i&nbsp;jazzu. Z boku kibicuje im duch Maurice&rsquo;a Ravela, kt&oacute;ry dla wieku XX zdefiniowa\u0142 poj\u0119cie&nbsp;stylizacji. W programie tego koncertu s\u0142ycha\u0107 niesko\u0144czon\u0105 ekspansj\u0119 muzycznego kosmosu.&nbsp;<\/p>\n<p><strong>Adam Suprynowicz&nbsp;<\/strong><\/p>\n<p><strong>Czas trwania koncertu (\u0142\u0105cznie z przerw\u0105):<\/strong> ok. 100 minut<\/p>\n<p>Ten koncert mo\u017ce by\u0107 cz\u0119\u015bci\u0105 &bdquo;Mojego karnetu&rdquo;. Sprawd\u017a szczeg&oacute;\u0142y i&nbsp;skomponuj &bdquo;M&oacute;j karnet&rdquo; dowolnie, wybieraj\u0105c spo\u015br&oacute;d koncert&oacute;w r&oacute;\u017cnych serii w&nbsp;sali kameralnej i&nbsp;koncertowej&nbsp;&ndash;&nbsp;<a data-saferedirecturl=\"https:\/\/www.google.com\/url?q=https:\/\/nospr.org.pl\/pl\/bilety\/karnety&amp;source=gmail&amp;ust=1723281251587000&amp;usg=AOvVaw2RSVYwnVUgEAw58q7DRuz2\" href=\"https:\/\/nospr.org.pl\/pl\/bilety\/karnety\" id=\"m_-3889879143875925711OWA1d2b3744-e249-6474-5e67-ef94c3ee5f60\" target=\"_blank\" rel=\"noopener\">wi\u0119cej informacji<\/a>.<\/p>\n<p><strong>Prosimy o&nbsp;zapoznanie&nbsp;si\u0119 z&nbsp;informacjami dotycz\u0105cymi parking&oacute;w w&nbsp;Strefie Kultury &ndash;&nbsp;<\/strong><strong><a data-saferedirecturl=\"https:\/\/www.google.com\/url?q=https:\/\/nospr.org.pl\/pl\/aktualnosci\/wazne-informacje-o-parkingach&amp;source=gmail&amp;ust=1723197131387000&amp;usg=AOvVaw1yPiY3uULhY_GTIGE_VJSo\" href=\"https:\/\/nospr.org.pl\/pl\/aktualnosci\/wazne-informacje-o-parkingach\" id=\"m_1070481786903339264OWA583604c9-0f4f-ad5b-11a4-dd99db6c3bd6\" rel=\"noopener noreferrer\" target=\"_blank\">wa\u017cne informacje o&nbsp;parkingach<\/a><\/strong><\/p>\n<p><strong>Wszystko, co musisz wiedzie\u0107 przed wizyt\u0105 w&nbsp;NOSPR&nbsp;&ndash;&nbsp;<\/strong><strong><a data-saferedirecturl=\"https:\/\/www.google.com\/url?q=https:\/\/nospr.org.pl\/pl\/aktualnosci\/wszystko-co-musisz-wiedziec-przed-wizyta-w-nospr&amp;source=gmail&amp;ust=1723197131387000&amp;usg=AOvVaw0kMCs8oxFkm9XaUCfC6DH5\" href=\"https:\/\/nospr.org.pl\/pl\/aktualnosci\/wszystko-co-musisz-wiedziec-przed-wizyta-w-nospr\" id=\"m_1070481786903339264OWAe5e18766-eadf-e987-1d68-0e1e53dd4c36\" rel=\"noopener noreferrer\" target=\"_blank\">wskaz&oacute;wki dla uczestnik&oacute;w wydarze\u0144<\/a><\/strong><strong>.<\/strong><\/p>\n<p>Z przyczyn niezale\u017cnych od NOSPR restauracja ALTO jest nieczynna.&nbsp;W zwi\u0105zku z tym, zapraszamy do skorzystania z&nbsp;oferty bar&oacute;w mobilnych, zlokalizowanych na poziomie 0 foyer, czynnych na godzin\u0119 przed rozpocz\u0119ciem wydarzenia.&nbsp;Uprzejmie informujemy, \u017ce w barach mobilnych nie serwujemy ciep\u0142ych posi\u0142k&oacute;w ani kolacji &ndash; oferta obejmuje jedynie przek\u0105ski oraz napoje.<\/p>\n","protected":false},"excerpt":{"rendered":"<p>Posiadacze abonamentu NOSPR kupi\u0105 bilet na ten koncert 30% taniej! Zni\u017cka nie \u0142\u0105czy si\u0119 z ofert\u0105 M&oacute;j Karnet. Pula bilet&oacute;w jest ograniczona. Oferta dost\u0119pna w kasach oraz poprzez rezerwacje telefoniczne. Bach i Chopin. Dwa \u015bwiaty, dwaj geniusze, dwa punkty odniesienia klawiszowej tradycji.&nbsp;Pierwszy to esencja duchowo\u015bci, konstrukcji i bogactwa \u015bwiata baroku, drugi jest symbolem&nbsp;romantyzmu. Badacze muzyki [&hellip;]<\/p>\n","protected":false},"featured_media":0,"template":"","meta":{"_acf_changed":false,"inline_featured_image":false},"product_brand":[],"product_cat":[15],"product_tag":[],"class_list":{"0":"post-4382","1":"product","2":"type-product","3":"status-publish","5":"product_cat-bez-kategorii","7":"first","8":"outofstock","9":"shipping-taxable","10":"purchasable","11":"product-type-simple"},"acf":[],"_links":{"self":[{"href":"https:\/\/nospr.org.pl\/sklep\/wp-json\/wp\/v2\/product\/4382","targetHints":{"allow":["GET"]}}],"collection":[{"href":"https:\/\/nospr.org.pl\/sklep\/wp-json\/wp\/v2\/product"}],"about":[{"href":"https:\/\/nospr.org.pl\/sklep\/wp-json\/wp\/v2\/types\/product"}],"wp:attachment":[{"href":"https:\/\/nospr.org.pl\/sklep\/wp-json\/wp\/v2\/media?parent=4382"}],"wp:term":[{"taxonomy":"product_brand","embeddable":true,"href":"https:\/\/nospr.org.pl\/sklep\/wp-json\/wp\/v2\/product_brand?post=4382"},{"taxonomy":"product_cat","embeddable":true,"href":"https:\/\/nospr.org.pl\/sklep\/wp-json\/wp\/v2\/product_cat?post=4382"},{"taxonomy":"product_tag","embeddable":true,"href":"https:\/\/nospr.org.pl\/sklep\/wp-json\/wp\/v2\/product_tag?post=4382"}],"curies":[{"name":"wp","href":"https:\/\/api.w.org\/{rel}","templated":true}]}}