{"id":4380,"date":"2024-09-23T14:54:41","date_gmt":"2024-09-23T12:54:41","guid":{"rendered":"https:\/\/nospr.org.pl\/sklep\/produkt\/s1-nospr-arming-fung-kolysanki-i-symfoniczne-fantazje\/"},"modified":"2025-02-01T18:27:27","modified_gmt":"2025-02-01T17:27:27","slug":"s1-nospr-arming-fung-kolysanki-i-symfoniczne-fantazje","status":"publish","type":"product","link":"https:\/\/nospr.org.pl\/sklep\/produkt\/s1-nospr-arming-fung-kolysanki-i-symfoniczne-fantazje\/","title":{"rendered":"NOSPR \/ Arming \/ Fung \/ Ko\u0142ysanki i symfoniczne fantazje"},"content":{"rendered":"<p><strong>Z przykro\u015bci\u0105 informujemy, \u017ce planowana o 18:30 prelekcja&nbsp;z&nbsp;red. Piotrem Matwiejczukiem z przyczyn niezale\u017cnych od NOSPR nie odb\u0119dzie si\u0119.<\/strong><\/p>\n<p><span><span><span><span>W roku dwusetnej rocznicy prawykonania <em>IX Symfonii<\/em> Beethovena warto przypomnie\u0107 sobie rzadko gran\u0105 dzi\u015b <em>Uwertur\u0119 imieninow\u0105<\/em>. Pierwotnie zawiera\u0107 mia\u0142a parti\u0119 ch&oacute;ru z tekstem Schillerowskiej <em>Ody do rado\u015bci<\/em>. Wysz\u0142o inaczej, ale r&oacute;wnie ciekawie, zw\u0142aszcza \u017ce w tle utworu pojawiaj\u0105 si\u0119 solenizant cesarz Franciszek oraz Antoni Radziwi\u0142\u0142, adresat dedykacji. Inaczej jest <em>Koncertem wiolonczelowym D-dur<\/em> Haydna. To utw&oacute;r popularny i stale obecny w repertuarze, cho\u0107 zapewne mniej ograny od <em>Koncertu C-dur<\/em>. R&oacute;wnie trudny technicznie, tak samo wirtuozowski, ale bardziej rozmarzony i melancholijny, o narracji tocz\u0105cej si\u0119 nie\u015bpiesznie i lekko zarazem. Haydnowskie melodie od razu wpadaj\u0105 w ucho i zostaj\u0105 w pami\u0119ci na d\u0142ugo, podobnie jak temat polskiej piosenki ludowej, kt&oacute;ry Panufnik cytuje w <em>Ko\u0142ysance<\/em>, wizjonerskim dziele wykorzystuj\u0105cym \u0107wier\u0107tony. &bdquo;Cacko talentu, techniki i smaku&rdquo; &ndash; zachwyca\u0142 si\u0119 kompozycj\u0105 Stefan Kisielewski. Ujmuj\u0105ca, ale i mocno zaskakuj\u0105ca, wyda\u0107 si\u0119 mo\u017ce <em>VI Symfonia <\/em>Martin\u016f, nazwana przez samego kompozytora <em>Fantazjami symfonicznymi<\/em>. \u0141\u0105czy w sobie nowoczesne, oniryczne brzmienia z wyra\u017anymi elementami neoklasycznymi. &bdquo;To dzie\u0142o bez formy, a jednak co\u015b je spaja, cho\u0107 nie wiem co&rdquo; &ndash; przyznawa\u0142 otwarcie Martin\u016f. Mo\u017cna poszuka\u0107 tego &bdquo;czego\u015b&rdquo; na w\u0142asn\u0105 r\u0119k\u0119, a przy okazji da\u0107 si\u0119 porwa\u0107 tej fascynuj\u0105cej muzyce czeskiego mistrza, w Polsce wci\u0105\u017c niedocenianego. <\/span><\/span><\/span><\/span><\/p>\n<p><strong>Piotr Matwiejczuk&nbsp;<\/strong><\/p>\n<p><strong>Czas trwania koncertu (\u0142\u0105cznie z przerw\u0105):<\/strong> ok. 90 minut<\/p>\n<p><a href=\"https:\/\/nospr.org.pl\/pl\/program\/s1-2024-2025\" id=\"OWAc683e7b2-4a00-139c-0bc9-f7b8af7a0de2\" target=\"_blank\" rel=\"noopener\">Sprawd\u017a pozosta\u0142e ko<\/a><a href=\"https:\/\/nospr.org.pl\/pl\/program\/s1-2024-2025\" target=\"_blank\" rel=\"noopener\">ncerty tej serii<\/a><\/p>\n<p><strong>Wszystko, co musisz wiedzie\u0107 przed wizyt\u0105 w&nbsp;NOSPR&nbsp;&ndash;&nbsp;<a href=\"https:\/\/nospr.org.pl\/pl\/aktualnosci\/wszystko-co-musisz-wiedziec-przed-wizyta-w-nospr\">wskaz&oacute;wki dla uczestnik&oacute;w wydarze\u0144<\/a>.<\/strong><\/p>\n<p>Prosimy o&nbsp;zapoznanie&nbsp;si\u0119 z&nbsp;informacjami dotycz\u0105cymi parking&oacute;w w&nbsp;Strefie Kultury&nbsp;&ndash;&nbsp;<a href=\"https:\/\/nospr.org.pl\/pl\/aktualnosci\/wazne-informacje-o-parkingach\">wa\u017cne informacje o&nbsp;parkingach<\/a><\/p>\n","protected":false},"excerpt":{"rendered":"<p>Z przykro\u015bci\u0105 informujemy, \u017ce planowana o 18:30 prelekcja&nbsp;z&nbsp;red. Piotrem Matwiejczukiem z przyczyn niezale\u017cnych od NOSPR nie odb\u0119dzie si\u0119. W roku dwusetnej rocznicy prawykonania IX Symfonii Beethovena warto przypomnie\u0107 sobie rzadko gran\u0105 dzi\u015b Uwertur\u0119 imieninow\u0105. Pierwotnie zawiera\u0107 mia\u0142a parti\u0119 ch&oacute;ru z tekstem Schillerowskiej Ody do rado\u015bci. Wysz\u0142o inaczej, ale r&oacute;wnie ciekawie, zw\u0142aszcza \u017ce w tle utworu [&hellip;]<\/p>\n","protected":false},"featured_media":0,"template":"","meta":{"_acf_changed":false,"inline_featured_image":false},"product_brand":[],"product_cat":[151],"product_tag":[],"class_list":{"0":"post-4380","1":"product","2":"type-product","3":"status-publish","5":"product_cat-cat_203","7":"first","8":"outofstock","9":"virtual","10":"purchasable","11":"product-type-simple"},"acf":[],"_links":{"self":[{"href":"https:\/\/nospr.org.pl\/sklep\/wp-json\/wp\/v2\/product\/4380","targetHints":{"allow":["GET"]}}],"collection":[{"href":"https:\/\/nospr.org.pl\/sklep\/wp-json\/wp\/v2\/product"}],"about":[{"href":"https:\/\/nospr.org.pl\/sklep\/wp-json\/wp\/v2\/types\/product"}],"wp:attachment":[{"href":"https:\/\/nospr.org.pl\/sklep\/wp-json\/wp\/v2\/media?parent=4380"}],"wp:term":[{"taxonomy":"product_brand","embeddable":true,"href":"https:\/\/nospr.org.pl\/sklep\/wp-json\/wp\/v2\/product_brand?post=4380"},{"taxonomy":"product_cat","embeddable":true,"href":"https:\/\/nospr.org.pl\/sklep\/wp-json\/wp\/v2\/product_cat?post=4380"},{"taxonomy":"product_tag","embeddable":true,"href":"https:\/\/nospr.org.pl\/sklep\/wp-json\/wp\/v2\/product_tag?post=4380"}],"curies":[{"name":"wp","href":"https:\/\/api.w.org\/{rel}","templated":true}]}}