{"id":4379,"date":"2024-09-23T14:54:41","date_gmt":"2024-09-23T12:54:41","guid":{"rendered":"https:\/\/nospr.org.pl\/sklep\/produkt\/moj-karnet-koncert-kameralny-kwartetu-slaskiego\/"},"modified":"2025-02-01T18:27:27","modified_gmt":"2025-02-01T17:27:27","slug":"moj-karnet-koncert-kameralny-kwartetu-slaskiego","status":"publish","type":"product","link":"https:\/\/nospr.org.pl\/sklep\/produkt\/moj-karnet-koncert-kameralny-kwartetu-slaskiego\/","title":{"rendered":"Kwartet \u015al\u0105ski \/ Fantazja brytyjska w 110. rocznic\u0119 urodzin Andrzeja Panufnika"},"content":{"rendered":"<\/p>\n<p><em>&bdquo;Muzyka jest wyrazem emocji i uczu\u0107. Idea\u0142em moim jest utw&oacute;r, w kt&oacute;rym tre\u015b\u0107 poetycka \u0142\u0105czy si\u0119 z doskona\u0142o\u015bci\u0105 muzycznego rzemios\u0142a. Sama poezja nie decyduje o muzycznej warto\u015bci utworu, podobnie jak samo rzemios\u0142o grozi popadni\u0119ciem w martwe suche formu\u0142ki. Nieprzemijaj\u0105ce pi\u0119kno rodzi si\u0119 tylko z r&oacute;wnowagi obu tych element&oacute;w&rdquo;.<\/em>&nbsp;<strong>Andrzej Panufnik (1952)<\/strong>&nbsp;<\/p>\n<p>Kwartet \u015al\u0105ski &ndash; 45 lat do\u015bwiadczenia, ponad 150\u202fprawykona\u0144 dzie\u0142 kameralnych, tysi\u0105ce wyst\u0119p&oacute;w w\u202fnajs\u0142ynniejszych salach koncertowych \u015bwiata, ponad 60\u202falbum&oacute;w p\u0142ytowych, ponad 20\u202fnominacji, 10\u202fstatuetek &bdquo;Fryderyka&rdquo; i\u202fnajwa\u017cniejszy &ndash;\u202f&bdquo;muzyczny Oscar&rdquo;, czyli Gramophone Classical Music Award.&nbsp;<\/p>\n<p>Specjalizuje si\u0119 w\u202fodkrywaniu, propagowaniu i\u202fnagrywaniu muzyki polskiej &ndash; s\u0142ynie z\u202fdokonywania prawykona\u0144 pod okiem kompozytor&oacute;w. Porzucaj\u0105c tradycyjny hierarchiczny model uprawiania muzyki, zesp&oacute;\u0142 k\u0142adzie nacisk na wymian\u0119 i wsp&oacute;\u0142prac\u0119 z innymi muzykami.&nbsp;&nbsp;<\/p>\n<p>W tym sezonie arty\u015bci przybli\u017c\u0105 tw&oacute;rczo\u015b\u0107 sir Andrzeja Panufnika w 110. rocznic\u0119 urodzin jedynego polskiego kompozytora odznaczonego przez kr&oacute;low\u0105 El\u017cbiet\u0119\u202fII tytu\u0142em szlacheckim. Program uzupe\u0142ni\u0105 dzie\u0142a rodzimych tw&oacute;rc&oacute;w brytyjskich: Ralpha Vaughana Williamsa oraz Edwarda Elgara.&nbsp;<\/p>\n<p>W programie znalaz\u0142 si\u0119 m.in. jeden z najpi\u0119kniejszych utwor&oacute;w kameralnych XX wieku &ndash; <em>Kwintet fortepianowy a-moll <\/em>Edwarda Elgara. To nasycone tajemniczo\u015bci\u0105 dzie\u0142o zosta\u0142o zainspirowane urokliw\u0105, cho\u0107 nieco mroczn\u0105 atmosfer\u0105 las&oacute;w otaczaj\u0105cych domek w Flexham Park w Sussex, niedaleko Brinkwells, gdzie Elgar tworzy\u0142 swoje kompozycje. Wp\u0142yw tej scenerii jest wyczuwalny w muzyce, kt&oacute;ra zachwyca bogactwem ekspresji i si\u0142\u0105 brzmienia. P&oacute;\u017anoromantyczny styl utworu dodaje mu unikalnego charakteru, pe\u0142nego g\u0142\u0119bokiego, ciemnego kolorytu, pot\u0119guj\u0105cego wra\u017cenie tajemniczo\u015bci i t\u0119sknoty. &nbsp;<\/p>\n<p><strong>[Alexandra Kozowicz]<\/strong><\/p>\n<p><strong>Czas trwania koncertu (\u0142\u0105cznie z przerw\u0105):&nbsp;<\/strong>ok. 120 minut<\/p>\n<p>Ten koncert mo\u017ce by\u0107 cz\u0119\u015bci\u0105 &bdquo;Mojego karnetu&rdquo;. Sprawd\u017a szczeg&oacute;\u0142y i&nbsp;skomponuj &bdquo;M&oacute;j karnet&rdquo; dowolnie, wybieraj\u0105c spo\u015br&oacute;d koncert&oacute;w r&oacute;\u017cnych serii w&nbsp;sali kameralnej i&nbsp;koncertowej&nbsp;&ndash;&nbsp;<a data-saferedirecturl=\"https:\/\/www.google.com\/url?q=https:\/\/nospr.org.pl\/pl\/bilety\/karnety&amp;source=gmail&amp;ust=1723281251587000&amp;usg=AOvVaw2RSVYwnVUgEAw58q7DRuz2\" href=\"https:\/\/nospr.org.pl\/pl\/bilety\/karnety\" id=\"m_-3889879143875925711OWA1d2b3744-e249-6474-5e67-ef94c3ee5f60\" target=\"_blank\" rel=\"noopener\">wi\u0119cej informacji<\/a>.<\/p>\n<p><strong>Prosimy o&nbsp;zapoznanie&nbsp;si\u0119 z&nbsp;informacjami dotycz\u0105cymi parking&oacute;w w&nbsp;Strefie Kultury &ndash;&nbsp;<\/strong><strong><a data-saferedirecturl=\"https:\/\/www.google.com\/url?q=https:\/\/nospr.org.pl\/pl\/aktualnosci\/wazne-informacje-o-parkingach&amp;source=gmail&amp;ust=1723197131387000&amp;usg=AOvVaw1yPiY3uULhY_GTIGE_VJSo\" href=\"https:\/\/nospr.org.pl\/pl\/aktualnosci\/wazne-informacje-o-parkingach\" id=\"m_1070481786903339264OWA583604c9-0f4f-ad5b-11a4-dd99db6c3bd6\" rel=\"noopener noreferrer\" target=\"_blank\">wa\u017cne informacje o&nbsp;parkingach<\/a><\/strong><\/p>\n<p><strong>Wszystko, co musisz wiedzie\u0107 przed wizyt\u0105 w&nbsp;NOSPR&nbsp;&ndash;&nbsp;<\/strong><strong><a data-saferedirecturl=\"https:\/\/www.google.com\/url?q=https:\/\/nospr.org.pl\/pl\/aktualnosci\/wszystko-co-musisz-wiedziec-przed-wizyta-w-nospr&amp;source=gmail&amp;ust=1723197131387000&amp;usg=AOvVaw0kMCs8oxFkm9XaUCfC6DH5\" href=\"https:\/\/nospr.org.pl\/pl\/aktualnosci\/wszystko-co-musisz-wiedziec-przed-wizyta-w-nospr\" id=\"m_1070481786903339264OWAe5e18766-eadf-e987-1d68-0e1e53dd4c36\" rel=\"noopener noreferrer\" target=\"_blank\">wskaz&oacute;wki dla uczestnik&oacute;w wydarze\u0144<\/a><\/strong><strong>.<\/strong><\/p>\n","protected":false},"excerpt":{"rendered":"<p>&bdquo;Muzyka jest wyrazem emocji i uczu\u0107. Idea\u0142em moim jest utw&oacute;r, w kt&oacute;rym tre\u015b\u0107 poetycka \u0142\u0105czy si\u0119 z doskona\u0142o\u015bci\u0105 muzycznego rzemios\u0142a. Sama poezja nie decyduje o muzycznej warto\u015bci utworu, podobnie jak samo rzemios\u0142o grozi popadni\u0119ciem w martwe suche formu\u0142ki. Nieprzemijaj\u0105ce pi\u0119kno rodzi si\u0119 tylko z r&oacute;wnowagi obu tych element&oacute;w&rdquo;.&nbsp;Andrzej Panufnik (1952)&nbsp; Kwartet \u015al\u0105ski &ndash; 45 lat [&hellip;]<\/p>\n","protected":false},"featured_media":0,"template":"","meta":{"_acf_changed":false,"inline_featured_image":false},"product_brand":[],"product_cat":[15],"product_tag":[],"class_list":{"0":"post-4379","1":"product","2":"type-product","3":"status-publish","5":"product_cat-bez-kategorii","7":"first","8":"outofstock","9":"virtual","10":"purchasable","11":"product-type-simple"},"acf":[],"_links":{"self":[{"href":"https:\/\/nospr.org.pl\/sklep\/wp-json\/wp\/v2\/product\/4379","targetHints":{"allow":["GET"]}}],"collection":[{"href":"https:\/\/nospr.org.pl\/sklep\/wp-json\/wp\/v2\/product"}],"about":[{"href":"https:\/\/nospr.org.pl\/sklep\/wp-json\/wp\/v2\/types\/product"}],"wp:attachment":[{"href":"https:\/\/nospr.org.pl\/sklep\/wp-json\/wp\/v2\/media?parent=4379"}],"wp:term":[{"taxonomy":"product_brand","embeddable":true,"href":"https:\/\/nospr.org.pl\/sklep\/wp-json\/wp\/v2\/product_brand?post=4379"},{"taxonomy":"product_cat","embeddable":true,"href":"https:\/\/nospr.org.pl\/sklep\/wp-json\/wp\/v2\/product_cat?post=4379"},{"taxonomy":"product_tag","embeddable":true,"href":"https:\/\/nospr.org.pl\/sklep\/wp-json\/wp\/v2\/product_tag?post=4379"}],"curies":[{"name":"wp","href":"https:\/\/api.w.org\/{rel}","templated":true}]}}