{"id":4375,"date":"2024-09-23T14:54:40","date_gmt":"2024-09-23T12:54:40","guid":{"rendered":"https:\/\/nospr.org.pl\/sklep\/produkt\/jazz-klub-koncert-jazzowy-yoshihide-otomo-special-big-band\/"},"modified":"2025-02-01T18:27:30","modified_gmt":"2025-02-01T17:27:30","slug":"jazz-klub-koncert-jazzowy-yoshihide-otomo-special-big-band","status":"publish","type":"product","link":"https:\/\/nospr.org.pl\/sklep\/produkt\/jazz-klub-koncert-jazzowy-yoshihide-otomo-special-big-band\/","title":{"rendered":"JazzKLUB \/ Otomo Yoshihide Special Big Band \/ Japo\u0144ski gigant awangardy"},"content":{"rendered":"<p>Najwi\u0119kszy sk\u0142ad japo\u0144skiego giganta awangardy i zarazem&nbsp;jeden z najbardziej niesamowitych. Dzia\u0142aj\u0105cy od 2013 roku Special Big Band to gang awangardowych ultras&oacute;w w ludycznym wcieleniu. Grupa \u0142amie wszystkie istniej\u0105ce, cho\u0107 niepisane regu\u0142y i bezwstydnie \u0142\u0105czy ekstremalne harce sekcji d\u0119tych z tanecznymi rytmami, mosi\u0119\u017cne gitarowe bloki z cukrowanymi melodyjkami, wyrafinowane jazzowe aran\u017ce ze \u015bwidruj\u0105cym noise&rsquo;em. Do tej mieszanki dodajmy jeszcze repertuarowe pere\u0142ki w rodzaju utwor&oacute;w Astora Piazzolli czy Charliego Hadena. Zesp&oacute;\u0142 Yoshihide to dow&oacute;d na to, \u017ce awangarda mo\u017ce by\u0107 rozrywkowa, a rozrywka mo\u017ce zachowa\u0107 awangardow\u0105 odkrywczo\u015b\u0107. Absolutny &bdquo;must see&rdquo; &ndash; zw\u0142aszcza po zapowiedziach lidera, \u017ce jesienne koncerty to ostatnia trasa zespo\u0142u.&nbsp;<\/p>\n<p><strong>Tomasz Gregorczyk&nbsp;<\/strong><\/p>\n<p><strong>Czas trwania koncertu<\/strong>: ok. 100 min.<\/p>\n<p><img decoding=\"async\" src=\"\/serdelia\/public\/ckeditor\/plugins\/uho_video\/icons\/uho_video.png\" \/><\/p>\n<p><a href=\"https:\/\/nospr.org.pl\/pl\/kalendarz\/?miesiac=2024-10&amp;cykle=jazzklub-2024-2025\">&nbsp;Sprawd\u017a najbli\u017csze koncerty w&nbsp;tym cyklu<\/a><\/p>\n<p>Ten koncert mo\u017ce by\u0107 cz\u0119\u015bci\u0105 &bdquo;Mojego karnetu&rdquo;. Sprawd\u017a szczeg&oacute;\u0142y i&nbsp;skomponuj &bdquo;M&oacute;j karnet&rdquo; dowolnie, wybieraj\u0105c spo\u015br&oacute;d koncert&oacute;w r&oacute;\u017cnych serii w&nbsp;sali kameralnej i&nbsp;koncertowej&nbsp;&ndash;&nbsp;<a data-saferedirecturl=\"https:\/\/www.google.com\/url?q=https:\/\/nospr.org.pl\/pl\/bilety\/karnety&amp;source=gmail&amp;ust=1723281251587000&amp;usg=AOvVaw2RSVYwnVUgEAw58q7DRuz2\" href=\"https:\/\/nospr.org.pl\/pl\/bilety\/karnety\" id=\"m_-3889879143875925711OWA1d2b3744-e249-6474-5e67-ef94c3ee5f60\" target=\"_blank\" rel=\"noopener\">wi\u0119cej informacji<\/a>.<\/p>\n<p><strong>Prosimy o&nbsp;zapoznanie&nbsp;si\u0119 z&nbsp;informacjami dotycz\u0105cymi parking&oacute;w w&nbsp;Strefie Kultury &ndash;&nbsp;<\/strong><strong><a data-saferedirecturl=\"https:\/\/www.google.com\/url?q=https:\/\/nospr.org.pl\/pl\/aktualnosci\/wazne-informacje-o-parkingach&amp;source=gmail&amp;ust=1723197131387000&amp;usg=AOvVaw1yPiY3uULhY_GTIGE_VJSo\" href=\"https:\/\/nospr.org.pl\/pl\/aktualnosci\/wazne-informacje-o-parkingach\" id=\"m_1070481786903339264OWA583604c9-0f4f-ad5b-11a4-dd99db6c3bd6\" rel=\"noopener noreferrer\" target=\"_blank\">wa\u017cne informacje o&nbsp;parkingach<\/a><\/strong><\/p>\n<p><strong>Wszystko, co musisz wiedzie\u0107 przed wizyt\u0105 w&nbsp;NOSPR&nbsp;&ndash;&nbsp;<\/strong><strong><a data-saferedirecturl=\"https:\/\/www.google.com\/url?q=https:\/\/nospr.org.pl\/pl\/aktualnosci\/wszystko-co-musisz-wiedziec-przed-wizyta-w-nospr&amp;source=gmail&amp;ust=1723197131387000&amp;usg=AOvVaw0kMCs8oxFkm9XaUCfC6DH5\" href=\"https:\/\/nospr.org.pl\/pl\/aktualnosci\/wszystko-co-musisz-wiedziec-przed-wizyta-w-nospr\" id=\"m_1070481786903339264OWAe5e18766-eadf-e987-1d68-0e1e53dd4c36\" rel=\"noopener noreferrer\" target=\"_blank\">wskaz&oacute;wki dla uczestnik&oacute;w wydarze\u0144<\/a><\/strong><strong>.<\/strong><\/p>\n","protected":false},"excerpt":{"rendered":"<p>Najwi\u0119kszy sk\u0142ad japo\u0144skiego giganta awangardy i zarazem&nbsp;jeden z najbardziej niesamowitych. Dzia\u0142aj\u0105cy od 2013 roku Special Big Band to gang awangardowych ultras&oacute;w w ludycznym wcieleniu. Grupa \u0142amie wszystkie istniej\u0105ce, cho\u0107 niepisane regu\u0142y i bezwstydnie \u0142\u0105czy ekstremalne harce sekcji d\u0119tych z tanecznymi rytmami, mosi\u0119\u017cne gitarowe bloki z cukrowanymi melodyjkami, wyrafinowane jazzowe aran\u017ce ze \u015bwidruj\u0105cym noise&rsquo;em. Do tej [&hellip;]<\/p>\n","protected":false},"featured_media":0,"template":"","meta":{"_acf_changed":false,"inline_featured_image":false},"product_brand":[],"product_cat":[15],"product_tag":[],"class_list":{"0":"post-4375","1":"product","2":"type-product","3":"status-publish","5":"product_cat-bez-kategorii","7":"first","8":"outofstock","9":"virtual","10":"purchasable","11":"product-type-simple"},"acf":[],"_links":{"self":[{"href":"https:\/\/nospr.org.pl\/sklep\/wp-json\/wp\/v2\/product\/4375","targetHints":{"allow":["GET"]}}],"collection":[{"href":"https:\/\/nospr.org.pl\/sklep\/wp-json\/wp\/v2\/product"}],"about":[{"href":"https:\/\/nospr.org.pl\/sklep\/wp-json\/wp\/v2\/types\/product"}],"wp:attachment":[{"href":"https:\/\/nospr.org.pl\/sklep\/wp-json\/wp\/v2\/media?parent=4375"}],"wp:term":[{"taxonomy":"product_brand","embeddable":true,"href":"https:\/\/nospr.org.pl\/sklep\/wp-json\/wp\/v2\/product_brand?post=4375"},{"taxonomy":"product_cat","embeddable":true,"href":"https:\/\/nospr.org.pl\/sklep\/wp-json\/wp\/v2\/product_cat?post=4375"},{"taxonomy":"product_tag","embeddable":true,"href":"https:\/\/nospr.org.pl\/sklep\/wp-json\/wp\/v2\/product_tag?post=4375"}],"curies":[{"name":"wp","href":"https:\/\/api.w.org\/{rel}","templated":true}]}}