{"id":4373,"date":"2024-09-23T14:54:40","date_gmt":"2024-09-23T12:54:40","guid":{"rendered":"https:\/\/nospr.org.pl\/sklep\/produkt\/moj-karnet-natura-woda-puszcza-muzyka-medytacyjna-i-poszukuj\/"},"modified":"2025-02-01T18:27:31","modified_gmt":"2025-02-01T17:27:31","slug":"moj-karnet-natura-woda-puszcza-muzyka-medytacyjna-i-poszukuj","status":"publish","type":"product","link":"https:\/\/nospr.org.pl\/sklep\/produkt\/moj-karnet-natura-woda-puszcza-muzyka-medytacyjna-i-poszukuj\/","title":{"rendered":"Natura, woda, puszcza \/ Muzyka medytacyjna i poszukuj\u0105ca nowych przestrzeni komunikacji"},"content":{"rendered":"<\/p>\n<p>Wed\u0142ug staro\u017cytnych filozof&oacute;w woda jest \u017cywio\u0142em rz\u0105dz\u0105cym \u015bwiatem. Fizycy twierdz\u0105 z kolei, \u017ce &bdquo;s\u0142ucha&rdquo; i rezonuje ze wszystkim wok&oacute;\u0142. Jej struktura wewn\u0119trzna zmienia si\u0119 nie tylko w zale\u017cno\u015bci od jej lokalizacji czy stopnia zanieczyszczenia, ale oddzia\u0142uje na ni\u0105 wszystko, co dzieje si\u0119 w jej najbli\u017cszym otoczeniu, w tym tak\u017ce czynniki akustyczne &ndash; d\u017awi\u0119ki i muzyka. Od wiek&oacute;w fascynuje artyst&oacute;w i kompozytor&oacute;w nieustannym ruchem. Pa\u017adziernikowy wiecz&oacute;r to muzyczna medytacja nad wod\u0105 i jej d\u017awi\u0119kami w metaforycznym kontek\u015bcie natury i ludzkiej egzystencji.&nbsp;<\/p>\n<p><em>Regenst&uuml;ck<\/em> Petera Ablingera zabiera nas w muzyczn\u0105 podr&oacute;\u017c\u0105 po \u015bwiecie deszczu. Kompozycja jest z\u0142o\u017conym dialogiem mi\u0119dzy instrumentami a d\u017awi\u0119kami wody, kt&oacute;ra sp\u0142ywa po membranach i rezonuje w przestrzeni. T\u014dru Takemitsu w <em>Rain Coming<\/em> oddaje si\u0119 refleksji na temat wody jako \u017ar&oacute;d\u0142a \u017cycia i niesko\u0144czonej inspiracji. Utw&oacute;r nale\u017cy do cyklu <em>Waterscape<\/em>, w kt&oacute;rym nie tylko woda jest tematem. Kompozytor eksploruje idee p\u0142ynno\u015bci, harmonii i tonalno\u015bci, kt&oacute;re rozwijaj\u0105 si\u0119 niczym strumienie wpadaj\u0105ce do rzeki i p\u0142yn\u0105ce w kierunku morza.<em> Ja, Puszcza<\/em> Katarzyny Szwed wprowadza nas natomiast wprost w g\u0142\u0105b lasu, w kt&oacute;rym szept wody i szum drzew tworz\u0105 harmonijn\u0105 ca\u0142o\u015b\u0107 zach\u0119caj\u0105c\u0105 do zanurzenia si\u0119 w naturze i jej kontemplacji.&nbsp;<\/p>\n<p><strong>Alexandra Kozowicz<\/strong><\/p>\n<p><strong>Czas trwania koncertu:&nbsp;<\/strong>ok. 70 minut<\/p>\n<p>Ten koncert mo\u017ce by\u0107 cz\u0119\u015bci\u0105 &bdquo;Mojego karnetu&rdquo;. Sprawd\u017a szczeg&oacute;\u0142y i&nbsp;skomponuj &bdquo;M&oacute;j karnet&rdquo; dowolnie, wybieraj\u0105c spo\u015br&oacute;d koncert&oacute;w r&oacute;\u017cnych serii w&nbsp;sali kameralnej i&nbsp;koncertowej&nbsp;&ndash;&nbsp;<a data-saferedirecturl=\"https:\/\/www.google.com\/url?q=https:\/\/nospr.org.pl\/pl\/bilety\/karnety&amp;source=gmail&amp;ust=1723281251587000&amp;usg=AOvVaw2RSVYwnVUgEAw58q7DRuz2\" href=\"https:\/\/nospr.org.pl\/pl\/bilety\/karnety\" id=\"m_-3889879143875925711OWA1d2b3744-e249-6474-5e67-ef94c3ee5f60\" target=\"_blank\" rel=\"noopener\">wi\u0119cej informacji<\/a>.<\/p>\n<p><strong>Prosimy o&nbsp;zapoznanie&nbsp;si\u0119 z&nbsp;informacjami dotycz\u0105cymi parking&oacute;w w&nbsp;Strefie Kultury &ndash;&nbsp;<\/strong><strong><a data-saferedirecturl=\"https:\/\/www.google.com\/url?q=https:\/\/nospr.org.pl\/pl\/aktualnosci\/wazne-informacje-o-parkingach&amp;source=gmail&amp;ust=1723197131387000&amp;usg=AOvVaw1yPiY3uULhY_GTIGE_VJSo\" href=\"https:\/\/nospr.org.pl\/pl\/aktualnosci\/wazne-informacje-o-parkingach\" id=\"m_1070481786903339264OWA583604c9-0f4f-ad5b-11a4-dd99db6c3bd6\" rel=\"noopener noreferrer\" target=\"_blank\">wa\u017cne informacje o&nbsp;parkingach<\/a><\/strong><\/p>\n<p><strong>Wszystko, co musisz wiedzie\u0107 przed wizyt\u0105 w&nbsp;NOSPR&nbsp;&ndash;&nbsp;<\/strong><strong><a data-saferedirecturl=\"https:\/\/www.google.com\/url?q=https:\/\/nospr.org.pl\/pl\/aktualnosci\/wszystko-co-musisz-wiedziec-przed-wizyta-w-nospr&amp;source=gmail&amp;ust=1723197131387000&amp;usg=AOvVaw0kMCs8oxFkm9XaUCfC6DH5\" href=\"https:\/\/nospr.org.pl\/pl\/aktualnosci\/wszystko-co-musisz-wiedziec-przed-wizyta-w-nospr\" id=\"m_1070481786903339264OWAe5e18766-eadf-e987-1d68-0e1e53dd4c36\" rel=\"noopener noreferrer\" target=\"_blank\">wskaz&oacute;wki dla uczestnik&oacute;w wydarze\u0144<\/a><\/strong><strong>.<\/strong><\/p>\n<p>Utw&oacute;r Katarzyny Szwedy dofinansowano ze \u015brodk&oacute;w Ministra Kultury i Dziedzictwa Narodowego pochodz\u0105cych z Funduszu Promocji Kultury &ndash; pa\u0144stwowego funduszu celowego, w ramach programu &bdquo;Zam&oacute;wienia kompozytorskie&rdquo;, realizowanego przez Narodowy Instytut Muzyki i Ta\u0144ca.<\/p>\n","protected":false},"excerpt":{"rendered":"<p>Wed\u0142ug staro\u017cytnych filozof&oacute;w woda jest \u017cywio\u0142em rz\u0105dz\u0105cym \u015bwiatem. Fizycy twierdz\u0105 z kolei, \u017ce &bdquo;s\u0142ucha&rdquo; i rezonuje ze wszystkim wok&oacute;\u0142. Jej struktura wewn\u0119trzna zmienia si\u0119 nie tylko w zale\u017cno\u015bci od jej lokalizacji czy stopnia zanieczyszczenia, ale oddzia\u0142uje na ni\u0105 wszystko, co dzieje si\u0119 w jej najbli\u017cszym otoczeniu, w tym tak\u017ce czynniki akustyczne &ndash; d\u017awi\u0119ki i muzyka. [&hellip;]<\/p>\n","protected":false},"featured_media":0,"template":"","meta":{"_acf_changed":false,"inline_featured_image":false},"product_brand":[],"product_cat":[15],"product_tag":[],"class_list":{"0":"post-4373","1":"product","2":"type-product","3":"status-publish","5":"product_cat-bez-kategorii","7":"first","8":"outofstock","9":"virtual","10":"purchasable","11":"product-type-simple"},"acf":[],"_links":{"self":[{"href":"https:\/\/nospr.org.pl\/sklep\/wp-json\/wp\/v2\/product\/4373","targetHints":{"allow":["GET"]}}],"collection":[{"href":"https:\/\/nospr.org.pl\/sklep\/wp-json\/wp\/v2\/product"}],"about":[{"href":"https:\/\/nospr.org.pl\/sklep\/wp-json\/wp\/v2\/types\/product"}],"wp:attachment":[{"href":"https:\/\/nospr.org.pl\/sklep\/wp-json\/wp\/v2\/media?parent=4373"}],"wp:term":[{"taxonomy":"product_brand","embeddable":true,"href":"https:\/\/nospr.org.pl\/sklep\/wp-json\/wp\/v2\/product_brand?post=4373"},{"taxonomy":"product_cat","embeddable":true,"href":"https:\/\/nospr.org.pl\/sklep\/wp-json\/wp\/v2\/product_cat?post=4373"},{"taxonomy":"product_tag","embeddable":true,"href":"https:\/\/nospr.org.pl\/sklep\/wp-json\/wp\/v2\/product_tag?post=4373"}],"curies":[{"name":"wp","href":"https:\/\/api.w.org\/{rel}","templated":true}]}}