{"id":4367,"date":"2024-09-23T14:54:38","date_gmt":"2024-09-23T12:54:38","guid":{"rendered":"https:\/\/nospr.org.pl\/sklep\/produkt\/aukso-fantazja-filmowa-aukso-i-hadrian-filip-tabecki\/"},"modified":"2025-02-01T18:27:34","modified_gmt":"2025-02-01T17:27:34","slug":"aukso-fantazja-filmowa-aukso-i-hadrian-filip-tabecki","status":"publish","type":"product","link":"https:\/\/nospr.org.pl\/sklep\/produkt\/aukso-fantazja-filmowa-aukso-i-hadrian-filip-tabecki\/","title":{"rendered":"AUKSO \/ Muzyka filmowa"},"content":{"rendered":"<\/p>\n<p>Zastanawiali\u015bcie si\u0119 kiedy\u015b, sk\u0105d wzi\u0105\u0142 si\u0119 fenomen koncert&oacute;w z muzyk\u0105 filmow\u0105? A mo\u017ce zachwycanie si\u0119 melodiami, kt&oacute;re kojarz\u0105 nam si\u0119 z obrazami i akcj\u0105, wcale nie jest niczym nowym?\u202f&nbsp;<\/p>\n<p>W muzyce baroku czy romantyzmu a\u017c roi si\u0119 od przedstawie\u0144 opowie\u015bci, legend i mit&oacute;w, kt&oacute;rymi wtedy \u017cy\u0142o spo\u0142ecze\u0144stwo. Kiedy odnajdujemy w muzyce symbole znane z epickich historii czy p\u0142omiennych romans&oacute;w, powracaj\u0105 emocje, kt&oacute;re prze\u017cywali\u015bmy, kiedy \u015bledzili\u015bmy t\u0119 opowie\u015b\u0107 po raz pierwszy.&nbsp;<\/p>\n<p>Muzyka filmowa daje nam osza\u0142amiaj\u0105cy kalejdoskop wra\u017ce\u0144 w tym zakresie. Na pa\u017adziernikowym koncercie czeka nas <em>the best of the best<\/em> ostatnich o\u015bmiu dekad tego gatunku.&nbsp;Wszystko to w doskona\u0142ym wykonaniu muzyk&oacute;w AUKSO pod batut\u0105 Marka Mosia oraz z go\u015bcinnym udzia\u0142em kompozytora i aran\u017cera Hadriana Filipa Tab\u0119ckiego i wokalistki Anny Ozner.&nbsp;&nbsp;<\/p>\n<p><strong>Szymon Maliszewski&nbsp;<\/strong><\/p>\n<p><strong>Czas trwania koncertu:&nbsp;<\/strong>ok. 90 minut<\/p>\n<p>Ten koncert mo\u017ce by\u0107 cz\u0119\u015bci\u0105 &bdquo;Mojego karnetu&rdquo;. Sprawd\u017a szczeg&oacute;\u0142y i&nbsp;skomponuj &bdquo;M&oacute;j karnet&rdquo; dowolnie, wybieraj\u0105c spo\u015br&oacute;d koncert&oacute;w r&oacute;\u017cnych serii w&nbsp;sali kameralnej i&nbsp;koncertowej&nbsp;&ndash;&nbsp;<a data-saferedirecturl=\"https:\/\/www.google.com\/url?q=https:\/\/nospr.org.pl\/pl\/bilety\/karnety&amp;source=gmail&amp;ust=1723281251587000&amp;usg=AOvVaw2RSVYwnVUgEAw58q7DRuz2\" href=\"https:\/\/nospr.org.pl\/pl\/bilety\/karnety\" id=\"m_-3889879143875925711OWA1d2b3744-e249-6474-5e67-ef94c3ee5f60\" target=\"_blank\" rel=\"noopener\">wi\u0119cej informacji<\/a>.<\/p>\n<p><strong>Prosimy o&nbsp;zapoznanie&nbsp;si\u0119 z&nbsp;informacjami dotycz\u0105cymi parking&oacute;w w&nbsp;Strefie Kultury &ndash;&nbsp;<\/strong><strong><a data-saferedirecturl=\"https:\/\/www.google.com\/url?q=https:\/\/nospr.org.pl\/pl\/aktualnosci\/wazne-informacje-o-parkingach&amp;source=gmail&amp;ust=1723197131387000&amp;usg=AOvVaw1yPiY3uULhY_GTIGE_VJSo\" href=\"https:\/\/nospr.org.pl\/pl\/aktualnosci\/wazne-informacje-o-parkingach\" id=\"m_1070481786903339264OWA583604c9-0f4f-ad5b-11a4-dd99db6c3bd6\" rel=\"noopener noreferrer\" target=\"_blank\">wa\u017cne informacje o&nbsp;parkingach<\/a><\/strong><\/p>\n<p><strong>Wszystko, co musisz wiedzie\u0107 przed wizyt\u0105 w&nbsp;NOSPR&nbsp;&ndash;&nbsp;<\/strong><strong><a data-saferedirecturl=\"https:\/\/www.google.com\/url?q=https:\/\/nospr.org.pl\/pl\/aktualnosci\/wszystko-co-musisz-wiedziec-przed-wizyta-w-nospr&amp;source=gmail&amp;ust=1723197131387000&amp;usg=AOvVaw0kMCs8oxFkm9XaUCfC6DH5\" href=\"https:\/\/nospr.org.pl\/pl\/aktualnosci\/wszystko-co-musisz-wiedziec-przed-wizyta-w-nospr\" id=\"m_1070481786903339264OWAe5e18766-eadf-e987-1d68-0e1e53dd4c36\" rel=\"noopener noreferrer\" target=\"_blank\">wskaz&oacute;wki dla uczestnik&oacute;w wydarze\u0144<\/a><\/strong><strong>.<\/strong><\/p>\n","protected":false},"excerpt":{"rendered":"<p>Zastanawiali\u015bcie si\u0119 kiedy\u015b, sk\u0105d wzi\u0105\u0142 si\u0119 fenomen koncert&oacute;w z muzyk\u0105 filmow\u0105? A mo\u017ce zachwycanie si\u0119 melodiami, kt&oacute;re kojarz\u0105 nam si\u0119 z obrazami i akcj\u0105, wcale nie jest niczym nowym?\u202f&nbsp; W muzyce baroku czy romantyzmu a\u017c roi si\u0119 od przedstawie\u0144 opowie\u015bci, legend i mit&oacute;w, kt&oacute;rymi wtedy \u017cy\u0142o spo\u0142ecze\u0144stwo. Kiedy odnajdujemy w muzyce symbole znane z epickich [&hellip;]<\/p>\n","protected":false},"featured_media":0,"template":"","meta":{"_acf_changed":false,"inline_featured_image":false},"product_brand":[],"product_cat":[118,121],"product_tag":[],"class_list":{"0":"post-4367","1":"product","2":"type-product","3":"status-publish","5":"product_cat-cat_162","6":"product_cat-cat_166","8":"first","9":"outofstock","10":"virtual","11":"purchasable","12":"product-type-simple"},"acf":[],"_links":{"self":[{"href":"https:\/\/nospr.org.pl\/sklep\/wp-json\/wp\/v2\/product\/4367","targetHints":{"allow":["GET"]}}],"collection":[{"href":"https:\/\/nospr.org.pl\/sklep\/wp-json\/wp\/v2\/product"}],"about":[{"href":"https:\/\/nospr.org.pl\/sklep\/wp-json\/wp\/v2\/types\/product"}],"wp:attachment":[{"href":"https:\/\/nospr.org.pl\/sklep\/wp-json\/wp\/v2\/media?parent=4367"}],"wp:term":[{"taxonomy":"product_brand","embeddable":true,"href":"https:\/\/nospr.org.pl\/sklep\/wp-json\/wp\/v2\/product_brand?post=4367"},{"taxonomy":"product_cat","embeddable":true,"href":"https:\/\/nospr.org.pl\/sklep\/wp-json\/wp\/v2\/product_cat?post=4367"},{"taxonomy":"product_tag","embeddable":true,"href":"https:\/\/nospr.org.pl\/sklep\/wp-json\/wp\/v2\/product_tag?post=4367"}],"curies":[{"name":"wp","href":"https:\/\/api.w.org\/{rel}","templated":true}]}}