{"id":4358,"date":"2024-09-23T14:54:37","date_gmt":"2024-09-23T12:54:37","guid":{"rendered":"https:\/\/nospr.org.pl\/sklep\/produkt\/muzyka-choralna-camerata-silesia-i-nemesis\/"},"modified":"2025-02-01T18:27:39","modified_gmt":"2025-02-01T17:27:39","slug":"muzyka-choralna-camerata-silesia-i-nemesis","status":"publish","type":"product","link":"https:\/\/nospr.org.pl\/sklep\/produkt\/muzyka-choralna-camerata-silesia-i-nemesis\/","title":{"rendered":"Camerata Silesia \/ Nemesis \/ Muzyka mindfulness \/ Hipnotyzuj\u0105ca i transcendentalna"},"content":{"rendered":"<\/p>\n<p>Kompozycje Arvo P&auml;rta i Gii Kanczelego przesycone s\u0105 g\u0142\u0119bok\u0105 refleksj\u0105 nad sensem \u017cycia, poruszaj\u0105 uniwersalne kwestie ludzkich do\u015bwiadcze\u0144. Ich wszechobecny minimalizm tworzy przestrze\u0144 do introspekcji i medytacji, pozwala na osi\u0105gni\u0119cie skupienia, kt&oacute;re niesie ze sob\u0105 element metafizyki. W kontek\u015bcie wsp&oacute;\u0142czesnych konflikt&oacute;w, niepokoj&oacute;w, a nawet modnych trend&oacute;w mindfulness ta muzyka pozwala skupi\u0107 si\u0119 na tym, co naprawd\u0119 wa\u017cne i pi\u0119kne. Otwiera przed s\u0142uchaczami przestrze\u0144 do refleksji nad w\u0142asnym \u017cyciem i otaczaj\u0105cym \u015bwiatem.&nbsp;<\/p>\n<p>Fratres Arvo P&auml;rta, jedno z jego najbardziej znanych dzie\u0142, doczeka\u0142o si\u0119 wielu aran\u017cacji na r&oacute;\u017cne sk\u0142ady instrumentalne. Wersja na kwartet smyczkowy jest wyj\u0105tkowa: wzmacnia hipnotyzuj\u0105cy i transcendentalny wyd\u017awi\u0119k utworu, otwieraj\u0105c nowe mo\u017cliwo\u015bci interpretacji. Tytu\u0142 dzie\u0142a Amao Omi Gii Kanczelego w j\u0119zyku gruzi\u0144skim oznacza &bdquo;wojna bezsens&oacute;w&rdquo;. Odzwierciedla zaanga\u017cowanie kompozytora w szerzenie pacyfizmu oraz refleksje nad ludzk\u0105 brutalno\u015bci\u0105 i absurdem wojny.&nbsp;&nbsp;<\/p>\n<p><strong>Alexandra Kozowicz<\/strong><\/p>\n<p><strong>Czas trwania koncertu:&nbsp;<\/strong>ok. 60 minut<\/p>\n<p><em>Posiadacze abonamentu NOSPR kupi\u0105 bilet na ten koncert 30% taniej! Zni\u017cka nie \u0142\u0105czy si\u0119 z ofert\u0105 M&oacute;j Karnet. Pula bilet&oacute;w jest ograniczona. Oferta dost\u0119pna w kasach oraz poprzez rezerwacje telefoniczne.<\/em><\/p>\n<p>Ten koncert mo\u017ce by\u0107 cz\u0119\u015bci\u0105 &bdquo;Mojego karnetu&rdquo;. Sprawd\u017a szczeg&oacute;\u0142y i&nbsp;skomponuj &bdquo;M&oacute;j karnet&rdquo; dowolnie, wybieraj\u0105c spo\u015br&oacute;d koncert&oacute;w r&oacute;\u017cnych serii w&nbsp;sali kameralnej i&nbsp;koncertowej&nbsp;&ndash;&nbsp;<a data-saferedirecturl=\"https:\/\/www.google.com\/url?q=https:\/\/nospr.org.pl\/pl\/bilety\/karnety&amp;source=gmail&amp;ust=1723281251587000&amp;usg=AOvVaw2RSVYwnVUgEAw58q7DRuz2\" href=\"https:\/\/nospr.org.pl\/pl\/bilety\/karnety\" id=\"m_-3889879143875925711OWA1d2b3744-e249-6474-5e67-ef94c3ee5f60\" target=\"_blank\">wi\u0119cej informacji<\/a>.<\/p>\n<p><strong>Prosimy o&nbsp;zapoznanie&nbsp;si\u0119 z&nbsp;informacjami dotycz\u0105cymi parking&oacute;w w&nbsp;Strefie Kultury &ndash;&nbsp;<\/strong><strong><a data-saferedirecturl=\"https:\/\/www.google.com\/url?q=https:\/\/nospr.org.pl\/pl\/aktualnosci\/wazne-informacje-o-parkingach&amp;source=gmail&amp;ust=1723197131387000&amp;usg=AOvVaw1yPiY3uULhY_GTIGE_VJSo\" href=\"https:\/\/nospr.org.pl\/pl\/aktualnosci\/wazne-informacje-o-parkingach\" id=\"m_1070481786903339264OWA583604c9-0f4f-ad5b-11a4-dd99db6c3bd6\" rel=\"noopener noreferrer\" target=\"_blank\">wa\u017cne informacje o&nbsp;parkingach<\/a><\/strong><\/p>\n<p><strong>Wszystko, co musisz wiedzie\u0107 przed wizyt\u0105 w&nbsp;NOSPR&nbsp;&ndash;&nbsp;<\/strong><strong><a data-saferedirecturl=\"https:\/\/www.google.com\/url?q=https:\/\/nospr.org.pl\/pl\/aktualnosci\/wszystko-co-musisz-wiedziec-przed-wizyta-w-nospr&amp;source=gmail&amp;ust=1723197131387000&amp;usg=AOvVaw0kMCs8oxFkm9XaUCfC6DH5\" href=\"https:\/\/nospr.org.pl\/pl\/aktualnosci\/wszystko-co-musisz-wiedziec-przed-wizyta-w-nospr\" id=\"m_1070481786903339264OWAe5e18766-eadf-e987-1d68-0e1e53dd4c36\" rel=\"noopener noreferrer\" target=\"_blank\">wskaz&oacute;wki dla uczestnik&oacute;w wydarze\u0144<\/a><\/strong><strong>.<\/strong><\/p>\n","protected":false},"excerpt":{"rendered":"<p>Kompozycje Arvo P&auml;rta i Gii Kanczelego przesycone s\u0105 g\u0142\u0119bok\u0105 refleksj\u0105 nad sensem \u017cycia, poruszaj\u0105 uniwersalne kwestie ludzkich do\u015bwiadcze\u0144. Ich wszechobecny minimalizm tworzy przestrze\u0144 do introspekcji i medytacji, pozwala na osi\u0105gni\u0119cie skupienia, kt&oacute;re niesie ze sob\u0105 element metafizyki. W kontek\u015bcie wsp&oacute;\u0142czesnych konflikt&oacute;w, niepokoj&oacute;w, a nawet modnych trend&oacute;w mindfulness ta muzyka pozwala skupi\u0107 si\u0119 na tym, co [&hellip;]<\/p>\n","protected":false},"featured_media":0,"template":"","meta":{"_acf_changed":false,"inline_featured_image":false},"product_brand":[],"product_cat":[118,128],"product_tag":[],"class_list":{"0":"post-4358","1":"product","2":"type-product","3":"status-publish","5":"product_cat-cat_162","6":"product_cat-cat_175","8":"first","9":"outofstock","10":"virtual","11":"purchasable","12":"product-type-simple"},"acf":[],"_links":{"self":[{"href":"https:\/\/nospr.org.pl\/sklep\/wp-json\/wp\/v2\/product\/4358","targetHints":{"allow":["GET"]}}],"collection":[{"href":"https:\/\/nospr.org.pl\/sklep\/wp-json\/wp\/v2\/product"}],"about":[{"href":"https:\/\/nospr.org.pl\/sklep\/wp-json\/wp\/v2\/types\/product"}],"wp:attachment":[{"href":"https:\/\/nospr.org.pl\/sklep\/wp-json\/wp\/v2\/media?parent=4358"}],"wp:term":[{"taxonomy":"product_brand","embeddable":true,"href":"https:\/\/nospr.org.pl\/sklep\/wp-json\/wp\/v2\/product_brand?post=4358"},{"taxonomy":"product_cat","embeddable":true,"href":"https:\/\/nospr.org.pl\/sklep\/wp-json\/wp\/v2\/product_cat?post=4358"},{"taxonomy":"product_tag","embeddable":true,"href":"https:\/\/nospr.org.pl\/sklep\/wp-json\/wp\/v2\/product_tag?post=4358"}],"curies":[{"name":"wp","href":"https:\/\/api.w.org\/{rel}","templated":true}]}}