{"id":4356,"date":"2024-09-23T14:54:36","date_gmt":"2024-09-23T12:54:36","guid":{"rendered":"https:\/\/nospr.org.pl\/sklep\/produkt\/china-moses-jazzowo-soulowe-serce\/"},"modified":"2025-02-01T18:27:40","modified_gmt":"2025-02-01T17:27:40","slug":"china-moses-jazzowo-soulowe-serce","status":"publish","type":"product","link":"https:\/\/nospr.org.pl\/sklep\/produkt\/china-moses-jazzowo-soulowe-serce\/","title":{"rendered":"CHINA MOSES &#8211; JAZZOWO-SOULOWE SERCE"},"content":{"rendered":"<p><span><span><span><span><span><span>Wychowywana w artystycznym \u015brodowisku, gdy\u017c jej matk\u0105 jest Dee Dee Bridgewater, a ojcem &#8211; re\u017cyser Gilbert Moses &#8211; od najm\u0142odszych lat pr&oacute;bowa\u0142a swoich si\u0142 na deskach teatr&oacute;w, w modelingu, a tak\u017ce przed mikrofonem. I to w\u0142a\u015bnie \u015bpiewanie sta\u0142o si\u0119 g\u0142&oacute;wn\u0105 profesj\u0105 Chiny. Pierwszy singiel nagra\u0142a jako 18. letnia dziewczyna. Zaczyna\u0142a od popularnego w&oacute;wczas R&amp;B.<\/span><\/span><\/span><\/span><\/span><\/span><\/p>\n<p><span><span><span><span><span><span>W miar\u0119 up\u0142ywu lat China Moses powoli dodawa\u0142a elementy bluesowo-jazzowe do swojego repertuaru. Kulminacj\u0105 dla tych upodoba\u0144 okaza\u0142 si\u0119 album &ndash; &bdquo;Tribute&rdquo;, ku pami\u0119ci Dinah Washington: &bdquo;This one&rsquo;s for Dinah&rdquo; (2009).&nbsp; Podobno, Dee Dee Bridgewater z ma\u0142\u0105 Chin\u0105 odwiedzi\u0142a kiedy\u015b sam\u0105 Din\u0119 Washington w jej garderobie. Artystka spogl\u0105daj\u0105c na ma\u0142\u0105 dziewczynk\u0119 powiedzia\u0142a do Dee Dee: &quot;<em>She&#039;s gonna be a singer. She&#039;s definitely gonna be a singer<\/em>&rdquo;. Przepowiednia spe\u0142ni\u0142a si\u0119, a China Moses zafascynowana sugestywno\u015bci\u0105 bluesowych kompozycji gdy doros\u0142a nagra\u0142a zgrabny tribute ku pami\u0119ci wielkiej Diny Washington.<\/span><\/span><\/span><\/span><\/span><\/span><\/p>\n<p><span><span><span><span><span><span>Jako literalnie &bdquo;obywatelka \u015bwiata&rdquo;, China w ci\u0105gu ostatnich 12 lat wyst\u0105pi\u0142a w ponad 800 koncertach na sze\u015bciu kontynentach. Wyst\u0119powa\u0142a w Ronnie Scott&#039;s, Jazz Caf&eacute;, Barbican Centre i Royal Albert Hall w Londynie, Olympia, UNESCO International Jazz Day i La Cigale w Pary\u017cu, Vienna Konzerthaus, Berlin Opernhaus, Elbphilharmonie i Dresdner Philharmonie w Niemczech oraz Birdland i Nublu w Nowym Jorku. Jedn\u0105 z jej ukrytych umiej\u0119tno\u015bci jest bycie pot\u0119\u017cnym badaczem &#8211; jako artystka koncertuj\u0105ca i nagrywaj\u0105ca, profesjonalistka w dziedzinie transmisji i mi\u0119dzynarodowa edukatorka. Jest cz\u0142onkiem klasy absolwent&oacute;w Young Leader 2013 Fundacji Francusko-Ameryka\u0144skiej, posiada tytu\u0142 Chevalier of St Emilion &amp; Bergerac i wykorzysta\u0142a swoj\u0105 wiedz\u0119 jako panelistka w Montreux Jazz Academy 2020.<\/span><\/span><\/span><\/span><\/span><\/span><\/p>\n<p><span><span><span><span><span><span>Mocny, zmys\u0142owy wokal Chiny Moses, swinguj\u0105ce aran\u017cacje cofaj\u0105ce nas w czasie i zr&oacute;\u017cnicowany charakter: od mglistych ballad, po energetyzuj\u0105ce i taneczne utwory &ndash; to recepta na wspania\u0142y koncert i niezapomniane prze\u017cycia w NOSPR w Katowicach. Polecamy i zapraszamy!<\/span><\/span><\/span><\/span><\/span><\/span><\/p>\n<p><strong><span><span>Czas trwania 80 min.<\/span><\/span><\/strong><\/p>\n<p><img decoding=\"async\" src=\"\/serdelia\/public\/ckeditor\/plugins\/uho_video\/icons\/uho_video.png\" \/><\/p>\n<p><img decoding=\"async\" src=\"\/serdelia\/public\/ckeditor\/plugins\/uho_video\/icons\/uho_video.png\" \/><\/p>\n<p><img decoding=\"async\" src=\"\/serdelia\/public\/ckeditor\/plugins\/uho_video\/icons\/uho_video.png\" \/><\/p>\n<p><strong>Czas trwania koncertu:&nbsp;<\/strong>ok. 90 minut<\/p>\n<p><strong>Prosimy o&nbsp;zapoznanie&nbsp;si\u0119 z&nbsp;informacjami dotycz\u0105cymi parking&oacute;w w&nbsp;Strefie Kultury &ndash;&nbsp;<a data-auth=\"NotApplicable\" data-linkindex=\"0\" href=\"https:\/\/nospr.org.pl\/pl\/aktualnosci\/wazne-informacje-o-parkingach\" id=\"OWA931e56b2-0a48-6a46-9479-cff8b4aebca5\" rel=\"noopener noreferrer\" target=\"_blank\">wa\u017cne informacje o&nbsp;parkingach<\/a><\/strong><\/p>\n<p><strong>Wszystko, co musisz wiedzie\u0107 przed wizyt\u0105 w&nbsp;NOSPR&nbsp;&ndash;&nbsp;<a data-auth=\"NotApplicable\" data-linkindex=\"1\" href=\"https:\/\/nospr.org.pl\/pl\/aktualnosci\/wszystko-co-musisz-wiedziec-przed-wizyta-w-nospr\" id=\"OWA218a2ad4-8b02-0d27-f2d1-88829c177c7c\" rel=\"noopener noreferrer\" target=\"_blank\">wskaz&oacute;wki dla uczestnik&oacute;w wydarze\u0144<\/a>.<\/strong><\/p>\n<p>&nbsp;<\/p>\n","protected":false},"excerpt":{"rendered":"<p>Wychowywana w artystycznym \u015brodowisku, gdy\u017c jej matk\u0105 jest Dee Dee Bridgewater, a ojcem &#8211; re\u017cyser Gilbert Moses &#8211; od najm\u0142odszych lat pr&oacute;bowa\u0142a swoich si\u0142 na deskach teatr&oacute;w, w modelingu, a tak\u017ce przed mikrofonem. I to w\u0142a\u015bnie \u015bpiewanie sta\u0142o si\u0119 g\u0142&oacute;wn\u0105 profesj\u0105 Chiny. Pierwszy singiel nagra\u0142a jako 18. letnia dziewczyna. Zaczyna\u0142a od popularnego w&oacute;wczas R&amp;B. W [&hellip;]<\/p>\n","protected":false},"featured_media":0,"template":"","meta":{"_acf_changed":false,"inline_featured_image":false},"product_brand":[],"product_cat":[147],"product_tag":[],"class_list":{"0":"post-4356","1":"product","2":"type-product","3":"status-publish","5":"product_cat-cat_195","7":"first","8":"outofstock","9":"virtual","10":"purchasable","11":"product-type-simple"},"acf":[],"_links":{"self":[{"href":"https:\/\/nospr.org.pl\/sklep\/wp-json\/wp\/v2\/product\/4356","targetHints":{"allow":["GET"]}}],"collection":[{"href":"https:\/\/nospr.org.pl\/sklep\/wp-json\/wp\/v2\/product"}],"about":[{"href":"https:\/\/nospr.org.pl\/sklep\/wp-json\/wp\/v2\/types\/product"}],"wp:attachment":[{"href":"https:\/\/nospr.org.pl\/sklep\/wp-json\/wp\/v2\/media?parent=4356"}],"wp:term":[{"taxonomy":"product_brand","embeddable":true,"href":"https:\/\/nospr.org.pl\/sklep\/wp-json\/wp\/v2\/product_brand?post=4356"},{"taxonomy":"product_cat","embeddable":true,"href":"https:\/\/nospr.org.pl\/sklep\/wp-json\/wp\/v2\/product_cat?post=4356"},{"taxonomy":"product_tag","embeddable":true,"href":"https:\/\/nospr.org.pl\/sklep\/wp-json\/wp\/v2\/product_tag?post=4356"}],"curies":[{"name":"wp","href":"https:\/\/api.w.org\/{rel}","templated":true}]}}