{"id":4353,"date":"2024-09-23T14:54:36","date_gmt":"2024-09-23T12:54:36","guid":{"rendered":"https:\/\/nospr.org.pl\/sklep\/produkt\/organowa-symfonia-kina-2\/"},"modified":"2025-02-01T18:27:41","modified_gmt":"2025-02-01T17:27:41","slug":"organowa-symfonia-kina-2","status":"publish","type":"product","link":"https:\/\/nospr.org.pl\/sklep\/produkt\/organowa-symfonia-kina-2\/","title":{"rendered":"OrgaNOWA symfonia kina \/ Jeszcze wy\u017cej!"},"content":{"rendered":"<p><strong>Przed koncertem, o 19:45 zapraszamy do sali koncertowej na prelekcj\u0119, kt&oacute;r\u0105 poprowadz\u0105 Anita Skwara oraz&nbsp;Adam Suprynowicz.<\/strong><\/p>\n<p><strong>Harold Lloyd &ndash; trzeci geniusz<\/strong><\/p>\n<p>Oto jedno z najbardziej rozpoznawalnych uj\u0119\u0107 w dziejach kina, a ju\u017c na pewno w historii komedii slapstickowej: m\u0142ody m\u0119\u017cczyzna w garniturze, kapeluszu i rogowych okularach wisi na odrywaj\u0105cej si\u0119 od tarczy minutowej wskaz&oacute;wce ulicznego zegara&hellip; Pod nim, kilkana\u015bcie pi\u0119ter ni\u017cej, k\u0142\u0119bi si\u0119 prawdziwe \u017cycie ameryka\u0144skiego miasta. <em>Jeszcze wy\u017cej<\/em> (<em>Safety Last!<\/em>, 1923, re\u017c. F.C. Newmeyer, S. Taylor) to najs\u0142ynniejszy z film&oacute;w Harolda Lloyda, dzi\u0119ki kt&oacute;remu ten ameryka\u0144ski komik na moment przy\u0107mi\u0142 s\u0142aw\u0105 samego Charliego Chaplina. Dla potomnych pozosta\u0142 jednak &bdquo;trzecim z geniuszy&rdquo; komedii, po Chaplinie i Busterze Keatonie. Cechowa\u0142 go uwodzicielski komizm p\u0142yn\u0105cy z fizyczno\u015bci (ekspresyjne cia\u0142o i&#8230; z\u0119by) oraz \u015bmiechu bezinteresownego &ndash; czystej, szalonej, komediowej gry z \u017cyciem, bez potrzeby naprawiania \u015bwiata (jak u Chaplina). W&nbsp;<em>Jeszcze wy\u017cej<\/em>&nbsp;to maj\u0105ce moc&nbsp;ra\u017cenia \u015bmiechem radosne szale\u0144stwo przetrwa\u0142o 101 lat!&nbsp;Slapstickowe gagi (paniczne ucieczki, gor\u0105czkowe po\u015bcigi, potkni\u0119cia, spadaj\u0105ce drabiny i komedia omy\u0142ek) maj\u0105 zaskakuj\u0105c\u0105 \u015bwie\u017co\u015b\u0107, jak gdyby tamto poczucie humoru zahibernowa\u0142o si\u0119 na nasz u\u017cytek. I jeszcze jedno: ameryka\u0144skie &bdquo;jeszcze wy\u017cej i za wszelk\u0105 cen\u0119&rdquo; &ndash; czy nadal dzia\u0142a?<\/p>\n<p><strong>Anita Skwara<\/strong><\/p>\n<p><strong>Czas trwania koncertu<\/strong>: ok. 80 minut<\/p>\n<p><a href=\"https:\/\/nospr.org.pl\/pl\/kalendarz\/?miesiac=2024-10&amp;cykle=koncerty-organowe-2024-2025\">Sprawd\u017a najbli\u017csze koncerty w&nbsp;tym cyklu<\/a><\/p>\n<p>Ten koncert mo\u017ce by\u0107 cz\u0119\u015bci\u0105 &bdquo;Mojego karnetu&rdquo;. Sprawd\u017a szczeg&oacute;\u0142y i&nbsp;skomponuj &bdquo;M&oacute;j karnet&rdquo; dowolnie, wybieraj\u0105c spo\u015br&oacute;d koncert&oacute;w r&oacute;\u017cnych serii w&nbsp;sali kameralnej i&nbsp;koncertowej&nbsp;&ndash;&nbsp;<a data-saferedirecturl=\"https:\/\/www.google.com\/url?q=https:\/\/nospr.org.pl\/pl\/bilety\/karnety&amp;source=gmail&amp;ust=1723281251587000&amp;usg=AOvVaw2RSVYwnVUgEAw58q7DRuz2\" href=\"https:\/\/nospr.org.pl\/pl\/bilety\/karnety\" id=\"m_-3889879143875925711OWA1d2b3744-e249-6474-5e67-ef94c3ee5f60\" target=\"_blank\">wi\u0119cej informacji<\/a>.<\/p>\n<p><strong>Prosimy o&nbsp;zapoznanie&nbsp;si\u0119 z&nbsp;informacjami dotycz\u0105cymi parking&oacute;w w&nbsp;Strefie Kultury &ndash;&nbsp;<\/strong><strong><a data-saferedirecturl=\"https:\/\/www.google.com\/url?q=https:\/\/nospr.org.pl\/pl\/aktualnosci\/wazne-informacje-o-parkingach&amp;source=gmail&amp;ust=1723197131387000&amp;usg=AOvVaw1yPiY3uULhY_GTIGE_VJSo\" href=\"https:\/\/nospr.org.pl\/pl\/aktualnosci\/wazne-informacje-o-parkingach\" id=\"m_1070481786903339264OWA583604c9-0f4f-ad5b-11a4-dd99db6c3bd6\" rel=\"noopener noreferrer\" target=\"_blank\">wa\u017cne informacje o&nbsp;parkingach<\/a><\/strong><\/p>\n<p><strong>Wszystko, co musisz wiedzie\u0107 przed wizyt\u0105 w&nbsp;NOSPR&nbsp;&ndash;&nbsp;<\/strong><strong><a data-saferedirecturl=\"https:\/\/www.google.com\/url?q=https:\/\/nospr.org.pl\/pl\/aktualnosci\/wszystko-co-musisz-wiedziec-przed-wizyta-w-nospr&amp;source=gmail&amp;ust=1723197131387000&amp;usg=AOvVaw0kMCs8oxFkm9XaUCfC6DH5\" href=\"https:\/\/nospr.org.pl\/pl\/aktualnosci\/wszystko-co-musisz-wiedziec-przed-wizyta-w-nospr\" id=\"m_1070481786903339264OWAe5e18766-eadf-e987-1d68-0e1e53dd4c36\" rel=\"noopener noreferrer\" target=\"_blank\">wskaz&oacute;wki dla uczestnik&oacute;w wydarze\u0144<\/a><\/strong><strong>.<\/strong><\/p>\n","protected":false},"excerpt":{"rendered":"<p>Przed koncertem, o 19:45 zapraszamy do sali koncertowej na prelekcj\u0119, kt&oacute;r\u0105 poprowadz\u0105 Anita Skwara oraz&nbsp;Adam Suprynowicz. Harold Lloyd &ndash; trzeci geniusz Oto jedno z najbardziej rozpoznawalnych uj\u0119\u0107 w dziejach kina, a ju\u017c na pewno w historii komedii slapstickowej: m\u0142ody m\u0119\u017cczyzna w garniturze, kapeluszu i rogowych okularach wisi na odrywaj\u0105cej si\u0119 od tarczy minutowej wskaz&oacute;wce ulicznego [&hellip;]<\/p>\n","protected":false},"featured_media":0,"template":"","meta":{"_acf_changed":false,"inline_featured_image":false},"product_brand":[],"product_cat":[117,118],"product_tag":[],"class_list":{"0":"post-4353","1":"product","2":"type-product","3":"status-publish","5":"product_cat-cat_161","6":"product_cat-cat_162","8":"first","9":"outofstock","10":"virtual","11":"purchasable","12":"product-type-simple"},"acf":[],"_links":{"self":[{"href":"https:\/\/nospr.org.pl\/sklep\/wp-json\/wp\/v2\/product\/4353","targetHints":{"allow":["GET"]}}],"collection":[{"href":"https:\/\/nospr.org.pl\/sklep\/wp-json\/wp\/v2\/product"}],"about":[{"href":"https:\/\/nospr.org.pl\/sklep\/wp-json\/wp\/v2\/types\/product"}],"wp:attachment":[{"href":"https:\/\/nospr.org.pl\/sklep\/wp-json\/wp\/v2\/media?parent=4353"}],"wp:term":[{"taxonomy":"product_brand","embeddable":true,"href":"https:\/\/nospr.org.pl\/sklep\/wp-json\/wp\/v2\/product_brand?post=4353"},{"taxonomy":"product_cat","embeddable":true,"href":"https:\/\/nospr.org.pl\/sklep\/wp-json\/wp\/v2\/product_cat?post=4353"},{"taxonomy":"product_tag","embeddable":true,"href":"https:\/\/nospr.org.pl\/sklep\/wp-json\/wp\/v2\/product_tag?post=4353"}],"curies":[{"name":"wp","href":"https:\/\/api.w.org\/{rel}","templated":true}]}}