{"id":4347,"date":"2024-09-23T14:54:35","date_gmt":"2024-09-23T12:54:35","guid":{"rendered":"https:\/\/nospr.org.pl\/sklep\/produkt\/orkiestry-goscinne-koncert-kammerorchester-basel\/"},"modified":"2025-02-01T18:27:44","modified_gmt":"2025-02-01T17:27:44","slug":"orkiestry-goscinne-koncert-kammerorchester-basel","status":"publish","type":"product","link":"https:\/\/nospr.org.pl\/sklep\/produkt\/orkiestry-goscinne-koncert-kammerorchester-basel\/","title":{"rendered":"Kammerorchester Basel \/ Ren\u00e9 Jacobs \/ Haydn. W poszukiwaniu prawdy"},"content":{"rendered":"<\/p>\n<p>Ren&eacute;\u202fJacobs to jedna z bardziej elektryzuj\u0105cych postaci w \u015brodowisku muzyki dawnej. Dla os&oacute;b, kt&oacute;re nie \u015bledz\u0105 na co dzie\u0144 ideologicznych batalii fan&oacute;w historycznych praktyk wykonawczych, mo\u017ce si\u0119 wydawa\u0107 zaskakuj\u0105ce, jak wiele emocji wzbudzaj\u0105 niekt&oacute;re produkcje belgijskiego dyrygenta i \u015bpiewaka.&nbsp;&nbsp;<\/p>\n<p>W ci\u0105gu p&oacute;\u0142 wieku dzia\u0142alno\u015bci artystycznej Jacobs by\u0142 jednym z g\u0142&oacute;wnych bohater&oacute;w renesansu muzyki dawnej. Najpierw jako znakomity kontratenor specjalizowa\u0142 si\u0119 w nagraniach zapomnianych dzie\u0142 i wzi\u0105\u0142 udzia\u0142 w wielu entuzjastycznie przyj\u0119tych interpretacjach utwor&oacute;w Bacha czy Mozarta.&nbsp;&nbsp;&nbsp;<\/p>\n<p>Dla Jacobsa jako dyrygenta historyczne traktaty i wiedza na temat dawnych praktyk bywaj\u0105 czasem punktem wyj\u015bcia do tego, by ponie\u015b\u0107 si\u0119 swobodnej grze wyobra\u017ani. Dla jednych te pomys\u0142y s\u0105 zbyt odwa\u017cne, w opinii innych natomiast sprawiaj\u0105, \u017ce jego interpretacje s\u0105 bli\u017csze wsp&oacute;\u0142czesnym odbiorcom.&nbsp;&nbsp;<\/p>\n<p>Jak b\u0119dzie w dw&oacute;ch, do\u015b\u0107 odmiennych dzie\u0142ach Haydna? <em>Symfonia e-moll <\/em>wzi\u0119\u0142a sw&oacute;j przydomek <em>\u017ba\u0142obna<\/em> od rzekomej pro\u015bby kompozytora, by woln\u0105 cz\u0119\u015b\u0107 wykona\u0107 na jego w\u0142asnym pogrzebie. Nie ma jednak \u017cadnych \u015bwiadectw, \u017ce zabrzmia\u0142a ani na pogrzebie, ani na innych nabo\u017ce\u0144stwach upami\u0119tniaj\u0105cych tw&oacute;rc\u0119.&nbsp;<\/p>\n<p><em>Missa Cellensis in honorem<\/em> <em>Beatissimae Virginis Mariae<\/em>, zwana r&oacute;wnie\u017c <em>Msz\u0105 cecylia\u0144sk\u0105<\/em>, to jedna z dw&oacute;ch (a w zasadzie trzech) napisanych dla opactwa w Mariazell, jednego z wa\u017cniejszych punkt&oacute;w pielgrzymkowych w Austrii. Pierwsza wersja <em>Mszy<\/em> skomponowanej w 1766 roku sp\u0142on\u0119\u0142a w po\u017carze. Dlatego te\u017c siedem lat p&oacute;\u017aniej Haydn odtworzy\u0142 ca\u0142e dzie\u0142o z pami\u0119ci i rozszerzy\u0142 je do kszta\u0142tu, w kt&oacute;rym przetrwa\u0142o do dzi\u015b.&nbsp;&nbsp;<\/p>\n<p><strong>Szymon Maliszewski&nbsp;<\/strong><\/p>\n<p><strong>Czas trwania koncertu (\u0142\u0105cznie z przerw\u0105)<\/strong>: ok. 120 minut<\/p>\n<p>[EMBED=https:\/\/e.issuu.com\/embed.html?d=ulotka_30-11-2024_issuu&amp;u=polishnationalradiosymphonyorchestra]<\/p>\n<p><strong>Zach\u0119camy do lektury rozmowy z Ren&eacute; Jacobsem w internetowym wydaniu najnowszego dwumiesi\u0119cznika NOSPR: <a href=\"https:\/\/issuu.com\/polishnationalradiosymphonyorchestra\/docs\/dwumiesiecznik_listopad-grudzien_24-25_issuu\">czytaj<\/a><\/strong><\/p>\n<p>[EMBED=https:\/\/e.issuu.com\/embed.html?d=dwumiesiecznik_listopad-grudzien_24-25_issuu&amp;pageNumber=8&amp;u=polishnationalradiosymphonyorchestra]<\/p>\n<p><strong>Prosimy o&nbsp;zapoznanie&nbsp;si\u0119 z&nbsp;informacjami dotycz\u0105cymi parking&oacute;w w&nbsp;Strefie Kultury &ndash;&nbsp;<\/strong><strong><a data-saferedirecturl=\"https:\/\/www.google.com\/url?q=https:\/\/nospr.org.pl\/pl\/aktualnosci\/wazne-informacje-o-parkingach&amp;source=gmail&amp;ust=1723197131387000&amp;usg=AOvVaw1yPiY3uULhY_GTIGE_VJSo\" href=\"https:\/\/nospr.org.pl\/pl\/aktualnosci\/wazne-informacje-o-parkingach\" id=\"m_1070481786903339264OWA583604c9-0f4f-ad5b-11a4-dd99db6c3bd6\" rel=\"noopener noreferrer\" target=\"_blank\">wa\u017cne informacje o&nbsp;parkingach<\/a><\/strong><\/p>\n<p><strong>Wszystko, co musisz wiedzie\u0107 przed wizyt\u0105 w&nbsp;NOSPR&nbsp;&ndash;&nbsp;<\/strong><strong><a data-saferedirecturl=\"https:\/\/www.google.com\/url?q=https:\/\/nospr.org.pl\/pl\/aktualnosci\/wszystko-co-musisz-wiedziec-przed-wizyta-w-nospr&amp;source=gmail&amp;ust=1723197131387000&amp;usg=AOvVaw0kMCs8oxFkm9XaUCfC6DH5\" href=\"https:\/\/nospr.org.pl\/pl\/aktualnosci\/wszystko-co-musisz-wiedziec-przed-wizyta-w-nospr\" id=\"m_1070481786903339264OWAe5e18766-eadf-e987-1d68-0e1e53dd4c36\" rel=\"noopener noreferrer\" target=\"_blank\">wskaz&oacute;wki dla uczestnik&oacute;w wydarze\u0144<\/a><\/strong><strong>.<\/strong><\/p>\n","protected":false},"excerpt":{"rendered":"<p>Ren&eacute;\u202fJacobs to jedna z bardziej elektryzuj\u0105cych postaci w \u015brodowisku muzyki dawnej. Dla os&oacute;b, kt&oacute;re nie \u015bledz\u0105 na co dzie\u0144 ideologicznych batalii fan&oacute;w historycznych praktyk wykonawczych, mo\u017ce si\u0119 wydawa\u0107 zaskakuj\u0105ce, jak wiele emocji wzbudzaj\u0105 niekt&oacute;re produkcje belgijskiego dyrygenta i \u015bpiewaka.&nbsp;&nbsp; W ci\u0105gu p&oacute;\u0142 wieku dzia\u0142alno\u015bci artystycznej Jacobs by\u0142 jednym z g\u0142&oacute;wnych bohater&oacute;w renesansu muzyki dawnej. Najpierw [&hellip;]<\/p>\n","protected":false},"featured_media":0,"template":"","meta":{"_acf_changed":false,"inline_featured_image":false},"product_brand":[],"product_cat":[119,121],"product_tag":[],"class_list":{"0":"post-4347","1":"product","2":"type-product","3":"status-publish","5":"product_cat-cat_163","6":"product_cat-cat_166","8":"first","9":"outofstock","10":"virtual","11":"purchasable","12":"product-type-simple"},"acf":[],"_links":{"self":[{"href":"https:\/\/nospr.org.pl\/sklep\/wp-json\/wp\/v2\/product\/4347","targetHints":{"allow":["GET"]}}],"collection":[{"href":"https:\/\/nospr.org.pl\/sklep\/wp-json\/wp\/v2\/product"}],"about":[{"href":"https:\/\/nospr.org.pl\/sklep\/wp-json\/wp\/v2\/types\/product"}],"wp:attachment":[{"href":"https:\/\/nospr.org.pl\/sklep\/wp-json\/wp\/v2\/media?parent=4347"}],"wp:term":[{"taxonomy":"product_brand","embeddable":true,"href":"https:\/\/nospr.org.pl\/sklep\/wp-json\/wp\/v2\/product_brand?post=4347"},{"taxonomy":"product_cat","embeddable":true,"href":"https:\/\/nospr.org.pl\/sklep\/wp-json\/wp\/v2\/product_cat?post=4347"},{"taxonomy":"product_tag","embeddable":true,"href":"https:\/\/nospr.org.pl\/sklep\/wp-json\/wp\/v2\/product_tag?post=4347"}],"curies":[{"name":"wp","href":"https:\/\/api.w.org\/{rel}","templated":true}]}}