{"id":4343,"date":"2024-09-23T14:54:34","date_gmt":"2024-09-23T12:54:34","guid":{"rendered":"https:\/\/nospr.org.pl\/sklep\/produkt\/jazzklub-oberek-na-jazzowo\/"},"modified":"2025-02-01T18:27:46","modified_gmt":"2025-02-01T17:27:46","slug":"jazzklub-oberek-na-jazzowo","status":"publish","type":"product","link":"https:\/\/nospr.org.pl\/sklep\/produkt\/jazzklub-oberek-na-jazzowo\/","title":{"rendered":"JazzKLUB \/ Oberek na jazzowo \/ Jose Manuel Alb\u00e1n-Ju\u00e1rez"},"content":{"rendered":"<p>Oberki \u0142\u0105czono ju\u017c z jazzem, free i klasyk\u0105, ale takiej kombinacji jeszcze nikt nie wymy\u015bli\u0142. Tr&oacute;jdzielny taniec polskich nizin w muzyce Jos&eacute; Manuela Alb&aacute;na-Ju&aacute;reza spotyka bowiem rytmik\u0119 afroameryka\u0144sk\u0105, a konkretnie z Peru, kraju, z kt&oacute;rego pochodzi ojciec urodzonego w Szczecinie artysty. &bdquo;Dlaczego tak p&oacute;\u017ano!&rdquo; &ndash; chce si\u0119 zakrzykn\u0105\u0107. 25 lat obecno\u015bci na scenie &ndash; od Maanamu, przez \u0141on\u0119 i Radzimira D\u0119bskiego, po orkiestry symfoniczne &ndash; artysta zwie\u0144czy\u0142 w najlepszy mo\u017cliwy spos&oacute;b: prezentuje \u015bwiatu swoj\u0105 najbardziej osobist\u0105 wizj\u0119. W dzieci\u0144stwie Alb&aacute;n-Ju&aacute;rez wakacje sp\u0119dza\u0142 na mazowieckiej wsi i w Peru &ndash; szybko zaobserwowa\u0142 zbie\u017cno\u015b\u0107 muzyki z tych odleg\u0142ych od siebie miejsc. Musica negra y blanca\u202fjest realizacj\u0105 dzieci\u0119cych obserwacji &ndash; poruszaj\u0105c\u0105 i naturaln\u0105, jakby Polski i Peru nie dzieli\u0142o ponad 11 tysi\u0119cy kilometr&oacute;w i kilka stref czasowych.&nbsp;&nbsp;<\/p>\n<p><strong>Tomasz Gregorczyk<\/strong><\/p>\n<p><strong>Czas trwania koncertu:&nbsp;<\/strong>ok. 90 minut<\/p>\n<p><a href=\"https:\/\/nospr.org.pl\/pl\/kalendarz\/?miesiac=2024-10&amp;cykle=jazzklub-2024-2025\">&nbsp;Sprawd\u017a najbli\u017csze koncerty w&nbsp;tym cyklu<\/a><\/p>\n<p>Ten koncert mo\u017ce by\u0107 cz\u0119\u015bci\u0105 &bdquo;Mojego karnetu&rdquo;. Sprawd\u017a szczeg&oacute;\u0142y i&nbsp;skomponuj &bdquo;M&oacute;j karnet&rdquo; dowolnie, wybieraj\u0105c spo\u015br&oacute;d koncert&oacute;w r&oacute;\u017cnych serii w&nbsp;sali kameralnej i&nbsp;koncertowej&nbsp;&ndash;&nbsp;<a data-saferedirecturl=\"https:\/\/www.google.com\/url?q=https:\/\/nospr.org.pl\/pl\/bilety\/karnety&amp;source=gmail&amp;ust=1723281251587000&amp;usg=AOvVaw2RSVYwnVUgEAw58q7DRuz2\" href=\"https:\/\/nospr.org.pl\/pl\/bilety\/karnety\" id=\"m_-3889879143875925711OWA1d2b3744-e249-6474-5e67-ef94c3ee5f60\" target=\"_blank\">wi\u0119cej informacji<\/a>.<\/p>\n<p><strong>Prosimy o&nbsp;zapoznanie&nbsp;si\u0119 z&nbsp;informacjami dotycz\u0105cymi parking&oacute;w w&nbsp;Strefie Kultury &ndash;&nbsp;<\/strong><strong><a data-saferedirecturl=\"https:\/\/www.google.com\/url?q=https:\/\/nospr.org.pl\/pl\/aktualnosci\/wazne-informacje-o-parkingach&amp;source=gmail&amp;ust=1723197131387000&amp;usg=AOvVaw1yPiY3uULhY_GTIGE_VJSo\" href=\"https:\/\/nospr.org.pl\/pl\/aktualnosci\/wazne-informacje-o-parkingach\" id=\"m_1070481786903339264OWA583604c9-0f4f-ad5b-11a4-dd99db6c3bd6\" rel=\"noopener noreferrer\" target=\"_blank\">wa\u017cne informacje o&nbsp;parkingach<\/a><\/strong><\/p>\n<p><strong>Wszystko, co musisz wiedzie\u0107 przed wizyt\u0105 w&nbsp;NOSPR&nbsp;&ndash;&nbsp;<\/strong><strong><a data-saferedirecturl=\"https:\/\/www.google.com\/url?q=https:\/\/nospr.org.pl\/pl\/aktualnosci\/wszystko-co-musisz-wiedziec-przed-wizyta-w-nospr&amp;source=gmail&amp;ust=1723197131387000&amp;usg=AOvVaw0kMCs8oxFkm9XaUCfC6DH5\" href=\"https:\/\/nospr.org.pl\/pl\/aktualnosci\/wszystko-co-musisz-wiedziec-przed-wizyta-w-nospr\" id=\"m_1070481786903339264OWAe5e18766-eadf-e987-1d68-0e1e53dd4c36\" rel=\"noopener noreferrer\" target=\"_blank\">wskaz&oacute;wki dla uczestnik&oacute;w wydarze\u0144<\/a><\/strong><strong>.<\/strong><\/p>\n","protected":false},"excerpt":{"rendered":"<p>Oberki \u0142\u0105czono ju\u017c z jazzem, free i klasyk\u0105, ale takiej kombinacji jeszcze nikt nie wymy\u015bli\u0142. Tr&oacute;jdzielny taniec polskich nizin w muzyce Jos&eacute; Manuela Alb&aacute;na-Ju&aacute;reza spotyka bowiem rytmik\u0119 afroameryka\u0144sk\u0105, a konkretnie z Peru, kraju, z kt&oacute;rego pochodzi ojciec urodzonego w Szczecinie artysty. &bdquo;Dlaczego tak p&oacute;\u017ano!&rdquo; &ndash; chce si\u0119 zakrzykn\u0105\u0107. 25 lat obecno\u015bci na scenie &ndash; od [&hellip;]<\/p>\n","protected":false},"featured_media":0,"template":"","meta":{"_acf_changed":false,"inline_featured_image":false},"product_brand":[],"product_cat":[116,118],"product_tag":[],"class_list":{"0":"post-4343","1":"product","2":"type-product","3":"status-publish","5":"product_cat-cat_160","6":"product_cat-cat_162","8":"first","9":"outofstock","10":"virtual","11":"purchasable","12":"product-type-simple"},"acf":[],"_links":{"self":[{"href":"https:\/\/nospr.org.pl\/sklep\/wp-json\/wp\/v2\/product\/4343","targetHints":{"allow":["GET"]}}],"collection":[{"href":"https:\/\/nospr.org.pl\/sklep\/wp-json\/wp\/v2\/product"}],"about":[{"href":"https:\/\/nospr.org.pl\/sklep\/wp-json\/wp\/v2\/types\/product"}],"wp:attachment":[{"href":"https:\/\/nospr.org.pl\/sklep\/wp-json\/wp\/v2\/media?parent=4343"}],"wp:term":[{"taxonomy":"product_brand","embeddable":true,"href":"https:\/\/nospr.org.pl\/sklep\/wp-json\/wp\/v2\/product_brand?post=4343"},{"taxonomy":"product_cat","embeddable":true,"href":"https:\/\/nospr.org.pl\/sklep\/wp-json\/wp\/v2\/product_cat?post=4343"},{"taxonomy":"product_tag","embeddable":true,"href":"https:\/\/nospr.org.pl\/sklep\/wp-json\/wp\/v2\/product_tag?post=4343"}],"curies":[{"name":"wp","href":"https:\/\/api.w.org\/{rel}","templated":true}]}}