{"id":4338,"date":"2024-09-23T14:54:33","date_gmt":"2024-09-23T12:54:33","guid":{"rendered":"https:\/\/nospr.org.pl\/sklep\/produkt\/moj-karnet-recital-echo-rising-stars\/"},"modified":"2025-02-01T18:27:49","modified_gmt":"2025-02-01T17:27:49","slug":"moj-karnet-recital-echo-rising-stars","status":"publish","type":"product","link":"https:\/\/nospr.org.pl\/sklep\/produkt\/moj-karnet-recital-echo-rising-stars\/","title":{"rendered":"Wirtuozeria i wdzi\u0119k \/ Recital ECHO Rising Stars (koncert odwo\u0142any)"},"content":{"rendered":"<\/p>\n<p><strong>Szanowni Pa\u0144stwo,<\/strong><\/p>\n<p><strong>Z przykro\u015bci\u0105 informujemy, \u017ce z przyczyn niezale\u017cnych od NOSPR, koncert zosta\u0142 odwo\u0142any. Zwrot \u015brodk&oacute;w za bilety zakupione online nast\u0105pi automatycznie. Bilety zakupione w kasach NOSPR mo\u017cna zwr&oacute;ci\u0107 poprzez <a href=\"https:\/\/www.interankiety.pl\/f\/dpZaA1zo\">formularz rozliczenia \u015brodk&oacute;w<\/a> lub wizyt\u0119 w kasach NOSPR.<\/strong><\/p>\n<p>Charles-Marie Widor pozostaje najlepiej znany mi\u0142o\u015bnikom muzyki organowej, ale&nbsp;klarneci\u015bci zawdzi\u0119czaj\u0105 mu Introdukcj\u0119 i Rondo &ndash; utw&oacute;r, w kt&oacute;rym mog\u0105 pokaza\u0107 zar&oacute;wno&nbsp;wirtuozeri\u0119, jak i liryczny wdzi\u0119k. Pierwsza rapsodia Debussy&rsquo;ego to z kolei produkt na&nbsp;zam&oacute;wienie Konserwatorium Paryskiego: utw&oacute;r szkolny, kt&oacute;ry przekroczy\u0142 oczekiwania do&nbsp;tego stopnia, \u017ce kompozytor z satysfakcj\u0105 opracowa\u0142 go p&oacute;\u017aniej na klarnet i orkiestr\u0119.&nbsp;Zachowa\u0142 przy tym specyficzne przymglone brzmienie, dzi\u0119ki kt&oacute;remu nie spos&oacute;b pomyli\u0107&nbsp;solowego instrumentu z \u017cadnym innym.&nbsp;<\/p>\n<p>M\u0142ody wirtuoz Carlos Ferreira spe\u0142nia si\u0119 zar&oacute;wno w pracy w presti\u017cowej Orchestre National&nbsp;de France, jak i w muzyce kameralnej &ndash; w duecie z pianist\u0105 i kompozytorem Pedrem&nbsp;Emanuelem Pereir\u0105, kt&oacute;ry specjalnie dla niego napisa\u0142 pobrzmiewaj\u0105c\u0105 nostalgi\u0105&nbsp;portugalskiego fado suit\u0119 Duas Igrejas. Na ich wsp&oacute;lnej p\u0142ycie znalaz\u0142a si\u0119 te\u017c neoklasyczna&nbsp;Sonatina Josepha Horovitza. Czym jeszcze nas zaskocz\u0105? Dowiemy si\u0119 podczas koncertu.&nbsp;<\/p>\n<p><strong>Adam Suprynowicz&nbsp;<\/strong><\/p>\n<p>Carlos Ferreira wyst\u0105pi w NOSPR w ramach programu&nbsp;ECHO Rising Stars realizowanego przez instytucje zrzeszone w <a aria-label=\"Link European Concert Hall Organisation\" href=\"https:\/\/www.concerthallorganisation.eu\/\" id=\"menur3bl\" rel=\"noreferrer noopener\" target=\"_blank\" title=\"https:\/\/www.concerthallorganisation.eu\/\">European Concert Hall Organisation<\/a>. Klarnecista zosta\u0142 nominowany do programu&nbsp;przez Casa da M&uacute;sica Porto wraz z Funda&ccedil;&atilde;o Gulbenkian Lisbon i&nbsp;Glasshouse International Centre for Music.<\/p>\n<p><strong>Czas trwania koncertu:<\/strong>&nbsp;ok. 80 minut<\/p>\n<p>Ten koncert mo\u017ce by\u0107 cz\u0119\u015bci\u0105 &bdquo;Mojego karnetu&rdquo;. Sprawd\u017a szczeg&oacute;\u0142y i&nbsp;skomponuj &bdquo;M&oacute;j karnet&rdquo; dowolnie, wybieraj\u0105c spo\u015br&oacute;d koncert&oacute;w r&oacute;\u017cnych serii w&nbsp;sali kameralnej i&nbsp;koncertowej&nbsp;&ndash;&nbsp;<a data-saferedirecturl=\"https:\/\/www.google.com\/url?q=https:\/\/nospr.org.pl\/pl\/bilety\/karnety&amp;source=gmail&amp;ust=1723281251587000&amp;usg=AOvVaw2RSVYwnVUgEAw58q7DRuz2\" href=\"https:\/\/nospr.org.pl\/pl\/bilety\/karnety\" id=\"m_-3889879143875925711OWA1d2b3744-e249-6474-5e67-ef94c3ee5f60\" target=\"_blank\">wi\u0119cej informacji<\/a>.<\/p>\n<p><strong>Prosimy o&nbsp;zapoznanie&nbsp;si\u0119 z&nbsp;informacjami dotycz\u0105cymi parking&oacute;w w&nbsp;Strefie Kultury &ndash;&nbsp;<\/strong><strong><a data-saferedirecturl=\"https:\/\/www.google.com\/url?q=https:\/\/nospr.org.pl\/pl\/aktualnosci\/wazne-informacje-o-parkingach&amp;source=gmail&amp;ust=1723197131387000&amp;usg=AOvVaw1yPiY3uULhY_GTIGE_VJSo\" href=\"https:\/\/nospr.org.pl\/pl\/aktualnosci\/wazne-informacje-o-parkingach\" id=\"m_1070481786903339264OWA583604c9-0f4f-ad5b-11a4-dd99db6c3bd6\" rel=\"noopener noreferrer\" target=\"_blank\">wa\u017cne informacje o&nbsp;parkingach<\/a><\/strong><\/p>\n<p><strong>Wszystko, co musisz wiedzie\u0107 przed wizyt\u0105 w&nbsp;NOSPR&nbsp;&ndash;&nbsp;<\/strong><strong><a data-saferedirecturl=\"https:\/\/www.google.com\/url?q=https:\/\/nospr.org.pl\/pl\/aktualnosci\/wszystko-co-musisz-wiedziec-przed-wizyta-w-nospr&amp;source=gmail&amp;ust=1723197131387000&amp;usg=AOvVaw0kMCs8oxFkm9XaUCfC6DH5\" href=\"https:\/\/nospr.org.pl\/pl\/aktualnosci\/wszystko-co-musisz-wiedziec-przed-wizyta-w-nospr\" id=\"m_1070481786903339264OWAe5e18766-eadf-e987-1d68-0e1e53dd4c36\" rel=\"noopener noreferrer\" target=\"_blank\">wskaz&oacute;wki dla uczestnik&oacute;w wydarze\u0144<\/a><\/strong><strong>.<\/strong><\/p>\n","protected":false},"excerpt":{"rendered":"<p>Szanowni Pa\u0144stwo, Z przykro\u015bci\u0105 informujemy, \u017ce z przyczyn niezale\u017cnych od NOSPR, koncert zosta\u0142 odwo\u0142any. Zwrot \u015brodk&oacute;w za bilety zakupione online nast\u0105pi automatycznie. Bilety zakupione w kasach NOSPR mo\u017cna zwr&oacute;ci\u0107 poprzez formularz rozliczenia \u015brodk&oacute;w lub wizyt\u0119 w kasach NOSPR. Charles-Marie Widor pozostaje najlepiej znany mi\u0142o\u015bnikom muzyki organowej, ale&nbsp;klarneci\u015bci zawdzi\u0119czaj\u0105 mu Introdukcj\u0119 i Rondo &ndash; utw&oacute;r, w [&hellip;]<\/p>\n","protected":false},"featured_media":0,"template":"","meta":{"_acf_changed":false,"inline_featured_image":false},"product_brand":[],"product_cat":[120,118],"product_tag":[],"class_list":{"0":"post-4338","1":"product","2":"type-product","3":"status-publish","5":"product_cat-cat_164","6":"product_cat-cat_162","8":"first","9":"outofstock","10":"virtual","11":"purchasable","12":"product-type-simple"},"acf":[],"_links":{"self":[{"href":"https:\/\/nospr.org.pl\/sklep\/wp-json\/wp\/v2\/product\/4338","targetHints":{"allow":["GET"]}}],"collection":[{"href":"https:\/\/nospr.org.pl\/sklep\/wp-json\/wp\/v2\/product"}],"about":[{"href":"https:\/\/nospr.org.pl\/sklep\/wp-json\/wp\/v2\/types\/product"}],"wp:attachment":[{"href":"https:\/\/nospr.org.pl\/sklep\/wp-json\/wp\/v2\/media?parent=4338"}],"wp:term":[{"taxonomy":"product_brand","embeddable":true,"href":"https:\/\/nospr.org.pl\/sklep\/wp-json\/wp\/v2\/product_brand?post=4338"},{"taxonomy":"product_cat","embeddable":true,"href":"https:\/\/nospr.org.pl\/sklep\/wp-json\/wp\/v2\/product_cat?post=4338"},{"taxonomy":"product_tag","embeddable":true,"href":"https:\/\/nospr.org.pl\/sklep\/wp-json\/wp\/v2\/product_tag?post=4338"}],"curies":[{"name":"wp","href":"https:\/\/api.w.org\/{rel}","templated":true}]}}