{"id":4337,"date":"2024-09-23T14:54:33","date_gmt":"2024-09-23T12:54:33","guid":{"rendered":"https:\/\/nospr.org.pl\/sklep\/produkt\/nosowska-i-krol\/"},"modified":"2025-02-01T18:27:49","modified_gmt":"2025-02-01T17:27:49","slug":"nosowska-i-krol","status":"publish","type":"product","link":"https:\/\/nospr.org.pl\/sklep\/produkt\/nosowska-i-krol\/","title":{"rendered":"NOSOWSKA i KR\u00d3L"},"content":{"rendered":"<p>NOSOWSKA i KR&Oacute;L \u0142\u0105cz\u0105 si\u0119 w wyj\u0105tkowy duet! Na jesie\u0144 tego roku zapowiadaj\u0105 wsp&oacute;lny album <strong>&ldquo;Kasia i B\u0142a\u017cej&rdquo;<\/strong> oraz promuj\u0105c\u0105 wydawnictwo tras\u0119 koncertow\u0105 <strong>Jenin-Piaseczno<\/strong>.&nbsp;<\/p>\n<p>Trasa <strong>Jenin-Piaseczno<\/strong> zago\u015bci w kilku najwi\u0119kszych miastach Polski i odb\u0119dzie si\u0119 w najlepszych, zasiadanych salach muzyczno-teatralnych. Wszystko po to, aby s\u0142uchacze w komfortowych warunkach mogli skupi\u0107 si\u0119 na warstwie tekstowej oraz muzycznej nowego albumu &quot;Kasia i B\u0142a\u017cej&quot;, kt&oacute;rego premiera zaplanowana jest na wrzesie\u0144. Podczas trasy Jenin-Piaseczno artystom towarzyszy\u0107 b\u0119dzie zesp&oacute;\u0142, z\u0142o\u017cony z wybitnych instrumentalist&oacute;w oraz wyj\u0105tkowa, zaskakuj\u0105ca oprawa scenograficzna. Audio-wizualna uczta gwarantowana!<\/p>\n<p>Katarzyna Nosowska to wokalistka, tek\u015bciarka, pisarka oraz jedna z najbardziej wyrazistych osobowo\u015bci i artystek w kraju. B\u0142a\u017cej Kr&oacute;l &ndash; muzyk, kompozytor, wokalista, autor tekst&oacute;w. Na wsp&oacute;lnym koncie maj\u0105 ju\u017c \u015bwietn\u0105 wsp&oacute;\u0142prac\u0119 z 2023 roku pt. &quot;M\u0118SKIE GRANIE PRZESTAWIA: NOSOWSKA &ndash; KR&Oacute;L&quot;, gdzie podczas letniej trasy wykonywali <a href=\"http:\/\/m.in\/\">m.in<\/a>. cover Nirvany &quot;Smells Like Teen Spirit&quot; czy &quot;Szklanki&quot; Young Leosi. Nast\u0119pnie, jesieni\u0105 2023 wydali utw&oacute;r &quot;Neodym&quot;. Teraz, efektem pi\u0119knej przyja\u017ani tej dw&oacute;jki artyst&oacute;w, jest album pt. &ldquo;Kasia i B\u0142a\u017cej&rdquo;, kt&oacute;ry uka\u017ce si\u0119 we wrze\u015bniu. Pierwsz\u0105 zapowied\u017a stanowi singiel &ldquo;Mo\u017cna&rdquo;.<\/p>\n<p>&nbsp;<\/p>\n<p><strong>Nosowska:<\/strong><\/p>\n<p><em>B\u0142a\u017cej pilnie strze\u017ce tego, co w nim wra\u017cliwe i ufne. Najbli\u017cej tej strefy mo\u017cna si\u0119 dosta\u0107 chyba w\u0142a\u015bnie wsp&oacute;lnie tworz\u0105c. To moja ukochana p\u0142yta, nigdy nie pracowa\u0142o mi si\u0119 szybciej i bez wysi\u0142ku. Czasem my\u015bl\u0119, \u017ce mi si\u0119 to wszystko przy\u015bni\u0142o, a mo\u017ce jednak nie &ndash; bo p\u0142yta przecie\u017c jest.<\/em><\/p>\n<p><strong>B\u0142a\u017cej Kr&oacute;l:<\/strong><\/p>\n<p><em>Nawet nie wiem kiedy Jenin zacz\u0105\u0142 s\u0105siadowa\u0107 z Piasecznem. Odleg\u0142o\u015b\u0107 440 kilometr&oacute;w pokonywana z pr\u0119dko\u015bci\u0105 &bdquo;kciuk&oacute;w&rdquo;.&nbsp;<\/em><\/p>\n<p><em>Ja to jestem raczej zamkni\u0119ty &ndash; delikatnie pisz\u0105c, ale dzi\u0119ki spotkaniu z Kasi\u0105 i tym piosenkom, p\u0119kni\u0119cie na skorupie znacznie si\u0119 powi\u0119kszy\u0142o. Dzi\u0119ki tym naszym &quot;ma\u0142ym wielkim&quot; rozmowom na wszystkich cz\u0119stotliwo\u015bciach powsta\u0142a ONA &ndash; nasza p\u0142yta. Dzi\u0119kuj\u0119. <\/em><\/p>\n<p><strong>Czas trwania koncertu<\/strong>: ok. 90 minut<\/p>\n<p><strong>Prosimy o&nbsp;zapoznanie&nbsp;si\u0119 z&nbsp;informacjami dotycz\u0105cymi parking&oacute;w w&nbsp;Strefie Kultury &ndash;&nbsp;<a data-auth=\"NotApplicable\" data-linkindex=\"0\" href=\"https:\/\/nospr.org.pl\/pl\/aktualnosci\/wazne-informacje-o-parkingach\" id=\"OWA931e56b2-0a48-6a46-9479-cff8b4aebca5\" rel=\"noopener noreferrer\" target=\"_blank\">wa\u017cne informacje o&nbsp;parkingach<\/a><\/strong><\/p>\n<p><strong>Wszystko, co musisz wiedzie\u0107 przed wizyt\u0105 w&nbsp;NOSPR&nbsp;&ndash;&nbsp;<a data-auth=\"NotApplicable\" data-linkindex=\"1\" href=\"https:\/\/nospr.org.pl\/pl\/aktualnosci\/wszystko-co-musisz-wiedziec-przed-wizyta-w-nospr\" id=\"OWA218a2ad4-8b02-0d27-f2d1-88829c177c7c\" rel=\"noopener noreferrer\" target=\"_blank\">wskaz&oacute;wki dla uczestnik&oacute;w wydarze\u0144<\/a>.<\/strong><\/p>\n","protected":false},"excerpt":{"rendered":"<p>NOSOWSKA i KR&Oacute;L \u0142\u0105cz\u0105 si\u0119 w wyj\u0105tkowy duet! Na jesie\u0144 tego roku zapowiadaj\u0105 wsp&oacute;lny album &ldquo;Kasia i B\u0142a\u017cej&rdquo; oraz promuj\u0105c\u0105 wydawnictwo tras\u0119 koncertow\u0105 Jenin-Piaseczno.&nbsp; Trasa Jenin-Piaseczno zago\u015bci w kilku najwi\u0119kszych miastach Polski i odb\u0119dzie si\u0119 w najlepszych, zasiadanych salach muzyczno-teatralnych. Wszystko po to, aby s\u0142uchacze w komfortowych warunkach mogli skupi\u0107 si\u0119 na warstwie tekstowej oraz [&hellip;]<\/p>\n","protected":false},"featured_media":0,"template":"","meta":{"_acf_changed":false,"inline_featured_image":false},"product_brand":[],"product_cat":[147],"product_tag":[],"class_list":{"0":"post-4337","1":"product","2":"type-product","3":"status-publish","5":"product_cat-cat_195","7":"first","8":"outofstock","9":"virtual","10":"purchasable","11":"product-type-simple"},"acf":[],"_links":{"self":[{"href":"https:\/\/nospr.org.pl\/sklep\/wp-json\/wp\/v2\/product\/4337","targetHints":{"allow":["GET"]}}],"collection":[{"href":"https:\/\/nospr.org.pl\/sklep\/wp-json\/wp\/v2\/product"}],"about":[{"href":"https:\/\/nospr.org.pl\/sklep\/wp-json\/wp\/v2\/types\/product"}],"wp:attachment":[{"href":"https:\/\/nospr.org.pl\/sklep\/wp-json\/wp\/v2\/media?parent=4337"}],"wp:term":[{"taxonomy":"product_brand","embeddable":true,"href":"https:\/\/nospr.org.pl\/sklep\/wp-json\/wp\/v2\/product_brand?post=4337"},{"taxonomy":"product_cat","embeddable":true,"href":"https:\/\/nospr.org.pl\/sklep\/wp-json\/wp\/v2\/product_cat?post=4337"},{"taxonomy":"product_tag","embeddable":true,"href":"https:\/\/nospr.org.pl\/sklep\/wp-json\/wp\/v2\/product_tag?post=4337"}],"curies":[{"name":"wp","href":"https:\/\/api.w.org\/{rel}","templated":true}]}}