{"id":4336,"date":"2024-09-23T14:54:33","date_gmt":"2024-09-23T12:54:33","guid":{"rendered":"https:\/\/nospr.org.pl\/sklep\/produkt\/moj-karnet-rekopis-znaleziony-w-saragossie\/"},"modified":"2025-02-01T18:27:50","modified_gmt":"2025-02-01T17:27:50","slug":"moj-karnet-rekopis-znaleziony-w-saragossie","status":"publish","type":"product","link":"https:\/\/nospr.org.pl\/sklep\/produkt\/moj-karnet-rekopis-znaleziony-w-saragossie\/","title":{"rendered":"Gwiazdy polskiej awangardy \/ Penderecki, G\u00f3recki, Panufnik"},"content":{"rendered":"<p>Krzysztof Penderecki i Henryk Miko\u0142aj G&oacute;recki, w latach 60. gwiazdy awangardowej &bdquo;szko\u0142y polskiej&rdquo;, w kolejnej dekadzie zwr&oacute;cili si\u0119 ku tradycji muzyki klasycznej. Obecne w programie koncertu kompozycje nie wi\u0105\u017c\u0105 si\u0119 jednak z ow\u0105 ewolucj\u0105 styl&oacute;w &ndash; s\u0105 po prostu stylizacjami. Trzy utwory G&oacute;reckiego to mistrzowska odpowied\u017a na zarzut Tadeusza Ochlewskiego, &oacute;wczesnego szefa Polskiego Wydawnictwa Muzycznego, \u017ce awangardowi kompozytorzy nie potrafi\u0105 pisa\u0107 melodii. Suita Pendereckiego jest z\u0142o\u017cona z kompozycji do dw&oacute;ch film&oacute;w: Passacaglia na Kaplic\u0119 Zygmuntowsk\u0105 w re\u017cyserii Zbigniewa Bochenka (1968) oraz R\u0119kopis znaleziony w Saragossie Wojciecha Jerzego Hasa (1964).&nbsp;&nbsp;<\/p>\n<p>Arbor cosmica Andrzeja Panufnika powsta\u0142o z mi\u0142o\u015bci do drzew. W nich upatrywa\u0142 kompozytor uciele\u015bnienie poj\u0119\u0107 estetycznych pi\u0119kna, harmonii, si\u0142y i \u0142adu. Jak\u017ce ekologicznie i aktualnie to brzmi!&nbsp;<\/p>\n<p><strong>Adam Suprynowicz&nbsp;<\/strong><\/p>\n<p><strong>Czas trwania koncertu:<\/strong>&nbsp;ok. 100 minut<\/p>\n<p>Ten koncert mo\u017ce by\u0107 cz\u0119\u015bci\u0105 &bdquo;Mojego karnetu&rdquo;. Sprawd\u017a szczeg&oacute;\u0142y i&nbsp;skomponuj &bdquo;M&oacute;j karnet&rdquo; dowolnie, wybieraj\u0105c spo\u015br&oacute;d koncert&oacute;w r&oacute;\u017cnych serii w&nbsp;sali kameralnej i&nbsp;koncertowej&nbsp;&ndash;&nbsp;<a data-saferedirecturl=\"https:\/\/www.google.com\/url?q=https:\/\/nospr.org.pl\/pl\/bilety\/karnety&amp;source=gmail&amp;ust=1723281251587000&amp;usg=AOvVaw2RSVYwnVUgEAw58q7DRuz2\" href=\"https:\/\/nospr.org.pl\/pl\/bilety\/karnety\" id=\"m_-3889879143875925711OWA1d2b3744-e249-6474-5e67-ef94c3ee5f60\" target=\"_blank\">wi\u0119cej informacji<\/a>.<\/p>\n<p><strong>Prosimy o&nbsp;zapoznanie&nbsp;si\u0119 z&nbsp;informacjami dotycz\u0105cymi parking&oacute;w w&nbsp;Strefie Kultury &ndash;&nbsp;<\/strong><strong><a data-saferedirecturl=\"https:\/\/www.google.com\/url?q=https:\/\/nospr.org.pl\/pl\/aktualnosci\/wazne-informacje-o-parkingach&amp;source=gmail&amp;ust=1723197131387000&amp;usg=AOvVaw1yPiY3uULhY_GTIGE_VJSo\" href=\"https:\/\/nospr.org.pl\/pl\/aktualnosci\/wazne-informacje-o-parkingach\" id=\"m_1070481786903339264OWA583604c9-0f4f-ad5b-11a4-dd99db6c3bd6\" rel=\"noopener noreferrer\" target=\"_blank\">wa\u017cne informacje o&nbsp;parkingach<\/a><\/strong><\/p>\n<p><strong>Wszystko, co musisz wiedzie\u0107 przed wizyt\u0105 w&nbsp;NOSPR&nbsp;&ndash;&nbsp;<\/strong><strong><a data-saferedirecturl=\"https:\/\/www.google.com\/url?q=https:\/\/nospr.org.pl\/pl\/aktualnosci\/wszystko-co-musisz-wiedziec-przed-wizyta-w-nospr&amp;source=gmail&amp;ust=1723197131387000&amp;usg=AOvVaw0kMCs8oxFkm9XaUCfC6DH5\" href=\"https:\/\/nospr.org.pl\/pl\/aktualnosci\/wszystko-co-musisz-wiedziec-przed-wizyta-w-nospr\" id=\"m_1070481786903339264OWAe5e18766-eadf-e987-1d68-0e1e53dd4c36\" rel=\"noopener noreferrer\" target=\"_blank\">wskaz&oacute;wki dla uczestnik&oacute;w wydarze\u0144<\/a><\/strong><strong>.<\/strong><\/p>\n","protected":false},"excerpt":{"rendered":"<p>Krzysztof Penderecki i Henryk Miko\u0142aj G&oacute;recki, w latach 60. gwiazdy awangardowej &bdquo;szko\u0142y polskiej&rdquo;, w kolejnej dekadzie zwr&oacute;cili si\u0119 ku tradycji muzyki klasycznej. Obecne w programie koncertu kompozycje nie wi\u0105\u017c\u0105 si\u0119 jednak z ow\u0105 ewolucj\u0105 styl&oacute;w &ndash; s\u0105 po prostu stylizacjami. Trzy utwory G&oacute;reckiego to mistrzowska odpowied\u017a na zarzut Tadeusza Ochlewskiego, &oacute;wczesnego szefa Polskiego Wydawnictwa Muzycznego, [&hellip;]<\/p>\n","protected":false},"featured_media":0,"template":"","meta":{"_acf_changed":false,"inline_featured_image":false},"product_brand":[],"product_cat":[120,118],"product_tag":[],"class_list":{"0":"post-4336","1":"product","2":"type-product","3":"status-publish","5":"product_cat-cat_164","6":"product_cat-cat_162","8":"first","9":"outofstock","10":"virtual","11":"purchasable","12":"product-type-simple"},"acf":[],"_links":{"self":[{"href":"https:\/\/nospr.org.pl\/sklep\/wp-json\/wp\/v2\/product\/4336","targetHints":{"allow":["GET"]}}],"collection":[{"href":"https:\/\/nospr.org.pl\/sklep\/wp-json\/wp\/v2\/product"}],"about":[{"href":"https:\/\/nospr.org.pl\/sklep\/wp-json\/wp\/v2\/types\/product"}],"wp:attachment":[{"href":"https:\/\/nospr.org.pl\/sklep\/wp-json\/wp\/v2\/media?parent=4336"}],"wp:term":[{"taxonomy":"product_brand","embeddable":true,"href":"https:\/\/nospr.org.pl\/sklep\/wp-json\/wp\/v2\/product_brand?post=4336"},{"taxonomy":"product_cat","embeddable":true,"href":"https:\/\/nospr.org.pl\/sklep\/wp-json\/wp\/v2\/product_cat?post=4336"},{"taxonomy":"product_tag","embeddable":true,"href":"https:\/\/nospr.org.pl\/sklep\/wp-json\/wp\/v2\/product_tag?post=4336"}],"curies":[{"name":"wp","href":"https:\/\/api.w.org\/{rel}","templated":true}]}}