{"id":4335,"date":"2024-09-23T14:54:33","date_gmt":"2024-09-23T12:54:33","guid":{"rendered":"https:\/\/nospr.org.pl\/sklep\/produkt\/muzyka-dawna-oh-trio-koudelkova-degustacja-muzyki-francuskie\/"},"modified":"2025-02-01T18:27:50","modified_gmt":"2025-02-01T17:27:50","slug":"muzyka-dawna-oh-trio-koudelkova-degustacja-muzyki-francuskie","status":"publish","type":"product","link":"https:\/\/nospr.org.pl\/sklep\/produkt\/muzyka-dawna-oh-trio-koudelkova-degustacja-muzyki-francuskie\/","title":{"rendered":"{oh!} TRIO \/ Michaela Koudelkov\u00e1 \/ Degustacja muzyki francuskiej"},"content":{"rendered":"<\/p>\n<p>Ten koncert jest jak degustacja wykwintnych francuskich win: odkrywa przed nami bogactwo muzycznych smak&oacute;w, aromat&oacute;w i nut zawartych w wyrafinowanych kompozycjach francuskich tw&oacute;rc&oacute;w XVII i XVIII wieku.&nbsp;&nbsp;<\/p>\n<p>Z \u0142atwo\u015bci\u0105 mo\u017cna wyobrazi\u0107 sobie, \u017ce <em>Prelude non mesur&eacute;<\/em> Jeana-Henriego d&rsquo;Angleberta otwiera wiecz&oacute;r nutami g\u0142\u0119bokiego, pe\u0142nego zmys\u0142&oacute;w brzmienia. Co podpowie wyobra\u017ania? II Sonata Fran&ccedil;ois Martina przypomina\u0107 b\u0119dzie delikatny smak tanin, kt&oacute;re zbalansowane s\u0105 eleganck\u0105 struktur\u0105. Czy znajdziecie w nim akcenty ciemnych owoc&oacute;w?&nbsp;O <em>Suicie wi\u0119ziennej<\/em> Pierre&rsquo;a Gautiera powiedzieliby\u015bmy, \u017ce przywodzi na my\u015bl nuty d\u0119bowej beczki i sk&oacute;rzanych akcent&oacute;w.&nbsp;<\/p>\n<p>De Villeneuve to kompozytor dziel\u0105cy&nbsp; nazwisko ze s\u0142ynnymi francuskimi winami, i w <em>III Suicie<\/em> ze zbioru <em>Conversations en mani&egrave;re de sonates<\/em> przenosi nas wprost ku istocie wyrafinowanego bladoz\u0142otego trunku, kt&oacute;ry kryje subtelne nuty kwiatowe.&nbsp;<\/p>\n<p><strong>Alexandra Kozowicz<\/strong><\/p>\n<p><strong>Czas trwania koncertu<\/strong>: ok.&nbsp;70 min.<\/p>\n<p><a href=\"https:\/\/nospr.org.pl\/pl\/kalendarz\/?miesiac=2024-10&amp;cykle=muzyka-dawna-2024-2025\">Sprawd\u017a najbli\u017csze koncerty w&nbsp;tym cyklu<\/a><\/p>\n<p>Ten koncert mo\u017ce by\u0107 cz\u0119\u015bci\u0105 &bdquo;Mojego karnetu&rdquo;. Sprawd\u017a szczeg&oacute;\u0142y i&nbsp;skomponuj &bdquo;M&oacute;j karnet&rdquo; dowolnie, wybieraj\u0105c spo\u015br&oacute;d koncert&oacute;w r&oacute;\u017cnych serii w&nbsp;sali kameralnej i&nbsp;koncertowej&nbsp;&ndash;&nbsp;<a data-saferedirecturl=\"https:\/\/www.google.com\/url?q=https:\/\/nospr.org.pl\/pl\/bilety\/karnety&amp;source=gmail&amp;ust=1723281251587000&amp;usg=AOvVaw2RSVYwnVUgEAw58q7DRuz2\" href=\"https:\/\/nospr.org.pl\/pl\/bilety\/karnety\" id=\"m_-3889879143875925711OWA1d2b3744-e249-6474-5e67-ef94c3ee5f60\" target=\"_blank\">wi\u0119cej informacji<\/a>.<\/p>\n<p><strong>Prosimy o&nbsp;zapoznanie&nbsp;si\u0119 z&nbsp;informacjami dotycz\u0105cymi parking&oacute;w w&nbsp;Strefie Kultury &ndash;&nbsp;<\/strong><strong><a data-saferedirecturl=\"https:\/\/www.google.com\/url?q=https:\/\/nospr.org.pl\/pl\/aktualnosci\/wazne-informacje-o-parkingach&amp;source=gmail&amp;ust=1723197131387000&amp;usg=AOvVaw1yPiY3uULhY_GTIGE_VJSo\" href=\"https:\/\/nospr.org.pl\/pl\/aktualnosci\/wazne-informacje-o-parkingach\" id=\"m_1070481786903339264OWA583604c9-0f4f-ad5b-11a4-dd99db6c3bd6\" rel=\"noopener noreferrer\" target=\"_blank\">wa\u017cne informacje o&nbsp;parkingach<\/a><\/strong><\/p>\n<p><strong>Wszystko, co musisz wiedzie\u0107 przed wizyt\u0105 w&nbsp;NOSPR&nbsp;&ndash;&nbsp;<\/strong><strong><a data-saferedirecturl=\"https:\/\/www.google.com\/url?q=https:\/\/nospr.org.pl\/pl\/aktualnosci\/wszystko-co-musisz-wiedziec-przed-wizyta-w-nospr&amp;source=gmail&amp;ust=1723197131387000&amp;usg=AOvVaw0kMCs8oxFkm9XaUCfC6DH5\" href=\"https:\/\/nospr.org.pl\/pl\/aktualnosci\/wszystko-co-musisz-wiedziec-przed-wizyta-w-nospr\" id=\"m_1070481786903339264OWAe5e18766-eadf-e987-1d68-0e1e53dd4c36\" rel=\"noopener noreferrer\" target=\"_blank\">wskaz&oacute;wki dla uczestnik&oacute;w wydarze\u0144<\/a><\/strong><strong>.<\/strong><\/p>\n","protected":false},"excerpt":{"rendered":"<p>Ten koncert jest jak degustacja wykwintnych francuskich win: odkrywa przed nami bogactwo muzycznych smak&oacute;w, aromat&oacute;w i nut zawartych w wyrafinowanych kompozycjach francuskich tw&oacute;rc&oacute;w XVII i XVIII wieku.&nbsp;&nbsp; Z \u0142atwo\u015bci\u0105 mo\u017cna wyobrazi\u0107 sobie, \u017ce Prelude non mesur&eacute; Jeana-Henriego d&rsquo;Angleberta otwiera wiecz&oacute;r nutami g\u0142\u0119bokiego, pe\u0142nego zmys\u0142&oacute;w brzmienia. Co podpowie wyobra\u017ania? II Sonata Fran&ccedil;ois Martina przypomina\u0107 b\u0119dzie delikatny [&hellip;]<\/p>\n","protected":false},"featured_media":0,"template":"","meta":{"_acf_changed":false,"inline_featured_image":false},"product_brand":[],"product_cat":[118,119],"product_tag":[],"class_list":{"0":"post-4335","1":"product","2":"type-product","3":"status-publish","5":"product_cat-cat_162","6":"product_cat-cat_163","8":"first","9":"outofstock","10":"virtual","11":"purchasable","12":"product-type-simple"},"acf":[],"_links":{"self":[{"href":"https:\/\/nospr.org.pl\/sklep\/wp-json\/wp\/v2\/product\/4335","targetHints":{"allow":["GET"]}}],"collection":[{"href":"https:\/\/nospr.org.pl\/sklep\/wp-json\/wp\/v2\/product"}],"about":[{"href":"https:\/\/nospr.org.pl\/sklep\/wp-json\/wp\/v2\/types\/product"}],"wp:attachment":[{"href":"https:\/\/nospr.org.pl\/sklep\/wp-json\/wp\/v2\/media?parent=4335"}],"wp:term":[{"taxonomy":"product_brand","embeddable":true,"href":"https:\/\/nospr.org.pl\/sklep\/wp-json\/wp\/v2\/product_brand?post=4335"},{"taxonomy":"product_cat","embeddable":true,"href":"https:\/\/nospr.org.pl\/sklep\/wp-json\/wp\/v2\/product_cat?post=4335"},{"taxonomy":"product_tag","embeddable":true,"href":"https:\/\/nospr.org.pl\/sklep\/wp-json\/wp\/v2\/product_tag?post=4335"}],"curies":[{"name":"wp","href":"https:\/\/api.w.org\/{rel}","templated":true}]}}