{"id":4334,"date":"2024-09-23T14:54:32","date_gmt":"2024-09-23T12:54:32","guid":{"rendered":"https:\/\/nospr.org.pl\/sklep\/produkt\/nospr-dybal-dervaux-motyw-losu-i-filmowe-suspensy-2\/"},"modified":"2025-02-01T18:27:51","modified_gmt":"2025-02-01T17:27:51","slug":"nospr-dybal-dervaux-motyw-losu-i-filmowe-suspensy","status":"publish","type":"product","link":"https:\/\/nospr.org.pl\/sklep\/produkt\/nospr-dybal-dervaux-motyw-losu-i-filmowe-suspensy\/","title":{"rendered":"NOSPR \/ Dyba\u0142 \/ Dervaux \/ Motyw losu i filmowe suspensy"},"content":{"rendered":"<p><span><span><span><span><span><span>&bdquo;Tak oto los puka do drzwi&rdquo; &ndash; wed\u0142ug anegdoty Beethoven tak opisywa\u0142 s\u0142ynny, dramatycznie dosadny motyw otwieraj\u0105cy jego <em>V Symfoni\u0119<\/em>. Pocz\u0105tkowe d\u017awi\u0119ki uwertury do opery <em>Moc przeznaczenia<\/em> Giuseppe Verdiego podobnie rozbudzaj\u0105 wyobra\u017ani\u0119, wprowadzaj\u0105c z przepychem w opowie\u015b\u0107 o melodramatycznej mi\u0142o\u015bci, a maestro Verdi hojnie nasyci\u0142 j\u0105 intensywnymi kolorami monumentalnej sekcji d\u0119tej. <\/span><\/span><\/span><\/span><\/span><\/span><\/p>\n<p><span><span><span><span><span><span>W\u0142oski styl i wci\u0105gaj\u0105ca narracja nap\u0119dzaj\u0105 tak\u017ce <em>Koncert <\/em>na fagot i orkiestr\u0119 Nino Roty. Urodzony w Mediolanie kompozytor zas\u0142yn\u0105\u0142 dzi\u0119ki muzyce pisanej dla gigant&oacute;w kina &ndash; Felliniego, Viscontiego czy Coppoli. Czy w utworach koncertowych Nino Roty us\u0142yszymy tego samego kompozytora, kt&oacute;ry d\u017awi\u0119kami opowiada\u0142 losy rodziny Corleone? Oczywi\u015bcie! <em>Koncert<\/em> na fagot i orkiestr\u0119 to wci\u0105gaj\u0105ca opowie\u015b\u0107 prowadzona przez szlachetne brzmienie instrumentu solowego, pe\u0142na zwrot&oacute;w akcji, g\u0119stej dramaturgii, a nawet humoru.<\/span><\/span><\/span><\/span><\/span><\/span><\/p>\n<p><span><span><span><span><span><span>Muzyka filmowa bez opami\u0119tania zapo\u017cycza\u0142a si\u0119 w tw&oacute;rczo\u015bci p&oacute;\u017anego romantyzmu. Sam Nino Rota zreszt\u0105 wiele zawdzi\u0119cza Wagnerowi czy Verdiemu, do kt&oacute;rego nale\u017ce\u0107 b\u0119dzie tak\u017ce fina\u0142 koncertu. Podobnie jak muzyka filmowa, kt&oacute;ra w czasach Nino Roty zacz\u0119\u0142a si\u0119 emancypowa\u0107 i podbija\u0107 sale koncertowe, muzyka baletowa z opery <em>Don Carlos<\/em> Verdiego z czasem uniezale\u017cni\u0142a si\u0119 od scen operowych i wybi\u0142a si\u0119 na podleg\u0142o\u015b\u0107 jako dzie\u0142o koncertowe. Instrumentalne partie zachwycaj\u0105 do dzi\u015b epick\u0105 orkiestracj\u0105 i pasjonuj\u0105cym przebiegiem dramaturgicznym, scalonym niemal filmowym suspensem. <\/span><\/span><\/span><\/span><\/span><\/span><\/p>\n<p><strong><span><span><span><span><span><span>Krzysztof Siwo\u0144<\/span><\/span><\/span><\/span><\/span><\/span><\/strong><\/p>\n<p><strong>Czas trwania koncertu:<\/strong>&nbsp;ok. 70 minut<\/p>\n<p><a href=\"https:\/\/nospr.org.pl\/pl\/program\/s3-2024-2025\" id=\"OWAcd5ae762-68b1-ff16-0dc9-d81ca290eaed\" target=\"_blank\">Sprawd\u017a pozosta\u0142e koncerty tej serii<\/a><\/p>\n<p><strong>Wszystko, co musisz wiedzie\u0107 przed wizyt\u0105 w&nbsp;NOSPR&nbsp;&ndash;&nbsp;<a href=\"https:\/\/nospr.org.pl\/pl\/aktualnosci\/wszystko-co-musisz-wiedziec-przed-wizyta-w-nospr\">wskaz&oacute;wki dla uczestnik&oacute;w wydarze\u0144<\/a>.<\/strong><\/p>\n<p>Prosimy o&nbsp;zapoznanie&nbsp;si\u0119 z&nbsp;informacjami dotycz\u0105cymi parking&oacute;w w&nbsp;Strefie Kultury&nbsp;&ndash;&nbsp;<a href=\"https:\/\/nospr.org.pl\/pl\/aktualnosci\/wazne-informacje-o-parkingach\">wa\u017cne informacje o&nbsp;parkingach<\/a><\/p>\n","protected":false},"excerpt":{"rendered":"<p>&bdquo;Tak oto los puka do drzwi&rdquo; &ndash; wed\u0142ug anegdoty Beethoven tak opisywa\u0142 s\u0142ynny, dramatycznie dosadny motyw otwieraj\u0105cy jego V Symfoni\u0119. Pocz\u0105tkowe d\u017awi\u0119ki uwertury do opery Moc przeznaczenia Giuseppe Verdiego podobnie rozbudzaj\u0105 wyobra\u017ani\u0119, wprowadzaj\u0105c z przepychem w opowie\u015b\u0107 o melodramatycznej mi\u0142o\u015bci, a maestro Verdi hojnie nasyci\u0142 j\u0105 intensywnymi kolorami monumentalnej sekcji d\u0119tej. W\u0142oski styl i wci\u0105gaj\u0105ca [&hellip;]<\/p>\n","protected":false},"featured_media":0,"template":"","meta":{"_acf_changed":false,"inline_featured_image":false},"product_brand":[],"product_cat":[130,153],"product_tag":[],"class_list":{"0":"post-4334","1":"product","2":"type-product","3":"status-publish","5":"product_cat-cat_178","6":"product_cat-cat_205","8":"first","9":"outofstock","10":"virtual","11":"purchasable","12":"product-type-simple"},"acf":[],"_links":{"self":[{"href":"https:\/\/nospr.org.pl\/sklep\/wp-json\/wp\/v2\/product\/4334","targetHints":{"allow":["GET"]}}],"collection":[{"href":"https:\/\/nospr.org.pl\/sklep\/wp-json\/wp\/v2\/product"}],"about":[{"href":"https:\/\/nospr.org.pl\/sklep\/wp-json\/wp\/v2\/types\/product"}],"wp:attachment":[{"href":"https:\/\/nospr.org.pl\/sklep\/wp-json\/wp\/v2\/media?parent=4334"}],"wp:term":[{"taxonomy":"product_brand","embeddable":true,"href":"https:\/\/nospr.org.pl\/sklep\/wp-json\/wp\/v2\/product_brand?post=4334"},{"taxonomy":"product_cat","embeddable":true,"href":"https:\/\/nospr.org.pl\/sklep\/wp-json\/wp\/v2\/product_cat?post=4334"},{"taxonomy":"product_tag","embeddable":true,"href":"https:\/\/nospr.org.pl\/sklep\/wp-json\/wp\/v2\/product_tag?post=4334"}],"curies":[{"name":"wp","href":"https:\/\/api.w.org\/{rel}","templated":true}]}}