{"id":4333,"date":"2024-09-23T14:54:32","date_gmt":"2024-09-23T12:54:32","guid":{"rendered":"https:\/\/nospr.org.pl\/sklep\/produkt\/ana-moura-ksiezniczka-fado\/"},"modified":"2025-02-01T18:27:51","modified_gmt":"2025-02-01T17:27:51","slug":"ana-moura-ksiezniczka-fado","status":"publish","type":"product","link":"https:\/\/nospr.org.pl\/sklep\/produkt\/ana-moura-ksiezniczka-fado\/","title":{"rendered":"ANA MOURA &#8211; KSI\u0118\u017bNICZKA FADO"},"content":{"rendered":"<p>Wraz ze swoim nowym albumem Casa Guilhermina, najs\u0142ynniejsza portugalska fadista wkracza na nowy muzyczny grunt. Po tym, jak ponad 10 lat temu zdoby\u0142a s\u0142aw\u0119 dzi\u0119ki albumowi Desfado, staj\u0105c si\u0119 blisk\u0105 przyjaci&oacute;\u0142k\u0105 <strong>Prince&#039;a<\/strong>, kt&oacute;ry j\u0105 uwielbia\u0142, wyst\u0119puj\u0105c na scenie z <strong>Rolling Stonesami<\/strong> i pojawiaj\u0105c si\u0119 w najs\u0142ynniejszych salach koncertowych na ca\u0142ym \u015bwiecie, pandemia da\u0142a Ana Moura d\u0142ugo wyczekiwan\u0105 przerw\u0119 w jej szybkiej i do\u015b\u0107 burzliwej artystycznie karierze. Pami\u0119taj\u0105c muzyk\u0119, kt&oacute;r\u0105 s\u0142ysza\u0142a w domu swoich rodzic&oacute;w, jej matki z Angoli, jej ojca Portugalczyka, zacz\u0119\u0142a odwiedza\u0107 coraz cz\u0119\u015bciej kluby taneczne i ma\u0142e kluby na \u017cywo w Lizbonie, spotykaj\u0105c m\u0142odych muzyk&oacute;w, cz\u0119sto pochodz\u0105cych z Afryki lub poruszaj\u0105cych si\u0119 na scenie muzyki elektronicznej. Zacz\u0119\u0142a pisa\u0107 w\u0142asne piosenki, co rzadko zdarza si\u0119 w karierze piosenkarki fado!<\/p>\n<p>Wraz z m\u0142odymi producentami Pedro Mafama i Pedro Da Linha, Ana Moura napisa\u0142a i nagra\u0142a Casa Guilhermina, nowoczesny popowy album, kt&oacute;ry \u0142\u0105czy tradycj\u0119 fado z afryka\u0144skimi gatunkami, takimi jak semba, morna i kizomba oraz brazylijskimi d\u017awi\u0119kami samby i choro, w intensywnym procesie tw&oacute;rczym. Album charakteryzuje si\u0119 teksturami R&amp;B i bitami kizomby, ale zawiera tak\u017ce reinterpretacje klasycznych fado i tradycyjnych angolskich piosenek. Casa Guilhermina to nazwa domu Any Moury w pobli\u017cu Lizbony, gdzie w ko\u0144cu mog\u0142a sp\u0119dzi\u0107 du\u017co czasu bez ci\u0105g\u0142ego bycia w trasie i gdzie sp\u0119dzi\u0142a miesi\u0105ce odkrywaj\u0105c na nowo swoje angolskie korzenie w wyzwalaj\u0105cym procesie tw&oacute;rczym. Nazwa pochodzi od imienia jej babci, kt&oacute;ra \u015bpiewa\u0142a fado i ta\u0144czy\u0142a do angolskiej muzyki, i kt&oacute;ra g\u0142\u0119boko zainspirowa\u0142a An\u0119 Mour\u0119. Niezapomniana podr&oacute;\u017c przez wszystkie te rytmy to absolutna gratka dla wszystkich mi\u0142o\u015bnik&oacute;w muzyki.<\/p>\n<p><img decoding=\"async\" src=\"\/serdelia\/public\/ckeditor\/plugins\/uho_video\/icons\/uho_video.png\" \/><\/p>\n<p><img decoding=\"async\" src=\"\/serdelia\/public\/ckeditor\/plugins\/uho_video\/icons\/uho_video.png\" \/><\/p>\n<p><img decoding=\"async\" src=\"\/serdelia\/public\/ckeditor\/plugins\/uho_video\/icons\/uho_video.png\" \/><\/p>\n<p><strong>Czas trwania koncertu:<\/strong>&nbsp;ok. 90 minut<\/p>\n<p><strong>Prosimy o&nbsp;zapoznanie&nbsp;si\u0119 z&nbsp;informacjami dotycz\u0105cymi parking&oacute;w w&nbsp;Strefie Kultury &ndash;&nbsp;<a data-auth=\"NotApplicable\" data-linkindex=\"0\" href=\"https:\/\/nospr.org.pl\/pl\/aktualnosci\/wazne-informacje-o-parkingach\" id=\"OWA931e56b2-0a48-6a46-9479-cff8b4aebca5\" rel=\"noopener noreferrer\" target=\"_blank\">wa\u017cne informacje o&nbsp;parkingach<\/a><\/strong><\/p>\n<p><strong>Wszystko, co musisz wiedzie\u0107 przed wizyt\u0105 w&nbsp;NOSPR&nbsp;&ndash;&nbsp;<a data-auth=\"NotApplicable\" data-linkindex=\"1\" href=\"https:\/\/nospr.org.pl\/pl\/aktualnosci\/wszystko-co-musisz-wiedziec-przed-wizyta-w-nospr\" id=\"OWA218a2ad4-8b02-0d27-f2d1-88829c177c7c\" rel=\"noopener noreferrer\" target=\"_blank\">wskaz&oacute;wki dla uczestnik&oacute;w wydarze\u0144<\/a>.<\/strong><\/p>\n","protected":false},"excerpt":{"rendered":"<p>Wraz ze swoim nowym albumem Casa Guilhermina, najs\u0142ynniejsza portugalska fadista wkracza na nowy muzyczny grunt. Po tym, jak ponad 10 lat temu zdoby\u0142a s\u0142aw\u0119 dzi\u0119ki albumowi Desfado, staj\u0105c si\u0119 blisk\u0105 przyjaci&oacute;\u0142k\u0105 Prince&#039;a, kt&oacute;ry j\u0105 uwielbia\u0142, wyst\u0119puj\u0105c na scenie z Rolling Stonesami i pojawiaj\u0105c si\u0119 w najs\u0142ynniejszych salach koncertowych na ca\u0142ym \u015bwiecie, pandemia da\u0142a Ana Moura [&hellip;]<\/p>\n","protected":false},"featured_media":0,"template":"","meta":{"_acf_changed":false,"inline_featured_image":false},"product_brand":[],"product_cat":[147],"product_tag":[],"class_list":{"0":"post-4333","1":"product","2":"type-product","3":"status-publish","5":"product_cat-cat_195","7":"first","8":"outofstock","9":"virtual","10":"purchasable","11":"product-type-simple"},"acf":[],"_links":{"self":[{"href":"https:\/\/nospr.org.pl\/sklep\/wp-json\/wp\/v2\/product\/4333","targetHints":{"allow":["GET"]}}],"collection":[{"href":"https:\/\/nospr.org.pl\/sklep\/wp-json\/wp\/v2\/product"}],"about":[{"href":"https:\/\/nospr.org.pl\/sklep\/wp-json\/wp\/v2\/types\/product"}],"wp:attachment":[{"href":"https:\/\/nospr.org.pl\/sklep\/wp-json\/wp\/v2\/media?parent=4333"}],"wp:term":[{"taxonomy":"product_brand","embeddable":true,"href":"https:\/\/nospr.org.pl\/sklep\/wp-json\/wp\/v2\/product_brand?post=4333"},{"taxonomy":"product_cat","embeddable":true,"href":"https:\/\/nospr.org.pl\/sklep\/wp-json\/wp\/v2\/product_cat?post=4333"},{"taxonomy":"product_tag","embeddable":true,"href":"https:\/\/nospr.org.pl\/sklep\/wp-json\/wp\/v2\/product_tag?post=4333"}],"curies":[{"name":"wp","href":"https:\/\/api.w.org\/{rel}","templated":true}]}}