{"id":4332,"date":"2024-09-23T14:54:32","date_gmt":"2024-09-23T12:54:32","guid":{"rendered":"https:\/\/nospr.org.pl\/sklep\/produkt\/jazzklub-product-may-contain\/"},"modified":"2025-02-01T18:27:52","modified_gmt":"2025-02-01T17:27:52","slug":"jazzklub-product-may-contain","status":"publish","type":"product","link":"https:\/\/nospr.org.pl\/sklep\/produkt\/jazzklub-product-may-contain\/","title":{"rendered":"JazzKLUB \/ Product May Contain \/ Jazzowe indywidualno\u015bci z Grand Prix"},"content":{"rendered":"<\/p>\n<p>Transowo, ambientowo, niejednoznacznie, z odniesieniami do kultury etno i wycieczkami w stron\u0119 muzyki folkowej &ndash; tak brzmi chamber jazz pod palcami najm\u0142odszego pokolenia muzyk&oacute;w. Trio Product May Contain triumfowa\u0142o podczas ubieg\u0142orocznego Jazzu nad Odr\u0105, zdoby\u0142o mi\u0119dzy innymi Grand Prix w konkursie na Indywidualno\u015b\u0107 Jazzow\u0105 im. Wojtka Siwka. Zas\u0142u\u017cone to laury za eksploracj\u0119 nowych artystycznych przestrzeni i poszukiwanie pi\u0119kna o akustycznym wyd\u017awi\u0119ku, za interakcj\u0119, symbioz\u0119 brzmieniow\u0105 i \u015bwie\u017co\u015b\u0107, w kt&oacute;rej pobrzmiewaj\u0105 echa modern jazzu rodem z Sekstetu Komedy. Dow&oacute;d na to, \u017ce w sztuce wci\u0105\u017c mo\u017cliwy jest kompromis pomi\u0119dzy nowo\u015bci\u0105 a poszanowaniem tradycji.&nbsp;<\/p>\n<p><strong>Maria Wilczek-Krupa<\/strong><\/p>\n<p><strong>Czas trwania koncertu:&nbsp;<\/strong>ok. 90 minut<\/p>\n<p><a href=\"https:\/\/nospr.org.pl\/pl\/kalendarz\/?miesiac=2024-10&amp;cykle=jazzklub-2024-2025\">&nbsp;Sprawd\u017a najbli\u017csze koncerty w&nbsp;tym cyklu<\/a><\/p>\n<p>Ten koncert mo\u017ce by\u0107 cz\u0119\u015bci\u0105 &bdquo;Mojego karnetu&rdquo;. Sprawd\u017a szczeg&oacute;\u0142y i&nbsp;skomponuj &bdquo;M&oacute;j karnet&rdquo; dowolnie, wybieraj\u0105c spo\u015br&oacute;d koncert&oacute;w r&oacute;\u017cnych serii w&nbsp;sali kameralnej i&nbsp;koncertowej&nbsp;&ndash;&nbsp;<a data-saferedirecturl=\"https:\/\/www.google.com\/url?q=https:\/\/nospr.org.pl\/pl\/bilety\/karnety&amp;source=gmail&amp;ust=1723281251587000&amp;usg=AOvVaw2RSVYwnVUgEAw58q7DRuz2\" href=\"https:\/\/nospr.org.pl\/pl\/bilety\/karnety\" id=\"m_-3889879143875925711OWA1d2b3744-e249-6474-5e67-ef94c3ee5f60\" target=\"_blank\">wi\u0119cej informacji<\/a>.<\/p>\n<p><strong>Prosimy o&nbsp;zapoznanie&nbsp;si\u0119 z&nbsp;informacjami dotycz\u0105cymi parking&oacute;w w&nbsp;Strefie Kultury &ndash;&nbsp;<\/strong><strong><a data-saferedirecturl=\"https:\/\/www.google.com\/url?q=https:\/\/nospr.org.pl\/pl\/aktualnosci\/wazne-informacje-o-parkingach&amp;source=gmail&amp;ust=1723197131387000&amp;usg=AOvVaw1yPiY3uULhY_GTIGE_VJSo\" href=\"https:\/\/nospr.org.pl\/pl\/aktualnosci\/wazne-informacje-o-parkingach\" id=\"m_1070481786903339264OWA583604c9-0f4f-ad5b-11a4-dd99db6c3bd6\" rel=\"noopener noreferrer\" target=\"_blank\">wa\u017cne informacje o&nbsp;parkingach<\/a><\/strong><\/p>\n<p><strong>Wszystko, co musisz wiedzie\u0107 przed wizyt\u0105 w&nbsp;NOSPR&nbsp;&ndash;&nbsp;<\/strong><strong><a data-saferedirecturl=\"https:\/\/www.google.com\/url?q=https:\/\/nospr.org.pl\/pl\/aktualnosci\/wszystko-co-musisz-wiedziec-przed-wizyta-w-nospr&amp;source=gmail&amp;ust=1723197131387000&amp;usg=AOvVaw0kMCs8oxFkm9XaUCfC6DH5\" href=\"https:\/\/nospr.org.pl\/pl\/aktualnosci\/wszystko-co-musisz-wiedziec-przed-wizyta-w-nospr\" id=\"m_1070481786903339264OWAe5e18766-eadf-e987-1d68-0e1e53dd4c36\" rel=\"noopener noreferrer\" target=\"_blank\">wskaz&oacute;wki dla uczestnik&oacute;w wydarze\u0144<\/a><\/strong><strong>.<\/strong><\/p>\n","protected":false},"excerpt":{"rendered":"<p>Transowo, ambientowo, niejednoznacznie, z odniesieniami do kultury etno i wycieczkami w stron\u0119 muzyki folkowej &ndash; tak brzmi chamber jazz pod palcami najm\u0142odszego pokolenia muzyk&oacute;w. Trio Product May Contain triumfowa\u0142o podczas ubieg\u0142orocznego Jazzu nad Odr\u0105, zdoby\u0142o mi\u0119dzy innymi Grand Prix w konkursie na Indywidualno\u015b\u0107 Jazzow\u0105 im. Wojtka Siwka. Zas\u0142u\u017cone to laury za eksploracj\u0119 nowych artystycznych przestrzeni [&hellip;]<\/p>\n","protected":false},"featured_media":0,"template":"","meta":{"_acf_changed":false,"inline_featured_image":false},"product_brand":[],"product_cat":[116,118],"product_tag":[],"class_list":{"0":"post-4332","1":"product","2":"type-product","3":"status-publish","5":"product_cat-cat_160","6":"product_cat-cat_162","8":"first","9":"outofstock","10":"virtual","11":"purchasable","12":"product-type-simple"},"acf":[],"_links":{"self":[{"href":"https:\/\/nospr.org.pl\/sklep\/wp-json\/wp\/v2\/product\/4332","targetHints":{"allow":["GET"]}}],"collection":[{"href":"https:\/\/nospr.org.pl\/sklep\/wp-json\/wp\/v2\/product"}],"about":[{"href":"https:\/\/nospr.org.pl\/sklep\/wp-json\/wp\/v2\/types\/product"}],"wp:attachment":[{"href":"https:\/\/nospr.org.pl\/sklep\/wp-json\/wp\/v2\/media?parent=4332"}],"wp:term":[{"taxonomy":"product_brand","embeddable":true,"href":"https:\/\/nospr.org.pl\/sklep\/wp-json\/wp\/v2\/product_brand?post=4332"},{"taxonomy":"product_cat","embeddable":true,"href":"https:\/\/nospr.org.pl\/sklep\/wp-json\/wp\/v2\/product_cat?post=4332"},{"taxonomy":"product_tag","embeddable":true,"href":"https:\/\/nospr.org.pl\/sklep\/wp-json\/wp\/v2\/product_tag?post=4332"}],"curies":[{"name":"wp","href":"https:\/\/api.w.org\/{rel}","templated":true}]}}