{"id":4330,"date":"2024-09-23T14:54:32","date_gmt":"2024-09-23T12:54:32","guid":{"rendered":"https:\/\/nospr.org.pl\/sklep\/produkt\/s1-nospr-aslop-lewis-perypetie-antycznych-kochankow\/"},"modified":"2025-02-01T18:27:53","modified_gmt":"2025-02-01T17:27:53","slug":"s1-nospr-aslop-lewis-perypetie-antycznych-kochankow","status":"publish","type":"product","link":"https:\/\/nospr.org.pl\/sklep\/produkt\/s1-nospr-aslop-lewis-perypetie-antycznych-kochankow\/","title":{"rendered":"NOSPR \/ Alsop \/ Lewis \/ Perypetie antycznych kochank\u00f3w"},"content":{"rendered":"<p>Przed koncertem, o&nbsp;godz. 18.30, zapraszamy&nbsp;do sali kameralnej&nbsp;na spotkanie z&nbsp;red. R&oacute;\u017c\u0105 \u015awiatczy\u0144sk\u0105, kt&oacute;ra&nbsp;om&oacute;wi wykonywane&nbsp;tego wieczoru utwory. Wej\u015bcie na prelekcj\u0119 jest bezp\u0142atne, do uczestnictwa w&nbsp;prelekcji uprawnia okazanie karty abonamentowej lub biletu na koncert.<\/p>\n<p><span><span><span>Od precyzji klasycznego rysunku po feeri\u0119 orkiestrowych barw. Na otwarcie <em>Introdukcja i kaprys <\/em>Gra\u017cyny Bacewicz, powojenny neoklasyczny dyptyk wyr&oacute;\u017cniony na Konkursie im. Karola Szymanowskiego. Potem Beethoven ze swego &bdquo;prometejskiego&rdquo; okresu &ndash; w poszukiwaniu nowych dr&oacute;g formalnego rozwoju i \u015brodk&oacute;w muzycznego wyrazu. Jego <em>IV Koncert<\/em> zdumiewa ju\u017c na wst\u0119pie samotnym wej\u015bciem medytuj\u0105cego fortepianu. Ale to w intymnych dialogach \u015brodkowego <em>Andante <\/em>niekt&oacute;rzy doszukuj\u0105 si\u0119 metafizycznych tre\u015bci. Romantycy odnale\u017ali je w postaci Orfeusza b\u0142agaj\u0105cego Furie o zwrot ukochanej. Warto sprawdzi\u0107, dok\u0105d zawiod\u0105 nas dzisiejsze interpretacje. <\/span><\/span><\/span><\/p>\n<p><span><span><span>Nie zawiedzie z pewno\u015bci\u0105 Richard Strauss w quasi-slapstickowej opowie\u015bci o przygodach ludowego awanturnika. Po serii brawurowych eksces&oacute;w jego <em>Dyl Sowizdrza\u0142 <\/em>raz jeszcze spr&oacute;buje zagra\u0107 \u015bmierci na nosie. Czy i tym razem sztuczka si\u0119 uda? Fina\u0142ow\u0105 uczt\u0119 dla zmys\u0142&oacute;w zagwarantuje nam Maurice Ravel, ilustruj\u0105cy sielank\u0119 Longosa kolorami pasterskiej mi\u0142o\u015bci w drugiej z suit orkiestrowych z jego <em>Daphnisa i Chlo<\/em><\/span><\/span><\/span><span class=\"cf01\"><em><span><span>&eacute;<\/span><\/span><\/em><\/span><span><span><span>. Oprawi j\u0105 w ramy bodaj najs\u0142ynniejszego obrazu \u015bwitu, jaki zna historia muzyki, i fina\u0142owych bachanali&oacute;w wie\u0144cz\u0105cych perypetie antycznych kochank&oacute;w. <\/span><\/span><\/span><\/p>\n<p><strong>R&oacute;\u017ca \u015awiatczy\u0144ska&nbsp;<\/strong><\/p>\n<p><strong>Czas trwania koncertu:<\/strong>&nbsp;ok. 100 minut<\/p>\n<p>[EMBED=https:\/\/e.issuu.com\/embed.html?d=ulotka_19-12-2024_issuu&amp;u=polishnationalradiosymphonyorchestra]<\/p>\n<p><a href=\"https:\/\/nospr.org.pl\/pl\/program\/s1-2024-2025\" id=\"OWAc683e7b2-4a00-139c-0bc9-f7b8af7a0de2\" target=\"_blank\">Sprawd\u017a pozosta\u0142e koncerty tej serii<\/a><\/p>\n<p><strong>Wszystko, co musisz wiedzie\u0107 przed wizyt\u0105 w&nbsp;NOSPR&nbsp;&ndash;&nbsp;<a href=\"https:\/\/nospr.org.pl\/pl\/aktualnosci\/wszystko-co-musisz-wiedziec-przed-wizyta-w-nospr\">wskaz&oacute;wki dla uczestnik&oacute;w wydarze\u0144<\/a>.<\/strong><\/p>\n<p>Prosimy o&nbsp;zapoznanie&nbsp;si\u0119 z&nbsp;informacjami dotycz\u0105cymi parking&oacute;w w&nbsp;Strefie Kultury&nbsp;&ndash;&nbsp;<a href=\"https:\/\/nospr.org.pl\/pl\/aktualnosci\/wazne-informacje-o-parkingach\">wa\u017cne informacje o&nbsp;parkingach<\/a><\/p>\n","protected":false},"excerpt":{"rendered":"<p>Przed koncertem, o&nbsp;godz. 18.30, zapraszamy&nbsp;do sali kameralnej&nbsp;na spotkanie z&nbsp;red. R&oacute;\u017c\u0105 \u015awiatczy\u0144sk\u0105, kt&oacute;ra&nbsp;om&oacute;wi wykonywane&nbsp;tego wieczoru utwory. Wej\u015bcie na prelekcj\u0119 jest bezp\u0142atne, do uczestnictwa w&nbsp;prelekcji uprawnia okazanie karty abonamentowej lub biletu na koncert. Od precyzji klasycznego rysunku po feeri\u0119 orkiestrowych barw. Na otwarcie Introdukcja i kaprys Gra\u017cyny Bacewicz, powojenny neoklasyczny dyptyk wyr&oacute;\u017cniony na Konkursie im. Karola Szymanowskiego. [&hellip;]<\/p>\n","protected":false},"featured_media":0,"template":"","meta":{"_acf_changed":false,"inline_featured_image":false},"product_brand":[],"product_cat":[130,151],"product_tag":[],"class_list":{"0":"post-4330","1":"product","2":"type-product","3":"status-publish","5":"product_cat-cat_178","6":"product_cat-cat_203","8":"first","9":"outofstock","10":"virtual","11":"purchasable","12":"product-type-simple"},"acf":[],"_links":{"self":[{"href":"https:\/\/nospr.org.pl\/sklep\/wp-json\/wp\/v2\/product\/4330","targetHints":{"allow":["GET"]}}],"collection":[{"href":"https:\/\/nospr.org.pl\/sklep\/wp-json\/wp\/v2\/product"}],"about":[{"href":"https:\/\/nospr.org.pl\/sklep\/wp-json\/wp\/v2\/types\/product"}],"wp:attachment":[{"href":"https:\/\/nospr.org.pl\/sklep\/wp-json\/wp\/v2\/media?parent=4330"}],"wp:term":[{"taxonomy":"product_brand","embeddable":true,"href":"https:\/\/nospr.org.pl\/sklep\/wp-json\/wp\/v2\/product_brand?post=4330"},{"taxonomy":"product_cat","embeddable":true,"href":"https:\/\/nospr.org.pl\/sklep\/wp-json\/wp\/v2\/product_cat?post=4330"},{"taxonomy":"product_tag","embeddable":true,"href":"https:\/\/nospr.org.pl\/sklep\/wp-json\/wp\/v2\/product_tag?post=4330"}],"curies":[{"name":"wp","href":"https:\/\/api.w.org\/{rel}","templated":true}]}}