{"id":4312,"date":"2024-09-23T14:54:29","date_gmt":"2024-09-23T12:54:29","guid":{"rendered":"https:\/\/nospr.org.pl\/sklep\/produkt\/muzyka-choralna-koncert-cameraty-silesii\/"},"modified":"2025-02-08T19:29:03","modified_gmt":"2025-02-08T18:29:03","slug":"muzyka-choralna-koncert-cameraty-silesii","status":"publish","type":"product","link":"https:\/\/nospr.org.pl\/sklep\/produkt\/muzyka-choralna-koncert-cameraty-silesii\/","title":{"rendered":"Camerata Silesia \/ Kajze mi si\u0119 podzio\u0142? Pie\u015bni z okresu powsta\u0144 na G\u00f3rnym \u015al\u0105sku"},"content":{"rendered":"<\/p>\n<p>Informujemy, \u017ce w zwi\u0105zku z tym, \u017ce&nbsp;<strong>w Spodku i MCK odbywaj\u0105 si\u0119 w dniach 7-9 lutego fina\u0142y turnieju&nbsp;<\/strong><a rel=\"noreferrer noopener\" target=\"_blank\" title=\"ESL%20Intel%20Extreme%20Masters%20Katowice%202025\"><strong>ESL Intel Extreme Masters Katowice 2025<\/strong><\/a><strong>, liczba dost\u0119pnych miejsc parkingowych w<\/strong>&nbsp;<strong>Strefie Kultury mo\u017ce by\u0107 w znacznym stopniu ograniczona.<\/strong><\/p>\n<p>Cho\u0107 wydawa\u0107 by si\u0119 mog\u0142o, \u017ce przemys\u0142owy krajobraz G&oacute;rnego \u015al\u0105ska przy\u0107miewa jego bogactwo kulturowe, to w\u0142a\u015bnie muzyka mo\u017ce stanowi\u0107 najbardziej autentyczne i emocjonalne \u015bwiadectwo jego to\u017csamo\u015bci. Koncert pie\u015bni \u015bl\u0105skich oparty na dzie\u0142ach Witolda Szalonka i aran\u017cacjach Sabiny Meck to wyj\u0105tkowa podr&oacute;\u017c przez histori\u0119 i kultur\u0119 regionu.&nbsp;&nbsp;<\/p>\n<p>Czy znacie \u015bl\u0105skie pie\u015bni ludowe z okresu powsta\u0144 i plebiscytu na G&oacute;rnym \u015al\u0105sku? Utwory takie jak Id\u0105 powsta\u0144cy czy Ju\u017c zachodzi czerwone s\u0142oneczko przenosz\u0105 nas wprost do tamtych czas&oacute;w, ukazuj\u0105c ducha walki i d\u0105\u017cenie mieszka\u0144c&oacute;w do samookre\u015blenia. Te pie\u015bni, \u0142\u0105cz\u0105ce b&oacute;l straty z nadziej\u0105 na lepsz\u0105 przysz\u0142o\u015b\u0107, najpi\u0119kniej \u015bwiadcz\u0105 o silnej to\u017csamo\u015b\u0107 \u015al\u0105zak&oacute;w.&nbsp;<\/p>\n<p>W dobie stara\u0144 o etnolekcie \u015bl\u0105skim i zacierania si\u0119 lokalnych tradycji inicjatywa Cameraty Silesii wydaje si\u0119 ostatnim bastionem ochrony unikalnej kultury \u015al\u0105ska. Ka\u017cdy utw&oacute;r wykonany podczas tego koncertu to przypomnienie o przesz\u0142o\u015bci, kt&oacute;rej echa wci\u0105\u017c rezonuj\u0105 w \u015bl\u0105skiej to\u017csamo\u015bci. Jest to przestrze\u0144, w kt&oacute;rej historia spotyka si\u0119 z tera\u017aniejszo\u015bci\u0105, a lokalne tradycje \u017cyj\u0105 w harmonii z nowoczesnymi interpretacjami, co pozwala na nowo odkrywa\u0107 i docenia\u0107 kulturowe bogactwo G&oacute;rnego \u015al\u0105ska.&nbsp;<\/p>\n<p><strong>[Alexandra Kozowicz]<\/strong><\/p>\n<p><strong>Czas trwania koncertu:<\/strong> ok. 90 minut<\/p>\n<p>Ten koncert mo\u017ce by\u0107 cz\u0119\u015bci\u0105 &bdquo;Mojego karnetu&rdquo;. Sprawd\u017a szczeg&oacute;\u0142y i&nbsp;skomponuj &bdquo;M&oacute;j karnet&rdquo; dowolnie, wybieraj\u0105c spo\u015br&oacute;d koncert&oacute;w r&oacute;\u017cnych serii w&nbsp;sali kameralnej i&nbsp;koncertowej&nbsp;&ndash;&nbsp;<a data-saferedirecturl=\"https:\/\/www.google.com\/url?q=https:\/\/nospr.org.pl\/pl\/bilety\/karnety&amp;source=gmail&amp;ust=1723281251587000&amp;usg=AOvVaw2RSVYwnVUgEAw58q7DRuz2\" href=\"https:\/\/nospr.org.pl\/pl\/bilety\/karnety\" id=\"m_-3889879143875925711OWA1d2b3744-e249-6474-5e67-ef94c3ee5f60\" target=\"_blank\">wi\u0119cej informacji<\/a>.<\/p>\n<p><strong>Prosimy o&nbsp;zapoznanie&nbsp;si\u0119 z&nbsp;informacjami dotycz\u0105cymi parking&oacute;w w&nbsp;Strefie Kultury &ndash;&nbsp;<a data-saferedirecturl=\"https:\/\/www.google.com\/url?q=https:\/\/nospr.org.pl\/pl\/aktualnosci\/wazne-informacje-o-parkingach&amp;source=gmail&amp;ust=1723197131387000&amp;usg=AOvVaw1yPiY3uULhY_GTIGE_VJSo\" href=\"https:\/\/nospr.org.pl\/pl\/aktualnosci\/wazne-informacje-o-parkingach\" id=\"m_1070481786903339264OWA583604c9-0f4f-ad5b-11a4-dd99db6c3bd6\" rel=\"noopener noreferrer\" target=\"_blank\">wa\u017cne informacje o&nbsp;parkingach<\/a><\/strong><\/p>\n<p><strong>Wszystko, co musisz wiedzie\u0107 przed wizyt\u0105 w&nbsp;NOSPR&nbsp;&ndash;&nbsp;<\/strong><strong><a data-saferedirecturl=\"https:\/\/www.google.com\/url?q=https:\/\/nospr.org.pl\/pl\/aktualnosci\/wszystko-co-musisz-wiedziec-przed-wizyta-w-nospr&amp;source=gmail&amp;ust=1723197131387000&amp;usg=AOvVaw0kMCs8oxFkm9XaUCfC6DH5\" href=\"https:\/\/nospr.org.pl\/pl\/aktualnosci\/wszystko-co-musisz-wiedziec-przed-wizyta-w-nospr\" id=\"m_1070481786903339264OWAe5e18766-eadf-e987-1d68-0e1e53dd4c36\" rel=\"noopener noreferrer\" target=\"_blank\">wskaz&oacute;wki dla uczestnik&oacute;w wydarze\u0144<\/a><\/strong><strong>.<\/strong><\/p>\n","protected":false},"excerpt":{"rendered":"<p>Informujemy, \u017ce w zwi\u0105zku z tym, \u017ce&nbsp;w Spodku i MCK odbywaj\u0105 si\u0119 w dniach 7-9 lutego fina\u0142y turnieju&nbsp;ESL Intel Extreme Masters Katowice 2025, liczba dost\u0119pnych miejsc parkingowych w&nbsp;Strefie Kultury mo\u017ce by\u0107 w znacznym stopniu ograniczona. Cho\u0107 wydawa\u0107 by si\u0119 mog\u0142o, \u017ce przemys\u0142owy krajobraz G&oacute;rnego \u015al\u0105ska przy\u0107miewa jego bogactwo kulturowe, to w\u0142a\u015bnie muzyka mo\u017ce stanowi\u0107 najbardziej [&hellip;]<\/p>\n","protected":false},"featured_media":0,"template":"","meta":{"_acf_changed":false,"inline_featured_image":false},"product_brand":[],"product_cat":[118,128],"product_tag":[],"class_list":{"0":"post-4312","1":"product","2":"type-product","3":"status-publish","5":"product_cat-cat_162","6":"product_cat-cat_175","8":"first","9":"instock","10":"virtual","11":"purchasable","12":"product-type-simple"},"acf":[],"_links":{"self":[{"href":"https:\/\/nospr.org.pl\/sklep\/wp-json\/wp\/v2\/product\/4312","targetHints":{"allow":["GET"]}}],"collection":[{"href":"https:\/\/nospr.org.pl\/sklep\/wp-json\/wp\/v2\/product"}],"about":[{"href":"https:\/\/nospr.org.pl\/sklep\/wp-json\/wp\/v2\/types\/product"}],"wp:attachment":[{"href":"https:\/\/nospr.org.pl\/sklep\/wp-json\/wp\/v2\/media?parent=4312"}],"wp:term":[{"taxonomy":"product_brand","embeddable":true,"href":"https:\/\/nospr.org.pl\/sklep\/wp-json\/wp\/v2\/product_brand?post=4312"},{"taxonomy":"product_cat","embeddable":true,"href":"https:\/\/nospr.org.pl\/sklep\/wp-json\/wp\/v2\/product_cat?post=4312"},{"taxonomy":"product_tag","embeddable":true,"href":"https:\/\/nospr.org.pl\/sklep\/wp-json\/wp\/v2\/product_tag?post=4312"}],"curies":[{"name":"wp","href":"https:\/\/api.w.org\/{rel}","templated":true}]}}