{"id":4311,"date":"2024-09-23T14:54:29","date_gmt":"2024-09-23T12:54:29","guid":{"rendered":"https:\/\/nospr.org.pl\/sklep\/produkt\/young-power-new-edition-freedom-celebration-feat-urszula-dud-2\/"},"modified":"2025-02-09T19:29:03","modified_gmt":"2025-02-09T18:29:03","slug":"young-power-new-edition-freedom-celebration-feat-urszula-dud","status":"publish","type":"product","link":"https:\/\/nospr.org.pl\/sklep\/produkt\/young-power-new-edition-freedom-celebration-feat-urszula-dud\/","title":{"rendered":"YOUNG POWER &#8211; NEW EDITION &#8211; FREEDOM CELEBRATION feat. Urszula Dudziak, Micha\u0142 Urbaniak, Kuba Badach, Marcin Wyrostek"},"content":{"rendered":"<p>Informujemy, \u017ce w zwi\u0105zku z tym, \u017ce&nbsp;<strong>w Spodku i MCK odbywaj\u0105 si\u0119 w dniach 7-9 lutego fina\u0142y turnieju&nbsp;<\/strong><a rel=\"noreferrer noopener\" target=\"_blank\" title=\"ESL%20Intel%20Extreme%20Masters%20Katowice%202025\"><strong>ESL Intel Extreme Masters Katowice 2025<\/strong><\/a><strong>, liczba dost\u0119pnych miejsc parkingowych w<\/strong>&nbsp;<strong>Strefie Kultury mo\u017ce by\u0107 w znacznym stopniu ograniczona.<\/strong><\/p>\n<p>Muzyczny kolektyw Young Power pod dow&oacute;dztwem Krzysztofa Popka by\u0142 jednym z&nbsp;najwa\u017cniejszych zjawisk w&nbsp;m\u0142odym polskim jazzie po\u0142owy lat osiemdziesi\u0105tych, przyci\u0105gaj\u0105c i&nbsp;wychowuj\u0105c czo\u0142&oacute;wk\u0119 &oacute;wczesnych scen jazzowej i&nbsp;rockowej, od Piotra Wojtasika i&nbsp;Ziuta Gralaka po Jerzego Piotrowskiego.<br \/>\nFormacja nagrywa\u0142a r&oacute;wnie\u017c z Tomaszem Sta\u0144ko i Micha\u0142em Urbaniakiem.<\/p>\n<p>Wiosn\u0105 1986 r. big-band Young Power z impetem m\u0142odo\u015bci wtargn\u0105\u0142 na scen\u0119 festiwalu Jazz nad Odr\u0105 wywo\u0142uj\u0105c entuzjazm nie tylko publiczno\u015bci, ale i krytyk&oacute;w. Sw&oacute;j sukces przypiecz\u0119towali znakomitym wyst\u0119pem jesieni\u0105 na Jazz Jamboree, tu\u017c po nagraniu pierwszej p\u0142yty.<\/p>\n<p>Zesp&oacute;\u0142, kt&oacute;ry nigdy formalnie nie zosta\u0142 rozwi\u0105zany, powraca do NOSPR w nowej, od\u015bwie\u017conej formule: &bdquo;<strong>Young Power New Edition&rdquo;. <\/strong>Obecnie 15-osobowy zesp&oacute;\u0142 to w po\u0142owie cz\u0142onkowie dawnego sk\u0142adu, a w po\u0142owie m\u0142oda krew, ambitni arty\u015bci. Tworz\u0105 oni pokoleniow\u0105, wybiegaj\u0105c\u0105 w przysz\u0142o\u015b\u0107 zmian\u0119 w otwartym projekcie artystycznym Young Power, zgodnie z jego nieposkromionym duchem.&nbsp;<\/p>\n<p>Nale\u017cy nadmieni\u0107, i\u017c opr&oacute;cz dawnych cz\u0142onk&oacute;w takich jak Krzysztof Popek, Jorgos Skolias, Marcin Pospieszalski, W\u0142odek Kiniorski&nbsp; graj\u0105 w\u0142a\u015bnie najzdolniejsi muzycy z najm\u0142odszego jazzowego pokolenia &#8211; Dawid G\u0142&oacute;wczewski, Cyprian Baszy\u0144ski, Adam Lema\u0144czyk, Pawe\u0142 Dobrowolski.<\/p>\n<p>\nW programie &bdquo;Freedom Celebration&rdquo; opr&oacute;cz starych kompozycji odnajdziemy tak\u017ce nowe, charakterystyczne dla brzmienia zespo\u0142u suity, a zatem free jazz z elementami rocka w najlepszym mo\u017cliwym wykonaniu.<\/p>\n<p>Zapraszamy do NOSPR na projekt Young Power z wyj\u0105tkowymi go\u015b\u0107mi:<\/p>\n<p><strong>Urszula Dudziak<\/strong><\/p>\n<p><strong>Micha\u0142 Urbaniak<\/strong><\/p>\n<p><strong>Kuba Badach<\/strong><\/p>\n<p><strong>Marcin Wyrostek<\/strong><\/p>\n<p><img decoding=\"async\" src=\"\/serdelia\/public\/ckeditor\/plugins\/uho_video\/icons\/uho_video.png\" \/><\/p>\n<p><img decoding=\"async\" src=\"\/serdelia\/public\/ckeditor\/plugins\/uho_video\/icons\/uho_video.png\" \/><\/p>\n<p><img decoding=\"async\" src=\"\/serdelia\/public\/ckeditor\/plugins\/uho_video\/icons\/uho_video.png\" \/><\/p>\n<p><strong>Czas trwania koncertu:<\/strong> ok. 90 minut<\/p>\n<p><strong>Prosimy o&nbsp;zapoznanie&nbsp;si\u0119 z&nbsp;informacjami dotycz\u0105cymi parking&oacute;w w&nbsp;Strefie Kultury &ndash;&nbsp;<a data-auth=\"NotApplicable\" data-linkindex=\"0\" href=\"https:\/\/nospr.org.pl\/pl\/aktualnosci\/wazne-informacje-o-parkingach\" id=\"OWA931e56b2-0a48-6a46-9479-cff8b4aebca5\" rel=\"noopener noreferrer\" target=\"_blank\">wa\u017cne informacje o&nbsp;parkingach<\/a><\/strong><\/p>\n<p><strong>Wszystko, co musisz wiedzie\u0107 przed wizyt\u0105 w&nbsp;NOSPR&nbsp;&ndash;&nbsp;<a data-auth=\"NotApplicable\" data-linkindex=\"1\" href=\"https:\/\/nospr.org.pl\/pl\/aktualnosci\/wszystko-co-musisz-wiedziec-przed-wizyta-w-nospr\" id=\"OWA218a2ad4-8b02-0d27-f2d1-88829c177c7c\" rel=\"noopener noreferrer\" target=\"_blank\">wskaz&oacute;wki dla uczestnik&oacute;w wydarze\u0144<\/a>.<\/strong><\/p>\n","protected":false},"excerpt":{"rendered":"<p>Informujemy, \u017ce w zwi\u0105zku z tym, \u017ce&nbsp;w Spodku i MCK odbywaj\u0105 si\u0119 w dniach 7-9 lutego fina\u0142y turnieju&nbsp;ESL Intel Extreme Masters Katowice 2025, liczba dost\u0119pnych miejsc parkingowych w&nbsp;Strefie Kultury mo\u017ce by\u0107 w znacznym stopniu ograniczona. Muzyczny kolektyw Young Power pod dow&oacute;dztwem Krzysztofa Popka by\u0142 jednym z&nbsp;najwa\u017cniejszych zjawisk w&nbsp;m\u0142odym polskim jazzie po\u0142owy lat osiemdziesi\u0105tych, przyci\u0105gaj\u0105c i&nbsp;wychowuj\u0105c [&hellip;]<\/p>\n","protected":false},"featured_media":0,"template":"","meta":{"_acf_changed":false,"inline_featured_image":false},"product_brand":[],"product_cat":[147],"product_tag":[],"class_list":{"0":"post-4311","1":"product","2":"type-product","3":"status-publish","5":"product_cat-cat_195","7":"first","8":"instock","9":"virtual","10":"purchasable","11":"product-type-simple"},"acf":[],"_links":{"self":[{"href":"https:\/\/nospr.org.pl\/sklep\/wp-json\/wp\/v2\/product\/4311","targetHints":{"allow":["GET"]}}],"collection":[{"href":"https:\/\/nospr.org.pl\/sklep\/wp-json\/wp\/v2\/product"}],"about":[{"href":"https:\/\/nospr.org.pl\/sklep\/wp-json\/wp\/v2\/types\/product"}],"wp:attachment":[{"href":"https:\/\/nospr.org.pl\/sklep\/wp-json\/wp\/v2\/media?parent=4311"}],"wp:term":[{"taxonomy":"product_brand","embeddable":true,"href":"https:\/\/nospr.org.pl\/sklep\/wp-json\/wp\/v2\/product_brand?post=4311"},{"taxonomy":"product_cat","embeddable":true,"href":"https:\/\/nospr.org.pl\/sklep\/wp-json\/wp\/v2\/product_cat?post=4311"},{"taxonomy":"product_tag","embeddable":true,"href":"https:\/\/nospr.org.pl\/sklep\/wp-json\/wp\/v2\/product_tag?post=4311"}],"curies":[{"name":"wp","href":"https:\/\/api.w.org\/{rel}","templated":true}]}}