{"id":4306,"date":"2024-09-23T14:54:28","date_gmt":"2024-09-23T12:54:28","guid":{"rendered":"https:\/\/nospr.org.pl\/sklep\/produkt\/moj-karnet-ulubiony-kompozytor-tima-burtona\/"},"modified":"2025-02-20T19:28:56","modified_gmt":"2025-02-20T18:28:56","slug":"moj-karnet-ulubiony-kompozytor-tima-burtona","status":"publish","type":"product","link":"https:\/\/nospr.org.pl\/sklep\/produkt\/moj-karnet-ulubiony-kompozytor-tima-burtona\/","title":{"rendered":"Ulubiony kompozytor Tima Burtona \/ Metropolis Piano Quartet"},"content":{"rendered":"<p>Szanowni Pa\u0144stwo, informujemy, \u017ce podczas koncertu b\u0119d\u0105 Pa\u0144stwo mogli skorzysta\u0107 oferty z&nbsp;baru kawowego znajduj\u0105cego si\u0119 w&nbsp;og&oacute;lnodost\u0119pnej przestrzeni NOSPR.<\/p>\n<p>Wspaniale zapowiada si\u0119 ta wyprawa w kierunkach dla kameralistyki nieoczywistych. Muzyka hiszpa\u0144ska prze\u017cywa\u0142a okres \u015bwietno\u015bci stylu narodowego na prze\u0142omie XIX i XX wieku. Z tego repertuaru znamy w Polsce utwory de Falli, Alb&eacute;niza czy Granadosa; Turin\u0119 kojarz\u0105 g\u0142&oacute;wnie mi\u0142o\u015bnicy muzyki gitarowej. W uwodz\u0105cym melodiami Kwartecie fortepianowym op. 67 \u0142\u0105czy on wpadaj\u0105ce w ucho w\u0105tki hiszpa\u0144skie z klasyczn\u0105 form\u0105, charakterystyczn\u0105 prostot\u0105 i pogod\u0105 ducha.&nbsp;&nbsp;<\/p>\n<p>Muzyk\u0119 wybitnego \u0142otewskiego kompozytora P\u0113terisa Vasksa charakteryzuje medytacyjny ton popularny w tej cz\u0119\u015bci Europy. Jego Kwartet fortepianowy po\u0142\u0105czy mi\u0142o\u015bnik&oacute;w klasycznych harmonii z poszukiwaczami bardziej wsp&oacute;\u0142czesnej ekspresji. Kwartet Danny&rsquo;ego Elfmana doda za\u015b eklektycznego ducha Hollywood, w kt&oacute;rym dobrze znany jest ten kompozytor, ceniony za \u015bcie\u017cki muzyczne do film&oacute;w Tima Burtona (Batman, Edward No\u017cycor\u0119ki, Alicja w Krainie Czar&oacute;w), Gusa Van Santa (Obywatel Milk) czy serialu Simpsonowie.&nbsp;<\/p>\n<p><strong>Adam Suprynowicz&nbsp;<\/strong><\/p>\n<p><strong>Czas trwania koncertu:<\/strong> ok. 100 minut&nbsp;<\/p>\n<p>Ten koncert mo\u017ce by\u0107 cz\u0119\u015bci\u0105 &bdquo;Mojego karnetu&rdquo;. Sprawd\u017a szczeg&oacute;\u0142y i&nbsp;skomponuj &bdquo;M&oacute;j karnet&rdquo; dowolnie, wybieraj\u0105c spo\u015br&oacute;d koncert&oacute;w r&oacute;\u017cnych serii w&nbsp;sali kameralnej i&nbsp;koncertowej&nbsp;&ndash;&nbsp;<a data-saferedirecturl=\"https:\/\/www.google.com\/url?q=https:\/\/nospr.org.pl\/pl\/bilety\/karnety&amp;source=gmail&amp;ust=1723281251587000&amp;usg=AOvVaw2RSVYwnVUgEAw58q7DRuz2\" href=\"https:\/\/nospr.org.pl\/pl\/bilety\/karnety\" id=\"m_-3889879143875925711OWA1d2b3744-e249-6474-5e67-ef94c3ee5f60\" target=\"_blank\">wi\u0119cej informacji<\/a>.<\/p>\n<p><strong>Prosimy o&nbsp;zapoznanie&nbsp;si\u0119 z&nbsp;informacjami dotycz\u0105cymi parking&oacute;w w&nbsp;Strefie Kultury &ndash;&nbsp;<\/strong><strong><a data-saferedirecturl=\"https:\/\/www.google.com\/url?q=https:\/\/nospr.org.pl\/pl\/aktualnosci\/wazne-informacje-o-parkingach&amp;source=gmail&amp;ust=1723197131387000&amp;usg=AOvVaw1yPiY3uULhY_GTIGE_VJSo\" href=\"https:\/\/nospr.org.pl\/pl\/aktualnosci\/wazne-informacje-o-parkingach\" id=\"m_1070481786903339264OWA583604c9-0f4f-ad5b-11a4-dd99db6c3bd6\" rel=\"noopener noreferrer\" target=\"_blank\">wa\u017cne informacje o&nbsp;parkingach<\/a><\/strong><\/p>\n<p><strong>Wszystko, co musisz wiedzie\u0107 przed wizyt\u0105 w&nbsp;NOSPR&nbsp;&ndash;&nbsp;<\/strong><strong><a data-saferedirecturl=\"https:\/\/www.google.com\/url?q=https:\/\/nospr.org.pl\/pl\/aktualnosci\/wszystko-co-musisz-wiedziec-przed-wizyta-w-nospr&amp;source=gmail&amp;ust=1723197131387000&amp;usg=AOvVaw0kMCs8oxFkm9XaUCfC6DH5\" href=\"https:\/\/nospr.org.pl\/pl\/aktualnosci\/wszystko-co-musisz-wiedziec-przed-wizyta-w-nospr\" id=\"m_1070481786903339264OWAe5e18766-eadf-e987-1d68-0e1e53dd4c36\" rel=\"noopener noreferrer\" target=\"_blank\">wskaz&oacute;wki dla uczestnik&oacute;w wydarze\u0144<\/a><\/strong><strong>.<\/strong><\/p>\n","protected":false},"excerpt":{"rendered":"<p>Szanowni Pa\u0144stwo, informujemy, \u017ce podczas koncertu b\u0119d\u0105 Pa\u0144stwo mogli skorzysta\u0107 oferty z&nbsp;baru kawowego znajduj\u0105cego si\u0119 w&nbsp;og&oacute;lnodost\u0119pnej przestrzeni NOSPR. Wspaniale zapowiada si\u0119 ta wyprawa w kierunkach dla kameralistyki nieoczywistych. Muzyka hiszpa\u0144ska prze\u017cywa\u0142a okres \u015bwietno\u015bci stylu narodowego na prze\u0142omie XIX i XX wieku. Z tego repertuaru znamy w Polsce utwory de Falli, Alb&eacute;niza czy Granadosa; Turin\u0119 kojarz\u0105 [&hellip;]<\/p>\n","protected":false},"featured_media":0,"template":"","meta":{"_acf_changed":false,"inline_featured_image":false},"product_brand":[],"product_cat":[120,118],"product_tag":[],"class_list":{"0":"post-4306","1":"product","2":"type-product","3":"status-publish","5":"product_cat-cat_164","6":"product_cat-cat_162","8":"first","9":"instock","10":"virtual","11":"purchasable","12":"product-type-simple"},"acf":[],"_links":{"self":[{"href":"https:\/\/nospr.org.pl\/sklep\/wp-json\/wp\/v2\/product\/4306","targetHints":{"allow":["GET"]}}],"collection":[{"href":"https:\/\/nospr.org.pl\/sklep\/wp-json\/wp\/v2\/product"}],"about":[{"href":"https:\/\/nospr.org.pl\/sklep\/wp-json\/wp\/v2\/types\/product"}],"wp:attachment":[{"href":"https:\/\/nospr.org.pl\/sklep\/wp-json\/wp\/v2\/media?parent=4306"}],"wp:term":[{"taxonomy":"product_brand","embeddable":true,"href":"https:\/\/nospr.org.pl\/sklep\/wp-json\/wp\/v2\/product_brand?post=4306"},{"taxonomy":"product_cat","embeddable":true,"href":"https:\/\/nospr.org.pl\/sklep\/wp-json\/wp\/v2\/product_cat?post=4306"},{"taxonomy":"product_tag","embeddable":true,"href":"https:\/\/nospr.org.pl\/sklep\/wp-json\/wp\/v2\/product_tag?post=4306"}],"curies":[{"name":"wp","href":"https:\/\/api.w.org\/{rel}","templated":true}]}}