{"id":4296,"date":"2024-09-23T14:54:26","date_gmt":"2024-09-23T12:54:26","guid":{"rendered":"https:\/\/nospr.org.pl\/sklep\/produkt\/koncert-jazzowy-marylin-mazur-group\/"},"modified":"2025-03-14T13:58:54","modified_gmt":"2025-03-14T12:58:54","slug":"koncert-jazzowy-marylin-mazur-group","status":"publish","type":"product","link":"https:\/\/nospr.org.pl\/sklep\/produkt\/koncert-jazzowy-marylin-mazur-group\/","title":{"rendered":"JazzKLUB \/ Marilyn Mazur Group \/ Osza\u0142amiaj\u0105cy arsena\u0142 instrument\u00f3w z ca\u0142ego \u015bwiata (koncert odwo\u0142any)"},"content":{"rendered":"<\/p>\n<p data-delay=\"0\" data-scroll=\"fadeUp\"><strong>Szanowni Pa\u0144stwo,<\/strong><\/p>\n<p data-delay=\"0\" data-scroll=\"fadeUp\"><strong>Z przykro\u015bci\u0105 informujemy, \u017ce z&nbsp;przyczyn niezale\u017cnych od NOSPR, koncert zosta\u0142 odwo\u0142any. Zwrot \u015brodk&oacute;w za bilety zakupione online nast\u0105pi automatycznie. Bilety zakupione w&nbsp;kasach NOSPR mo\u017cna zwr&oacute;ci\u0107 poprzez&nbsp;<a href=\"https:\/\/www.interankiety.pl\/f\/dpZaA1zo\">formularz rozliczenia \u015brodk&oacute;w<\/a>&nbsp;lub wizyt\u0119 w&nbsp;kasach NOSPR.<\/strong><\/p>\n<p>Szcz\u0119\u015bciarze, kt&oacute;rzy urodzili si\u0119 na tyle wcze\u015bnie, \u017ceby m&oacute;c uczestniczy\u0107 w tamtym legendarnym koncercie, na pewno pami\u0119taj\u0105 popisy du\u0144skiej perkusistki w grupie Milesa Davisa na warszawskim Jazz Jamboree w 1988 roku. Kolejne pokolenia fan&oacute;w wychowywa\u0142y si\u0119 na graniu Marilyn Mazur na p\u0142ytach Jana Garbarka, z kt&oacute;rym artystka wsp&oacute;\u0142pracowa\u0142a kilkana\u015bcie lat. To paradoks, \u017ce tw&oacute;rczo\u015b\u0107 urodzonej w Nowym Jorku Dunki o polskich korzeniach jest w Polsce znana raczej wybi&oacute;rczo, nie mo\u017cna jednak tego powiedzie\u0107 o Danii, gdzie Marilyn Mazur jest cz\u0142owiekiem instytucj\u0105. Jej osza\u0142amiaj\u0105cy arsena\u0142 instrument&oacute;w z ca\u0142ego \u015bwiata sprawia, \u017ce zapomina si\u0119, jak oryginaln\u0105 jest perkusistk\u0105 na tradycyjnym zestawie. Wbijaj\u0105cy w fotel groove stanowi przeciwwag\u0119 dla delikatnych utwor&oacute;w przenikni\u0119tych duchem muzyki \u015bwiata, kt&oacute;rej Mazur by\u0142a prekursork\u0105 w latach 80. Wielka posta\u0107, kt&oacute;ra maj\u0105c ju\u017c arsena\u0142 wspania\u0142ych dokona\u0144 nadal idzie do przodu z m\u0142odzie\u0144cz\u0105 energi\u0105.&nbsp;<\/p>\n<p><strong>Tomasz Gregorczyk<\/strong><\/p>\n<p><strong>Czas trwania koncertu:&nbsp;<\/strong>ok. 90 minut<\/p>\n<p><a href=\"https:\/\/nospr.org.pl\/pl\/kalendarz\/?miesiac=2024-10&amp;cykle=jazzklub-2024-2025\">&nbsp;Sprawd\u017a najbli\u017csze koncerty w&nbsp;tym cyklu<\/a><\/p>\n<p>Ten koncert mo\u017ce by\u0107 cz\u0119\u015bci\u0105 &bdquo;Mojego karnetu&rdquo;. Sprawd\u017a szczeg&oacute;\u0142y i&nbsp;skomponuj &bdquo;M&oacute;j karnet&rdquo; dowolnie, wybieraj\u0105c spo\u015br&oacute;d koncert&oacute;w r&oacute;\u017cnych serii w&nbsp;sali kameralnej i&nbsp;koncertowej&nbsp;&ndash;&nbsp;<a data-saferedirecturl=\"https:\/\/www.google.com\/url?q=https:\/\/nospr.org.pl\/pl\/bilety\/karnety&amp;source=gmail&amp;ust=1723281251587000&amp;usg=AOvVaw2RSVYwnVUgEAw58q7DRuz2\" href=\"https:\/\/nospr.org.pl\/pl\/bilety\/karnety\" id=\"m_-3889879143875925711OWA1d2b3744-e249-6474-5e67-ef94c3ee5f60\" target=\"_blank\">wi\u0119cej informacji<\/a>.<\/p>\n<p><strong>Prosimy o&nbsp;zapoznanie&nbsp;si\u0119 z&nbsp;informacjami dotycz\u0105cymi parking&oacute;w w&nbsp;Strefie Kultury &ndash;&nbsp;<\/strong><strong><a data-saferedirecturl=\"https:\/\/www.google.com\/url?q=https:\/\/nospr.org.pl\/pl\/aktualnosci\/wazne-informacje-o-parkingach&amp;source=gmail&amp;ust=1723197131387000&amp;usg=AOvVaw1yPiY3uULhY_GTIGE_VJSo\" href=\"https:\/\/nospr.org.pl\/pl\/aktualnosci\/wazne-informacje-o-parkingach\" id=\"m_1070481786903339264OWA583604c9-0f4f-ad5b-11a4-dd99db6c3bd6\" rel=\"noopener noreferrer\" target=\"_blank\">wa\u017cne informacje o&nbsp;parkingach<\/a><\/strong><\/p>\n<p><strong>Wszystko, co musisz wiedzie\u0107 przed wizyt\u0105 w&nbsp;NOSPR&nbsp;&ndash;&nbsp;<\/strong><strong><a data-saferedirecturl=\"https:\/\/www.google.com\/url?q=https:\/\/nospr.org.pl\/pl\/aktualnosci\/wszystko-co-musisz-wiedziec-przed-wizyta-w-nospr&amp;source=gmail&amp;ust=1723197131387000&amp;usg=AOvVaw0kMCs8oxFkm9XaUCfC6DH5\" href=\"https:\/\/nospr.org.pl\/pl\/aktualnosci\/wszystko-co-musisz-wiedziec-przed-wizyta-w-nospr\" id=\"m_1070481786903339264OWAe5e18766-eadf-e987-1d68-0e1e53dd4c36\" rel=\"noopener noreferrer\" target=\"_blank\">wskaz&oacute;wki dla uczestnik&oacute;w wydarze\u0144<\/a><\/strong><strong>.<\/strong><\/p>\n<p>&nbsp;<\/p>\n<\/p>\n<h3>Koncert odb\u0119dzie si\u0119 w ramach ekologicznej trasy koncertowej zorganizowanej w ramach europejskiego projektu &ldquo;Better Live&rdquo;, kt&oacute;ry realizowany jest w 9 krajach UE, w tym w Polsce, i ma na celu wdra\u017canie zr&oacute;wnowa\u017conych rozwi\u0105za\u0144 w sektorze muzyki live i budowanie bardziej \u015bwiadomych i ekologicznych tras koncertowych dla europejskich artyst&oacute;w.<\/h3>\n<h3>Projekt Better Live dofinansowany jest ze \u015brodk&oacute;w Komisji Europejskiej w ramach Kreatywnej Europy oraz ze \u015brodk&oacute;w Ministerstwa Kultury i Dziedzictwa Narodowego w ramach Funduszu Promocji Kultury.<\/h3>\n","protected":false},"excerpt":{"rendered":"<p>Szanowni Pa\u0144stwo, Z przykro\u015bci\u0105 informujemy, \u017ce z&nbsp;przyczyn niezale\u017cnych od NOSPR, koncert zosta\u0142 odwo\u0142any. Zwrot \u015brodk&oacute;w za bilety zakupione online nast\u0105pi automatycznie. Bilety zakupione w&nbsp;kasach NOSPR mo\u017cna zwr&oacute;ci\u0107 poprzez&nbsp;formularz rozliczenia \u015brodk&oacute;w&nbsp;lub wizyt\u0119 w&nbsp;kasach NOSPR. Szcz\u0119\u015bciarze, kt&oacute;rzy urodzili si\u0119 na tyle wcze\u015bnie, \u017ceby m&oacute;c uczestniczy\u0107 w tamtym legendarnym koncercie, na pewno pami\u0119taj\u0105 popisy du\u0144skiej perkusistki w grupie [&hellip;]<\/p>\n","protected":false},"featured_media":0,"template":"","meta":{"_acf_changed":false,"inline_featured_image":false},"product_brand":[],"product_cat":[116,118],"product_tag":[],"class_list":{"0":"post-4296","1":"product","2":"type-product","3":"status-publish","5":"product_cat-cat_160","6":"product_cat-cat_162","8":"first","9":"instock","10":"virtual","11":"purchasable","12":"product-type-simple"},"acf":[],"_links":{"self":[{"href":"https:\/\/nospr.org.pl\/sklep\/wp-json\/wp\/v2\/product\/4296","targetHints":{"allow":["GET"]}}],"collection":[{"href":"https:\/\/nospr.org.pl\/sklep\/wp-json\/wp\/v2\/product"}],"about":[{"href":"https:\/\/nospr.org.pl\/sklep\/wp-json\/wp\/v2\/types\/product"}],"wp:attachment":[{"href":"https:\/\/nospr.org.pl\/sklep\/wp-json\/wp\/v2\/media?parent=4296"}],"wp:term":[{"taxonomy":"product_brand","embeddable":true,"href":"https:\/\/nospr.org.pl\/sklep\/wp-json\/wp\/v2\/product_brand?post=4296"},{"taxonomy":"product_cat","embeddable":true,"href":"https:\/\/nospr.org.pl\/sklep\/wp-json\/wp\/v2\/product_cat?post=4296"},{"taxonomy":"product_tag","embeddable":true,"href":"https:\/\/nospr.org.pl\/sklep\/wp-json\/wp\/v2\/product_tag?post=4296"}],"curies":[{"name":"wp","href":"https:\/\/api.w.org\/{rel}","templated":true}]}}