{"id":4275,"date":"2024-09-23T14:54:21","date_gmt":"2024-09-23T12:54:21","guid":{"rendered":"https:\/\/nospr.org.pl\/sklep\/produkt\/symfonia-rewolucyjna\/"},"modified":"2025-04-27T11:58:46","modified_gmt":"2025-04-27T09:58:46","slug":"symfonia-rewolucyjna","status":"publish","type":"product","link":"https:\/\/nospr.org.pl\/sklep\/produkt\/symfonia-rewolucyjna\/","title":{"rendered":"NOSPR \/ Todorow \/ Symfonia rewolucyjna"},"content":{"rendered":"<p>Johann Nepomuk Hummel tworzy\u0142 na prze\u0142omie dw&oacute;ch epok &ndash; klasycyzmu i romantyzmu. W m\u0142odo\u015bci uczy\u0142 si\u0119 u Josepha Haydna i Wolfganga Amadeusa Mozarta, p&oacute;\u017aniej przyja\u017ani\u0142 si\u0119 z Ludwigiem van Beethovenem, a jeszcze p&oacute;\u017aniej tak\u017ce z m\u0142odym Fryderykiem Chopinem, kt&oacute;ry ceni\u0142 jego tw&oacute;rczo\u015b\u0107 i inspirowa\u0142 si\u0119 ni\u0105, pisz\u0105c swoje wczesne dzie\u0142a. <em>Koncert Es-dur <\/em>na tr\u0105bk\u0119<em> <\/em>Hummla powsta\u0142 w 1803 roku z my\u015bl\u0105 o wiede\u0144skim wirtuozie tego instrumentu Antonie Weidingerze, a jego prawykonanie podczas koncertu noworocznego w styczniu 1804 roku u\u015bwietni\u0142o obj\u0119cie przez tw&oacute;rc\u0119 stanowisko koncertmistrza na dworze ksi\u0119cia Nikolausa&nbsp;II Esterh&aacute;zego. Soli\u015bcie towarzyszy tu niewielka orkiestra z\u0142o\u017cona z flet&oacute;w, klarnet&oacute;w, oboj&oacute;w, waltorni, kot\u0142&oacute;w i smyczk&oacute;w. Nastr&oacute;j jest pogodny, a elementy wirtuozowskie w sugestywny spos&oacute;b \u0142\u0105cz\u0105 si\u0119 z lirycznymi.<\/p>\n<p><em>I Symfonia C-dur<\/em> Ludwiga van Beethovena powsta\u0142a w tym samym czasie, co dzie\u0142o Hummla. Jej prawykonanie odby\u0142o si\u0119 w kwietniu 1800 roku w Wiedniu, a silne wra\u017cenie, jakie wywar\u0142a ta kompozycja pomog\u0142o umocni\u0107 jej tw&oacute;rcy pozycj\u0119 na tamtejszej scenie muzycznej. Komentatorzy zwracali uwag\u0119 na rewolucyjno\u015b\u0107 tego dzie\u0142a: na zaskakuj\u0105ce przej\u015bcia z jednej tonacji do drugiej, ostre i niespodziewane akcenty rytmiczne, a tak\u017ce zwi\u0119kszenie autonomii instrument&oacute;w d\u0119tych drewnianych. Paradoksalnie p&oacute;\u017aniejsi badacze lubili raczej podkre\u015bla\u0107 fakt, \u017ce w tym wczesnym dziele Beethovena odnale\u017a\u0107 mo\u017cna jeszcze wiele zupe\u0142nie naturalnych u do\u015b\u0107 m\u0142odego kompozytora wp\u0142yw&oacute;w tw&oacute;rczo\u015bci Haydna i Mozarta. Prawda le\u017cy po\u015brodku &ndash; jest to dzie\u0142o, w kt&oacute;rym zdobycze wcze\u015bniejszych pokole\u0144 doczeka\u0142y si\u0119 tw&oacute;rczego przekszta\u0142cenia przez progresywnie zorientowanego tw&oacute;rc\u0119.<\/p>\n<p><strong><span><span><span><span><span><span>Oskar \u0141apeta<\/span><\/span><\/span><\/span><\/span><\/span><\/strong><\/p>\n<p><span><span><span><strong>Czas trwania koncertu<\/strong>: ok. 70 minut<\/span><\/span><\/span><\/p>\n<p><a href=\"https:\/\/nospr.org.pl\/pl\/program\/s3-2024-2025\" id=\"OWAcd5ae762-68b1-ff16-0dc9-d81ca290eaed\" target=\"_blank\">Sprawd\u017a pozosta\u0142e koncerty tej serii<\/a><\/p>\n<p><strong><a href=\"https:\/\/nospr.org.pl\/pl\/program\/przystanek-poranek-2024-2025\">Przystanek Poranek<\/a> <\/strong>&mdash;<strong> <\/strong>bezp\u0142atne&nbsp;warsztaty dla dzieci mi\u0119dzy 4. a 6. rokiem \u017cycia, kt&oacute;rych rodzice lub inni opiekunowie przebywaj\u0105 na poranku symfonicznym. <strong>Obowi\u0105zuj\u0105 zapisy.<\/strong><\/p>\n<p><strong>Wszystko, co musisz wiedzie\u0107 przed wizyt\u0105 w&nbsp;NOSPR&nbsp;&ndash;&nbsp;<a href=\"https:\/\/nospr.org.pl\/pl\/aktualnosci\/wszystko-co-musisz-wiedziec-przed-wizyta-w-nospr\">wskaz&oacute;wki dla uczestnik&oacute;w wydarze\u0144<\/a>.<\/strong><\/p>\n<p>Prosimy o&nbsp;zapoznanie&nbsp;si\u0119 z&nbsp;informacjami dotycz\u0105cymi parking&oacute;w w&nbsp;Strefie Kultury&nbsp;&ndash;&nbsp;<a href=\"https:\/\/nospr.org.pl\/pl\/aktualnosci\/wazne-informacje-o-parkingach\">wa\u017cne informacje o&nbsp;parkingach<\/a><\/p>\n","protected":false},"excerpt":{"rendered":"<p>Johann Nepomuk Hummel tworzy\u0142 na prze\u0142omie dw&oacute;ch epok &ndash; klasycyzmu i romantyzmu. W m\u0142odo\u015bci uczy\u0142 si\u0119 u Josepha Haydna i Wolfganga Amadeusa Mozarta, p&oacute;\u017aniej przyja\u017ani\u0142 si\u0119 z Ludwigiem van Beethovenem, a jeszcze p&oacute;\u017aniej tak\u017ce z m\u0142odym Fryderykiem Chopinem, kt&oacute;ry ceni\u0142 jego tw&oacute;rczo\u015b\u0107 i inspirowa\u0142 si\u0119 ni\u0105, pisz\u0105c swoje wczesne dzie\u0142a. Koncert Es-dur na tr\u0105bk\u0119 Hummla [&hellip;]<\/p>\n","protected":false},"featured_media":0,"template":"","meta":{"_acf_changed":false,"inline_featured_image":false},"product_brand":[],"product_cat":[130,153],"product_tag":[],"class_list":{"0":"post-4275","1":"product","2":"type-product","3":"status-publish","5":"product_cat-cat_178","6":"product_cat-cat_205","8":"first","9":"instock","10":"virtual","11":"purchasable","12":"product-type-simple"},"acf":[],"_links":{"self":[{"href":"https:\/\/nospr.org.pl\/sklep\/wp-json\/wp\/v2\/product\/4275","targetHints":{"allow":["GET"]}}],"collection":[{"href":"https:\/\/nospr.org.pl\/sklep\/wp-json\/wp\/v2\/product"}],"about":[{"href":"https:\/\/nospr.org.pl\/sklep\/wp-json\/wp\/v2\/types\/product"}],"wp:attachment":[{"href":"https:\/\/nospr.org.pl\/sklep\/wp-json\/wp\/v2\/media?parent=4275"}],"wp:term":[{"taxonomy":"product_brand","embeddable":true,"href":"https:\/\/nospr.org.pl\/sklep\/wp-json\/wp\/v2\/product_brand?post=4275"},{"taxonomy":"product_cat","embeddable":true,"href":"https:\/\/nospr.org.pl\/sklep\/wp-json\/wp\/v2\/product_cat?post=4275"},{"taxonomy":"product_tag","embeddable":true,"href":"https:\/\/nospr.org.pl\/sklep\/wp-json\/wp\/v2\/product_tag?post=4275"}],"curies":[{"name":"wp","href":"https:\/\/api.w.org\/{rel}","templated":true}]}}