{"id":4267,"date":"2024-09-23T14:54:19","date_gmt":"2024-09-23T12:54:19","guid":{"rendered":"https:\/\/nospr.org.pl\/sklep\/produkt\/koncert-rodzinny-malzenstwa-nospr\/"},"modified":"2025-05-25T15:58:07","modified_gmt":"2025-05-25T13:58:07","slug":"koncert-rodzinny-malzenstwa-nospr","status":"publish","type":"product","link":"https:\/\/nospr.org.pl\/sklep\/produkt\/koncert-rodzinny-malzenstwa-nospr\/","title":{"rendered":"Muzykuj\u0105ce ma\u0142\u017ce\u0144stwa NOSPR"},"content":{"rendered":"<p><span><span><span>Muzyka to dar, muzyka to mi\u0142o\u015b\u0107, muzyka to wi\u0119zi \u0142\u0105cz\u0105ce nas z innymi. Majowy koncert familijny w NOSPR b\u0119dzie nawi\u0105zywa\u0142 do tych s\u0142&oacute;w, jak r&oacute;wnie\u017c do dawnych tradycji domowego muzykowania. Bo przecie\u017c poza domami Mozarta czy Mendelssohna by\u0142o &ndash; i ci\u0105gle jest &ndash; wiele innych rodzin, w kt&oacute;rych muzyka znaczy wiele i jest sposobem na \u017cycie. Ka\u017cdy muzyk przechodzi d\u0142ug\u0105 drog\u0119 od momentu, kiedy pierwszy raz bierze instrument do r\u0119ki, do etapu, kiedy bez przeszk&oacute;d i z maestri\u0105 potrafi wyrazi\u0107 wszystko, co narodzi\u0142o si\u0119 w jego\/jej wyobra\u017ani &ndash; i oczywi\u015bcie tego, co zostawili w muzycznym &bdquo;spadku&rdquo; kompozytorzy. Zapraszamy do prze\u015bledzenia tej drogi podczas rodzinnego koncertu w wykonaniu muzyk&oacute;w NOSPR!&nbsp;<\/span><\/span><\/span><\/p>\n<p><span><span><span><strong>Czas trwania koncertu<\/strong>: ok. 70 minut<\/span><\/span><\/span><\/p>\n<\/p>\n<p dir=\"ltr\"><strong id=\"docs-internal-guid-d600cf2b-7fff-205b-920f-a7e2520b6ace\">Sprzeda\u017c bilet&oacute;w w kasach i online od 2 wrze\u015bnia 2024&nbsp;<\/strong><\/p>\n","protected":false},"excerpt":{"rendered":"<p>Muzyka to dar, muzyka to mi\u0142o\u015b\u0107, muzyka to wi\u0119zi \u0142\u0105cz\u0105ce nas z innymi. Majowy koncert familijny w NOSPR b\u0119dzie nawi\u0105zywa\u0142 do tych s\u0142&oacute;w, jak r&oacute;wnie\u017c do dawnych tradycji domowego muzykowania. Bo przecie\u017c poza domami Mozarta czy Mendelssohna by\u0142o &ndash; i ci\u0105gle jest &ndash; wiele innych rodzin, w kt&oacute;rych muzyka znaczy wiele i jest sposobem na [&hellip;]<\/p>\n","protected":false},"featured_media":0,"template":"","meta":{"_acf_changed":false,"inline_featured_image":false},"product_brand":[],"product_cat":[169],"product_tag":[],"class_list":{"0":"post-4267","1":"product","2":"type-product","3":"status-publish","5":"product_cat-cat_221","7":"first","8":"instock","9":"virtual","10":"purchasable","11":"product-type-simple"},"acf":[],"_links":{"self":[{"href":"https:\/\/nospr.org.pl\/sklep\/wp-json\/wp\/v2\/product\/4267","targetHints":{"allow":["GET"]}}],"collection":[{"href":"https:\/\/nospr.org.pl\/sklep\/wp-json\/wp\/v2\/product"}],"about":[{"href":"https:\/\/nospr.org.pl\/sklep\/wp-json\/wp\/v2\/types\/product"}],"wp:attachment":[{"href":"https:\/\/nospr.org.pl\/sklep\/wp-json\/wp\/v2\/media?parent=4267"}],"wp:term":[{"taxonomy":"product_brand","embeddable":true,"href":"https:\/\/nospr.org.pl\/sklep\/wp-json\/wp\/v2\/product_brand?post=4267"},{"taxonomy":"product_cat","embeddable":true,"href":"https:\/\/nospr.org.pl\/sklep\/wp-json\/wp\/v2\/product_cat?post=4267"},{"taxonomy":"product_tag","embeddable":true,"href":"https:\/\/nospr.org.pl\/sklep\/wp-json\/wp\/v2\/product_tag?post=4267"}],"curies":[{"name":"wp","href":"https:\/\/api.w.org\/{rel}","templated":true}]}}