{"id":4266,"date":"2024-09-23T14:54:19","date_gmt":"2024-09-23T12:54:19","guid":{"rendered":"https:\/\/nospr.org.pl\/sklep\/produkt\/jamie-cullum\/"},"modified":"2026-04-05T08:14:04","modified_gmt":"2026-04-05T06:14:04","slug":"jamie-cullum-nowa-data","status":"publish","type":"product","link":"https:\/\/nospr.org.pl\/sklep\/produkt\/jamie-cullum-nowa-data\/","title":{"rendered":"Jamie Cullum (nowa data)"},"content":{"rendered":"<p><strong>Jamie Cullum wraca do Polski! Uwielbiany przez polsk\u0105 publiczno\u015b\u0107 brytyjski muzyk ju\u017c w kwietniu 2026 roku zagra dwa koncerty, kt&oacute;re s\u0105 cz\u0119\u015bci\u0105 europejskiej trasy koncertowej promuj\u0105cej jego nowy studyjny album! Artysty b\u0119dzie mo\u017cna pos\u0142ucha\u0107 na \u017cywo 19 kwietnia w katowickim NOSPR i 20 kwietnia w warszawskim Teatrze Wielkim <\/strong>&ndash;<strong> Operze Narodowej. <\/strong><\/p>\n<p>Przez BBC uznany zosta\u0142 za jednego z najpopularniejszych brytyjskich muzyk&oacute;w jazzowych w historii, przez miliony fan&oacute;w uwielbiany za nietuzinkowe aran\u017cacje, niepowtarzaln\u0105 barw\u0119 g\u0142osu i \u0142\u0105czenie gatunk&oacute;w. Jazzman, kt&oacute;ry uwielbia pop i hip-hop, a zabawa form\u0105 to dla niego przyjemno\u015b\u0107. Nominowany do presti\u017cowej Brit Awards i Grammy Awards, wsp&oacute;\u0142autor kompozycji &bdquo;Gran Torino&rdquo; do kultowej produkcji Clinta Eastwooda.&nbsp;&nbsp;<\/p>\n<p>W portfolio ma wyst\u0119py na najwi\u0119kszych festiwalach, w tym kultowym Glastonbury, kt&oacute;ry uwa\u017ca za pi\u0119kne zwie\u0144czenie w&oacute;wczas 18-letniej kariery, a tak\u017ce wsp&oacute;\u0142tworzenie tak niesamowitych koncert&oacute;w, jak koncert orkiestrowy w Royal Albert Hall w ramach BBC Proms czy w Hollywood Bowl z Filharmoni\u0105 Los Angeles.&nbsp;Na 2025 roku Jamie Cullum planuje premier\u0119 nowej studyjnej p\u0142yty, kt&oacute;r\u0105 b\u0119dzie promowa\u0142 wiosenn\u0105 tras\u0105 koncertow\u0105 po Europie.&nbsp;<\/p>\n<p>Dyskografi\u0119 Brytyjczyka zamyka wydany w 2019 roku album &bdquo;Taller&rdquo; oraz &bdquo;The Pianoman at Christmas&rdquo; z 2020 roku. W 2024 roku min\u0119\u0142o 25 lat od premiery debiutanckiego albumu Culluma, &bdquo;Heard It All Before&rdquo;, kt&oacute;ry wyda\u0142 bez podpisanego kontraktu p\u0142ytowego.&nbsp;<\/p>\n<p><strong>Harmonogram koncert&oacute;w:&nbsp;&nbsp; <\/strong><\/p>\n<p>19.04.2026 r., niedziela, godz. 20.00 &ndash; NOSPR, Katowice<\/p>\n<p>20.04.2026 r., poniedzia\u0142ek, godz. 20.00&nbsp;&ndash; Teatr Wielki &ndash; Opera Narodowa, Warszawa<\/p>\n<p>Organizatorem koncert&oacute;w jest pozna\u0144ska agencja koncertowa Good Taste Production. Regulamin imprezy jest dost\u0119pny na <a href=\"http:\/\/www.goodtaste.pl\/regulamin\">www.goodtaste.pl\/regulamin<\/a>.&nbsp;<\/p>\n<p><strong>Czas trwania koncertu<\/strong>: ok. 100 minut<br \/>\nCzas trwania mo\u017ce ulec zmianie.&nbsp;<\/p>\n<p><strong>Wszystko, co musisz wiedzie\u0107 przed wizyt\u0105 w NOSPR &ndash; <a href=\"https:\/\/nospr.org.pl\/pl\/aktualnosci\/wszystko-co-musisz-wiedziec-przed-wizyta-w-nospr\" rel=\"noreferrer noopener\" target=\"_blank\">wskaz&oacute;wki dla uczestnik&oacute;w wydarze\u0144<\/a>.&nbsp;<\/strong><span>&nbsp;<\/span><\/p>\n<p>Prosimy o&nbsp;zapoznanie&nbsp;si\u0119 z&nbsp;informacjami dotycz\u0105cymi parking&oacute;w w&nbsp;Strefie Kultury&nbsp;&ndash;&nbsp;<strong><a href=\"https:\/\/nospr.org.pl\/pl\/aktualnosci\/wazne-informacje-o-parkingach\" rel=\"noreferrer noopener\" target=\"_blank\">wa\u017cne informacje o&nbsp;parkingach<\/a>&nbsp;<\/strong><\/p>\n","protected":false},"excerpt":{"rendered":"<p>Jamie Cullum wraca do Polski! Uwielbiany przez polsk\u0105 publiczno\u015b\u0107 brytyjski muzyk ju\u017c w kwietniu 2026 roku zagra dwa koncerty, kt&oacute;re s\u0105 cz\u0119\u015bci\u0105 europejskiej trasy koncertowej promuj\u0105cej jego nowy studyjny album! Artysty b\u0119dzie mo\u017cna pos\u0142ucha\u0107 na \u017cywo 19 kwietnia w katowickim NOSPR i 20 kwietnia w warszawskim Teatrze Wielkim &ndash; Operze Narodowej. Przez BBC uznany zosta\u0142 [&hellip;]<\/p>\n","protected":false},"featured_media":0,"template":"","meta":{"_acf_changed":false,"inline_featured_image":false},"product_brand":[],"product_cat":[2210],"product_tag":[],"class_list":{"0":"post-4266","1":"product","2":"type-product","3":"status-publish","5":"product_cat-cat_237","7":"first","8":"instock","9":"virtual","10":"purchasable","11":"product-type-simple"},"acf":[],"_links":{"self":[{"href":"https:\/\/nospr.org.pl\/sklep\/wp-json\/wp\/v2\/product\/4266","targetHints":{"allow":["GET"]}}],"collection":[{"href":"https:\/\/nospr.org.pl\/sklep\/wp-json\/wp\/v2\/product"}],"about":[{"href":"https:\/\/nospr.org.pl\/sklep\/wp-json\/wp\/v2\/types\/product"}],"wp:attachment":[{"href":"https:\/\/nospr.org.pl\/sklep\/wp-json\/wp\/v2\/media?parent=4266"}],"wp:term":[{"taxonomy":"product_brand","embeddable":true,"href":"https:\/\/nospr.org.pl\/sklep\/wp-json\/wp\/v2\/product_brand?post=4266"},{"taxonomy":"product_cat","embeddable":true,"href":"https:\/\/nospr.org.pl\/sklep\/wp-json\/wp\/v2\/product_cat?post=4266"},{"taxonomy":"product_tag","embeddable":true,"href":"https:\/\/nospr.org.pl\/sklep\/wp-json\/wp\/v2\/product_tag?post=4266"}],"curies":[{"name":"wp","href":"https:\/\/api.w.org\/{rel}","templated":true}]}}