{"id":4265,"date":"2024-09-23T14:54:19","date_gmt":"2024-09-23T12:54:19","guid":{"rendered":"https:\/\/nospr.org.pl\/sklep\/produkt\/koncert-kameralny-serenada-milos-forman\/"},"modified":"2025-05-30T19:28:08","modified_gmt":"2025-05-30T17:28:08","slug":"koncert-kameralny-serenada-milos-forman","status":"publish","type":"product","link":"https:\/\/nospr.org.pl\/sklep\/produkt\/koncert-kameralny-serenada-milos-forman\/","title":{"rendered":"S\u0142ynna Serenada z filmu Milo\u0161a Formana"},"content":{"rendered":"<p>Du\u017ce zespo\u0142y instrument&oacute;w d\u0119tych \u015bwi\u0119ci\u0142y triumfy w XVIII wieku. Cz\u0119sto pisano dla nich utwory zwane serenadami wykonywane dla umilenia spotka\u0144 towarzyskich i kolacji zwykle oko\u0142o 21.00. Leopold Mozart, ojciec Wolfganga Amadeusa, napisa\u0142 takich serenad ponad 30. Jego syn osi\u0105gn\u0105\u0142 w ich komponowaniu mistrzostwo. Gran Partita to dzie\u0142o pot\u0119\u017cnych rozmiar&oacute;w, pe\u0142ne wdzi\u0119ku, zachwycaj\u0105cych po\u0142\u0105cze\u0144 instrumentalnych i s\u0142odkich harmonii. W sztuce Amadeusz Petera Shaffera (i filmie Milo&scaron;a Formana pod tym samym tytu\u0142em) Salieri po raz pierwszy pojmuje geniusz Mozarta, s\u0142uchaj\u0105c w\u0142a\u015bnie tego utworu &ndash; odczuwa bezgraniczn\u0105 t\u0119sknot\u0119, kt&oacute;r\u0105 jest przepe\u0142niony.&nbsp;<\/p>\n<p>Pisz\u0105c niemal sto lat p&oacute;\u017aniej swoj\u0105 Serenad\u0119 na instrumenty d\u0119te, Anton&iacute;n Dvo\u0159&aacute;k by\u0142 pod wra\u017ceniem dzie\u0142a Mozarta, do kt&oacute;rego Adagia wprost nawi\u0105za\u0142 w trzeciej cz\u0119\u015bci. W swoim dziele po\u0142\u0105czy\u0142 styl &bdquo;retro&rdquo; z urzekaj\u0105co pi\u0119knymi melodiami, nawi\u0105zaniami do czeskiej muzyki ludowej i szczypt\u0105 romantycznych nami\u0119tno\u015bci.&nbsp;<\/p>\n<p><strong>Adam Suprynowicz<\/strong><\/p>\n<p><span><span><span><strong>Czas trwania koncertu<\/strong>: ok. 100 minut<\/span><\/span><\/span><\/p>\n<p>Ten koncert mo\u017ce by\u0107 cz\u0119\u015bci\u0105 &bdquo;Mojego karnetu&rdquo;. Sprawd\u017a szczeg&oacute;\u0142y i&nbsp;skomponuj &bdquo;M&oacute;j karnet&rdquo; dowolnie, wybieraj\u0105c spo\u015br&oacute;d koncert&oacute;w r&oacute;\u017cnych serii w&nbsp;sali kameralnej i&nbsp;koncertowej&nbsp;&ndash;&nbsp;<a data-saferedirecturl=\"https:\/\/www.google.com\/url?q=https:\/\/nospr.org.pl\/pl\/bilety\/karnety&amp;source=gmail&amp;ust=1723281251587000&amp;usg=AOvVaw2RSVYwnVUgEAw58q7DRuz2\" href=\"https:\/\/nospr.org.pl\/pl\/bilety\/karnety\" id=\"m_-3889879143875925711OWA1d2b3744-e249-6474-5e67-ef94c3ee5f60\" target=\"_blank\">wi\u0119cej informacji<\/a>.<\/p>\n<p><strong>Prosimy o&nbsp;zapoznanie&nbsp;si\u0119 z&nbsp;informacjami dotycz\u0105cymi parking&oacute;w w&nbsp;Strefie Kultury &ndash;&nbsp;<\/strong><strong><a data-saferedirecturl=\"https:\/\/www.google.com\/url?q=https:\/\/nospr.org.pl\/pl\/aktualnosci\/wazne-informacje-o-parkingach&amp;source=gmail&amp;ust=1723197131387000&amp;usg=AOvVaw1yPiY3uULhY_GTIGE_VJSo\" href=\"https:\/\/nospr.org.pl\/pl\/aktualnosci\/wazne-informacje-o-parkingach\" id=\"m_1070481786903339264OWA583604c9-0f4f-ad5b-11a4-dd99db6c3bd6\" rel=\"noopener noreferrer\" target=\"_blank\">wa\u017cne informacje o&nbsp;parkingach<\/a><\/strong><\/p>\n<p><strong>Wszystko, co musisz wiedzie\u0107 przed wizyt\u0105 w&nbsp;NOSPR&nbsp;&ndash;&nbsp;<\/strong><strong><a data-saferedirecturl=\"https:\/\/www.google.com\/url?q=https:\/\/nospr.org.pl\/pl\/aktualnosci\/wszystko-co-musisz-wiedziec-przed-wizyta-w-nospr&amp;source=gmail&amp;ust=1723197131387000&amp;usg=AOvVaw0kMCs8oxFkm9XaUCfC6DH5\" href=\"https:\/\/nospr.org.pl\/pl\/aktualnosci\/wszystko-co-musisz-wiedziec-przed-wizyta-w-nospr\" id=\"m_1070481786903339264OWAe5e18766-eadf-e987-1d68-0e1e53dd4c36\" rel=\"noopener noreferrer\" target=\"_blank\">wskaz&oacute;wki dla uczestnik&oacute;w wydarze\u0144<\/a><\/strong><strong>.<\/strong><\/p>\n","protected":false},"excerpt":{"rendered":"<p>Du\u017ce zespo\u0142y instrument&oacute;w d\u0119tych \u015bwi\u0119ci\u0142y triumfy w XVIII wieku. Cz\u0119sto pisano dla nich utwory zwane serenadami wykonywane dla umilenia spotka\u0144 towarzyskich i kolacji zwykle oko\u0142o 21.00. Leopold Mozart, ojciec Wolfganga Amadeusa, napisa\u0142 takich serenad ponad 30. Jego syn osi\u0105gn\u0105\u0142 w ich komponowaniu mistrzostwo. Gran Partita to dzie\u0142o pot\u0119\u017cnych rozmiar&oacute;w, pe\u0142ne wdzi\u0119ku, zachwycaj\u0105cych po\u0142\u0105cze\u0144 instrumentalnych i [&hellip;]<\/p>\n","protected":false},"featured_media":0,"template":"","meta":{"_acf_changed":false,"inline_featured_image":false},"product_brand":[],"product_cat":[120,118],"product_tag":[],"class_list":{"0":"post-4265","1":"product","2":"type-product","3":"status-publish","5":"product_cat-cat_164","6":"product_cat-cat_162","8":"first","9":"instock","10":"virtual","11":"purchasable","12":"product-type-simple"},"acf":[],"_links":{"self":[{"href":"https:\/\/nospr.org.pl\/sklep\/wp-json\/wp\/v2\/product\/4265","targetHints":{"allow":["GET"]}}],"collection":[{"href":"https:\/\/nospr.org.pl\/sklep\/wp-json\/wp\/v2\/product"}],"about":[{"href":"https:\/\/nospr.org.pl\/sklep\/wp-json\/wp\/v2\/types\/product"}],"wp:attachment":[{"href":"https:\/\/nospr.org.pl\/sklep\/wp-json\/wp\/v2\/media?parent=4265"}],"wp:term":[{"taxonomy":"product_brand","embeddable":true,"href":"https:\/\/nospr.org.pl\/sklep\/wp-json\/wp\/v2\/product_brand?post=4265"},{"taxonomy":"product_cat","embeddable":true,"href":"https:\/\/nospr.org.pl\/sklep\/wp-json\/wp\/v2\/product_cat?post=4265"},{"taxonomy":"product_tag","embeddable":true,"href":"https:\/\/nospr.org.pl\/sklep\/wp-json\/wp\/v2\/product_tag?post=4265"}],"curies":[{"name":"wp","href":"https:\/\/api.w.org\/{rel}","templated":true}]}}