{"id":4262,"date":"2024-09-23T14:54:18","date_gmt":"2024-09-23T12:54:18","guid":{"rendered":"https:\/\/nospr.org.pl\/sklep\/produkt\/poranek-organowy-musica-improvisata\/"},"modified":"2025-06-08T11:58:07","modified_gmt":"2025-06-08T09:58:07","slug":"poranek-organowy-musica-improvisata","status":"publish","type":"product","link":"https:\/\/nospr.org.pl\/sklep\/produkt\/poranek-organowy-musica-improvisata\/","title":{"rendered":"Gembalski \/ Organowe improwizacje \/ Od baroku do wsp\u00f3\u0142czesno\u015bci"},"content":{"rendered":"<p>Za co prze\u0142o\u017ceni najcz\u0119\u015bciej strofowali Johanna Sebastiana Bacha? Za zbyt d\u0142ugie improwizacje muzyczne mi\u0119dzy cz\u0119\u015bciami nabo\u017ce\u0144stw. Takie w\u0142a\u015bnie improwizowane organowe interludia, fantazje i kaprysy sta\u0142y si\u0119 inspiracj\u0105 do powstania koncert&oacute;w organowych. Tak\u017ce i dzi\u015b chodzimy na improwizowane koncerty jazzowe &ndash; pami\u0119tajmy, \u017ce wszystko zacz\u0119\u0142o si\u0119 w\u0142a\u015bnie w baroku, i cho\u0107by Leszek Mo\u017cd\u017cer zawdzi\u0119cza Bachowi wi\u0119cej, ni\u017c nam si\u0119 wydaje.&nbsp;&nbsp;<\/p>\n<p>Recital prof. Juliana Gembalskiego jest w\u0142a\u015bnie takim powrotem do organowych improwizowanych korzeni, spontanicznego wyrazu geniuszu. Stanowi ho\u0142d dla bogatej tradycji i przenosi s\u0142uchaczy do czas&oacute;w, gdy muzyka by\u0142a tworzona tu i teraz, wprost na oczach (i w uszach) publiczno\u015bci.&nbsp;<\/p>\n<p><strong>[Alexandra Kozowicz]<\/strong><\/p>\n<p><span><span><span><strong>Czas trwania koncertu<\/strong>: ok. 80 minut<\/span><\/span><\/span><\/p>\n<p><a href=\"https:\/\/nospr.org.pl\/pl\/kalendarz\/?miesiac=2024-10&amp;cykle=koncerty-organowe-2024-2025\">Sprawd\u017a najbli\u017csze koncerty w&nbsp;tym cyklu<\/a><\/p>\n<p>Ten koncert mo\u017ce by\u0107 cz\u0119\u015bci\u0105 &bdquo;Mojego karnetu&rdquo;. Sprawd\u017a szczeg&oacute;\u0142y i&nbsp;skomponuj &bdquo;M&oacute;j karnet&rdquo; dowolnie, wybieraj\u0105c spo\u015br&oacute;d koncert&oacute;w r&oacute;\u017cnych serii w&nbsp;sali kameralnej i&nbsp;koncertowej&nbsp;&ndash;&nbsp;<a data-saferedirecturl=\"https:\/\/www.google.com\/url?q=https:\/\/nospr.org.pl\/pl\/bilety\/karnety&amp;source=gmail&amp;ust=1723281251587000&amp;usg=AOvVaw2RSVYwnVUgEAw58q7DRuz2\" href=\"https:\/\/nospr.org.pl\/pl\/bilety\/karnety\" id=\"m_-3889879143875925711OWA1d2b3744-e249-6474-5e67-ef94c3ee5f60\" target=\"_blank\">wi\u0119cej informacji<\/a>.<\/p>\n<p><strong>Prosimy o&nbsp;zapoznanie&nbsp;si\u0119 z&nbsp;informacjami dotycz\u0105cymi parking&oacute;w w&nbsp;Strefie Kultury &ndash;&nbsp;<\/strong><strong><a data-saferedirecturl=\"https:\/\/www.google.com\/url?q=https:\/\/nospr.org.pl\/pl\/aktualnosci\/wazne-informacje-o-parkingach&amp;source=gmail&amp;ust=1723197131387000&amp;usg=AOvVaw1yPiY3uULhY_GTIGE_VJSo\" href=\"https:\/\/nospr.org.pl\/pl\/aktualnosci\/wazne-informacje-o-parkingach\" id=\"m_1070481786903339264OWA583604c9-0f4f-ad5b-11a4-dd99db6c3bd6\" rel=\"noopener noreferrer\" target=\"_blank\">wa\u017cne informacje o&nbsp;parkingach<\/a><\/strong><\/p>\n<p><strong>Wszystko, co musisz wiedzie\u0107 przed wizyt\u0105 w&nbsp;NOSPR&nbsp;&ndash;&nbsp;<\/strong><strong><a data-saferedirecturl=\"https:\/\/www.google.com\/url?q=https:\/\/nospr.org.pl\/pl\/aktualnosci\/wszystko-co-musisz-wiedziec-przed-wizyta-w-nospr&amp;source=gmail&amp;ust=1723197131387000&amp;usg=AOvVaw0kMCs8oxFkm9XaUCfC6DH5\" href=\"https:\/\/nospr.org.pl\/pl\/aktualnosci\/wszystko-co-musisz-wiedziec-przed-wizyta-w-nospr\" id=\"m_1070481786903339264OWAe5e18766-eadf-e987-1d68-0e1e53dd4c36\" rel=\"noopener noreferrer\" target=\"_blank\">wskaz&oacute;wki dla uczestnik&oacute;w wydarze\u0144<\/a><\/strong><strong>.<\/strong><\/p>\n","protected":false},"excerpt":{"rendered":"<p>Za co prze\u0142o\u017ceni najcz\u0119\u015bciej strofowali Johanna Sebastiana Bacha? Za zbyt d\u0142ugie improwizacje muzyczne mi\u0119dzy cz\u0119\u015bciami nabo\u017ce\u0144stw. Takie w\u0142a\u015bnie improwizowane organowe interludia, fantazje i kaprysy sta\u0142y si\u0119 inspiracj\u0105 do powstania koncert&oacute;w organowych. Tak\u017ce i dzi\u015b chodzimy na improwizowane koncerty jazzowe &ndash; pami\u0119tajmy, \u017ce wszystko zacz\u0119\u0142o si\u0119 w\u0142a\u015bnie w baroku, i cho\u0107by Leszek Mo\u017cd\u017cer zawdzi\u0119cza Bachowi wi\u0119cej, [&hellip;]<\/p>\n","protected":false},"featured_media":0,"template":"","meta":{"_acf_changed":false,"inline_featured_image":false},"product_brand":[],"product_cat":[117,118],"product_tag":[],"class_list":{"0":"post-4262","1":"product","2":"type-product","3":"status-publish","5":"product_cat-cat_161","6":"product_cat-cat_162","8":"first","9":"instock","10":"virtual","11":"purchasable","12":"product-type-simple"},"acf":[],"_links":{"self":[{"href":"https:\/\/nospr.org.pl\/sklep\/wp-json\/wp\/v2\/product\/4262","targetHints":{"allow":["GET"]}}],"collection":[{"href":"https:\/\/nospr.org.pl\/sklep\/wp-json\/wp\/v2\/product"}],"about":[{"href":"https:\/\/nospr.org.pl\/sklep\/wp-json\/wp\/v2\/types\/product"}],"wp:attachment":[{"href":"https:\/\/nospr.org.pl\/sklep\/wp-json\/wp\/v2\/media?parent=4262"}],"wp:term":[{"taxonomy":"product_brand","embeddable":true,"href":"https:\/\/nospr.org.pl\/sklep\/wp-json\/wp\/v2\/product_brand?post=4262"},{"taxonomy":"product_cat","embeddable":true,"href":"https:\/\/nospr.org.pl\/sklep\/wp-json\/wp\/v2\/product_cat?post=4262"},{"taxonomy":"product_tag","embeddable":true,"href":"https:\/\/nospr.org.pl\/sklep\/wp-json\/wp\/v2\/product_tag?post=4262"}],"curies":[{"name":"wp","href":"https:\/\/api.w.org\/{rel}","templated":true}]}}