{"id":42608,"date":"2025-09-18T10:12:11","date_gmt":"2025-09-18T08:12:11","guid":{"rendered":"https:\/\/nospr.org.pl\/sklep\/produkt\/niemen-znany-i-mniej-znany-natalia-niemen-i-goscie-natalia-k-2\/"},"modified":"2026-03-14T04:33:03","modified_gmt":"2026-03-14T03:33:03","slug":"niemen-znany-i-mniej-znany-natalia-niemen-i-goscie-natalia-k-2","status":"publish","type":"product","link":"https:\/\/nospr.org.pl\/sklep\/produkt\/niemen-znany-i-mniej-znany-natalia-niemen-i-goscie-natalia-k-2\/","title":{"rendered":"&#8222;Niemen Znany i Mniej Znany&#8221; \u2013 Natalia Niemen i go\u015bcie: Natalia Kukulska, Anna Rusowicz, Piotr Cugowski, Micha\u0142 Szpak"},"content":{"rendered":"<p>&bdquo;Dziwny jest ten \u015bwiat&rdquo;, &bdquo;Jednego serca&rdquo;, &bdquo;P\u0142on\u0105ca stodo\u0142a&rdquo;&nbsp;&ndash; to tylko niekt&oacute;re z utwor&oacute;w, kt&oacute;re na sta\u0142e zapisa\u0142y si\u0119 w historii polskiej muzyki. Tw&oacute;rczo\u015b\u0107 Czes\u0142awa Niemena &ndash; artysty charyzmatycznego, odwa\u017cnego, niepokornego i duchowo g\u0142\u0119bokiego &ndash; wci\u0105\u017c inspiruje kolejne pokolenia muzyk&oacute;w i s\u0142uchaczy. W\u0142a\u015bnie tej niezwyk\u0142ej postaci po\u015bwi\u0119cony jest projekt&nbsp;&bdquo;Niemen Znany i Mniej Znany&rdquo;, kt&oacute;ry przygotowa\u0142a jego c&oacute;rka &ndash;&nbsp;Natalia Niemen.<\/p>\n<p>To nie tylko koncert, ale swoista muzyczna podr&oacute;\u017c przez r&oacute;\u017cnorodne oblicza tw&oacute;rczo\u015bci Niemena &ndash; zar&oacute;wno te doskonale znane szerokiej publiczno\u015bci, jak i mniej oczywiste, bardziej kameralne czy eksperymentalne. Natalia Niemen w osobisty spos&oacute;b interpretuje utwory ojca, wydobywaj\u0105c z nich g\u0142\u0119bi\u0119 emocji i duchowego przes\u0142ania. Repertuar koncertu obejmuje zar&oacute;wno klasyki, jak i mniej popularne kompozycje, kt&oacute;re zaskakuj\u0105 swoj\u0105 aktualno\u015bci\u0105, oryginalno\u015bci\u0105 i artystycznym rozmachem.<\/p>\n<p>Wyj\u0105tkowy charakter wydarzenia podkre\u015blaj\u0105 zaproszeni go\u015bcie &ndash; wybitni arty\u015bci polskiej sceny muzycznej, kt&oacute;rzy podj\u0119li si\u0119 nie\u0142atwego, ale niezwykle inspiruj\u0105cego zadania reinterpretacji piosenek Czes\u0142awa Niemena. Na scenie pojawi\u0105 si\u0119:<\/p>\n<ul>\n<li><strong>Natalia Kukulska<\/strong>&nbsp;&ndash; wokalistka o wyj\u0105tkowej wra\u017cliwo\u015bci muzycznej, c&oacute;rka Anny Jantar,<\/li>\n<li><strong>Anna Rusowicz<\/strong>&nbsp;&ndash; artystka przywracaj\u0105ca ducha lat 60. i 70., c&oacute;rka Ady Rusowicz i Wojciecha Kordy,<\/li>\n<li><strong>Piotr Cugowski<\/strong>&nbsp;&ndash; wokalista obdarzony pot\u0119\u017cnym, rockowym g\u0142osem, znany z zespo\u0142u Bracia oraz kariery solowej,<\/li>\n<li><strong>Micha\u0142 Szpak<\/strong>&nbsp;&ndash; jeden z najbardziej charakterystycznych g\u0142os&oacute;w m\u0142odego pokolenia, \u0142\u0105cz\u0105cy ekspresj\u0119 sceniczn\u0105 z niezwyk\u0142ym wyczuciem emocji.<\/li>\n<\/ul>\n<p>Wszyscy arty\u015bci wnosz\u0105 do projektu swoj\u0105 indywidualno\u015b\u0107, dzi\u0119ki czemu koncert zyskuje now\u0105, \u015bwie\u017c\u0105 perspektyw\u0119, nie trac\u0105c jednocze\u015bnie g\u0142\u0119bokiego szacunku dla oryginalnych wersji.<\/p>\n<p>&bdquo;Niemen Znany i Mniej Znany&rdquo; to wydarzenie o wielowymiarowym charakterze &ndash; muzyczne, emocjonalne i symboliczne. To spotkanie z artystyczn\u0105 odwag\u0105, duchow\u0105 refleksj\u0105 i ponadczasowym przes\u0142aniem, kt&oacute;re pozostawi\u0142 po sobie Czes\u0142aw Niemen. Dla jednych b\u0119dzie to nostalgiczna podr&oacute;\u017c do przesz\u0142o\u015bci, dla innych &ndash; odkrycie nieznanych dot\u0105d d\u017awi\u0119k&oacute;w i s\u0142&oacute;w, kt&oacute;re poruszaj\u0105 serce i umys\u0142.<\/p>\n<p>Ten koncert to wi\u0119cej ni\u017c ho\u0142d. To \u017cywe \u015bwiadectwo, \u017ce tw&oacute;rczo\u015b\u0107 Czes\u0142awa Niemena nadal inspiruje, \u0142\u0105czy pokolenia i jest ponadczasowym dzie\u0142em.<\/p>\n<p><img decoding=\"async\" src=\"\/serdelia\/public\/ckeditor\/plugins\/uho_video\/icons\/uho_video.png\" \/><\/p>\n<p><img decoding=\"async\" src=\"\/serdelia\/public\/ckeditor\/plugins\/uho_video\/icons\/uho_video.png\" \/><\/p>\n<p><img decoding=\"async\" src=\"\/serdelia\/public\/ckeditor\/plugins\/uho_video\/icons\/uho_video.png\" \/><\/p>\n<p><strong>Czas trwania koncertu<\/strong>: ok.&nbsp;90 minut<br \/>\nCzas trwania mo\u017ce ulec zmianie.&nbsp;<\/p>\n<p><strong>Wszystko, co musisz wiedzie\u0107 przed wizyt\u0105 w NOSPR &ndash; <\/strong><a href=\"https:\/\/nospr.org.pl\/pl\/aktualnosci\/wszystko-co-musisz-wiedziec-przed-wizyta-w-nospr\"><strong>wskaz&oacute;wki dla uczestnik&oacute;w wydarze\u0144<\/strong><\/a><strong>.&nbsp;<\/strong>&nbsp;<\/p>\n<p>Prosimy o&nbsp;zapoznanie&nbsp;si\u0119 z&nbsp;informacjami dotycz\u0105cymi parking&oacute;w w&nbsp;Strefie Kultury&nbsp;&ndash;&nbsp;<a href=\"https:\/\/nospr.org.pl\/pl\/aktualnosci\/wazne-informacje-o-parkingach\"><strong>wa\u017cne informacje o&nbsp;parkingach<\/strong><\/a><strong>&nbsp;<\/strong><\/p>\n","protected":false},"excerpt":{"rendered":"<p>&bdquo;Dziwny jest ten \u015bwiat&rdquo;, &bdquo;Jednego serca&rdquo;, &bdquo;P\u0142on\u0105ca stodo\u0142a&rdquo;&nbsp;&ndash; to tylko niekt&oacute;re z utwor&oacute;w, kt&oacute;re na sta\u0142e zapisa\u0142y si\u0119 w historii polskiej muzyki. Tw&oacute;rczo\u015b\u0107 Czes\u0142awa Niemena &ndash; artysty charyzmatycznego, odwa\u017cnego, niepokornego i duchowo g\u0142\u0119bokiego &ndash; wci\u0105\u017c inspiruje kolejne pokolenia muzyk&oacute;w i s\u0142uchaczy. W\u0142a\u015bnie tej niezwyk\u0142ej postaci po\u015bwi\u0119cony jest projekt&nbsp;&bdquo;Niemen Znany i Mniej Znany&rdquo;, kt&oacute;ry przygotowa\u0142a jego [&hellip;]<\/p>\n","protected":false},"featured_media":0,"template":"","meta":{"_acf_changed":false,"inline_featured_image":false},"product_brand":[],"product_cat":[2210],"product_tag":[],"class_list":{"0":"post-42608","1":"product","2":"type-product","3":"status-publish","5":"product_cat-cat_237","7":"first","8":"instock","9":"virtual","10":"purchasable","11":"product-type-simple"},"acf":[],"_links":{"self":[{"href":"https:\/\/nospr.org.pl\/sklep\/wp-json\/wp\/v2\/product\/42608","targetHints":{"allow":["GET"]}}],"collection":[{"href":"https:\/\/nospr.org.pl\/sklep\/wp-json\/wp\/v2\/product"}],"about":[{"href":"https:\/\/nospr.org.pl\/sklep\/wp-json\/wp\/v2\/types\/product"}],"wp:attachment":[{"href":"https:\/\/nospr.org.pl\/sklep\/wp-json\/wp\/v2\/media?parent=42608"}],"wp:term":[{"taxonomy":"product_brand","embeddable":true,"href":"https:\/\/nospr.org.pl\/sklep\/wp-json\/wp\/v2\/product_brand?post=42608"},{"taxonomy":"product_cat","embeddable":true,"href":"https:\/\/nospr.org.pl\/sklep\/wp-json\/wp\/v2\/product_cat?post=42608"},{"taxonomy":"product_tag","embeddable":true,"href":"https:\/\/nospr.org.pl\/sklep\/wp-json\/wp\/v2\/product_tag?post=42608"}],"curies":[{"name":"wp","href":"https:\/\/api.w.org\/{rel}","templated":true}]}}