{"id":39977,"date":"2025-09-04T11:35:13","date_gmt":"2025-09-04T09:35:13","guid":{"rendered":"https:\/\/nospr.org.pl\/sklep\/produkt\/koncert-muzyki-filmowej-orkiestra-symfoniczna\/"},"modified":"2026-04-12T17:58:03","modified_gmt":"2026-04-12T15:58:03","slug":"koncert-muzyki-filmowej-orkiestra-symfoniczna","status":"publish","type":"product","link":"https:\/\/nospr.org.pl\/sklep\/produkt\/koncert-muzyki-filmowej-orkiestra-symfoniczna\/","title":{"rendered":"Koncert Muzyki Filmowej \/ Orkiestra Symfoniczna"},"content":{"rendered":"<\/p>\n<p>Zanurz si\u0119 w magii wielkiego kina podczas wyj\u0105tkowego koncertu muzyki filmowej w NOSPR.<\/p>\n<p>Ju\u017c niebawem scena Narodowej Orkiestry Symfonicznej Polskiego Radia w Katowicach zamieni si\u0119 w przestrze\u0144 pe\u0142n\u0105 emocji, d\u017awi\u0119k&oacute;w i wspomnie\u0144 z najbardziej kultowych film&oacute;w wszech czas&oacute;w. Us\u0142yszysz na \u017cywo najpi\u0119kniejsze tematy z takich produkcji jak m.in.&nbsp;Kr&oacute;l Lew,&nbsp;Piraci z Karaib&oacute;w,&nbsp;Kill Bill,&nbsp;Ojciec Chrzestny,&nbsp;Indiana Jones, Titanic&nbsp;czy&nbsp;Bodyguard.<\/p>\n<p>Te niezapomniane melodie zabrzmi\u0105 w mistrzowskim wykonaniu&nbsp;Orkiestry Symfonicznej pod batut\u0105 Ariela Ludwiczaka&nbsp;&ndash; dyrygenta m\u0142odego pokolenia, znanego z nowatorskich interpretacji muzyki filmowej i klasycznej. Ludwiczak wsp&oacute;\u0142pracowa\u0142 z czo\u0142owymi orkiestrami w Polsce, a jego koncerty wyr&oacute;\u017cnia niezwyk\u0142a dba\u0142o\u015b\u0107 o detale oraz umiej\u0119tno\u015b\u0107 budowania dramatyzmu niczym w kinowym arcydziele.<\/p>\n<p>Koncert dope\u0142ni\u0105 wyj\u0105tkowi soli\u015bci:<\/p>\n<ul>\n<li>Kasia Mo\u015b&nbsp;&ndash; wokalistka, kt&oacute;rej g\u0142os elektryzuje publiczno\u015b\u0107 od pierwszych nut. Finalistka programu&nbsp;Must Be the Music, reprezentantka Polski na Eurowizji w 2017 roku, a tak\u017ce artystka z do\u015bwiadczeniem scenicznym zdobytym m.in. w USA. Jej interpretacje poruszaj\u0105 serca i nadaj\u0105 znanym melodiom now\u0105 g\u0142\u0119bi\u0119.&nbsp;&nbsp; &nbsp; &nbsp;<br \/>\n\t&nbsp;<\/li>\n<li>Marcin Wyrostek&nbsp;&ndash; wirtuoz akordeonu, zwyci\u0119zca programu&nbsp;Mam Talent, artysta o niesamowitej ekspresji i technice. \u0141\u0105czy klasyk\u0119 z muzyk\u0105 rozrywkow\u0105, jazzem i folklorem, tworz\u0105c styl, kt&oacute;ry zaskakuje i zachwyca. Jego solowe partie b\u0119d\u0105 jednym z najbardziej elektryzuj\u0105cych moment&oacute;w wieczoru.<br \/>\n\t&nbsp;<\/li>\n<li>Marcin Jajkiewicz&nbsp;&ndash; jeden z najbardziej charakterystycznych g\u0142os&oacute;w polskiej sceny muzycznej, znany z projekt&oacute;w jazzowych, musicalowych oraz z licznych wyst\u0119p&oacute;w telewizyjnych. Wsp&oacute;\u0142pracowa\u0142 z najwi\u0119kszymi orkiestrami w kraju, a jego sceniczn\u0105 charyzm\u0119 i emocjonalno\u015b\u0107 trudno pomyli\u0107 z kimkolwiek innym.<\/li>\n<li>\n<p>Paulina Go\u0142\u0119biowska&nbsp;&ndash; m\u0142oda, ale niezwykle dojrza\u0142a wokalistka o wyj\u0105tkowej barwie g\u0142osu. Finalistka&nbsp;The Voice of Poland, gdzie zachwyci\u0142a juror&oacute;w i publiczno\u015b\u0107 swoj\u0105 wra\u017cliwo\u015bci\u0105 muzyczn\u0105 i sceniczn\u0105 klas\u0105. Jej wyst\u0119p wniesie do koncertu \u015bwie\u017co\u015b\u0107 i prawdziwe emocje.<\/p>\n<\/li>\n<li>\n<p>Daniel Cebula-Orynicz&nbsp;&ndash; charyzmatyczny tenor, kt&oacute;rego talent zachwyci\u0142 widz&oacute;w programu&nbsp;The Voice of Poland. Z powodzeniem \u0142\u0105czy repertuar klasyczny i rozrywkowy, tworz\u0105c unikalny styl pe\u0142en elegancji, si\u0142y i pasji. Jego g\u0142os to gwarancja niezapomnianych wra\u017ce\u0144 artystycznych.<\/p>\n<\/li>\n<\/ul>\n<p>W programie znajdzie si\u0119 r&oacute;wnie\u017c wyj\u0105tkowy ho\u0142d dla legendy polskiej muzyki filmowej &ndash;&nbsp;Jerzego &bdquo;Dudusia&rdquo; Matuszkiewicza. Jego kompozycje do takich seriali i film&oacute;w jak&nbsp;Stawka wi\u0119ksza ni\u017c \u017cycie,&nbsp;Alternatywy 4&nbsp;czy&nbsp;Poszukiwany, poszukiwana&nbsp;na sta\u0142e zapisa\u0142y si\u0119 w historii polskiej kultury i do dzi\u015b budz\u0105 nostalgi\u0119 oraz podziw.<\/p>\n<p>Ca\u0142o\u015b\u0107 wieczoru poprowadzi&nbsp;Dariusz Sta\u0144czuk, znany g\u0142os RMF Classic &ndash; dziennikarz i pasjonat muzyki filmowej, kt&oacute;ry nie tylko przedstawi kontekst utwor&oacute;w, ale te\u017c opowie o kulisach ich powstawania, anegdotach z plan&oacute;w filmowych i tajemnicach wielkich kompozytor&oacute;w.<\/p>\n<p>To niepowtarzalna okazja, by na nowo prze\u017cy\u0107 emocje znane z wielkiego ekranu w jednej z najpi\u0119kniejszych sal koncertowych w Europie.&nbsp;Daj si\u0119 porwa\u0107 d\u017awi\u0119kom, kt&oacute;re \u0142\u0105cz\u0105 pokolenia, budz\u0105 wspomnienia i przenosz\u0105 w zupe\u0142nie inny \u015bwiat.<\/p>\n<\/p>\n<p><strong>Czas trwania koncertu<\/strong>: ok. 100 minut<br \/>\nCzas trwania&nbsp;mo\u017ce ulec zmianie.&nbsp;<\/p>\n<p><strong>Wszystko, co musisz wiedzie\u0107 przed wizyt\u0105 w&nbsp;NOSPR&nbsp;&ndash;&nbsp;<\/strong><a href=\"https:\/\/nospr.org.pl\/pl\/aktualnosci\/wszystko-co-musisz-wiedziec-przed-wizyta-w-nospr\"><strong>wskaz&oacute;wki dla uczestnik&oacute;w wydarze\u0144.<\/strong><\/a><\/p>\n<p>Prosimy o&nbsp;zapoznanie&nbsp;si\u0119 z&nbsp;informacjami dotycz\u0105cymi parking&oacute;w w&nbsp;Strefie Kultury&nbsp;&ndash;<strong>&nbsp;<\/strong><a href=\"https:\/\/nospr.org.pl\/pl\/aktualnosci\/wazne-informacje-o-parkingach\"><strong>wa\u017cne informacje o&nbsp;parkingach<\/strong><\/a><strong>.<\/strong><\/p>\n","protected":false},"excerpt":{"rendered":"<p>Zanurz si\u0119 w magii wielkiego kina podczas wyj\u0105tkowego koncertu muzyki filmowej w NOSPR. Ju\u017c niebawem scena Narodowej Orkiestry Symfonicznej Polskiego Radia w Katowicach zamieni si\u0119 w przestrze\u0144 pe\u0142n\u0105 emocji, d\u017awi\u0119k&oacute;w i wspomnie\u0144 z najbardziej kultowych film&oacute;w wszech czas&oacute;w. Us\u0142yszysz na \u017cywo najpi\u0119kniejsze tematy z takich produkcji jak m.in.&nbsp;Kr&oacute;l Lew,&nbsp;Piraci z Karaib&oacute;w,&nbsp;Kill Bill,&nbsp;Ojciec Chrzestny,&nbsp;Indiana Jones, Titanic&nbsp;czy&nbsp;Bodyguard. [&hellip;]<\/p>\n","protected":false},"featured_media":0,"template":"","meta":{"inline_featured_image":false},"product_brand":[],"product_cat":[2210],"product_tag":[],"class_list":{"0":"post-39977","1":"product","2":"type-product","3":"status-publish","5":"product_cat-cat_237","7":"first","8":"instock","9":"virtual","10":"purchasable","11":"product-type-simple"},"_links":{"self":[{"href":"https:\/\/nospr.org.pl\/sklep\/wp-json\/wp\/v2\/product\/39977","targetHints":{"allow":["GET"]}}],"collection":[{"href":"https:\/\/nospr.org.pl\/sklep\/wp-json\/wp\/v2\/product"}],"about":[{"href":"https:\/\/nospr.org.pl\/sklep\/wp-json\/wp\/v2\/types\/product"}],"wp:attachment":[{"href":"https:\/\/nospr.org.pl\/sklep\/wp-json\/wp\/v2\/media?parent=39977"}],"wp:term":[{"taxonomy":"product_brand","embeddable":true,"href":"https:\/\/nospr.org.pl\/sklep\/wp-json\/wp\/v2\/product_brand?post=39977"},{"taxonomy":"product_cat","embeddable":true,"href":"https:\/\/nospr.org.pl\/sklep\/wp-json\/wp\/v2\/product_cat?post=39977"},{"taxonomy":"product_tag","embeddable":true,"href":"https:\/\/nospr.org.pl\/sklep\/wp-json\/wp\/v2\/product_tag?post=39977"}],"curies":[{"name":"wp","href":"https:\/\/api.w.org\/{rel}","templated":true}]}}