{"id":37908,"date":"2025-08-20T09:38:09","date_gmt":"2025-08-20T07:38:09","guid":{"rendered":"https:\/\/nospr.org.pl\/sklep\/produkt\/jazzklub-nene-heroine\/"},"modified":"2026-04-12T15:42:05","modified_gmt":"2026-04-12T13:42:05","slug":"jazzklub-nene-heroine","status":"publish","type":"product","link":"https:\/\/nospr.org.pl\/sklep\/produkt\/jazzklub-nene-heroine\/","title":{"rendered":"JazzKLUB \/ Nene Heroine \/ W hipnotycznym transie"},"content":{"rendered":"<p class=\"MsoBodyText\"><span><span>Koncerty Nene Heroine to do\u015bwiadczenie intensywne, wr\u0119cz hipnotyczne, mocno anga\u017cuj\u0105ce zmys\u0142y i wci\u0105gaj\u0105ce od pierwszych d\u017awi\u0119k&oacute;w. Jazz jest tu zaledwie punktem wyj\u015bcia. Jak sami m&oacute;wi\u0105, graj\u0105 klimatem. Nie znosz\u0105 kompromis&oacute;w, a ich energetyczne wyst\u0119py osadzone w jazzowo-psychodelicznej estetyce \u0142\u0105cz\u0105 analogowe brzmienia, dub, post-rock, \u017cywio\u0142owe improwizacje i melodie, kt&oacute;re na d\u0142ugo zostaj\u0105 w g\u0142owie. Wywodz\u0105 si\u0119 z tr&oacute;jmiejskiej sceny i od kilku ju\u017c lat podbijaj\u0105 polskie &ndash; i nie tylko &ndash; sale koncertowe, zara\u017caj\u0105c brzmieniem. Wydali kilka \u015bwietnie przyj\u0119tych album&oacute;w (np. <em>MOVA<\/em> z udzia\u0142em Kasi Lins), a w Katowicach zaprezentuj\u0105 swoje naj\u015bwie\u017csze kompozycje. <\/span><\/span><\/p>\n<p class=\"MsoBodyText\"><strong>Mery Zimny<\/strong><\/p>\n<p class=\"MsoBodyText\"><strong>Czas trwania koncertu<\/strong>: ok. 90 minut<\/p>\n<p><a href=\"https:\/\/nospr.org.pl\/pl\/program\/jazzklub-2025-2026\">Sprawd\u017a najbli\u017csze koncerty w tym cyklu<\/a><\/p>\n<p class=\"MsoBodyText\"><img decoding=\"async\" src=\"\/serdelia\/public\/ckeditor\/plugins\/uho_video\/icons\/uho_video.png\" \/><\/p>\n<p class=\"MsoBodyText\"><img decoding=\"async\" src=\"\/serdelia\/public\/ckeditor\/plugins\/uho_video\/icons\/uho_video.png\" \/><\/p>\n<p>Ten koncert mo\u017ce by\u0107 cz\u0119\u015bci\u0105 &bdquo;Mojego karnetu&rdquo;. Sprawd\u017a szczeg&oacute;\u0142y i skomponuj &bdquo;M&oacute;j karnet&rdquo; dowolnie, wybieraj\u0105c spo\u015br&oacute;d koncert&oacute;w r&oacute;\u017cnych serii w sali kameralnej i koncertowej &ndash; <a href=\"https:\/\/nospr.org.pl\/pl\/bilety\/karnety\" rel=\"noreferrer noopener\" target=\"_blank\">wi\u0119cej informacji<\/a>.&nbsp;<\/p>\n<p><strong>Wszystko, co musisz wiedzie\u0107 przed wizyt\u0105 w NOSPR &ndash; <a href=\"https:\/\/nospr.org.pl\/pl\/aktualnosci\/wszystko-co-musisz-wiedziec-przed-wizyta-w-nospr\" rel=\"noreferrer noopener\" target=\"_blank\">wskaz&oacute;wki dla uczestnik&oacute;w wydarze\u0144<\/a>.&nbsp;<\/strong><\/p>\n<p>Prosimy o zapoznanie si\u0119 z informacjami dotycz\u0105cymi parking&oacute;w w Strefie Kultury &ndash; <strong><a href=\"https:\/\/nospr.org.pl\/pl\/aktualnosci\/wazne-informacje-o-parkingach\" rel=\"noreferrer noopener\" target=\"_blank\">wa\u017cne informacje o parkingach<\/a>&nbsp;<\/strong><\/p>\n","protected":false},"excerpt":{"rendered":"<p>Koncerty Nene Heroine to do\u015bwiadczenie intensywne, wr\u0119cz hipnotyczne, mocno anga\u017cuj\u0105ce zmys\u0142y i wci\u0105gaj\u0105ce od pierwszych d\u017awi\u0119k&oacute;w. Jazz jest tu zaledwie punktem wyj\u015bcia. Jak sami m&oacute;wi\u0105, graj\u0105 klimatem. Nie znosz\u0105 kompromis&oacute;w, a ich energetyczne wyst\u0119py osadzone w jazzowo-psychodelicznej estetyce \u0142\u0105cz\u0105 analogowe brzmienia, dub, post-rock, \u017cywio\u0142owe improwizacje i melodie, kt&oacute;re na d\u0142ugo zostaj\u0105 w g\u0142owie. Wywodz\u0105 si\u0119 [&hellip;]<\/p>\n","protected":false},"featured_media":0,"template":"","meta":{"_acf_changed":false,"inline_featured_image":false},"product_brand":[],"product_cat":[2218,2246],"product_tag":[],"class_list":{"0":"post-37908","1":"product","2":"type-product","3":"status-publish","5":"product_cat-cat_242","6":"product_cat-cat_256","8":"first","9":"instock","10":"virtual","11":"purchasable","12":"product-type-simple"},"acf":[],"_links":{"self":[{"href":"https:\/\/nospr.org.pl\/sklep\/wp-json\/wp\/v2\/product\/37908","targetHints":{"allow":["GET"]}}],"collection":[{"href":"https:\/\/nospr.org.pl\/sklep\/wp-json\/wp\/v2\/product"}],"about":[{"href":"https:\/\/nospr.org.pl\/sklep\/wp-json\/wp\/v2\/types\/product"}],"wp:attachment":[{"href":"https:\/\/nospr.org.pl\/sklep\/wp-json\/wp\/v2\/media?parent=37908"}],"wp:term":[{"taxonomy":"product_brand","embeddable":true,"href":"https:\/\/nospr.org.pl\/sklep\/wp-json\/wp\/v2\/product_brand?post=37908"},{"taxonomy":"product_cat","embeddable":true,"href":"https:\/\/nospr.org.pl\/sklep\/wp-json\/wp\/v2\/product_cat?post=37908"},{"taxonomy":"product_tag","embeddable":true,"href":"https:\/\/nospr.org.pl\/sklep\/wp-json\/wp\/v2\/product_tag?post=37908"}],"curies":[{"name":"wp","href":"https:\/\/api.w.org\/{rel}","templated":true}]}}